{"id":7706,"date":"2020-04-11T17:03:07","date_gmt":"2020-04-11T17:03:07","guid":{"rendered":"https:\/\/sellfies.com\/?page_id=7706"},"modified":"2025-11-27T14:13:12","modified_gmt":"2025-11-27T14:13:12","slug":"home","status":"publish","type":"page","link":"https:\/\/sellfies.com\/cs\/","title":{"rendered":"Home"},"content":{"rendered":"<div class=\"gb-container gb-container-1f4ad87b height-100 bg-overlay\" style=\"--background-image: url(https:\/\/sellfies.com\/wp-content\/uploads\/2025\/11\/header-img-sellfies-2.jpg);\"><div class=\"gb-inside-container\">\n\n<div class=\"wp-block-columns is-layout-flex wp-container-core-columns-is-layout-9d6595d7 wp-block-columns-is-layout-flex\">\n<div class=\"wp-block-column is-layout-flow wp-block-column-is-layout-flow\" style=\"flex-basis:66%\">\n<h1 class=\"gb-headline gb-headline-0089506d gb-headline-text\">Vyd\u011bl\u00e1vejte sv\u00fdmi selfie<\/h1>\n\n\n\n<p class=\"gb-headline gb-headline-f69b4f57 gb-headline-text\">Kupujeme va\u0161e b\u011b\u017en\u00e9 i soukrom\u00e9 fotografie<\/p>\n\n\n\n<a class=\"gb-button gb-button-2e4a7042 gb-button-text button-effect\" href=\"https:\/\/my.sellfies.com\/en\/register\">Za\u010dn\u011bte zde<\/a>\n\n\n\n<p class=\"gb-headline gb-headline-e234d23f\"><span class=\"gb-icon\"><svg aria-hidden=\"true\" role=\"img\" height=\"1em\" width=\"1em\" viewBox=\"0 0 512 512\" xmlns=\"http:\/\/www.w3.org\/2000\/svg\"><path fill=\"currentColor\" d=\"M462.3 62.6C407.5 15.9 326 24.3 275.7 76.2L256 96.5l-19.7-20.3C186.1 24.3 104.5 15.9 49.7 62.6c-62.8 53.6-66.1 149.8-9.9 207.9l193.5 199.8c12.5 12.9 32.8 12.9 45.3 0l193.5-199.8c56.3-58.1 53-154.3-9.8-207.9z\"><\/path><\/svg><\/span><span class=\"gb-headline-text\">Vysok\u00e1 popt\u00e1vka po \u017een\u00e1ch nad 45 let<\/span><\/p>\n<\/div>\n\n\n\n<div class=\"wp-block-column price is-layout-flow wp-block-column-is-layout-flow\" style=\"flex-basis:33%\">\n<div>\n                                                <div class=\"uk-child-width-1@m uk-grid-small uk-grid-match\" uk-grid>\n                                                                                            <div uk-scrollspy=\"cls: uk-animation-slide-bottom-small; delay: 200; repeat: false\">\n                                    <div class=\"uk-card uk-card-default uk-card-body uk-text-center price-box\">\n                                        <span class=\"banner uk-text-white\" style=\"background-color: #f49ebc\"> \n                                            Platba \n                                        <\/span>\n                                        <dt>10 fotek<\/dt>\n                                        <span class=\"text-price uk-text-emphasis uk-text-large\">15,00 \u20ac<\/span>\n                                        <div class=\"content\">\n                                            <p><!-- wp:paragraph --><\/p>\n<p>Nahrajte kompletn\u00ed bal\u00ed\u010dek fotografi\u00ed a obdr\u017e\u00edte platbu. Sami se rozhodnete, kter\u00fd bal\u00ed\u010dek v\u00e1m nejl\u00e9pe vyhovuje.<\/p>\n<p><!-- \/wp:paragraph --><\/p>\n                                        <\/div>\n                                    <\/div>\n                                <\/div> \n                                                    <\/div>\n                                            <\/div>\n<\/div>\n<\/div>\n\n<\/div><\/div>\n\n<div class=\"gb-container gb-container-917fef5e how-it-work uk-background-muted\"><div class=\"gb-inside-container\">\n<div class=\"gb-container gb-container-a2c3af77\"><div class=\"gb-inside-container\">\n\n<h2 class=\"gb-headline gb-headline-e6296c19 gb-headline-text uk-text-center\">Jak to funguje<\/h2>\n\n\n<div class=\"gb-container gb-container-73445b77\"><div class=\"gb-inside-container\">\n<div class=\"gb-grid-wrapper gb-grid-wrapper-57022b54\">\n<div class=\"gb-grid-column gb-grid-column-0bc62948\"><div class=\"gb-container gb-container-0bc62948 uk-card uk-card-default uk-card-body uk-text-center uk-scrollspy-inview \"><div class=\"gb-inside-container\">\n\n<figure class=\"wp-block-image size-full uk-text-center\"><img loading=\"lazy\" decoding=\"async\" width=\"84\" height=\"84\" src=\"https:\/\/sellfies.com\/wp-content\/uploads\/2023\/01\/icon-howitwork1.png\" alt=\"&amp;\" class=\"wp-image-5060\" title=\"\"><\/figure>\n\n\n\n<h2 class=\"gb-headline gb-headline-766d2430 gb-headline-text uk-text-center\">Vytvo\u0159te si \u00fa\u010det<\/h2>\n\n\n\n<p class=\"uk-text-center uk-text-secondary\" style=\"font-size:18px\">Zaregistrujte se a ov\u011b\u0159te sv\u016fj \u00fa\u010det, abyste mohli nahr\u00e1vat sv\u00e9 selfie.<\/p>\n\n<\/div><\/div><\/div>\n\n<div class=\"gb-grid-column gb-grid-column-251db445\"><div class=\"gb-container gb-container-251db445 uk-card uk-card-default uk-card-body uk-text-center uk-scrollspy-inview \"><div class=\"gb-inside-container\">\n\n<figure class=\"wp-block-image size-full uk-text-center\"><img loading=\"lazy\" decoding=\"async\" width=\"84\" height=\"84\" src=\"https:\/\/sellfies.com\/wp-content\/uploads\/2023\/01\/icon-howitwork2.png\" alt=\"&amp;\" class=\"wp-image-5061\" title=\"\"><\/figure>\n\n\n\n<h2 class=\"gb-headline gb-headline-deae9ec2 gb-headline-text uk-text-center\">Nahrajte selfie<\/h2>\n\n\n\n<p class=\"uk-text-center uk-text-secondary\" style=\"font-size:18px\">Snadno nahr\u00e1vejte star\u00e9 nebo nov\u00e9 selfie. Nab\u00edz\u00edme tipy pro \u00fasp\u011bch.<\/p>\n\n<\/div><\/div><\/div>\n\n<div class=\"gb-grid-column gb-grid-column-35ed1aaf\"><div class=\"gb-container gb-container-35ed1aaf uk-card uk-card-default uk-card-body uk-text-center uk-scrollspy-inview \"><div class=\"gb-inside-container\">\n\n<figure class=\"wp-block-image size-full uk-text-center\"><img loading=\"lazy\" decoding=\"async\" width=\"84\" height=\"84\" src=\"https:\/\/sellfies.com\/wp-content\/uploads\/2023\/01\/icon-howitwork4-4.png\" alt=\"&amp;\" class=\"wp-image-5392\" title=\"\"><\/figure>\n\n\n\n<h2 class=\"gb-headline gb-headline-23a829fe gb-headline-text uk-text-center\">Z\u00edskejte schv\u00e1len\u00ed<\/h2>\n\n\n\n<p class=\"uk-text-center uk-text-secondary\" style=\"font-size:18px\">N\u00e1\u0161 t\u00fdm zkontroluje, zda va\u0161e nahr\u00e1vky spl\u0148uj\u00ed na\u0161e po\u017eadavky.<\/p>\n\n<\/div><\/div><\/div>\n\n<div class=\"gb-grid-column gb-grid-column-4f7e69ff\"><div class=\"gb-container gb-container-4f7e69ff uk-card uk-card-default uk-card-body uk-text-center uk-scrollspy-inview \"><div class=\"gb-inside-container\">\n\n<figure class=\"wp-block-image size-full uk-text-center\"><img loading=\"lazy\" decoding=\"async\" width=\"84\" height=\"84\" src=\"https:\/\/sellfies.com\/wp-content\/uploads\/2023\/01\/icon-howitwork4.png\" alt=\"&amp;\" class=\"wp-image-5062\" title=\"\"><\/figure>\n\n\n\n<h2 class=\"gb-headline gb-headline-743fc371 gb-headline-text uk-text-center\">Z\u00edskejte odm\u011bnu<\/h2>\n\n\n\n<p class=\"uk-text-center uk-text-secondary\" style=\"font-size:18px\">Pokud bude v\u0161e v po\u0159\u00e1dku, platba bude odesl\u00e1na prost\u0159ednictv\u00edm v\u00e1mi vybran\u00e9ho poskytovatele.<\/p>\n\n<\/div><\/div><\/div>\n<\/div>\n<\/div><\/div>\n<\/div><\/div>\n<\/div><\/div>\n\n<div class=\"gb-container gb-container-1c3ca7e0 uk-background-muted\"><div class=\"gb-inside-container\">\n<div class=\"gb-container gb-container-79feb26c\">\n<div class=\"gb-container gb-container-3ae95900\">\n\n<h2 class=\"gb-headline gb-headline-4fa99e77 gb-headline-text\">Va\u0161e fotografie by mohly tr\u00e9novat novou generaci um\u011bl\u00e9 inteligence<\/h2>\n\n\n\n<p class=\"uk-text-secondary\">Va\u0161e selfie dok\u00e1\u017eou v\u00edc ne\u017e jen z\u016fstat ve va\u0161em fotoapar\u00e1tu.<\/p>\n\n\n\n<p class=\"uk-text-secondary\">Vykupujeme osobn\u00ed fotografie, abychom pomohli tr\u00e9novat syst\u00e9my um\u011bl\u00e9 inteligence nov\u00e9 generace. U\u010d\u00edme je, jak vid\u011bt, rozum\u011bt a znovu vytv\u00e1\u0159et lidsk\u00fd sv\u011bt s p\u0159esnost\u00ed a respektem.<\/p>\n\n\n\n<p class=\"uk-text-secondary\">V\u011bt\u0161ina fotografi\u00ed se sice pou\u017e\u00edv\u00e1 pro v\u00fdvoj model\u016f um\u011bl\u00e9 inteligence a vizu\u00e1ln\u00ed v\u00fdzkum, ale n\u011bkter\u00e9 se mohou objevit i na schv\u00e1len\u00fdch z\u00e1bavn\u00edch nebo kreativn\u00edch platform\u00e1ch, kde na autenticit\u011b z\u00e1le\u017e\u00ed nejv\u00edce.<\/p>\n\n\n\n<p class=\"uk-text-secondary\">Ka\u017ed\u00e1 fotografie pom\u00e1h\u00e1 utv\u00e1\u0159et budoucnost! A ano, dostanete za ni zaplaceno.<\/p>\n\n<\/div>\n\n<div class=\"gb-container gb-container-21ed567c\">\n\n<figure class=\"gb-block-image gb-block-image-4d4dcda5\"><img loading=\"lazy\" decoding=\"async\" width=\"600\" height=\"600\" class=\"gb-image gb-image-4d4dcda5\" src=\"https:\/\/sellfies.com\/wp-content\/uploads\/2025\/10\/selfies-train-ai.png\" alt=\"&amp;\" title=\"selfies train ai\" srcset=\"https:\/\/sellfies.com\/wp-content\/uploads\/2025\/10\/selfies-train-ai.png 600w, https:\/\/sellfies.com\/wp-content\/uploads\/2025\/10\/selfies-train-ai-300x300.png 300w, https:\/\/sellfies.com\/wp-content\/uploads\/2025\/10\/selfies-train-ai-150x150.png 150w\" sizes=\"auto, (max-width: 600px) 100vw, 600px\"><\/figure>\n\n<\/div>\n<\/div>\n<\/div><\/div>\n\n<div class=\"gb-container gb-container-ddf78055 uk-background-muted\"><div class=\"gb-inside-container\">\n<div class=\"gb-container gb-container-ac0c31f8\">\n\n<h2 class=\"gb-headline gb-headline-09692866 gb-headline-text uk-text-center\">Jakou odm\u011bnu m\u016f\u017eete o\u010dek\u00e1vat?<\/h2>\n\n<\/div>\n\n<div class=\"gb-container gb-container-c644e2e4\">\n<div class=\"gb-container gb-container-75512e1a\">\n\n<div>\n                                                <div class=\"uk-child-width-1-2@m uk-grid-small uk-grid-match\" uk-grid>\n                                                                                            <div uk-scrollspy=\"cls: uk-animation-slide-bottom-small; delay: 200; repeat: false\">\n                                    <div class=\"uk-card uk-card-default uk-card-body uk-text-center price-box\">\n                                        <span align=\"center\" class=\"banner uk-background-secondary uk-text-white\" style=\"background-color: #f49ebc\"> \n                                            Nejm\u00e9n\u011b \u00fasil\u00ed \n                                        <\/span>\n                                        <dt>Minim\u00e1ln\u011b<\/dt>\n                                        <span class=\"text-price uk-text-emphasis uk-text-large\">7,50\u20ac<\/span>\n                                        <div class=\"content\">\n                                            <p><!-- wp:paragraph --><\/p>\n<p>Ka\u017edodenn\u00ed fotografie, kter\u00e9 ukazuj\u00ed v\u00e1\u0161 p\u0159irozen\u00fd vzhled a \u017eivotn\u00ed styl. Jednoduch\u00e9, uvoln\u011bn\u00e9, snadno se tvo\u0159\u00ed.<\/p>\n<p><!-- \/wp:paragraph --><\/p>\n                                        <\/div>\n                                    <\/div>\n                                <\/div> \n                                                                                            <div uk-scrollspy=\"cls: uk-animation-slide-bottom-small; delay: 200; repeat: false\">\n                                    <div class=\"uk-card uk-card-default uk-card-body uk-text-center price-box\">\n                                        <span align=\"center\" class=\"banner uk-background-secondary uk-text-white\" style=\"background-color: #6944ce\"> \n                                            Nejvy\u0161\u0161\u00ed v\u00fdd\u011blek \n                                        <\/span>\n                                        <dt>Maxim\u00e1ln\u00ed<\/dt>\n                                        <span class=\"text-price uk-text-emphasis uk-text-large\">\u20ac 15,00<\/span>\n                                        <div class=\"content\">\n                                            <p><!-- wp:paragraph --><\/p>\n<p>P\u0159idejte n\u011bkolik fotografi\u00ed, kter\u00e9 ukazuj\u00ed va\u0161i odv\u00e1\u017en\u011bj\u0161\u00ed str\u00e1nku. V\u017edy je to va\u0161e volba, v r\u00e1mci va\u0161\u00ed \u00farovn\u011b pohodl\u00ed.<\/p>\n<p><!-- \/wp:paragraph --><\/p>\n                                        <\/div>\n                                    <\/div>\n                                <\/div> \n                                                    <\/div>\n                                            <\/div>\n\n<\/div>\n\n<div class=\"gb-container gb-container-a43b49be\">\n\n<p class=\"uk-text-secondary\">Nab\u00edz\u00edme 2 bal\u00ed\u010dky, ka\u017ed\u00fd s vlastn\u00edm stylem fotografov\u00e1n\u00ed.<\/p>\n\n\n\n<p class=\"uk-text-secondary\">V\u00fd\u0161e va\u0161eho v\u00fdd\u011blku z\u00e1vis\u00ed na zvolen\u00e9m bal\u00ed\u010dku. Ka\u017ed\u00fd z nich plat\u00ed spravedliv\u011b podle toho, jak\u00e9 fotografie nahr\u00e1v\u00e1te a s \u010d\u00edm se c\u00edt\u00edte dob\u0159e.<\/p>\n\n\n\n<p class=\"uk-text-secondary\">Vy rozhodujete, kter\u00e9 fotografie nahrajete a kter\u00fd bal\u00ed\u010dek v\u00e1m nejl\u00e9pe vyhovuje. Sd\u00edlejte, co pova\u017eujete za spr\u00e1vn\u00e9, a z\u00edskejte zaplaceno za pomoc s vylep\u0161ov\u00e1n\u00edm budouc\u00ed um\u011bl\u00e9 inteligence.<\/p>\n\n\n<div class=\"gb-button-wrapper gb-button-wrapper-1aef189e\">\n\n<a class=\"gb-button gb-button-281814e5 gb-button-text button-effect\" href=\"https:\/\/my.sellfies.com\/cz\/register\">Vytvo\u0159it \u00fa\u010det<\/a>\n\n<\/div>\n<\/div>\n<\/div>\n<\/div><\/div>\n\n<div class=\"gb-container gb-container-86a5b7a8 uk-background-muted\"><div class=\"gb-inside-container\">\n<div class=\"gb-container gb-container-fa76f420\">\n<div class=\"gb-container gb-container-a6210d3a\">\n\n<h2 class=\"gb-headline gb-headline-a1436818 gb-headline-text\">\u0160i\u0159te informace a z\u00edskejte odm\u011bny<\/h2>\n\n\n\n<p class=\"uk-text-secondary\">Zn\u00e1te n\u011bkoho, kdo by r\u00e1d pou\u017e\u00edval Sellfies? Pozv\u011bte ho, aby se p\u0159ipojil prost\u0159ednictv\u00edm va\u0161eho doporu\u010duj\u00edc\u00edho odkazu a vyd\u011bl\u00e1vej, kdy\u017e uskute\u010dn\u00ed prodej.<\/p>\n\n\n\n<p class=\"uk-text-secondary\">Je to rychl\u00e9, snadn\u00e9 a obohacuj\u00edc\u00ed. A neexistuje \u017e\u00e1dn\u00fd limit, kolik lid\u00ed m\u016f\u017eete doporu\u010dit.<\/p>\n\n\n\n<p class=\"uk-text-secondary\">Sd\u00edlejte sv\u016fj odkaz kdekoli a sledujte, jak va\u0161e v\u00fdd\u011blky rostou s ka\u017ed\u00fdm \u00fasp\u011b\u0161n\u00fdm doporu\u010den\u00edm.<\/p>\n\n<\/div>\n\n<div class=\"gb-container gb-container-8edf0704\">\n\n<figure class=\"gb-block-image gb-block-image-71526a36\"><img loading=\"lazy\" decoding=\"async\" width=\"600\" height=\"600\" class=\"gb-image gb-image-71526a36\" src=\"https:\/\/sellfies.com\/wp-content\/uploads\/2025\/10\/sellfies-referral.png\" alt=\"&amp;\" title=\"sellfies-referral\" srcset=\"https:\/\/sellfies.com\/wp-content\/uploads\/2025\/10\/sellfies-referral.png 600w, https:\/\/sellfies.com\/wp-content\/uploads\/2025\/10\/sellfies-referral-300x300.png 300w, https:\/\/sellfies.com\/wp-content\/uploads\/2025\/10\/sellfies-referral-150x150.png 150w\" sizes=\"auto, (max-width: 600px) 100vw, 600px\"><\/figure>\n\n<\/div>\n<\/div>\n<\/div><\/div>\n\n<div class=\"gb-container gb-container-3468854c reviews\"><div class=\"gb-inside-container\">\n\n<div class=\"wp-block-columns is-layout-flex wp-container-core-columns-is-layout-9d6595d7 wp-block-columns-is-layout-flex\">\n<div class=\"wp-block-column uk-margin-large-top is-layout-flow wp-block-column-is-layout-flow\">\n<h2 class=\"gb-headline gb-headline-ba2b1883 gb-headline-text\">Ostatn\u00ed \u017eeny o Sellfies<\/h2>\n<\/div>\n<\/div>\n\n\n<div class=\"gb-grid-wrapper gb-grid-wrapper-163f4b68\">\n<div class=\"gb-grid-column gb-grid-column-9864fee8\"><div class=\"gb-container gb-container-9864fee8 uk-card uk-card-default\"><div class=\"gb-inside-container\">\n\n<p>Byla jsem z toho nerv\u00f3zn\u00ed, proto\u017ee jsem se b\u00e1la, \u017ee nedostanu zaplaceno. Dnes jsem ale dostala pen\u00edze a nebylo to t\u011b\u017ek\u00e9! Pen\u00edze v dne\u0161n\u00ed dob\u011b fakt pot\u0159ebuju, nav\u00edc to beru jako super z\u00e1\u017eitek. Ka\u017ed\u00fd e-mail, kter\u00fd jsem jim poslala, byl rychle zodpov\u011bzen. D\u011bkuji Selfies!<\/p>\n\n\n\n<p>&#8211; <a href=\"https:\/\/www.trustpilot.com\/reviews\/63605f83252cba2c02cb65da\" data-type=\"link\" data-id=\"https:\/\/www.trustpilot.com\/reviews\/63605f83252cba2c02cb65da\" target=\"_blank\" rel=\"noopener\">Delise, USA<\/a><\/p>\n\n\n\n<div class=\"gb-headline gb-headline-b6257b22\"><span class=\"gb-icon\"><svg xmlns=\"http:\/\/www.w3.org\/2000\/svg\" viewBox=\"0 0 32 32\" fill=\"#000000\"><g stroke-width=\"0\" id=\"SVGRepo_bgCarrier\"><\/g><g stroke-linejoin=\"round\" stroke-linecap=\"round\" id=\"SVGRepo_tracerCarrier\"><\/g><g id=\"SVGRepo_iconCarrier\"><path d=\"M16 4.588l2.833 8.719H28l-7.416 5.387 2.832 8.719L16 22.023l-7.417 5.389 2.833-8.719L4 13.307h9.167L16 4.588z\"><\/path><\/g><\/svg><\/span><span class=\"gb-headline-text\"><a href=\"https:\/\/www.trustpilot.com\/reviews\/63605f83252cba2c02cb65da\" data-type=\"URL\" data-id=\"https:\/\/www.trustpilot.com\/reviews\/63605f83252cba2c02cb65da\" target=\"_blank\" rel=\"noreferrer noopener\">Trustpilot<\/a><\/span><\/div>\n\n<\/div><\/div><\/div>\n\n<div class=\"gb-grid-column gb-grid-column-fa7df162\"><div class=\"gb-container gb-container-fa7df162 uk-card uk-card-default\"><div class=\"gb-inside-container\">\n\n<p>Dodr\u017eel jsem pokyny, nahr\u00e1l fotky, do p\u016fl hodiny byly schv\u00e1leny a po 2 dnech (proto\u017ee byl v\u00edkend) jsem dostal zaplaceno.<\/p>\n\n\n\n<p>&#8211; <a href=\"https:\/\/www.trustpilot.com\/reviews\/6315b6396a3e1ed2c3c9efe4\" data-type=\"link\" data-id=\"https:\/\/www.trustpilot.com\/reviews\/6315b6396a3e1ed2c3c9efe4\" target=\"_blank\" rel=\"noopener\">Angela, Srbsko<\/a><\/p>\n\n\n\n<div class=\"gb-headline gb-headline-02382501\"><span class=\"gb-icon\"><svg xmlns=\"http:\/\/www.w3.org\/2000\/svg\" viewBox=\"0 0 32 32\" fill=\"#000000\"><g stroke-width=\"0\" id=\"SVGRepo_bgCarrier\"><\/g><g stroke-linejoin=\"round\" stroke-linecap=\"round\" id=\"SVGRepo_tracerCarrier\"><\/g><g id=\"SVGRepo_iconCarrier\"><path d=\"M16 4.588l2.833 8.719H28l-7.416 5.387 2.832 8.719L16 22.023l-7.417 5.389 2.833-8.719L4 13.307h9.167L16 4.588z\"><\/path><\/g><\/svg><\/span><span class=\"gb-headline-text\"><a href=\"https:\/\/www.trustpilot.com\/reviews\/6315b6396a3e1ed2c3c9efe4\" target=\"_blank\" data-type=\"URL\" data-id=\"https:\/\/www.trustpilot.com\/reviews\/63605f83252cba2c02cb65da\" rel=\"noreferrer noopener\">Trustpilot<\/a><\/span><\/div>\n\n<\/div><\/div><\/div>\n\n<div class=\"gb-grid-column gb-grid-column-c7ac6271\"><div class=\"gb-container gb-container-c7ac6271 uk-card uk-card-default\"><div class=\"gb-inside-container\">\n\n<p>M\u00e1m takov\u00e9 \u0161t\u011bst\u00ed, \u017ee jsem na\u0161el Sellfies! Bylo to tak snadn\u00e9 proj\u00edt se v\u0161\u00edm a tak\u00e9 jsem dostal zaplaceno opravdu rychle. A kdo by necht\u011bl n\u011bjak\u00e9 pen\u00edze nav\u00edc? V\u017edy se mnou po\u010d\u00edtejte!<\/p>\n\n\n\n<p>&#8211; <a href=\"https:\/\/www.trustpilot.com\/reviews\/631058ce7f7a8621ee4f303f\" data-type=\"link\" data-id=\"https:\/\/www.trustpilot.com\/reviews\/631058ce7f7a8621ee4f303f\" target=\"_blank\" rel=\"noopener\">Mina, \u0158ecko<\/a><\/p>\n\n\n\n<div class=\"gb-headline gb-headline-7fdddcb6\"><span class=\"gb-icon\"><svg xmlns=\"http:\/\/www.w3.org\/2000\/svg\" viewBox=\"0 0 32 32\" fill=\"#000000\"><g stroke-width=\"0\" id=\"SVGRepo_bgCarrier\"><\/g><g stroke-linejoin=\"round\" stroke-linecap=\"round\" id=\"SVGRepo_tracerCarrier\"><\/g><g id=\"SVGRepo_iconCarrier\"><path d=\"M16 4.588l2.833 8.719H28l-7.416 5.387 2.832 8.719L16 22.023l-7.417 5.389 2.833-8.719L4 13.307h9.167L16 4.588z\"><\/path><\/g><\/svg><\/span><span class=\"gb-headline-text\"><a href=\"https:\/\/www.trustpilot.com\/reviews\/631058ce7f7a8621ee4f303f\" target=\"_blank\" data-type=\"URL\" data-id=\"https:\/\/www.trustpilot.com\/reviews\/63605f83252cba2c02cb65da\" rel=\"noreferrer noopener\">Trustpilot<\/a><\/span><\/div>\n\n<\/div><\/div><\/div>\n<\/div>\n<\/div><\/div>\n\n<div class=\"gb-container gb-container-8e7766e7 faq\"><div class=\"gb-inside-container\">\n\n<div class=\"wp-block-columns is-layout-flex wp-container-core-columns-is-layout-9d6595d7 wp-block-columns-is-layout-flex\">\n<div class=\"wp-block-column is-layout-flow wp-block-column-is-layout-flow\">\n<h2 class=\"gb-headline gb-headline-d093903a gb-headline-text\">Na v\u0161echny va\u0161e ot\u00e1zky m\u00e1me odpov\u011bdi<\/h2>\n\n\n\n<div style=\"height:18px\" aria-hidden=\"true\" class=\"wp-block-spacer\"><\/div>\n\n\n\n<p class=\"gb-headline gb-headline-3118a45b gb-headline-text\">Pro v\u00edce informac\u00ed se pod\u00edvejte na na\u0161e <a href=\"https:\/\/sellfies.com\/cs\/faqs\/\" data-type=\"link\" data-id=\"https:\/\/sellfies.com\/cs\/faqs\/\">\u010dasto kladen\u00e9 ot\u00e1zky<\/a>.<\/p>\n<\/div>\n\n\n\n<div class=\"wp-block-column is-layout-flow wp-block-column-is-layout-flow\">\n<p><strong>Jak\u00e9 \u017eeny Sellfies hled\u00e1?<\/strong><\/p>\n\n\n\n<p>Hled\u00e1me \u017eeny v\u0161ech tvar\u016f a velikost\u00ed a jak\u00e9hokoli v\u011bku. Profesion\u00e1ln\u011b upraven\u00e9 modelky a jejich studiov\u00e9 fotografie nejsou to, co hled\u00e1me.<\/p>\n\n\n\n<p>Hled\u00e1me skute\u010dn\u00e9 \u017eeny s re\u00e1ln\u00fdmi fotografiemi. D\u00e1my, kter\u00e9 se na fotk\u00e1ch c\u00edt\u00ed dob\u0159e a c\u00edt\u00ed se sebev\u011bdom\u011b a ve sv\u00e9m t\u011ble, pros\u00edm, jste v\u00edt\u00e1ni!<\/p>\n\n\n\n<p><strong>Mohu se p\u0159ihl\u00e1sit, pokud jsem zral\u00e1 \u017eena?<\/strong><\/p>\n\n\n\n<p>Ano! Ur\u010dit\u011b ano! Jste p\u0159esn\u011b ten spr\u00e1vn\u00fd typ pro n\u00e1s. Vy a tvoje t\u011blo jste u\u017e \u201e\u017eivot\u201c za\u017eili a pr\u00e1v\u011b to je podle n\u00e1s n\u011bco, co si zaslou\u017e\u00ed obdiv a hrdost. Rozhodn\u011b se nebojte p\u0159ihl\u00e1sit!<\/p>\n\n\n\n<p><strong>Mohu z\u016fstat v anonymit\u011b?<\/strong><\/p>\n\n\n\n<p>Anonymita je kl\u00ed\u010dovou sou\u010d\u00e1st\u00ed Sellfies. D\u011bl\u00e1me maximum pro to, abyste z\u016fstali v naprost\u00e9 anonymit\u011b. Va\u0161e jm\u00e9no ani jin\u00e9 osobn\u00ed \u00fadaje nebudou nikdy pou\u017eity, krom\u011b \u00fa\u010del\u016f spojen\u00fdch s platbami a z\u00e1konnou evidenc\u00ed.<\/p>\n\n\n\n<p><strong>Jak a k \u010demu se m\u00e9 fotky pou\u017e\u00edvaj\u00ed?<\/strong><\/p>\n\n\n\n<p>Va\u0161e fotografie se pou\u017e\u00edvaj\u00ed k tomu, aby se syst\u00e9my um\u011bl\u00e9 inteligence nau\u010dily l\u00e9pe vid\u011bt a ch\u00e1pat sv\u011bt. N\u011bkter\u00e9 mohou b\u00fdt tak\u00e9 pou\u017eity ve v\u00fdzkumn\u00fdch nebo kreativn\u00edch projektech, kter\u00e9 vy\u017eaduj\u00ed skute\u010dn\u00e9, ka\u017edodenn\u00ed sn\u00edmky. Nikdy nejsou viditeln\u00e9 ve vyhled\u00e1va\u010d\u00edch ani na soci\u00e1ln\u00edch s\u00edt\u00edch a va\u0161e osobn\u00ed \u00fadaje nejsou nikdy sd\u00edleny.<\/p>\n<\/div>\n<\/div>\n\n<\/div><\/div>\n\n<div class=\"gb-container gb-container-686c4b9c parallax large uk-position-relative\"><div class=\"gb-inside-container\">\n<div class=\"gb-container gb-container-9029c7e0\"><div class=\"gb-inside-container\">\n\n<h2 class=\"gb-headline gb-headline-cd3a9929 gb-headline-text\">Z\u00edskejte zaplaceno za sv\u00e1 selfie je\u0161t\u011b dnes<\/h2>\n\n\n\n<h3 class=\"gb-headline gb-headline-490c1d3d gb-headline-text\">Odes\u00edlejte sv\u00e9 fotografie a vyd\u011bl\u00e1vejte na nich pen\u00edze<\/h3>\n\n\n\n<a class=\"gb-button gb-button-8057e95d gb-button-text button-effect uk-align-center\" href=\"https:\/\/my.sellfies.com\/cz\/register\">Vytvo\u0159it si \u00fa\u010det<\/a>\n\n<\/div><\/div>\n<\/div><\/div>\n\n<div class=\"gb-container gb-container-459edfe3 blog uk-background-muted\"><div class=\"gb-inside-container\">\n<div class=\"gb-container gb-container-e9eb410a\"><div class=\"gb-inside-container\">\n\n<div class=\"wp-block-columns is-layout-flex wp-container-core-columns-is-layout-9d6595d7 wp-block-columns-is-layout-flex\">\n<div class=\"wp-block-column is-layout-flow wp-block-column-is-layout-flow\" style=\"flex-basis:33.33%\">\n<h2 class=\"gb-headline gb-headline-1e353e80 gb-headline-text\">P\u0159e\u010dt\u011bte si na\u0161e nejnov\u011bj\u0161\u00ed p\u0159\u00edsp\u011bvky na blogu<\/h2>\n<\/div>\n\n\n\n<div class=\"wp-block-column is-layout-flow wp-block-column-is-layout-flow\" style=\"flex-basis:66.66%\">\n<div class=\"gb-grid-wrapper gb-grid-wrapper-25c55912 gb-query-loop-wrapper\"><\/div>\n<\/div>\n<\/div>\n\n<\/div><\/div>\n<\/div><\/div>","protected":false},"excerpt":{"rendered":"","protected":false},"author":5,"featured_media":0,"parent":0,"menu_order":0,"comment_status":"closed","ping_status":"closed","template":"","meta":{"_acf_changed":false,"footnotes":""},"class_list":["post-7706","page","type-page","status-publish"],"acf":[],"_links":{"self":[{"href":"https:\/\/sellfies.com\/cs\/wp-json\/wp\/v2\/pages\/7706","targetHints":{"allow":["GET"]}}],"collection":[{"href":"https:\/\/sellfies.com\/cs\/wp-json\/wp\/v2\/pages"}],"about":[{"href":"https:\/\/sellfies.com\/cs\/wp-json\/wp\/v2\/types\/page"}],"author":[{"embeddable":true,"href":"https:\/\/sellfies.com\/cs\/wp-json\/wp\/v2\/users\/5"}],"replies":[{"embeddable":true,"href":"https:\/\/sellfies.com\/cs\/wp-json\/wp\/v2\/comments?post=7706"}],"version-history":[{"count":33,"href":"https:\/\/sellfies.com\/cs\/wp-json\/wp\/v2\/pages\/7706\/revisions"}],"predecessor-version":[{"id":9960,"href":"https:\/\/sellfies.com\/cs\/wp-json\/wp\/v2\/pages\/7706\/revisions\/9960"}],"wp:attachment":[{"href":"https:\/\/sellfies.com\/cs\/wp-json\/wp\/v2\/media?parent=7706"}],"curies":[{"name":"wp","href":"https:\/\/api.w.org\/{rel}","templated":true}]}}