{"id":7720,"date":"2023-01-30T12:22:40","date_gmt":"2023-01-30T12:22:40","guid":{"rendered":"https:\/\/sellfies.com\/?page_id=7720"},"modified":"2025-11-21T08:56:00","modified_gmt":"2025-11-21T08:56:00","slug":"pozadavky-na-fotky","status":"publish","type":"page","link":"https:\/\/sellfies.com\/cs\/pozadavky-na-fotky\/","title":{"rendered":"Po\u017eadavky na fotky"},"content":{"rendered":"<div class=\"gb-container gb-container-15a82a01\">\n\n<h2 class=\"wp-block-heading\">Obecn\u00e9 po\u017eadavky na fotky<\/h2>\n\n\n\n<p>V\u00e1\u017e\u00edme si norm\u00e1ln\u00edch a dosp\u011bl\u00fdch fotek. Fotek, na kter\u00fdch se c\u00edt\u00edte uvoln\u011bn\u011b a otev\u0159en\u011b, sexy a atraktivn\u011b a se v\u0161\u00edm ostatn\u00edm, co by z fotek ud\u011blalo skv\u011blou fotku! Tak\u017ee se klidn\u011b nal\u00ed\u010dte jako obvykle, nebo pokud to nen\u00ed v\u00e1\u0161 styl, bu\u010fte prost\u011b sami sebou. Nez\u00e1le\u017e\u00ed na va\u0161em vzhledu, v\u011bku, velikosti, v\u00e1ze, postav\u011b nebo na tom, zda se pova\u017eujete za supermodelku nebo jen za norm\u00e1ln\u00edho \u010dlov\u011bka. Nem\u00e1me \u017e\u00e1dn\u00e1 o\u010dek\u00e1v\u00e1n\u00ed, jak vypad\u00e1te. Prost\u011b p\u0159ij\u010fte takov\u00ed, jac\u00ed jste; v\u00e1\u017e\u00edme si v\u00e1s a va\u0161eho p\u0159\u00ednosu!<\/p>\n\n\n\n<p>To ale neznamen\u00e1, \u017ee nem\u00e1me \u017e\u00e1dn\u00e9 po\u017eadavky, kter\u00e9 by va\u0161e fotografie m\u011bly spl\u0148ovat. Po\u017eadavky se vztahuj\u00ed na v\u0161echny nahran\u00e9 fotografie.<\/p>\n\n\n\n<p><strong>Zde jsou po\u017eadavky na fotografie:<\/strong><\/p>\n\n\n\n<ul class=\"wp-block-list\">\n<li>V\u00e1\u0161 obli\u010dej mus\u00ed b\u00fdt na v\u0161ech sn\u00edmc\u00edch viditeln\u00fd a rozpoznateln\u00fd. Je to proto, \u017ee jsme ze z\u00e1kona povinni v\u011bd\u011bt, \u017ee na fotce jste skute\u010dn\u011b vy.<\/li>\n\n\n\n<li>Ka\u017ed\u00e1 fotografie mus\u00ed b\u00fdt jin\u00e1. Po\u0159\u00edzen\u00e1 na jin\u00e9m m\u00edst\u011b, v jin\u00e9m prost\u0159ed\u00ed, v jin\u00e9m \u00fahlu a v jin\u00e9m oble\u010den\u00ed. Stejn\u011b jako va\u0161e b\u011b\u017en\u00e9 selfie.<\/li>\n\n\n\n<li>Na fotce byste m\u011bli b\u00fdt jen vy. Jen vy, ne spole\u010dn\u011b s n\u011bk\u00fdm jin\u00fdm ani ve skupin\u011b.<\/li>\n\n\n\n<li>Hled\u00e1me amat\u00e9rsk\u00e9 fotografie. Nejl\u00e9pe se hod\u00ed selfie a vlastn\u00ed fotografie.<\/li>\n<\/ul>\n\n\n\n<p><strong>Nepovoleno:<\/strong><\/p>\n\n\n\n<ul class=\"wp-block-list\">\n<li>Na fotografi\u00edch nejsou povoleny zv\u00ed\u0159ata, d\u011bti ani zbran\u011b. V pozad\u00ed nejsou povoleny \u017e\u00e1dn\u00e9 p\u0159edm\u011bty, kter\u00e9 by nazna\u010dovaly d\u011bti, zv\u00ed\u0159ata, zbran\u011b nebo cokoli symbolick\u00e9ho \u010di n\u00e1bo\u017eensk\u00e9ho.<\/li>\n<\/ul>\n\n\n\n<p><strong>Technick\u00e9 po\u017eadavky:<\/strong><\/p>\n\n\n\n<ul class=\"wp-block-list\">\n<li>Minim\u00e1ln\u00ed rozli\u0161en\u00ed: 1000 x 1000 pixel\u016f<\/li>\n\n\n\n<li>Typy soubor\u016f: Podporujeme t\u00e9m\u011b\u0159 v\u0161echny typy a p\u0159\u00edpony obrazov\u00fdch soubor\u016f. Abyste si byli jisti, \u017ee v\u0161e bude fungovat spr\u00e1vn\u011b, doporu\u010dujeme pou\u017e\u00edt form\u00e1t JPG, JPEG nebo PNG.<\/li>\n\n\n\n<li>Maxim\u00e1ln\u00ed velikost souboru: 15 MB<\/li>\n\n\n\n<li>Fotky by m\u011bly b\u00fdt barevn\u00e9. Ne \u010dernob\u00edl\u00e9, s\u00e9piov\u00e9 nebo s jin\u00fdmi typy barevn\u00fdch filtr\u016f.<\/li>\n<\/ul>\n\n\n\n<h2 class=\"wp-block-heading\">Co je to norm\u00e1ln\u00ed a dosp\u011bl\u00e1 fotografie?<\/h2>\n\n\n\n<p>Hled\u00e1me dva r\u016fzn\u00e9 typy fotografi\u00ed; norm\u00e1ln\u00ed a dosp\u011bl\u00e9 fotografie.<\/p>\n\n\n\n<h3 class=\"wp-block-heading\">Norm\u00e1ln\u00ed fotografie<\/h3>\n\n\n\n<p>Norm\u00e1ln\u00ed fotografie v\u00e1s ukazuje takov\u00e9, jac\u00ed jste v norm\u00e1ln\u00edm \u017eivot\u011b. Nen\u00ed t\u0159eba se sna\u017eit dodr\u017eovat nejr\u016fzn\u011bj\u0161\u00ed pravidla. Norm\u00e1ln\u00ed fotografie jsou typick\u00e9 n\u00e1hodn\u00e9 sn\u00edmky po\u0159\u00edzen\u00e9, kdy\u017e odch\u00e1z\u00edte z domova do supermarketu, do pr\u00e1ce, na setk\u00e1n\u00ed s p\u0159\u00e1teli nebo rodinou. Nemaj\u00ed b\u00fdt sv\u016fdn\u00e9 ani sexy. Fotografie sebe sama, kter\u00e9 zve\u0159ej\u0148ujete na soci\u00e1ln\u00edch s\u00edt\u00edch, \u010dasto pat\u0159\u00ed do t\u00e9to kategorie. Fotografie v t\u00e9to kategorii nemus\u00ed b\u00fdt nutn\u011b selfie.<\/p>\n\n\n\n<p><strong>P\u0159\u00edklady, jak m\u016f\u017eete p\u0159istupovat k b\u011b\u017en\u00fdm fotografi\u00edm:<\/strong><\/p>\n\n\n\n<ul class=\"wp-block-list\">\n<li>Fotky z dovolen\u00e9<\/li>\n\n\n\n<li>Fotky z aktivit<\/li>\n\n\n\n<li>Na zahrad\u011b<\/li>\n\n\n\n<li>Uvnit\u0159 va\u0161eho domova<\/li>\n\n\n\n<li>P\u0159i sn\u00eddani\/ob\u011bd\u011b\/ve\u010de\u0159i<\/li>\n\n\n\n<li>P\u0159i proch\u00e1zce<\/li>\n\n\n\n<li>Ukazov\u00e1n\u00ed nov\u00fdch \u0161at\u016f (ne kr\u00e1tk\u00fdch ani sexy)<\/li>\n\n\n\n<li>Typick\u00e1 profilov\u00e1 fotka na soci\u00e1ln\u00edch s\u00edt\u00edch<\/li>\n\n\n\n<li>M\u016f\u017ee to b\u00fdt selfie, ale nemus\u00ed<\/li>\n<\/ul>\n\n\n\n<p><strong>Co je na norm\u00e1ln\u00ed fotce?<\/strong><\/p>\n\n\n\n<ul class=\"wp-block-list\">\n<li>Ty v oble\u010den\u00ed, oble\u010den\u00e1 jako v b\u011b\u017en\u00e9m \u017eivot\u011b<\/li>\n\n\n\n<li>B\u011b\u017en\u00e9 ka\u017edodenn\u00ed fotografie V\u00e1s samotn\u00e9; berte to jako selfie, kter\u00e9 m\u00e1te v telefonu, pos\u00edl\u00e1te p\u0159\u00e1tel\u016fm, partnerovi nebo zve\u0159ej\u0148ujete na Instagramu.<\/li>\n\n\n\n<li>Mohou to b\u00fdt selfie, ale tak\u00e9 nemus\u00ed<\/li>\n<\/ul>\n\n\n\n<p><strong>Co NEN\u00cd na b\u011b\u017en\u00fdch fotografi\u00edch?<\/strong><\/p>\n\n\n\n<ul class=\"wp-block-list\">\n<li>Nahota<\/li>\n<\/ul>\n\n\n\n<h3 class=\"wp-block-heading\">Fotky pro dosp\u011bl\u00e9<\/h3>\n\n\n\n<p>Fotky pro dosp\u011bl\u00e9 jsou ty, kter\u00e9 po\u0159izujete, kdy\u017e se chcete uk\u00e1zat sv\u016fdn\u011bji a v\u00edce \u017eensky. P\u0159edstavte si, \u017ee byste \u0161la na p\u00e1rty flirtovat nebo si cht\u011bla dop\u0159\u00e1t noc plnou v\u00e1\u0161n\u011b. Tyto sn\u00edmky jsou odv\u00e1\u017en\u011bj\u0161\u00ed, nap\u0159\u00edklad s lehce rozepnut\u00fdm topem, kr\u00e1tkou sukn\u00ed \u010di podobn\u00fdm oble\u010den\u00edm. Odhalen\u00e1 k\u016f\u017ee a v\u00fdst\u0159ih jsou v\u00edtan\u00e9, stejn\u011b jako sn\u00edmky zachycuj\u00edc\u00ed boky \u010di spodn\u00ed \u010d\u00e1st poprs\u00ed.<\/p>\n\n\n\n<p>Fotografie ve spodn\u00edm pr\u00e1dle, na kter\u00fdch se ukazujete v pr\u00e1dle, ve kter\u00e9m se c\u00edt\u00edte nejv\u00edce sexy. Sn\u00edmky, kde nejste \u00fapln\u011b oble\u010den\u00e1, ale nejste ani zcela nah\u00e1. M\u016f\u017ee j\u00edt nap\u0159\u00edklad o podprsenku a kalhotky. Pokud v\u0161ak m\u00e1te jin\u00e9 druhy spodn\u00edho pr\u00e1dla, ve kter\u00e9m se c\u00edt\u00edte \u017eensk\u00e1 a sv\u016fdn\u00e1, klidn\u011b je pou\u017eijte na sv\u00fdch fotografi\u00edch.<\/p>\n\n\n\n<p>Nah\u00e9 fotografie nepot\u0159ebuj\u00ed mnoho vysv\u011btlov\u00e1n\u00ed. Jedn\u00e1 se o sn\u00edmky, na kter\u00fdch jste zcela nebo \u010d\u00e1ste\u010dn\u011b nah\u00e1. Mohou zobrazovat nah\u00e1 prsa, intimn\u00ed partie nebo b\u00fdt zcela bez oble\u010den\u00ed. U \u010d\u00e1ste\u010dn\u011b nah\u00fdch fotografi\u00ed je t\u0159eba uk\u00e1zat spodn\u00ed intimn\u00ed partie bez spodn\u00edho pr\u00e1dla nebo v hodn\u011b odhaluj\u00edc\u00edm pr\u00e1dle.<\/p>\n\n\n\n<p>Explicitn\u00ed fotografie jsou ty, kter\u00e9 jsou opravdu odv\u00e1\u017en\u00e9. Tato kategorie je ur\u010dena pro sn\u00edmky, na kter\u00fdch se dot\u00fdk\u00e1te sama sebe, hrajete si se sv\u00fdmi t\u011blesn\u00fdmi parti\u00ed, pou\u017e\u00edv\u00e1te erotick\u00e9 pom\u016fcky nebo prov\u00e1d\u00edte r\u016fzn\u00e9 sexu\u00e1ln\u00ed praktiky na sob\u011b. Fotografie, kter\u00e9 ukazuj\u00ed tu nej\u0161kodolib\u011bj\u0161\u00ed a nejdivo\u010dej\u0161\u00ed str\u00e1nku va\u0161\u00ed sexuality. Nebojte se b\u00fdt naplno odv\u00e1\u017en\u00e1!<\/p>\n\n\n\n<p><strong>P\u0159\u00edklady, jak byste mohla p\u0159istoupit k erotick\u00fdm fotografi\u00edm<\/strong><\/p>\n\n\n\n<ul class=\"wp-block-list\">\n<li>Kr\u00e1tk\u00e9 \u0161aty<\/li>\n\n\n\n<li>Mini sukn\u011b<\/li>\n\n\n\n<li>Mini \u010dern\u00e9 \u0161aty<\/li>\n\n\n\n<li>Sexy kalhotky a v\u00fdst\u0159ih<\/li>\n\n\n\n<li>Sexy sekret\u00e1\u0159sk\u00fd outfit<\/li>\n\n\n\n<li>Mal\u00e1 no\u010dn\u00ed ko\u0161ilka nebo babydoll<\/li>\n\n\n\n<li>Fotky v bikin\u00e1ch<\/li>\n\n\n\n<li>Selfie p\u0159ed zrcadlem<\/li>\n\n\n\n<li>Jen ve spodn\u00edm pr\u00e1dle<\/li>\n\n\n\n<li>V zku\u0161ebn\u00ed kabince<\/li>\n\n\n\n<li>S oto\u010den\u00fdmi z\u00e1dy a vid\u011bt je jen bok poprs\u00ed<\/li>\n\n\n\n<li>Topless fotky<\/li>\n\n\n\n<li>Nahota zakryt\u00e1 jen rukama nebo dlouh\u00fdmi vlasy<\/li>\n\n\n\n<li>Sexy spodn\u00ed pr\u00e1dlo<\/li>\n\n\n\n<li>P\u00f3zov\u00e1n\u00ed na pohovce<\/li>\n\n\n\n<li>Nah\u00e9 opalov\u00e1n\u00ed venku<\/li>\n\n\n\n<li>Sexy fotky na pl\u00e1\u017ei<\/li>\n\n\n\n<li>Exhibitionismus<\/li>\n\n\n\n<li>Hran\u00ed v aut\u011b<\/li>\n\n\n\n<li>Erotick\u00e9 pom\u016fcky v akci<\/li>\n\n\n\n<li>V koupeln\u011b<\/li>\n\n\n\n<li>Nah\u00e1 na posteli<\/li>\n\n\n\n<li>P\u0159i svl\u00e9k\u00e1n\u00ed<\/li>\n\n\n\n<li>Ve spr\u0161e, v\u00ed\u0159ivce nebo saun\u011b<\/li>\n\n\n\n<li>Nen\u00e1padn\u00e9 fotky<\/li>\n\n\n\n<li>S nohama od sebe<\/li>\n\n\n\n<li>Provokativn\u00ed p\u00f3zy<\/li>\n\n\n\n<li>Dot\u00fdk\u00e1n\u00ed se, hran\u00ed si, ochutn\u00e1v\u00e1n\u00ed sebe sama<\/li>\n\n\n\n<li>Sexu\u00e1ln\u00ed pozice a situace<\/li>\n\n\n\n<li>Amat\u00e9rsk\u00e9 p\u00f3zy p\u0159i masturbaci jsou ide\u00e1ln\u00ed&nbsp;<\/li>\n<\/ul>\n\n\n\n<p><strong>Co pat\u0159\u00ed do dosp\u011bl\u00fdch fotografi\u00ed?<\/strong><\/p>\n\n\n\n<ul class=\"wp-block-list\">\n<li>Sv\u016fdn\u00e9 \u0161aty<\/li>\n\n\n\n<li>Odhaluj\u00edc\u00ed oble\u010den\u00ed<\/li>\n\n\n\n<li>Sv\u016fdn\u00e1 \u0159e\u010d t\u011bla<\/li>\n\n\n\n<li>Nahota<\/li>\n\n\n\n<li>Sexu\u00e1ln\u00ed obsah<\/li>\n<\/ul>\n\n\n\n<p><strong>Co NEPAT\u0158\u00cd do dosp\u011bl\u00fdch fotografi\u00ed?<\/strong><\/p>\n\n\n\n<ul class=\"wp-block-list\">\n<li>\u00dapln\u011b oble\u010den\u00e9<\/li>\n\n\n\n<li>Nudn\u00e9 ka\u017edodenn\u00ed fotografie<\/li>\n<\/ul>\n\n<\/div>","protected":false},"excerpt":{"rendered":"","protected":false},"author":5,"featured_media":0,"parent":0,"menu_order":0,"comment_status":"closed","ping_status":"closed","template":"","meta":{"_acf_changed":false,"footnotes":""},"class_list":["post-7720","page","type-page","status-publish"],"acf":[],"_links":{"self":[{"href":"https:\/\/sellfies.com\/cs\/wp-json\/wp\/v2\/pages\/7720","targetHints":{"allow":["GET"]}}],"collection":[{"href":"https:\/\/sellfies.com\/cs\/wp-json\/wp\/v2\/pages"}],"about":[{"href":"https:\/\/sellfies.com\/cs\/wp-json\/wp\/v2\/types\/page"}],"author":[{"embeddable":true,"href":"https:\/\/sellfies.com\/cs\/wp-json\/wp\/v2\/users\/5"}],"replies":[{"embeddable":true,"href":"https:\/\/sellfies.com\/cs\/wp-json\/wp\/v2\/comments?post=7720"}],"version-history":[{"count":7,"href":"https:\/\/sellfies.com\/cs\/wp-json\/wp\/v2\/pages\/7720\/revisions"}],"predecessor-version":[{"id":9856,"href":"https:\/\/sellfies.com\/cs\/wp-json\/wp\/v2\/pages\/7720\/revisions\/9856"}],"wp:attachment":[{"href":"https:\/\/sellfies.com\/cs\/wp-json\/wp\/v2\/media?parent=7720"}],"curies":[{"name":"wp","href":"https:\/\/api.w.org\/{rel}","templated":true}]}}