{"id":7753,"date":"2023-01-13T03:02:22","date_gmt":"2023-01-13T03:02:22","guid":{"rendered":"https:\/\/sellfies.com\/?page_id=7753"},"modified":"2026-03-02T15:22:29","modified_gmt":"2026-03-02T15:22:29","slug":"blog","status":"publish","type":"page","link":"https:\/\/sellfies.com\/cs\/blog\/","title":{"rendered":"Blog"},"content":{"rendered":"<div class=\"gb-container gb-container-3468854c blog-page uk-margin-large-bottom\"><div class=\"gb-inside-container\">\n\n<div class=\"gb-grid-wrapper gb-grid-wrapper-5dc7d297 gb-query-loop-wrapper\"><\/div>\n\n<\/div><\/div>\n\n<div class=\"gb-container gb-container-686c4b9c parallax large uk-position-relative\"><div class=\"gb-inside-container\">\n<div class=\"gb-container gb-container-9029c7e0\"><div class=\"gb-inside-container\">\n\n<h2 class=\"gb-headline gb-headline-cd3a9929 gb-headline-text\">Z\u00edskejte zaplaceno za sv\u00e1 selfie je\u0161t\u011b dnes<\/h2>\n\n\n\n<h2 class=\"gb-headline gb-headline-490c1d3d gb-headline-text\">Ode\u0161lete sv\u00e9 fotografie a vyd\u011bl\u00e1vejte b\u011bhem n\u011bkolika minut<\/h2>\n\n\n\n<a class=\"gb-button gb-button-8057e95d gb-button-text button-effect uk-align-center\" href=\"https:\/\/my.sellfies.com\/cz\/register\">Vytvo\u0159it m\u016fj \u00fa\u010det<\/a>\n\n<\/div><\/div>\n<\/div><\/div>\n\n<div class=\"gb-container gb-container-f8907a32 blog-page uk-margin-large-top uk-margin-large-bottom\"><div class=\"gb-inside-container\">\n\n<div class=\"gb-grid-wrapper gb-grid-wrapper-e0746038 gb-query-loop-wrapper\"><\/div>\n\n<\/div><\/div>","protected":false},"excerpt":{"rendered":"","protected":false},"author":5,"featured_media":0,"parent":0,"menu_order":0,"comment_status":"closed","ping_status":"closed","template":"","meta":{"_acf_changed":false,"footnotes":""},"class_list":["post-7753","page","type-page","status-publish"],"acf":[],"_links":{"self":[{"href":"https:\/\/sellfies.com\/cs\/wp-json\/wp\/v2\/pages\/7753","targetHints":{"allow":["GET"]}}],"collection":[{"href":"https:\/\/sellfies.com\/cs\/wp-json\/wp\/v2\/pages"}],"about":[{"href":"https:\/\/sellfies.com\/cs\/wp-json\/wp\/v2\/types\/page"}],"author":[{"embeddable":true,"href":"https:\/\/sellfies.com\/cs\/wp-json\/wp\/v2\/users\/5"}],"replies":[{"embeddable":true,"href":"https:\/\/sellfies.com\/cs\/wp-json\/wp\/v2\/comments?post=7753"}],"version-history":[{"count":2,"href":"https:\/\/sellfies.com\/cs\/wp-json\/wp\/v2\/pages\/7753\/revisions"}],"predecessor-version":[{"id":9995,"href":"https:\/\/sellfies.com\/cs\/wp-json\/wp\/v2\/pages\/7753\/revisions\/9995"}],"wp:attachment":[{"href":"https:\/\/sellfies.com\/cs\/wp-json\/wp\/v2\/media?parent=7753"}],"curies":[{"name":"wp","href":"https:\/\/api.w.org\/{rel}","templated":true}]}}