{"id":6256,"date":"2023-01-30T12:22:40","date_gmt":"2023-01-30T12:22:40","guid":{"rendered":"https:\/\/sellfies.com\/?page_id=6256"},"modified":"2025-11-21T08:57:10","modified_gmt":"2025-11-21T08:57:10","slug":"bildanforderungen","status":"publish","type":"page","link":"https:\/\/sellfies.com\/de\/bildanforderungen\/","title":{"rendered":"Bildanforderungen"},"content":{"rendered":"<div class=\"gb-container gb-container-15a82a01\">\n\n<h2 class=\"wp-block-heading\">Generelle Anforderungen f\u00fcr Bilder<\/h2>\n\n\n\n<p>Wir legen Wert auf normale und erwachsene Fotos. Fotos, auf denen Du entspannt und offen wirkst, sexy und attraktiv und alles andere, was ein gro\u00dfartiges Foto ausmacht! Du kannst also gerne Make-up wie gewohnt verwenden oder, wenn das nicht Dein Ding ist, einfach Du selbst sein. Unabh\u00e4ngig von Deinem Aussehen, Alter, Gr\u00f6\u00dfe, Gewicht, Figur oder davon, ob Du Dich selbst als Supermodel oder einfach nur als normalen Menschen siehst. Wir haben keine Erwartungen an Dein Aussehen. Komm einfach so, wie Du bist; wir sch\u00e4tzen Dich und Deinen Beitrag!<\/p>\n\n\n\n<p>Das bedeutet jedoch nicht, dass wir keine Anforderungen an Deine Fotos stellen. Die Anforderungen gelten f\u00fcr alle hochgeladenen Fotos.<\/p>\n\n\n\n<p><strong>Hier sind die Anforderungen an die Fotos:<\/strong><\/p>\n\n\n\n<ul class=\"wp-block-list\">\n<li>Dein Gesicht muss auf allen Fotos sichtbar und erkennbar sein. Das liegt daran, dass wir gesetzlich verpflichtet sind, sicherzustellen, dass du wirklich die Person auf dem Foto bist.<\/li>\n\n\n\n<li>Jedes Foto muss anders sein. An einem anderen Ort aufgenommen, in einer anderen Umgebung, mit einer anderen Pose und anderer Kleidung. Genau wie deine normalen Selfies, die du jeden Tag machst.<\/li>\n\n\n\n<li>Du bist die einzige Person, die auf dem Foto zu sehen sein sollte. Nur du, nicht zusammen mit jemand anderem oder in einer Gruppe.<\/li>\n\n\n\n<li>Wir suchen Fotos im Amateurstil. Selfies und selbst aufgenommene Bilder sind am besten geeignet.<\/li>\n<\/ul>\n\n\n\n<p><strong>Nicht erlaubt:<\/strong><\/p>\n\n\n\n<ul class=\"wp-block-list\">\n<li>Tiere, Kinder und Waffen d\u00fcrfen nicht auf den Fotos zu sehen sein. Im Hintergrund d\u00fcrfen keine Gegenst\u00e4nde zu sehen sein, die auf Kinder, Tiere, Waffen oder symbolische oder religi\u00f6se Zugeh\u00f6rigkeiten hindeuten.<\/li>\n<\/ul>\n\n\n\n<p><strong>Technische Anforderungen:<\/strong><\/p>\n\n\n\n<ul class=\"wp-block-list\">\n<li>Mindestaufl\u00f6sung: 1000 x 1000 Pixel<\/li>\n\n\n\n<li>Dateiformate: Wir unterst\u00fctzen fast alle Bilddateiformate und -erweiterungen. Um sicherzustellen, dass alles wie vorgesehen funktioniert, empfehlen wir dir, JPG, JPEG oder PNG zu verwenden.<\/li>\n\n\n\n<li>Maximale Dateigr\u00f6\u00dfe: 15 MB<\/li>\n\n\n\n<li>Die Bilder sollten in Farbe sein. Nicht in Schwarz-Wei\u00df, Sepia oder anderen Farbfiltern.<\/li>\n<\/ul>\n\n\n\n<h2 class=\"wp-block-heading\">Was ist ein normales und ein Erwachsenenfoto?<\/h2>\n\n\n\n<p>Wir suchen zwei verschiedene Arten von Fotos: normale Fotos und Fotos f\u00fcr Erwachsene.<\/p>\n\n\n\n<h3 class=\"wp-block-heading\">Normale Fotos<\/h3>\n\n\n\n<p>Ein normales Foto zeigt dich so, wie du im normalen Leben bist. Du musst dich nicht anstrengen, um irgendwelche Vorgaben zu erf\u00fcllen. Normale Bilder sind typische Schnappsch\u00fcsse, die entstehen, wenn du dein Zuhause verl\u00e4sst, um zum Supermarkt zu gehen, zur Arbeit zu fahren oder Freunde oder Familie zu treffen. Diese Bilder sollen nicht verf\u00fchrerisch oder sexy sein. Bilder von dir, die du in sozialen Medien postest, geh\u00f6ren oft zu dieser Kategorie. Bilder dieser Kategorie m\u00fcssen nicht unbedingt Selfies sein.<\/p>\n\n\n\n<p><strong>Beispiele daf\u00fcr, wie du normale Fotos angehen k\u00f6nntest:<\/strong><\/p>\n\n\n\n<ul class=\"wp-block-list\">\n<li>Urlaubsfotos<\/li>\n\n\n\n<li>Aktivit\u00e4tsbilder<\/li>\n\n\n\n<li>Im Garten<\/li>\n\n\n\n<li>In deinem Zuhause<\/li>\n\n\n\n<li>W\u00e4hrend des Fr\u00fchst\u00fccks\/Mittagessens\/Abendessens<\/li>\n\n\n\n<li>W\u00e4hrend eines Spazierganges<\/li>\n\n\n\n<li>Ein neues Kleid zeigen (kein kurzes oder sexy Kleid)<\/li>\n\n\n\n<li>Typisches Profilbild in sozialen Medien<\/li>\n\n\n\n<li>Es k\u00f6nnen Selfies sein, m\u00fcssen es aber nicht.<\/li>\n<\/ul>\n\n\n\n<p><strong>Was ist auf einem normalen Bild zu sehen?<\/strong><\/p>\n\n\n\n<ul class=\"wp-block-list\">\n<li>Du in Kleidung, gekleidet wie im Alltag<\/li>\n\n\n\n<li>Normale Alltagsfotos von dir selbst; stell dir das wie die Selfies vor, die du auf deinem Handy hast oder mit Freunden, deinem Freund teilst oder auf Instagram postest.<\/li>\n\n\n\n<li>Es k\u00f6nnen Selfies sein, m\u00fcssen es aber nicht.<\/li>\n<\/ul>\n\n\n\n<p><strong>Was ist NICHT auf normalen Fotos zu sehen?<\/strong><\/p>\n\n\n\n<ul class=\"wp-block-list\">\n<li>Nacktheit<\/li>\n<\/ul>\n\n\n\n<h3 class=\"wp-block-heading\">Fotos f\u00fcr Erwachsene<\/h3>\n\n\n\n<p>Erwachsenen-Fotos sind solche, die Du machst, wenn Du Dich sexy und erwachsener zeigen m\u00f6chtest. Stell Dir vor, Du gehst auf eine Party, um zu flirten oder einen One-Night-Stand zu suchen. Diese Bilder sind freiz\u00fcgiger, z. B. mit halb ge\u00f6ffneten Oberteilen, Minir\u00f6cken und \u00c4hnlichem. Haut und Dekollet\u00e9 zu zeigen ist gut, Sideboobs und Underboobs werden gesch\u00e4tzt.<\/p>\n\n\n\n<p>Lingerie-Fotos, auf denen Du Dich in der Unterw\u00e4sche zeigst, in der Du Dich am sexiesten f\u00fchlst. Bilder, auf denen Du nicht vollst\u00e4ndig bekleidet bist, aber auch nicht komplett nackt. Das kann mit BH und Slip sein. Wenn Du aber andere Unterw\u00e4sche hast, in der Du Dich feminin und sexy f\u00fchlst, kannst Du diese gerne auf Deinen Fotos tragen.<\/p>\n\n\n\n<p>Nacktfotos bed\u00fcrfen keiner gro\u00dfen Erkl\u00e4rung. Es handelt sich um Bilder, auf denen Du ganz oder teilweise nackt bist. Diese Bilder k\u00f6nnen nackte Br\u00fcste, nackte Intimstellen oder vollst\u00e4ndige Nacktheit zeigen. Bei teilweise nackten Bildern musst Du Deine unteren Intimstellen ohne Unterw\u00e4sche oder mit sehr freiz\u00fcgiger Unterw\u00e4sche zeigen.<\/p>\n\n\n\n<p>Explizite Fotos sind solche, die etwas Freches zeigen. Es gibt nichts Verr\u00fcckteres als diese Kategorie. Hier ist der Ort f\u00fcr Bilder, auf denen du dich selbst ber\u00fchrst, mit deinen K\u00f6rperteilen spielst, Sexspielzeug benutzt oder alle m\u00f6glichen sexuellen Handlungen an dir selbst vornimmst. Fotos, die deine frechste Seite zeigen. Gib alles!<\/p>\n\n\n\n<p><strong>Beispiele daf\u00fcr, wie Du mit Fotos von Erwachsenen umgehen k\u00f6nntest:<\/strong><\/p>\n\n\n\n<ul class=\"wp-block-list\">\n<li>Kurze Kleider<\/li>\n\n\n\n<li>Minir\u00f6cke<\/li>\n\n\n\n<li>Das kurze Schwarze<\/li>\n\n\n\n<li>Hot Pants und tiefer Ausschnitt<\/li>\n\n\n\n<li>Sexy Sekret\u00e4rinnen-Outfit<\/li>\n\n\n\n<li>Ein winziges Nachthemd oder Babydoll<\/li>\n\n\n\n<li>Bikini-Fotos<\/li>\n\n\n\n<li>Selfies vor dem Spiegel<\/li>\n\n\n\n<li>Nur in Unterw\u00e4sche<\/li>\n\n\n\n<li>In einer Garderobe<\/li>\n\n\n\n<li>Mit dem R\u00fccken zugewandt und die Brust nur von der Seite sichtbar<\/li>\n\n\n\n<li>Oben-Ohne-Fotos<\/li>\n\n\n\n<li>Aktfotos, bei denen nur H\u00e4nde oder langes Haar bestimmte K\u00f6rperteile bedecken<\/li>\n\n\n\n<li>Sexy Dessous<\/li>\n\n\n\n<li>Auf der Couch posieren<\/li>\n\n\n\n<li>Nackt drau\u00dfen sonnenbaden<\/li>\n\n\n\n<li>Sexy Strandfotos<\/li>\n\n\n\n<li>Exhibitionismus<\/li>\n\n\n\n<li>Im Auto<\/li>\n\n\n\n<li>Verwenden von Sextoys<\/li>\n\n\n\n<li>Im Badezimmer<\/li>\n\n\n\n<li>Nackt auf dem Bett<\/li>\n\n\n\n<li>Beim Ausziehen<\/li>\n\n\n\n<li>In der Dusche, im Whirlpool oder in der Sauna<\/li>\n\n\n\n<li>Heimlich aufgenommene Fotos<\/li>\n\n\n\n<li>Mit weit gespreizten Beinen<\/li>\n\n\n\n<li>Unanst\u00e4ndige Posen<\/li>\n\n\n\n<li>Ber\u00fchren, spielen, sich selbst schmecken<\/li>\n\n\n\n<li>Sexuelle Stellungen und Situationen<\/li>\n\n\n\n<li>Amateur-Posen beim Masturbieren sind genau das Richtige!&nbsp;<\/li>\n<\/ul>\n\n\n\n<p><strong>Was ist auf einem Erwachsenenfoto zu sehen?<\/strong><\/p>\n\n\n\n<ul class=\"wp-block-list\">\n<li>Sexy Kleider<\/li>\n\n\n\n<li>Aufreizende Outfits<\/li>\n\n\n\n<li>Verf\u00fchrerische K\u00f6rpersprache<\/li>\n\n\n\n<li>Nacktheit<\/li>\n\n\n\n<li>Sexuelle Inhalte<\/li>\n<\/ul>\n\n\n\n<p><strong>Was ist NICHT auf einem Erwachsenenfoto zu sehen?<\/strong><\/p>\n\n\n\n<ul class=\"wp-block-list\">\n<li>Vollst\u00e4ndig bekleidet<\/li>\n\n\n\n<li>Langweilige Alltagsfotos<\/li>\n<\/ul>\n\n<\/div>","protected":false},"excerpt":{"rendered":"","protected":false},"author":5,"featured_media":0,"parent":0,"menu_order":0,"comment_status":"closed","ping_status":"closed","template":"","meta":{"_acf_changed":false,"footnotes":""},"class_list":["post-6256","page","type-page","status-publish"],"acf":[],"_links":{"self":[{"href":"https:\/\/sellfies.com\/de\/wp-json\/wp\/v2\/pages\/6256","targetHints":{"allow":["GET"]}}],"collection":[{"href":"https:\/\/sellfies.com\/de\/wp-json\/wp\/v2\/pages"}],"about":[{"href":"https:\/\/sellfies.com\/de\/wp-json\/wp\/v2\/types\/page"}],"author":[{"embeddable":true,"href":"https:\/\/sellfies.com\/de\/wp-json\/wp\/v2\/users\/5"}],"replies":[{"embeddable":true,"href":"https:\/\/sellfies.com\/de\/wp-json\/wp\/v2\/comments?post=6256"}],"version-history":[{"count":4,"href":"https:\/\/sellfies.com\/de\/wp-json\/wp\/v2\/pages\/6256\/revisions"}],"predecessor-version":[{"id":9858,"href":"https:\/\/sellfies.com\/de\/wp-json\/wp\/v2\/pages\/6256\/revisions\/9858"}],"wp:attachment":[{"href":"https:\/\/sellfies.com\/de\/wp-json\/wp\/v2\/media?parent=6256"}],"curies":[{"name":"wp","href":"https:\/\/api.w.org\/{rel}","templated":true}]}}