{"id":6260,"date":"2023-01-10T02:08:17","date_gmt":"2023-01-10T02:08:17","guid":{"rendered":"https:\/\/sellfies.com\/?page_id=6260"},"modified":"2025-11-21T09:28:39","modified_gmt":"2025-11-21T09:28:39","slug":"datenschutz-und-cookie-hinweis","status":"publish","type":"page","link":"https:\/\/sellfies.com\/de\/datenschutz-und-cookie-hinweis\/","title":{"rendered":"Datenschutz- und Cookie-Hinweis"},"content":{"rendered":"\n<p>Dieser Datenschutzhinweis beschreibt die Art und Weise, wie wir mit den Informationen und Daten umgehen, die Sie uns zur Verf\u00fcgung stellen, damit wir Ihnen die optimale Nutzung unserer Dienste erm\u00f6glichen k\u00f6nnen. Unser Unternehmen AIA Digital B.V. (\u201eSellfies\u201c) ist eine niederl\u00e4ndische Gesellschaft mit beschr\u00e4nkter Haftung mit Sitz in Dambroeken 6, 9411 SG, Beilen, Niederlande, und der Gesch\u00e4ftsregisternummer 85414379. Sellfies betreibt eine Website auf https:\/\/sellfies.com. (\u201ePlattform\u201c), auf der Nutzer Bilder von sich selbst hochladen k\u00f6nnen.<\/p>\n\n\n\n<p>Wir werden Ihre uns zur Verf\u00fcgung gestellten oder anderweitig in unserem Besitz befindlichen personenbezogenen Daten in der Art und Weise und zu den Zwecken verarbeiten, die in diesen Datenschutzhinweisen dargelegt sind. Die Erhebung und Verarbeitung Ihrer personenbezogenen Daten erfolgt in \u00dcbereinstimmung mit den geltenden Datenschutzgesetzen, insbesondere der Verordnung (EU) 2016\/679 des Europ\u00e4ischen Parlaments und des Rates, der Datenschutz-Grundverordnung (\u201eDSGVO\u201c), und allen anderen geltenden lokalen Datenschutzgesetzen.<\/p>\n\n\n\n<p>Dieser Datenschutzhinweis gilt f\u00fcr Sie, wenn Sie ein Nutzer unserer Plattform sind. Wir empfehlen allen unseren Nutzern, den Datenschutzhinweis sorgf\u00e4ltig zu lesen. Wir m\u00f6chten Ihnen alle Informationen so verst\u00e4ndlich wie m\u00f6glich zur Verf\u00fcgung stellen. Sollte dennoch etwas unklar bleiben, sind wir gerne bereit, die in diesem Datenschutzhinweis enthaltenen Begriffe oder Passagen zu erl\u00e4utern.<\/p>\n\n\n\n<ol class=\"wp-block-list\">\n<li>Wer ist der f\u00fcr die Verarbeitung Ihrer Daten Verantwortliche?<\/li>\n<\/ol>\n\n\n\n<p>Der f\u00fcr die Verarbeitung Ihrer personenbezogenen Daten Verantwortliche ist AIA Digital B.V. (\u201eUnternehmen\u201c oder \u201ewir\u201c).\u00a0<\/p>\n\n\n\n<p>Wenn Sie eine Anfrage bez\u00fcglich der Verarbeitung Ihrer Daten haben oder Ihre Rechte gem\u00e4\u00df nachstehender Ziffer 4 aus\u00fcben m\u00f6chten, senden Sie uns bitte eine E-Mail an&nbsp;info@sellfies.com.<\/p>\n\n\n\n<ol start=\"2\" class=\"wp-block-list\">\n<li>Welche personenbezogenen Daten erheben wir \u00fcber Sie? Zu welchem Zweck und wie lange erheben wir sie?<\/li>\n<\/ol>\n\n\n\n<p>Wir verarbeiten Ihre personenbezogenen Daten nur in dem Umfang, der durch die Dienstleistungen, die wir f\u00fcr Sie erbringen (d. h. den Betrieb der Plattform), oder durch andere damit verbundene Verarbeitungszwecke bestimmt wird, wie unten angegeben.&nbsp;<\/p>\n\n\n\n<ol class=\"wp-block-list\">\n<li>Zum Zweck Ihrer Registrierung auf der Plattform verarbeiten wir Ihre personenbezogenen Daten in Form von Geschlecht, sexueller Orientierung, Geburtsdatum, Wohnort, Benutzername, E-Mail-Adresse, Passwort (zusammen \u201epersonenbezogene Daten\u201c); diese Daten sind f\u00fcr die Erstellung Ihres Profils erforderlich.<\/li>\n<\/ol>\n\n\n\n<p>Die prim\u00e4re Rechtsgrundlage f\u00fcr die Verarbeitung der oben genannten Daten ist die Erf\u00fcllung eines Vertrages (d.&nbsp;h. die Erbringung unserer Dienstleistungen), in den Sie durch den Abschluss des Registrierungsprozesses einbezogen werden. Die personenbezogenen Daten werden f\u00fcr die Dauer des Vertragsverh\u00e4ltnisses und einige Zeit danach verarbeitet, um unseren rechtlichen Verpflichtungen nachzukommen und unsere berechtigten Interessen zu wahren. In der Regel betr\u00e4gt eine solche Frist nicht mehr als drei Jahre nach Beendigung der vertraglichen Verpflichtungen, kann aber aus triftigen Gr\u00fcnden im Einzelfall l\u00e4nger sein.<\/p>\n\n\n\n<p>Die Rechtsgrundlage f\u00fcr die Verarbeitung besonderer Kategorien personenbezogener Daten ist die von Ihnen erteilte Einwilligung. Ihre personenbezogenen Daten werden f\u00fcr die Dauer der Einwilligung verarbeitet.<\/p>\n\n\n\n<ol start=\"2\" class=\"wp-block-list\">\n<li>Zum Zweck der Erbringung unserer Dienstleistungen (d.&nbsp;h. des Betriebs der Plattform) und um Ihnen die Kommunikation mit anderen Nutzern zu erm\u00f6glichen, k\u00f6nnen wir die folgenden Informationen verarbeiten:<\/li>\n<\/ol>\n\n\n\n<ul class=\"wp-block-list\">\n<li>Personenbezogene Daten, die bei der Registrierung wie oben angegeben ausgef\u00fcllt werden;<\/li>\n\n\n\n<li>Zahlungsmodalit\u00e4ten;&nbsp;<\/li>\n\n\n\n<li>fotografische Inhalte; und<\/li>\n\n\n\n<li>sonstige personenbezogene Daten, die Sie bei der Verwaltung Ihres Profils hinzuf\u00fcgen k\u00f6nnen, wie z.&nbsp;B. Bilder, Informationen \u00fcber Ihr Aussehen (Gr\u00f6\u00dfe, Haarfarbe, T\u00e4towierung, K\u00f6rpertyp, Augenfarbe, Piercing) oder sonstige damit zusammenh\u00e4ngende personenbezogene Daten, die Sie uns freiwillig mitteilen (\u201eoptionale personenbezogene Daten\u201c).<\/li>\n<\/ul>\n\n\n\n<p>Bitte beachten Sie, dass die in diesem Abschnitt genannten Daten nicht an Dritte weitergegeben, \u00fcbertragen oder verkauft werden und auf Servern in den Niederlanden gespeichert werden.&nbsp;<\/p>\n\n\n\n<p>Die Rechtsgrundlage f\u00fcr die Verarbeitung ist die Erf\u00fcllung eines Vertrages (d. h. die Erbringung unserer Dienstleistungen), an dem Sie beteiligt sind. Die personenbezogenen Daten werden f\u00fcr die Dauer des Vertragsverh\u00e4ltnisses und einige Zeit danach verarbeitet, um unseren rechtlichen Verpflichtungen nachzukommen und unsere berechtigten Interessen zu wahren.&nbsp;<\/p>\n\n\n\n<p>Fallen die oben genannten Daten (insbesondere optionale personenbezogene Daten) unter die Definition der \u201ebesonderen Kategorien personenbezogener Daten\u201c gem\u00e4\u00df der DSGVO (d.&nbsp;h. personenbezogene Daten, aus denen die rassische oder ethnische Herkunft, politische Meinungen, religi\u00f6se oder philosophische \u00dcberzeugungen oder die Gewerkschaftszugeh\u00f6rigkeit hervorgehen, genetische Daten, biometrische Daten zur eindeutigen Identifizierung einer nat\u00fcrlichen Person, Daten \u00fcber Gesundheit oder Daten \u00fcber das Sexualleben oder die sexuelle Orientierung einer nat\u00fcrlichen Person), so ist die Rechtsgrundlage f\u00fcr diese Verarbeitung die uns von Ihnen erteilte Einwilligung. Ihre personenbezogenen Daten werden f\u00fcr die Dauer der Einwilligung verarbeitet, es sei denn, Sie haben bestimmte Datenschutzrechte freigegeben.<\/p>\n\n\n\n<ol start=\"3\" class=\"wp-block-list\">\n<li>Wir k\u00f6nnen Sie auch ohne Ihre vorherige Einwilligung auf elektronischem Wege (z.&nbsp;B. per E-Mail) kontaktieren, um f\u00fcr unsere Dienstleistungen zu werben. Sie haben jedoch jederzeit die M\u00f6glichkeit, den Erhalt dieser Art von Marketingmitteilungen abzulehnen (d.&nbsp;h. Sie k\u00f6nnen sich von solchen Mitteilungen abmelden \u2013 diese Option ist in jedem Newsletter enthalten). Ihre Kontaktdaten werden f\u00fcr die Dauer des Vertragsverh\u00e4ltnisses verarbeitet, es sei denn, Sie lehnen dies ab.<\/li>\n\n\n\n<li>In anderen F\u00e4llen, z. B. bei Marketingmitteilungen f\u00fcr andere Dienstleistungen&nbsp;oder&nbsp;wenn wir Nachrichten versenden, die auf Ihre besonderen Interessen und Bed\u00fcrfnisse zugeschnitten sind, k\u00f6nnen wir Ihre personenbezogenen Daten auf der Grundlage Ihrer Einwilligung verarbeiten. Ihre personenbezogenen daten werden f\u00fcr die Dauer der Einwilligung verarbeitet.<\/li>\n\n\n\n<li>Um die Sicherheit von IT-Systemen und Netzwerken zu gew\u00e4hrleisten, k\u00f6nnen wir folgende Informationen verarbeiten: Benutzername, Passwort, Protokolle und Cookies (weitere Informationen unter Punkt 8) sowie automatisch generierte Informationen (z.&nbsp;B. die Art des von Ihnen verwendeten Ger\u00e4ts, die IP-Adresse Ihres Ger\u00e4ts, das von Ihnen verwendete Betriebssystem, die von Ihnen verwendete Browser-Software). Die Rechtsgrundlage f\u00fcr diese Verarbeitung ist unser berechtigtes Interesse oder das eines Dritten. Die personenbezogenen Daten werden f\u00fcr den Zeitraum der Dauer des Vertragsverh\u00e4ltnisses verarbeitet.<\/li>\n\n\n\n<li>Dar\u00fcber hinaus k\u00f6nnen wir einige der oben genannten Daten (z.&nbsp;B. Zahlungsangaben) im Hinblick auf m\u00f6gliche k\u00fcnftige Forderungen verarbeiten und speichern. Diese Verarbeitung beruht auf unserem berechtigten Interesse oder dem eines Dritten, da wir m\u00f6glicherweise Beweise f\u00fcr m\u00f6gliche Streitf\u00e4lle aufbewahren m\u00fcssen. Die personenbezogenen Daten werden so lange verarbeitet, wie es zur Erf\u00fcllung dieses Zwecks erforderlich ist, l\u00e4ngstens jedoch f\u00fcr die Dauer von zehn Jahren ab dem Beginn der gesetzlichen Verj\u00e4hrungsfrist im jeweiligen Einzelfall.<\/li>\n\n\n\n<li>Mit wem teilen wir Ihre personenbezogenen Daten?&nbsp;<\/li>\n<\/ol>\n\n\n\n<p>Die personenbezogenen Daten, die Sie \u00fcber die Plattform bekannt geben, werden nat\u00fcrlich mit anderen Nutzern der Plattform geteilt.<\/p>\n\n\n\n<p>Ihre personenbezogenen Daten k\u00f6nnen in dem Umfang, in dem wir sie verarbeiten, an andere f\u00fcr die Verarbeitung Verantwortliche innerhalb unserer Gruppe \u00fcbermittelt werden, wenn dies f\u00fcr interne Verwaltungszwecke erforderlich ist.<\/p>\n\n\n\n<p>Dar\u00fcber hinaus k\u00f6nnen Ihre personenbezogenen Daten an Dritte weitergegeben werden, die uns administrativ oder technisch unterst\u00fctzen und f\u00fcr uns Marketingaktivit\u00e4ten durchf\u00fchren (d.&nbsp;h. an die Auftragsverarbeiter \u2013 \u201eAuftragsverarbeiter\u201c ist eine nat\u00fcrliche oder juristische Person, Beh\u00f6rde, Einrichtung oder andere Stelle, die personenbezogene Daten im Auftrag von uns, dem f\u00fcr die Verarbeitung Verantwortlichen, verarbeitet). Wir k\u00f6nnen Ihre personenbezogenen Daten auch an Zahlungsinstitute weitergeben, was notwendig ist, um den sicheren Kauf von Credits auf der Plattform zu gew\u00e4hrleisten.<\/p>\n\n\n\n<p>Dar\u00fcber hinaus k\u00f6nnen wir Ihre personenbezogenen Daten an Regierungsbeh\u00f6rden oder Strafverfolgungsbeh\u00f6rden weitergeben, wenn dies gesetzlich vorgeschrieben ist, sowie an externe Berater und andere Mitarbeiter, die einer Geheimhaltungspflicht unterliegen.<\/p>\n\n\n\n<p>Nur eine begrenzte Anzahl unserer Mitarbeiter hat Zugang zu Ihren personenbezogenen Daten. Die Mitarbeiter sind verpflichtet, ihre personenbezogenen Daten und die zu deren Schutz getroffenen Ma\u00dfnahmen streng vertraulich zu behandeln. Sie sind berechtigt, personenbezogene Daten nur auf unsere ausdr\u00fcckliche Anweisung hin zu verarbeiten.&nbsp;<\/p>\n\n\n\n<p>Wir \u00fcbermitteln Ihre personenbezogenen Daten nicht in L\u00e4nder au\u00dferhalb der EU\/des EWR.<\/p>\n\n\n\n<ol start=\"4\" class=\"wp-block-list\">\n<li>Welche Rechte haben Sie in Bezug auf die Verarbeitung?<\/li>\n<\/ol>\n\n\n\n<p>Wenn Sie uns Ihre Einwilligung zur Verarbeitung Ihrer personenbezogenen Daten erteilen, tun Sie dies v\u00f6llig freiwillig, und Sie haben daher das Recht, die Einwilligung jederzeit \u00fcber unsere in diesem Datenschutzhinweis genannten Kontaktdaten zu widerrufen oder einzuschr\u00e4nken. Wenn Sie dies tun, werden wir die Verarbeitung der betreffenden personenbezogenen Daten f\u00fcr die Zwecke, f\u00fcr die die Einwilligung widerrufen wurde, einstellen. Es sei denn, Sie haben uns Ihre Rechte an Ihrem Abbild \u00fcbertragen.<\/p>\n\n\n\n<p>Sie haben das Recht, Ihre personenbezogenen Daten einzusehen und eine Kopie davon zu verlangen. Sie haben auch das Recht, von uns die Berichtigung, Sperrung, Vervollst\u00e4ndigung und L\u00f6schung Ihrer personenbezogenen Daten zu verlangen, die Verarbeitung einzuschr\u00e4nken und Ihre personenbezogenen Daten zu \u201eportieren\u201c (d.&nbsp;h. von uns zu verlangen, dass wir sie Ihnen in einem strukturierten, g\u00e4ngigen und maschinenlesbaren Format zur Verf\u00fcgung stellen und sie direkt an eine andere Organisation \u00fcbermitteln).<\/p>\n\n\n\n<p>Unter bestimmten Umst\u00e4nden haben Sie das Recht, der Verarbeitung Ihrer Daten durch uns zu widersprechen, insbesondere wenn Ihre personenbezogenen Daten f\u00fcr Zwecke der Direktwerbung (einschlie\u00dflich Profiling) oder auf der Grundlage eines berechtigten Interesses verarbeitet werden.&nbsp;<\/p>\n\n\n\n<p>Es gibt Ausnahmen von diesen Rechten, z.&nbsp;B. ist es uns nicht m\u00f6glich, Ihre Daten zu l\u00f6schen, wenn wir gesetzlich zur Aufbewahrung verpflichtet sind. Ebenso kann der Zugang zu Ihren Daten verweigert werden, wenn die Bereitstellung der Informationen personenbezogene Daten \u00fcber eine andere Person offenbaren w\u00fcrde oder wenn wir rechtlich daran gehindert sind, solche Informationen offenzulegen.<\/p>\n\n\n\n<p>Dar\u00fcber hinaus haben Sie das Recht, sich bei Ihrer lokalen Datenschutzbeh\u00f6rde zu beschweren oder auf dem Rechtsweg Abhilfe zu verlangen, wenn Sie glauben, dass Ihre Rechte verletzt wurden. Einen \u00dcberblick \u00fcber die lokalen Beh\u00f6rden finden Sie auch&nbsp;<a href=\"https:\/\/edpb.europa.eu\/about-edpb\/board\/members_en\" target=\"_blank\" rel=\"noopener\">hier<\/a>.&nbsp;<\/p>\n\n\n\n<ol start=\"5\" class=\"wp-block-list\">\n<li>Wie lange bewahren wir Ihre personenbezogenen Daten auf?<\/li>\n<\/ol>\n\n\n\n<p>Zus\u00e4tzlich zu den oben in diesem Datenschutzhinweis angegebenen Aufbewahrungsfristen bewahren wir Ihre personenbezogenen Daten nur so lange auf, wie es f\u00fcr den Zweck der jeweiligen Verarbeitung erforderlich ist, d. h. wie es gesetzlich vorgeschrieben ist, f\u00fcr die Dauer der Erf\u00fcllung des Vertragsverh\u00e4ltnisses und in einigen F\u00e4llen, in denen wir ein berechtigtes Interesse daran haben, Ihre Daten l\u00e4nger aufzubewahren, um unseren berechtigten Interessen Rechnung zu tragen.&nbsp;<\/p>\n\n\n\n<ol start=\"6\" class=\"wp-block-list\">\n<li>Wie verarbeiten und sch\u00fctzen wir Ihre personenbezogenen Daten?<\/li>\n<\/ol>\n\n\n\n<p>Wir verarbeiten Ihre personenbezogenen Daten \u00fcber unsere Plattform. Ihre personenbezogenen Daten werden dann elektronisch mit automatisierten Mitteln verarbeitet und in unseren Informationssystemen gespeichert; Ihre personenbezogenen Daten k\u00f6nnen auch in Mirrors oder auf Backup-Servern gespeichert werden.&nbsp;<\/p>\n\n\n\n<p>Zum Schutz Ihrer personenbezogenen Daten haben wir geeignete administrative, physische und technische Sicherheitsma\u00dfnahmen ergriffen, um Ihre personenbezogenen Daten jederzeit zu sichern und sie vor versehentlichem oder unrechtm\u00e4\u00dfigem Verlust, Zugriff, \u00dcbertragung oder Zerst\u00f6rung oder sonstigem Missbrauch zu sch\u00fctzen. Alle Personen, die Zugang zu Ihren personenbezogenen Daten haben, sind durch gesetzliche oder vertragliche Geheimhaltungspflichten gebunden.<\/p>\n\n\n\n<ol start=\"7\" class=\"wp-block-list\">\n<li>Wie \u00fcberpr\u00fcfen wir das Alter unserer Nutzer?<\/li>\n<\/ol>\n\n\n\n<p>Unsere Nutzer m\u00fcssen mindestens 18 Jahre alt sein, um Zugang zu unserer Plattform zu erhalten. Wir haben geeignete technische Mittel eingesetzt, um die Registrierung von Personen unter dieser Altersgrenze abzulehnen, und wir verarbeiten wissentlich keine personenbezogenen Daten von Personen unter 18 Jahren. Dar\u00fcber hinaus \u00fcberwachen wir die Nutzung unserer Plattform und f\u00fchren ID-Kontrollen durch.&nbsp;<\/p>\n\n\n\n<p>Bitte wenden Sie sich an uns, wenn Sie von einer Person unter 18 Jahren wissen, die ein Konto erstellt oder uns personenbezogene Daten zur Verf\u00fcgung gestellt hat. Diese personenbezogenen Daten werden unmittelbar nach der \u00dcberpr\u00fcfung vernichtet.<\/p>\n\n\n\n<p>8.&nbsp;&nbsp; &nbsp;&nbsp;Cookie-Richtlinie&nbsp;<\/p>\n\n\n\n<p>Diese Website verwendet Cookies, d.&nbsp;h. kleine Dateien, die auf Ihren Computer heruntergeladen werden, um Ihr Erlebnis zu verbessern. In diesem Abschnitt wird beschrieben, welche Informationen solche Cookies sammeln und wie sie verwendet werden. Wir verwenden Cookies aus verschiedenen Gr\u00fcnden, wie in diesem Abschnitt beschrieben. Leider k\u00f6nnen Sie die Cookies nicht deaktivieren, um die Vorteile und Funktionen dieser Website in vollem Umfang nutzen zu k\u00f6nnen. Wenn Sie unsere Website besuchen und ein Konto bei uns anlegen, verwenden wir Cookies f\u00fcr die Verwaltung des Anmelde- und Login-Prozesses. Diese Cookies werden in der Regel gel\u00f6scht, wenn Sie sich abmelden, aber in einigen F\u00e4llen werden sie verwendet, um bestimmte Website-Einstellungen zu speichern, wenn Sie sich abmelden. Dar\u00fcber hinaus k\u00f6nnen auch Cookies von Dritten verwendet werden. Diese Website verwendet Google Analytics, um zu verstehen, wie Sie unsere Website nutzen und wie wir Ihr Erlebnis verbessern k\u00f6nnen. Sie k\u00f6nnen die Verwendung von Cookies verhindern, indem Sie die Einstellungen Ihres Browsers \u00e4ndern. Die Deaktivierung von Cookies beeintr\u00e4chtigt jedoch die Funktionalit\u00e4t unserer Website und auch wesentliche Funktionen. Aus diesem Grund wird empfohlen, die Cookies nicht zu deaktivieren.<\/p>\n\n\n\n<script type=\"text\/javascript\" charset=\"UTF-8\"  data-cookiescriptreport=\"report\" src=\"\/\/report.cookie-script.com\/r\/a4a3c5a080c97d67af163219deb8450b.js\"><\/script>\n\n\n\n<p>9.&nbsp;&nbsp; &nbsp;&nbsp;\u00c4nderungen des Datenschutzhinweises<\/p>\n\n\n\n<p>Wesentliche \u00c4nderungen, die wir in Zukunft an diesem Datenschutzhinweis vornehmen, werden Ihnen per E-Mail oder auf unserer Plattform mitgeteilt. Wir empfehlen Ihnen au\u00dferdem, diesen Datenschutzhinweis in regelm\u00e4\u00dfigen Abst\u00e4nden auf etwaige \u00c4nderungen zu \u00fcberpr\u00fcfen.<\/p>\n\n\n\n<p>G\u00fcltig ab September 2022<\/p>\n","protected":false},"excerpt":{"rendered":"","protected":false},"author":5,"featured_media":0,"parent":0,"menu_order":0,"comment_status":"closed","ping_status":"closed","template":"","meta":{"_acf_changed":false,"footnotes":""},"class_list":["post-6260","page","type-page","status-publish"],"acf":[],"_links":{"self":[{"href":"https:\/\/sellfies.com\/de\/wp-json\/wp\/v2\/pages\/6260","targetHints":{"allow":["GET"]}}],"collection":[{"href":"https:\/\/sellfies.com\/de\/wp-json\/wp\/v2\/pages"}],"about":[{"href":"https:\/\/sellfies.com\/de\/wp-json\/wp\/v2\/types\/page"}],"author":[{"embeddable":true,"href":"https:\/\/sellfies.com\/de\/wp-json\/wp\/v2\/users\/5"}],"replies":[{"embeddable":true,"href":"https:\/\/sellfies.com\/de\/wp-json\/wp\/v2\/comments?post=6260"}],"version-history":[{"count":3,"href":"https:\/\/sellfies.com\/de\/wp-json\/wp\/v2\/pages\/6260\/revisions"}],"predecessor-version":[{"id":9240,"href":"https:\/\/sellfies.com\/de\/wp-json\/wp\/v2\/pages\/6260\/revisions\/9240"}],"wp:attachment":[{"href":"https:\/\/sellfies.com\/de\/wp-json\/wp\/v2\/media?parent=6260"}],"curies":[{"name":"wp","href":"https:\/\/api.w.org\/{rel}","templated":true}]}}