{"id":7338,"date":"2020-04-11T17:03:07","date_gmt":"2020-04-11T17:03:07","guid":{"rendered":"https:\/\/sellfies.com\/?page_id=7338"},"modified":"2025-12-01T14:19:56","modified_gmt":"2025-12-01T14:19:56","slug":"home","status":"publish","type":"page","link":"https:\/\/sellfies.com\/es\/","title":{"rendered":"Home"},"content":{"rendered":"<div class=\"gb-container gb-container-1f4ad87b height-100 bg-overlay\" style=\"--background-image: url(https:\/\/sellfies.com\/wp-content\/uploads\/2025\/11\/header-img-sellfies-2.jpg);\"><div class=\"gb-inside-container\">\n\n<div class=\"wp-block-columns is-layout-flex wp-container-core-columns-is-layout-9d6595d7 wp-block-columns-is-layout-flex\">\n<div class=\"wp-block-column is-layout-flow wp-block-column-is-layout-flow\" style=\"flex-basis:66%\">\n<h1 class=\"gb-headline gb-headline-0089506d gb-headline-text\">Gana dinero con tus selfies<\/h1>\n\n\n\n<p class=\"gb-headline gb-headline-f69b4f57 gb-headline-text\">Compramos tus fotos, tanto las normales como las privadas<\/p>\n\n\n\n<a class=\"gb-button gb-button-2e4a7042 gb-button-text button-effect\" href=\"https:\/\/my.sellfies.com\/es\/register\">Empieza aqu\u00ed<\/a>\n\n\n\n<p class=\"gb-headline gb-headline-e234d23f\"><span class=\"gb-icon\"><svg aria-hidden=\"true\" role=\"img\" height=\"1em\" width=\"1em\" viewBox=\"0 0 512 512\" xmlns=\"http:\/\/www.w3.org\/2000\/svg\"><path fill=\"currentColor\" d=\"M462.3 62.6C407.5 15.9 326 24.3 275.7 76.2L256 96.5l-19.7-20.3C186.1 24.3 104.5 15.9 49.7 62.6c-62.8 53.6-66.1 149.8-9.9 207.9l193.5 199.8c12.5 12.9 32.8 12.9 45.3 0l193.5-199.8c56.3-58.1 53-154.3-9.8-207.9z\"><\/path><\/svg><\/span><span class=\"gb-headline-text\">Alta demanda para mujeres mayores de 45 a\u00f1os<\/span><\/p>\n<\/div>\n\n\n\n<div class=\"wp-block-column price is-layout-flow wp-block-column-is-layout-flow\" style=\"flex-basis:33%\">\n<div>\n                                                <div class=\"uk-child-width-1@m uk-grid-small uk-grid-match\" uk-grid>\n                                                                                            <div uk-scrollspy=\"cls: uk-animation-slide-bottom-small; delay: 200; repeat: false\">\n                                    <div class=\"uk-card uk-card-default uk-card-body uk-text-center price-box\">\n                                        <span class=\"banner uk-text-white\" style=\"background-color: #f49ebc\"> \n                                            Pago \n                                        <\/span>\n                                        <dt>10 fotos<\/dt>\n                                        <span class=\"text-price uk-text-emphasis uk-text-large\">15,00\u20ac<\/span>\n                                        <div class=\"content\">\n                                            <p><!-- wp:paragraph --><\/p>\n<p>Sube un paquete completo de fotos para recibir tu pago. T\u00fa decides qu\u00e9 paquete te conviene m\u00e1s.<\/p>\n<p><!-- \/wp:paragraph --><\/p>\n                                        <\/div>\n                                    <\/div>\n                                <\/div> \n                                                    <\/div>\n                                            <\/div>\n<\/div>\n<\/div>\n\n<\/div><\/div>\n\n<div class=\"gb-container gb-container-917fef5e how-it-work uk-background-muted\"><div class=\"gb-inside-container\">\n<div class=\"gb-container gb-container-a2c3af77\"><div class=\"gb-inside-container\">\n\n<h2 class=\"gb-headline gb-headline-e6296c19 gb-headline-text uk-text-center\">C\u00f3mo funciona<\/h2>\n\n\n<div class=\"gb-container gb-container-73445b77\"><div class=\"gb-inside-container\">\n<div class=\"gb-grid-wrapper gb-grid-wrapper-57022b54\">\n<div class=\"gb-grid-column gb-grid-column-0bc62948\"><div class=\"gb-container gb-container-0bc62948 uk-card uk-card-default uk-card-body uk-text-center uk-scrollspy-inview \"><div class=\"gb-inside-container\">\n\n<figure class=\"wp-block-image size-full uk-text-center\"><img loading=\"lazy\" decoding=\"async\" width=\"84\" height=\"84\" src=\"https:\/\/sellfies.com\/wp-content\/uploads\/2023\/01\/icon-howitwork1.png\" alt=\"&amp;\" class=\"wp-image-5060\" title=\"\"><\/figure>\n\n\n\n<h2 class=\"gb-headline gb-headline-766d2430 gb-headline-text uk-text-center\">1. Crear cuenta<\/h2>\n\n\n\n<p class=\"uk-text-center uk-text-secondary\" style=\"font-size:18px\">Reg\u00edstrate y verifica tu cuenta para poder subir tus selfies.<\/p>\n\n<\/div><\/div><\/div>\n\n<div class=\"gb-grid-column gb-grid-column-251db445\"><div class=\"gb-container gb-container-251db445 uk-card uk-card-default uk-card-body uk-text-center uk-scrollspy-inview \"><div class=\"gb-inside-container\">\n\n<figure class=\"wp-block-image size-full uk-text-center\"><img loading=\"lazy\" decoding=\"async\" width=\"84\" height=\"84\" src=\"https:\/\/sellfies.com\/wp-content\/uploads\/2023\/01\/icon-howitwork2.png\" alt=\"&amp;\" class=\"wp-image-5061\" title=\"\"><\/figure>\n\n\n\n<h2 class=\"gb-headline gb-headline-deae9ec2 gb-headline-text uk-text-center\">2. Sube selfies<\/h2>\n\n\n\n<p class=\"uk-text-center uk-text-secondary\" style=\"font-size:18px\">Sube f\u00e1cilmente selfies antiguas o nuevas. Te damos consejos para que lo consigas.<\/p>\n\n<\/div><\/div><\/div>\n\n<div class=\"gb-grid-column gb-grid-column-35ed1aaf\"><div class=\"gb-container gb-container-35ed1aaf uk-card uk-card-default uk-card-body uk-text-center uk-scrollspy-inview \"><div class=\"gb-inside-container\">\n\n<figure class=\"wp-block-image size-full uk-text-center\"><img loading=\"lazy\" decoding=\"async\" width=\"84\" height=\"84\" src=\"https:\/\/sellfies.com\/wp-content\/uploads\/2023\/01\/icon-howitwork4-4.png\" alt=\"&amp;\" class=\"wp-image-5392\" title=\"\"><\/figure>\n\n\n\n<h2 class=\"gb-headline gb-headline-23a829fe gb-headline-text uk-text-center\">3. Obtener aprobaci\u00f3n<\/h2>\n\n\n\n<p class=\"uk-text-center uk-text-secondary\" style=\"font-size:18px\">Nuestro equipo comprueba si el archivo que subes cumple con nuestros requisitos.<\/p>\n\n<\/div><\/div><\/div>\n\n<div class=\"gb-grid-column gb-grid-column-4f7e69ff\"><div class=\"gb-container gb-container-4f7e69ff uk-card uk-card-default uk-card-body uk-text-center uk-scrollspy-inview \"><div class=\"gb-inside-container\">\n\n<figure class=\"wp-block-image size-full uk-text-center\"><img loading=\"lazy\" decoding=\"async\" width=\"84\" height=\"84\" src=\"https:\/\/sellfies.com\/wp-content\/uploads\/2023\/01\/icon-howitwork4.png\" alt=\"&amp;\" class=\"wp-image-5062\" title=\"\"><\/figure>\n\n\n\n<h2 class=\"gb-headline gb-headline-743fc371 gb-headline-text uk-text-center\">4. Recibir compensaci\u00f3n<\/h2>\n\n\n\n<p class=\"uk-text-center uk-text-secondary\" style=\"font-size:18px\">Cuando todo est\u00e9 correcto, el pago se enviar\u00e1 a trav\u00e9s del proveedor que hayas seleccionado.<\/p>\n\n<\/div><\/div><\/div>\n<\/div>\n<\/div><\/div>\n<\/div><\/div>\n<\/div><\/div>\n\n<div class=\"gb-container gb-container-1c3ca7e0 uk-background-muted\"><div class=\"gb-inside-container\">\n<div class=\"gb-container gb-container-79feb26c\">\n<div class=\"gb-container gb-container-3ae95900\">\n\n<h2 class=\"gb-headline gb-headline-4fa99e77 gb-headline-text\">Tus fotos podr\u00edan entrenar a la pr\u00f3xima generaci\u00f3n de IA<\/h2>\n\n\n\n<p class=\"uk-text-secondary\">Tus selfies pueden hacer mucho m\u00e1s que simplemente quedarse en el carrete de tu c\u00e1mara.<\/p>\n\n\n\n<p class=\"uk-text-secondary\">Compramos fotograf\u00edas personales para ayudar a entrenar sistemas de IA de \u00faltima generaci\u00f3n. Les ense\u00f1amos a ver, comprender y recrear el mundo humano con precisi\u00f3n y respeto.<\/p>\n\n\n\n<p class=\"uk-text-secondary\">Si bien la mayor\u00eda de las fotos se utilizan para el desarrollo de modelos de IA y la investigaci\u00f3n visual, algunas tambi\u00e9n pueden aparecer en plataformas creativas o de entretenimiento aprobadas donde la autenticidad es primordial.<\/p>\n\n\n\n<p class=\"uk-text-secondary\">\u00a1Cada foto ayuda a dar forma al futuro! Y s\u00ed, te pagan por ello.<\/p>\n\n<\/div>\n\n<div class=\"gb-container gb-container-21ed567c\">\n\n<figure class=\"gb-block-image gb-block-image-4d4dcda5\"><img loading=\"lazy\" decoding=\"async\" width=\"600\" height=\"600\" class=\"gb-image gb-image-4d4dcda5\" src=\"https:\/\/sellfies.com\/wp-content\/uploads\/2025\/10\/selfies-train-ai.png\" alt=\"&amp;\" title=\"selfies train ai\" srcset=\"https:\/\/sellfies.com\/wp-content\/uploads\/2025\/10\/selfies-train-ai.png 600w, https:\/\/sellfies.com\/wp-content\/uploads\/2025\/10\/selfies-train-ai-300x300.png 300w, https:\/\/sellfies.com\/wp-content\/uploads\/2025\/10\/selfies-train-ai-150x150.png 150w\" sizes=\"auto, (max-width: 600px) 100vw, 600px\"><\/figure>\n\n<\/div>\n<\/div>\n<\/div><\/div>\n\n<div class=\"gb-container gb-container-ddf78055 uk-background-muted\"><div class=\"gb-inside-container\">\n<div class=\"gb-container gb-container-ac0c31f8\">\n\n<h2 class=\"gb-headline gb-headline-09692866 gb-headline-text uk-text-center\">\u00bfQu\u00e9 compensaci\u00f3n puedes recibir?<\/h2>\n\n<\/div>\n\n<div class=\"gb-container gb-container-c644e2e4\">\n<div class=\"gb-container gb-container-75512e1a\">\n\n<div>\n                                                <div class=\"uk-child-width-1-2@m uk-grid-small uk-grid-match\" uk-grid>\n                                                                                            <div uk-scrollspy=\"cls: uk-animation-slide-bottom-small; delay: 200; repeat: false\">\n                                    <div class=\"uk-card uk-card-default uk-card-body uk-text-center price-box\">\n                                        <span align=\"center\" class=\"banner uk-background-secondary uk-text-white\" style=\"background-color: #6944ce\"> \n                                            M\u00e1s ganancias \n                                        <\/span>\n                                        <dt>M\u00e1ximo<\/dt>\n                                        <span class=\"text-price uk-text-emphasis uk-text-large\">\u20ac15,00<\/span>\n                                        <div class=\"content\">\n                                            <p><!-- wp:paragraph --><\/p>\n<p>A\u00f1ade algunas fotos que muestren tu lado m\u00e1s atrevido. Siempre es tu decisi\u00f3n, dentro de tus l\u00edmites de comodidad.<\/p>\n<p><!-- \/wp:paragraph --><\/p>\n                                        <\/div>\n                                    <\/div>\n                                <\/div> \n                                                                                            <div uk-scrollspy=\"cls: uk-animation-slide-bottom-small; delay: 200; repeat: false\">\n                                    <div class=\"uk-card uk-card-default uk-card-body uk-text-center price-box\">\n                                        <span align=\"center\" class=\"banner uk-background-secondary uk-text-white\" style=\"background-color: #f49ebc\"> \n                                            M\u00ednimo esfuerzo \n                                        <\/span>\n                                        <dt>M\u00ednimo<\/dt>\n                                        <span class=\"text-price uk-text-emphasis uk-text-large\">\u20ac 7,50<\/span>\n                                        <div class=\"content\">\n                                            <p><!-- wp:paragraph --><\/p>\n<p>Fotos cotidianas que muestran tu aspecto natural y tu estilo de vida. Sencillas, relajadas y f\u00e1ciles de crear.<\/p>\n<p><!-- \/wp:paragraph --><\/p>\n                                        <\/div>\n                                    <\/div>\n                                <\/div> \n                                                    <\/div>\n                                            <\/div>\n\n<\/div>\n\n<div class=\"gb-container gb-container-a43b49be\">\n\n<p class=\"uk-text-secondary\">Lo hacemos sencillo con 2 paquetes, cada uno con su propio estilo fotogr\u00e1fico.<\/p>\n\n\n\n<p class=\"uk-text-secondary\">Tus ganancias depender\u00e1n del paquete que elijas. Cada uno ajusta el pago seg\u00fan el tipo de fotos que subas y con las que te sientas c\u00f3moda.<\/p>\n\n\n\n<p class=\"uk-text-secondary\">T\u00fa decides qu\u00e9 fotos subir y qu\u00e9 paquete se adapta mejor a ti. Comparte lo que te parezca bien y recibe una compensaci\u00f3n por ayudar a mejorar la IA del futuro.<\/p>\n\n\n<div class=\"gb-button-wrapper gb-button-wrapper-1aef189e\">\n\n<a class=\"gb-button gb-button-281814e5 gb-button-text button-effect\" href=\"https:\/\/my.sellfies.com\/es\/register\">Crear mi cuenta<\/a>\n\n<\/div>\n<\/div>\n<\/div>\n<\/div><\/div>\n\n<div class=\"gb-container gb-container-86a5b7a8 uk-background-muted\"><div class=\"gb-inside-container\">\n<div class=\"gb-container gb-container-fa76f420\">\n<div class=\"gb-container gb-container-a6210d3a\">\n\n<h2 class=\"gb-headline gb-headline-a1436818 gb-headline-text\">\u00a1Corre la voz y obt\u00e9n recompensas!<\/h2>\n\n\n\n<p class=\"uk-text-secondary\">\u00bfConoces a alguien a quien le gustar\u00eda usar Sellfies? Inv\u00edtalo a unirse a trav\u00e9s de tu enlace de referido y gana dinero cuando realice una venta.<\/p>\n\n\n\n<p class=\"uk-text-secondary\">Es r\u00e1pido, f\u00e1cil y gratificante. Y no hay l\u00edmite en la cantidad de personas que puedes recomendar.<\/p>\n\n\n\n<p class=\"uk-text-secondary\">Comparte tu enlace donde quieras y observa c\u00f3mo crecen tus ganancias con cada referido que finalice.<\/p>\n\n<\/div>\n\n<div class=\"gb-container gb-container-8edf0704\">\n\n<figure class=\"gb-block-image gb-block-image-71526a36\"><img loading=\"lazy\" decoding=\"async\" width=\"600\" height=\"600\" class=\"gb-image gb-image-71526a36\" src=\"https:\/\/sellfies.com\/wp-content\/uploads\/2025\/10\/sellfies-referral.png\" alt=\"&amp;\" title=\"sellfies-referral\" srcset=\"https:\/\/sellfies.com\/wp-content\/uploads\/2025\/10\/sellfies-referral.png 600w, https:\/\/sellfies.com\/wp-content\/uploads\/2025\/10\/sellfies-referral-300x300.png 300w, https:\/\/sellfies.com\/wp-content\/uploads\/2025\/10\/sellfies-referral-150x150.png 150w\" sizes=\"auto, (max-width: 600px) 100vw, 600px\"><\/figure>\n\n<\/div>\n<\/div>\n<\/div><\/div>\n\n<div class=\"gb-container gb-container-3468854c reviews\"><div class=\"gb-inside-container\">\n\n<div class=\"wp-block-columns is-layout-flex wp-container-core-columns-is-layout-9d6595d7 wp-block-columns-is-layout-flex\">\n<div class=\"wp-block-column uk-margin-large-top is-layout-flow wp-block-column-is-layout-flow\">\n<h2 class=\"gb-headline gb-headline-ba2b1883 gb-headline-text\">Otras mujeres acerca de Sellfies<\/h2>\n<\/div>\n<\/div>\n\n\n<div class=\"gb-grid-wrapper gb-grid-wrapper-163f4b68\">\n<div class=\"gb-grid-column gb-grid-column-9864fee8\"><div class=\"gb-container gb-container-9864fee8 uk-card uk-card-default\"><div class=\"gb-inside-container\">\n\n<p>Estaba nerviosa al hacer esto, solo porque tenia miedo de que no me pagar\u00edan. \u00a1Recib\u00ed mi dinero hoy y fue muy f\u00e1cil! Necesitaba el dinero urgente, as\u00ed que fue una experiencia asombrosa. Todos los email que les envi\u00e9 los respondieron r\u00e1pidamente. \u00a1Gracias Sellfies!<\/p>\n\n\n\n<p>&#8211; <a href=\"https:\/\/es.trustpilot.com\/reviews\/63605f83252cba2c02cb65da\" data-type=\"link\" data-id=\"https:\/\/www.trustpilot.com\/reviews\/63605f83252cba2c02cb65da\" target=\"_blank\" rel=\"noopener\">Delise, EE.UU.<\/a><\/p>\n\n\n\n<div class=\"gb-headline gb-headline-b6257b22\"><span class=\"gb-icon\"><svg xmlns=\"http:\/\/www.w3.org\/2000\/svg\" viewBox=\"0 0 32 32\" fill=\"#000000\"><g stroke-width=\"0\" id=\"SVGRepo_bgCarrier\"><\/g><g stroke-linejoin=\"round\" stroke-linecap=\"round\" id=\"SVGRepo_tracerCarrier\"><\/g><g id=\"SVGRepo_iconCarrier\"><path d=\"M16 4.588l2.833 8.719H28l-7.416 5.387 2.832 8.719L16 22.023l-7.417 5.389 2.833-8.719L4 13.307h9.167L16 4.588z\"><\/path><\/g><\/svg><\/span><span class=\"gb-headline-text\"><a href=\"https:\/\/es.trustpilot.com\/reviews\/63605f83252cba2c02cb65da\" target=\"_blank\" data-type=\"URL\" data-id=\"https:\/\/www.trustpilot.com\/reviews\/63605f83252cba2c02cb65da\" rel=\"noreferrer noopener\">Trustpilot<\/a><\/span><\/div>\n\n<\/div><\/div><\/div>\n\n<div class=\"gb-grid-column gb-grid-column-fa7df162\"><div class=\"gb-container gb-container-fa7df162 uk-card uk-card-default\"><div class=\"gb-inside-container\">\n\n<p>Segu\u00ed todas las instrucciones, sub\u00ed las fotos, fueron aprobadas en solo media hora, y me pagaron despu\u00e9s de 2 d\u00edas (ya que era fin de semana).<\/p>\n\n\n\n<p>&#8211; <a href=\"https:\/\/es.trustpilot.com\/reviews\/6315b6396a3e1ed2c3c9efe4\" data-type=\"link\" data-id=\"https:\/\/es.trustpilot.com\/reviews\/6315b6396a3e1ed2c3c9efe4\" target=\"_blank\" rel=\"noopener\">Angela, Serbia<\/a><\/p>\n\n\n\n<div class=\"gb-headline gb-headline-02382501\"><span class=\"gb-icon\"><svg xmlns=\"http:\/\/www.w3.org\/2000\/svg\" viewBox=\"0 0 32 32\" fill=\"#000000\"><g stroke-width=\"0\" id=\"SVGRepo_bgCarrier\"><\/g><g stroke-linejoin=\"round\" stroke-linecap=\"round\" id=\"SVGRepo_tracerCarrier\"><\/g><g id=\"SVGRepo_iconCarrier\"><path d=\"M16 4.588l2.833 8.719H28l-7.416 5.387 2.832 8.719L16 22.023l-7.417 5.389 2.833-8.719L4 13.307h9.167L16 4.588z\"><\/path><\/g><\/svg><\/span><span class=\"gb-headline-text\"><a href=\"https:\/\/es.trustpilot.com\/reviews\/6315b6396a3e1ed2c3c9efe4\" target=\"_blank\" data-type=\"link\" data-id=\"https:\/\/es.trustpilot.com\/reviews\/6315b6396a3e1ed2c3c9efe4\" rel=\"noreferrer noopener\">Trustpilot<\/a><\/span><\/div>\n\n<\/div><\/div><\/div>\n\n<div class=\"gb-grid-column gb-grid-column-c7ac6271\"><div class=\"gb-container gb-container-c7ac6271 uk-card uk-card-default\"><div class=\"gb-inside-container\">\n\n<p>\u00a1Tengo suerte de haber encontrado Sellfies! Fue muy f\u00e1cil seguir los pasos y recib\u00ed mi pago r\u00e1pidamente. \u00bfQuien no quiere un dinero extra? \u00a1Cuenten conmigo siempre!<\/p>\n\n\n\n<p>&#8211; <a href=\"https:\/\/es.trustpilot.com\/reviews\/631058ce7f7a8621ee4f303f\" data-type=\"link\" data-id=\"https:\/\/es.trustpilot.com\/reviews\/631058ce7f7a8621ee4f303f\" target=\"_blank\" rel=\"noopener\">Mina, Grecia<\/a><\/p>\n\n\n\n<div class=\"gb-headline gb-headline-7fdddcb6\"><span class=\"gb-icon\"><svg xmlns=\"http:\/\/www.w3.org\/2000\/svg\" viewBox=\"0 0 32 32\" fill=\"#000000\"><g stroke-width=\"0\" id=\"SVGRepo_bgCarrier\"><\/g><g stroke-linejoin=\"round\" stroke-linecap=\"round\" id=\"SVGRepo_tracerCarrier\"><\/g><g id=\"SVGRepo_iconCarrier\"><path d=\"M16 4.588l2.833 8.719H28l-7.416 5.387 2.832 8.719L16 22.023l-7.417 5.389 2.833-8.719L4 13.307h9.167L16 4.588z\"><\/path><\/g><\/svg><\/span><span class=\"gb-headline-text\"><a href=\"https:\/\/es.trustpilot.com\/reviews\/631058ce7f7a8621ee4f303f\" target=\"_blank\" data-type=\"link\" data-id=\"https:\/\/es.trustpilot.com\/reviews\/631058ce7f7a8621ee4f303f\" rel=\"noreferrer noopener\">Trustpilot<\/a><\/span><\/div>\n\n<\/div><\/div><\/div>\n<\/div>\n<\/div><\/div>\n\n<div class=\"gb-container gb-container-8e7766e7 faq\"><div class=\"gb-inside-container\">\n\n<div class=\"wp-block-columns is-layout-flex wp-container-core-columns-is-layout-9d6595d7 wp-block-columns-is-layout-flex\">\n<div class=\"wp-block-column is-layout-flow wp-block-column-is-layout-flow\">\n<h2 class=\"gb-headline gb-headline-d093903a gb-headline-text\">Tenemos respuestas para todas tus preguntas<\/h2>\n\n\n\n<div style=\"height:18px\" aria-hidden=\"true\" class=\"wp-block-spacer\"><\/div>\n\n\n\n<p class=\"gb-headline gb-headline-3118a45b gb-headline-text\">Para mayor informaci\u00f3n revisa nuestras <a href=\"https:\/\/sellfies.com\/es\/faqs\/\" data-type=\"URL\" data-id=\"https:\/\/sellfies.com\/es\/faqs\/\">Preguntas Mas Frecuentes<\/a><\/p>\n<\/div>\n\n\n\n<div class=\"wp-block-column is-layout-flow wp-block-column-is-layout-flow\">\n<p><strong>\u00bfQu\u00e9 tipo de mujeres busca Sellfies?<\/strong><\/p>\n\n\n\n<p>Buscamos mujeres de todas las tallas, figuras y edades. No nos interesan las modelos con estilismo profesional ni sus fotos de estudio.<\/p>\n\n\n\n<p>Buscamos mujeres reales con fotos reales. \u00a1Si te sientes c\u00f3moda posando para fotos y tienes confianza en ti misma y en tu cuerpo, eres bienvenida!<\/p>\n\n\n\n<p><strong>\u00bfPuedo presentar mi solicitud si soy una mujer madura?<\/strong><\/p>\n\n\n\n<p>\u00a1S\u00ed! \u00a1Por favor! Eres la modelo perfecta para nosotros. T\u00fa y tu cuerpo han vivido la vida. Eso es algo que consideramos digno de admiraci\u00f3n y orgullo. \u00a1No dudes en inscribirte!<\/p>\n\n\n\n<p><strong>\u00bfPuedo permanecer en el anonimato?<\/strong><\/p>\n\n\n\n<p>El anonimato es fundamental en Sellfies. Nos esforzamos al m\u00e1ximo para que permanezca el anonimato. Nombre y dem\u00e1s datos personales nunca se utilizar\u00e1n, salvo para pagos y el cumplimiento de nuestras obligaciones de registro.<\/p>\n\n\n\n<p><strong>\u00bfC\u00f3mo se utilizan mis fotograf\u00edas y para qu\u00e9?<\/strong><\/p>\n\n\n\n<p>Tus fotos se utilizan para ayudar a los sistemas de IA a ver y comprender mejor el mundo. Algunas tambi\u00e9n pueden usarse en proyectos de investigaci\u00f3n o creativos que requieren im\u00e1genes reales y cotidianas. Nunca se muestran en buscadores ni en redes sociales, y tus datos personales jam\u00e1s se comparten.<\/p>\n<\/div>\n<\/div>\n\n<\/div><\/div>\n\n<div class=\"gb-container gb-container-686c4b9c parallax large uk-position-relative\"><div class=\"gb-inside-container\">\n<div class=\"gb-container gb-container-9029c7e0\"><div class=\"gb-inside-container\">\n\n<h2 class=\"gb-headline gb-headline-cd3a9929 gb-headline-text\">\u00a1Gana dinero con tus selfies hoy!<\/h2>\n\n\n\n<h3 class=\"gb-headline gb-headline-490c1d3d gb-headline-text\">Sube tus fotos y gana dinero con ellas<\/h3>\n\n\n\n<a class=\"gb-button gb-button-8057e95d gb-button-text button-effect uk-align-center\" href=\"https:\/\/my.sellfies.com\/es\/register\">Crear mi cuenta<\/a>\n\n<\/div><\/div>\n<\/div><\/div>\n\n<div class=\"gb-container gb-container-459edfe3 blog uk-background-muted\"><div class=\"gb-inside-container\">\n<div class=\"gb-container gb-container-e9eb410a\"><div class=\"gb-inside-container\">\n\n<div class=\"wp-block-columns is-layout-flex wp-container-core-columns-is-layout-9d6595d7 wp-block-columns-is-layout-flex\">\n<div class=\"wp-block-column is-layout-flow wp-block-column-is-layout-flow\" style=\"flex-basis:33.33%\">\n<h2 class=\"gb-headline gb-headline-1e353e80 gb-headline-text\">Lee nuestras \u00faltimas entradas del blog<\/h2>\n<\/div>\n\n\n\n<div class=\"wp-block-column is-layout-flow wp-block-column-is-layout-flow\" style=\"flex-basis:66.66%\">\n<div class=\"gb-grid-wrapper gb-grid-wrapper-25c55912 gb-query-loop-wrapper\">\n<div class=\"gb-grid-column gb-grid-column-c746e2ac gb-query-loop-item post-9023 post type-post status-publish format-standard has-post-thumbnail hentry category-sin-categorizar\"><div class=\"gb-container gb-container-c746e2ac uk-card uk-card-default\"><div class=\"gb-inside-container\">\n<figure class=\"gb-block-image gb-block-image-f253f6a9\"><a href=\"https:\/\/sellfies.com\/es\/picture-this-guia-para-ganar-dinero-vendiendo-tus-fotos-en-internet\/\"><img loading=\"lazy\" decoding=\"async\" width=\"1000\" height=\"667\" src=\"https:\/\/sellfies.com\/wp-content\/uploads\/2023\/02\/sellfies-proud-woman-11.jpg\" class=\"gb-image-f253f6a9\" alt=\"&amp;\" srcset=\"https:\/\/sellfies.com\/wp-content\/uploads\/2023\/02\/sellfies-proud-woman-11.jpg 1000w, https:\/\/sellfies.com\/wp-content\/uploads\/2023\/02\/sellfies-proud-woman-11-300x200.jpg 300w, https:\/\/sellfies.com\/wp-content\/uploads\/2023\/02\/sellfies-proud-woman-11-768x512.jpg 768w\" sizes=\"auto, (max-width: 1000px) 100vw, 1000px\" title=\"\"><\/a><\/figure>\n\n<h3 class=\"gb-headline gb-headline-def89cc0 gb-headline-text\"><a href=\"https:\/\/sellfies.com\/es\/picture-this-guia-para-ganar-dinero-vendiendo-tus-fotos-en-internet\/\">Picture This: Gu\u00eda para ganar dinero vendiendo tus fotos en Internet<\/a><\/h3>\n<\/div><\/div><\/div>\n<\/div>\n<\/div>\n<\/div>\n\n<\/div><\/div>\n<\/div><\/div>","protected":false},"excerpt":{"rendered":"","protected":false},"author":5,"featured_media":0,"parent":0,"menu_order":0,"comment_status":"closed","ping_status":"closed","template":"","meta":{"_acf_changed":false,"footnotes":""},"class_list":["post-7338","page","type-page","status-publish"],"acf":[],"_links":{"self":[{"href":"https:\/\/sellfies.com\/es\/wp-json\/wp\/v2\/pages\/7338","targetHints":{"allow":["GET"]}}],"collection":[{"href":"https:\/\/sellfies.com\/es\/wp-json\/wp\/v2\/pages"}],"about":[{"href":"https:\/\/sellfies.com\/es\/wp-json\/wp\/v2\/types\/page"}],"author":[{"embeddable":true,"href":"https:\/\/sellfies.com\/es\/wp-json\/wp\/v2\/users\/5"}],"replies":[{"embeddable":true,"href":"https:\/\/sellfies.com\/es\/wp-json\/wp\/v2\/comments?post=7338"}],"version-history":[{"count":12,"href":"https:\/\/sellfies.com\/es\/wp-json\/wp\/v2\/pages\/7338\/revisions"}],"predecessor-version":[{"id":9979,"href":"https:\/\/sellfies.com\/es\/wp-json\/wp\/v2\/pages\/7338\/revisions\/9979"}],"wp:attachment":[{"href":"https:\/\/sellfies.com\/es\/wp-json\/wp\/v2\/media?parent=7338"}],"curies":[{"name":"wp","href":"https:\/\/api.w.org\/{rel}","templated":true}]}}