{"id":7367,"date":"2023-01-30T12:22:40","date_gmt":"2023-01-30T12:22:40","guid":{"rendered":"https:\/\/sellfies.com\/?page_id=7367"},"modified":"2025-11-21T09:00:57","modified_gmt":"2025-11-21T09:00:57","slug":"requisitos-de-imagen","status":"publish","type":"page","link":"https:\/\/sellfies.com\/es\/requisitos-de-imagen\/","title":{"rendered":"Requisitos para las fotos"},"content":{"rendered":"<div class=\"gb-container gb-container-15a82a01\">\n\n<h2 class=\"wp-block-heading\">Requisitos generales para las im\u00e1genes<\/h2>\n\n\n\n<p>Valoramos las fotos naturales y para adultos. Fotos donde te sientas relajada y natural, sexy y atractiva, \u00a1y todo lo dem\u00e1s que hace que una foto sea genial! As\u00ed que si\u00e9ntete libre de usar maquillaje como siempre, o si no te gusta, simplemente s\u00e9 t\u00fa misma. No importa tu apariencia, edad, talla, peso, figura, ni si te consideras una supermodelo o una persona normal. No tenemos ninguna expectativa sobre tu aspecto. \u00a1Mu\u00e9strate tal como eres; valoramos tu presencia y tu aporte!<br>Pero eso no significa que no tengamos requisitos que tus fotos deban cumplir. Los requisitos se aplican a todas las fotos subidas.<\/p>\n\n\n\n<p><strong>Estos son los requisitos para la foto:<\/strong><\/p>\n\n\n\n<ul class=\"wp-block-list\">\n<li>Tu rostro debe ser visible y reconocible en todas las fotograf\u00edas. Esto se debe a que estamos legalmente obligados a comprobar que eres t\u00fa quien aparece en la imagen.<\/li>\n\n\n\n<li>Cada foto debe ser diferente. Tomada en un lugar distinto, con un entorno diferente, un \u00e1ngulo diferente, una pose diferente y ropa diferente. Igual que tus selfies normales de todos los d\u00edas.<\/li>\n\n\n\n<li>Eres la \u00fanica persona que debe estar en la foto. Solo t\u00fa, sin nadie m\u00e1s ni en grupo.<\/li>\n\n\n\n<li>Buscamos fotos de estilo amateur. Las selfies y las fotos que hagas t\u00fa misma son las m\u00e1s adecuadas.<\/li>\n<\/ul>\n\n\n\n<p><strong>No permitido:<\/strong><\/p>\n\n\n\n<ul class=\"wp-block-list\">\n<li>No se permiten animales, ni\u00f1os ni armas en las fotos. Tampoco se permiten objetos en el fondo que sugieran la presencia de ni\u00f1os, animales, armas o cualquier s\u00edmbolo o afiliaci\u00f3n religiosa.<\/li>\n<\/ul>\n\n\n\n<p><strong>Requisitos t\u00e9cnicos:<\/strong><\/p>\n\n\n\n<ul class=\"wp-block-list\">\n<li>Resoluci\u00f3n m\u00ednima: 1000 x 1000 p\u00edxeles<\/li>\n\n\n\n<li>Tipos de archivo: Admitimos casi todos los tipos y extensiones de archivos de imagen. Para garantizar un funcionamiento \u00f3ptimo, recomendamos usar JPG, JPEG o PNG.<\/li>\n\n\n\n<li>Tama\u00f1o m\u00e1ximo del archivo: 15 MB<\/li>\n\n\n\n<li>Las fotos deben ser en color. No en blanco y negro, sepia ni con otros filtros de color.<\/li>\n<\/ul>\n\n\n\n<h2 class=\"wp-block-heading\">\u00bfQu\u00e9 es una foto normal y una foto de adulto?<\/h2>\n\n\n\n<p>Buscamos dos tipos diferentes de fotos: fotos normales y fotos de adultos.<\/p>\n\n\n\n<h3 class=\"wp-block-heading\">Fotos normales<\/h3>\n\n\n\n<p>Una foto normal te muestra tal como eres en tu vida cotidiana. No hace falta esforzarse por cumplir con todo tipo de normas. Las fotos normales son las t\u00edpicas fotos espont\u00e1neas que te tomas al salir de casa para ir al supermercado, al trabajo o quedar con amigos o familiares. No tienen por qu\u00e9 ser seductoras ni sexis. Las fotos que publicas en redes sociales suelen entrar en esta categor\u00eda. Y no tienen por qu\u00e9 ser selfies.<\/p>\n\n\n\n<p><strong>Ejemplos de c\u00f3mo podr\u00edas abordar las fotos normales:<\/strong><\/p>\n\n\n\n<ul class=\"wp-block-list\">\n<li>Fotos de vacaciones<\/li>\n\n\n\n<li>Im\u00e1genes de actividades<\/li>\n\n\n\n<li>En el jard\u00edn<\/li>\n\n\n\n<li>Dentro de tu casa<\/li>\n\n\n\n<li>Mientras desayunaba\/almorzaba\/cenaba<\/li>\n\n\n\n<li>Mientras daba un paseo<\/li>\n\n\n\n<li>Luciendo un vestido nuevo (no uno corto ni sexy)<\/li>\n\n\n\n<li>Foto de perfil t\u00edpica en redes sociales<\/li>\n\n\n\n<li>Pueden ser selfies, pero no necesariamente.<\/li>\n<\/ul>\n\n\n\n<p><strong>\u00bfQu\u00e9 hay en una fotograf\u00eda normal?<\/strong><\/p>\n\n\n\n<ul class=\"wp-block-list\">\n<li>T\u00fa con ropa, vestida como en la vida cotidiana<\/li>\n\n\n\n<li>Fotos cotidianas tuyas; piensa en ellas como las selfies que tienes en tu tel\u00e9fono o que has compartido con amigos, tu pareja o que has publicado en Instagram.<\/li>\n\n\n\n<li>Pueden ser selfies, pero no necesariamente.<\/li>\n<\/ul>\n\n\n\n<p><strong>\u00bfQu\u00e9 NO aparece en las fotos normales?<\/strong><\/p>\n\n\n\n<ul class=\"wp-block-list\">\n<li>Desnudez<\/li>\n<\/ul>\n\n\n\n<h3 class=\"wp-block-heading\">Fotos de adultos<\/h3>\n\n\n\n<p>Las fotos para adultos son aquellas que te tomas cuando quieres mostrarte de una manera sexy y m\u00e1s sensual. Imagina que sales a una fiesta a ligar o a buscar una aventura de una noche. Estas fotos son m\u00e1s reveladoras, con tops semidesnudos, minifaldas y similares. Mostrar piel y escote est\u00e1 bien; se aprecian los senos de lado y la parte inferior del pecho.<\/p>\n\n\n\n<p>Fotos en lencer\u00eda donde luzcas la ropa interior con la que te sientas m\u00e1s sexy. Fotos donde no est\u00e9s completamente vestida, pero tampoco totalmente desnuda. Puedes usar sujetador y bragas. Si tienes otro tipo de ropa interior con la que te sientas femenina y sexy, no dudes en usarla en tus fotos.<\/p>\n\n\n\n<p>Las fotos de desnudos no necesitan mucha explicaci\u00f3n. Son im\u00e1genes donde apareces total o parcialmente desnuda. Estas fotos pueden mostrar los senos, las partes \u00edntimas o la desnudez total. Para las fotos de desnudez parcial, debes mostrar tus partes \u00edntimas sin ropa interior o con ropa interior muy reveladora.<\/p>\n\n\n\n<p>Las fotos expl\u00edcitas son para quienes buscan algo atrevido. No encontrar\u00e1s nada m\u00e1s subido de tono que esta categor\u00eda. Es el lugar para las fotos donde te tocas, juegas con tus partes \u00edntimas, usas juguetes sexuales o realizas todo tipo de actos sexuales contigo mismo\/a. Fotos que muestran tu lado m\u00e1s travieso\/a. \u00a1Saca tu lado m\u00e1s salvaje!<\/p>\n\n\n\n<p><strong>Ejemplos de c\u00f3mo podr\u00edas abordar las fotos de adultos:<\/strong><\/p>\n\n\n\n<ul class=\"wp-block-list\">\n<li>Vestidos cortos<\/li>\n\n\n\n<li>Minifaldas<\/li>\n\n\n\n<li>Vestidito negro<\/li>\n\n\n\n<li>Pantalones cortos y escote<\/li>\n\n\n\n<li>Atuendo de secretaria sexy<\/li>\n\n\n\n<li>Un camis\u00f3n o camis\u00f3n de encaje<\/li>\n\n\n\n<li>Fotos en bikini<\/li>\n\n\n\n<li>Selfies frente a un espejo<\/li>\n\n\n\n<li>Solo en ropa interior<\/li>\n\n\n\n<li>En un vestidor<\/li>\n\n\n\n<li>De espaldas y solo se ve el pecho de lado<\/li>\n\n\n\n<li>Fotos en topless<\/li>\n\n\n\n<li>Desnudos con solo las manos o el pelo largo cubriendo partes<\/li>\n\n\n\n<li>Lencer\u00eda sexy<\/li>\n\n\n\n<li>Posando en el sof\u00e1<\/li>\n\n\n\n<li>Tomar el sol desnuda al aire libre<\/li>\n\n\n\n<li>Fotos sexys de la playa<\/li>\n\n\n\n<li>Exhibicionismo<\/li>\n\n\n\n<li>Jugando en el coche<\/li>\n\n\n\n<li>Juguetes sexuales en acci\u00f3n<\/li>\n\n\n\n<li>En el ba\u00f1o<\/li>\n\n\n\n<li>Desnuda en la cama<\/li>\n\n\n\n<li>Mientras te desvest\u00edas<\/li>\n\n\n\n<li>En la ducha, el jacuzzi o la sauna<\/li>\n\n\n\n<li>Fotos furtivas<\/li>\n\n\n\n<li>Con las piernas bien abiertas<\/li>\n\n\n\n<li>Poses sucias<\/li>\n\n\n\n<li>Toc\u00e1ndote, jugando, sabore\u00e1ndote a ti misma<\/li>\n\n\n\n<li>Posiciones y situaciones sexuales<\/li>\n\n\n\n<li>\u00a1Las poses amateur de masturbaci\u00f3n son la mejor opci\u00f3n!<\/li>\n<\/ul>\n\n\n\n<p><strong>\u00bfQu\u00e9 hay en una foto de para adulto?<\/strong><\/p>\n\n\n\n<ul class=\"wp-block-list\">\n<li>Vestidos sexys<\/li>\n\n\n\n<li>Atuendos con trasnparencias<\/li>\n\n\n\n<li>Lenguaje corporal seductor<\/li>\n\n\n\n<li>Desnudez<\/li>\n\n\n\n<li>Contenido sexual<\/li>\n<\/ul>\n\n\n\n<p><strong>\u00bfQu\u00e9 NO debe incluirse en una fotograf\u00eda para adultos?<\/strong><\/p>\n\n\n\n<ul class=\"wp-block-list\">\n<li>Completamente vestida<\/li>\n\n\n\n<li>Fotos cotidianas aburridas<\/li>\n<\/ul>\n\n<\/div>","protected":false},"excerpt":{"rendered":"","protected":false},"author":5,"featured_media":0,"parent":0,"menu_order":0,"comment_status":"closed","ping_status":"closed","template":"","meta":{"_acf_changed":false,"footnotes":""},"class_list":["post-7367","page","type-page","status-publish"],"acf":[],"_links":{"self":[{"href":"https:\/\/sellfies.com\/es\/wp-json\/wp\/v2\/pages\/7367","targetHints":{"allow":["GET"]}}],"collection":[{"href":"https:\/\/sellfies.com\/es\/wp-json\/wp\/v2\/pages"}],"about":[{"href":"https:\/\/sellfies.com\/es\/wp-json\/wp\/v2\/types\/page"}],"author":[{"embeddable":true,"href":"https:\/\/sellfies.com\/es\/wp-json\/wp\/v2\/users\/5"}],"replies":[{"embeddable":true,"href":"https:\/\/sellfies.com\/es\/wp-json\/wp\/v2\/comments?post=7367"}],"version-history":[{"count":4,"href":"https:\/\/sellfies.com\/es\/wp-json\/wp\/v2\/pages\/7367\/revisions"}],"predecessor-version":[{"id":9864,"href":"https:\/\/sellfies.com\/es\/wp-json\/wp\/v2\/pages\/7367\/revisions\/9864"}],"wp:attachment":[{"href":"https:\/\/sellfies.com\/es\/wp-json\/wp\/v2\/media?parent=7367"}],"curies":[{"name":"wp","href":"https:\/\/api.w.org\/{rel}","templated":true}]}}