{"id":6255,"date":"2023-01-30T12:22:40","date_gmt":"2023-01-30T12:22:40","guid":{"rendered":"https:\/\/sellfies.com\/?page_id=6255"},"modified":"2025-11-21T08:56:40","modified_gmt":"2025-11-21T08:56:40","slug":"conditions-relatives-aux-photos","status":"publish","type":"page","link":"https:\/\/sellfies.com\/fr\/conditions-relatives-aux-photos\/","title":{"rendered":"Conditions relatives aux photos"},"content":{"rendered":"<div class=\"gb-container gb-container-15a82a01\">\n\n<h2 class=\"wp-block-heading\">Conditions g\u00e9n\u00e9riques pour les photos<\/h2>\n\n\n\n<p>Nous appr\u00e9cions les photos normales et adultes. Des photos o\u00f9 vous vous sentez \u00e0 l&rsquo;aise et naturelle, s\u00e9duisante et attirante, bref, tout ce qui contribue \u00e0 une belle photo ! Alors, n&rsquo;h\u00e9sitez pas \u00e0 vous maquiller comme d&rsquo;habitude, ou si ce n&rsquo;est pas votre style, soyez simplement vous-m\u00eame. Peu importe votre apparence, votre \u00e2ge, votre taille, votre poids, votre silhouette, que vous vous consid\u00e9riez comme un mannequin ou une personne ordinaire. Nous n&rsquo;avons aucune attente concernant votre apparence. Soyez vous-m\u00eame ; nous vous appr\u00e9cions et appr\u00e9cions votre contribution !<\/p>\n\n\n\n<p>Cependant, cela ne signifie pas que vos photos ne doivent pas respecter certaines exigences. Ces exigences s&rsquo;appliquent \u00e0 toutes les photos t\u00e9l\u00e9charg\u00e9es.<\/p>\n\n\n\n<p><strong>Voici les exigences relatives aux photos :<\/strong><\/p>\n\n\n\n<ul class=\"wp-block-list\">\n<li>Votre visage doit \u00eatre visible et reconnaissable sur toutes les photos. En effet, nous sommes l\u00e9galement tenus de v\u00e9rifier qu&rsquo;il s&rsquo;agit bien de vous.<\/li>\n\n\n\n<li>Chaque photo doit \u00eatre diff\u00e9rente. Prise dans un lieu diff\u00e9rent, un contexte diff\u00e9rent, sous un angle diff\u00e9rent, avec une pose et une tenue diff\u00e9rentes. Comme vos selfies habituels.<\/li>\n\n\n\n<li>Vous \u00eates la seule personne autoris\u00e9e \u00e0 figurer sur la photo. Seule, sans personne d&rsquo;autre ni en groupe.<\/li>\n\n\n\n<li>Nous recherchons des photos de style amateur. Les selfies et les photos prises par vous-m\u00eame sont les plus appropri\u00e9s.<\/li>\n<\/ul>\n\n\n\n<p><strong>Interdit :<\/strong><\/p>\n\n\n\n<ul class=\"wp-block-list\">\n<li>Les photos ne doivent pas contenir d&rsquo;animaux, d&rsquo;enfants ni d&rsquo;armes \u00e0 feu. Aucun objet en arri\u00e8re-plan pouvant sugg\u00e9rer la pr\u00e9sence d&rsquo;enfants, d&rsquo;animaux, d&rsquo;armes \u00e0 feu ou tout \u00e9l\u00e9ment symbolique ou religieux n&rsquo;est autoris\u00e9.<\/li>\n<\/ul>\n\n\n\n<p><strong>Exigences techniques :<\/strong><\/p>\n\n\n\n<ul class=\"wp-block-list\">\n<li>R\u00e9solution minimale : 1000 x 1000 pixels<\/li>\n\n\n\n<li>Types de fichiers : Nous acceptons la plupart des formats et extensions de fichiers image. Pour un fonctionnement optimal, nous vous conseillons d&rsquo;utiliser les formats JPG, JPEG ou PNG.<\/li>\n\n\n\n<li>Taille maximale du fichier : 15 Mo<\/li>\n\n\n\n<li>Les photos doivent \u00eatre en couleur. Les photos en noir et blanc, s\u00e9pia ou avec d&rsquo;autres filtres de couleur ne sont pas accept\u00e9es.<\/li>\n<\/ul>\n\n\n\n<h2 class=\"wp-block-heading\">Qu&rsquo;est-ce qu&rsquo;une photo \u00ab normale \u00bb et une photo \u00ab adulte \u00bb ?<\/h2>\n\n\n\n<p>Nous recherchons deux types de photos : les photos \u00ab normales \u00bb et les photos \u00ab adultes \u00bb.<\/p>\n\n\n\n<h3 class=\"wp-block-heading\">Photo normale<\/h3>\n\n\n\n<p>Une photo normale vous repr\u00e9sente tel que vous \u00eates dans la vie de tous les jours. Inutile de vous soucier de respecter des r\u00e8gles particuli\u00e8res. Les photos normales sont les photos prises au hasard lorsque vous sortez de chez vous pour aller au supermarch\u00e9, au travail ou voir vos amis ou votre famille. Elles ne sont pas destin\u00e9es \u00e0 \u00eatre s\u00e9duisantes ou sexy. Les photos que vous publiez sur les r\u00e9seaux sociaux appartiennent souvent \u00e0 cette cat\u00e9gorie. Ce ne sont pas forc\u00e9ment des selfies.<\/p>\n\n\n\n<p><strong>Exemple de comment faire une photo normale<\/strong><\/p>\n\n\n\n<ul class=\"wp-block-list\">\n<li>Photos de vacances<\/li>\n\n\n\n<li>Photos d&rsquo;activit\u00e9s<\/li>\n\n\n\n<li>Dans le jardin<\/li>\n\n\n\n<li>\u00c0 la maison<\/li>\n\n\n\n<li>Pendant le petit-d\u00e9jeuner\/d\u00e9jeuner\/d\u00eener<\/li>\n\n\n\n<li>En promenade<\/li>\n\n\n\n<li>Portant une nouvelle robe (ni courte ni sexy)<\/li>\n\n\n\n<li>Photo de profil classique pour les r\u00e9seaux sociaux<\/li>\n\n\n\n<li>Ce peuvent \u00eatre des selfies, mais ce n&rsquo;est pas obligatoire<\/li>\n<\/ul>\n\n\n\n<p><strong>Qu&rsquo;est-ce qu&rsquo;une photo normale ?<\/strong><\/p>\n\n\n\n<ul class=\"wp-block-list\">\n<li>Vous habill\u00e9e comme au quotidien<\/li>\n\n\n\n<li>Des photos de vous prises dans la vie de tous les jours ; pensez aux selfies que vous avez sur votre t\u00e9l\u00e9phone ou que vous partagez avec vos amis, votre copain ou que vous publiez sur Instagram.<\/li>\n\n\n\n<li>Ce peuvent \u00eatre des selfies, mais ce n&rsquo;est pas obligatoire<\/li>\n<\/ul>\n\n\n\n<p><strong>Qu&rsquo;est-ce qui ne figure PAS sur une photo normale ?<\/strong><\/p>\n\n\n\n<ul class=\"wp-block-list\">\n<li>Nudit\u00e9<\/li>\n<\/ul>\n\n\n\n<h3 class=\"wp-block-heading\">Photo adulte<\/h3>\n\n\n\n<p>Les photos pour adultes sont celles que vous prenez lorsque vous souhaitez vous montrer de mani\u00e8re sexy et plus adulte. Imaginez que vous alliez \u00e0 une soir\u00e9e pour flirter ou chercher une aventure d&rsquo;un soir. Ces photos sont plus r\u00e9v\u00e9latrices, avec des hauts l\u00e9g\u00e8rement ouverts, des mini-jupes, etc. Montrer sa peau et son d\u00e9collet\u00e9 est bienvenu, les seins de profil et le dessous des seins sont appr\u00e9ci\u00e9s.<\/p>\n\n\n\n<p>Photos en lingerie : vous vous montrez dans les sous-v\u00eatements dans lesquels vous vous sentez le plus sexy. Des photos o\u00f9 vous n&rsquo;\u00eates pas enti\u00e8rement habill\u00e9e, mais pas compl\u00e8tement nue. Cela peut \u00eatre avec un soutien-gorge et une culotte. Mais si vous avez d&rsquo;autres types de sous-v\u00eatements dans lesquels vous vous sentez f\u00e9minine et sexy, n&rsquo;h\u00e9sitez pas \u00e0 les porter sur vos photos.<\/p>\n\n\n\n<p>Les photos de nu n&rsquo;ont pas besoin de beaucoup d&rsquo;explications. Ce sont des photos o\u00f9 vous \u00eates compl\u00e8tement ou partiellement nue. Ces photos peuvent montrer vos seins nus, vos parties intimes nues ou \u00eatre enti\u00e8rement nue. Pour les photos partiellement nues, vous devez montrer vos parties intimes sans sous-v\u00eatements ou avec des sous-v\u00eatements tr\u00e8s r\u00e9v\u00e9lateurs.<\/p>\n\n\n\n<p>Les photos explicites sont celles qui ont un c\u00f4t\u00e9 coquin. Il n&rsquo;y a rien de plus os\u00e9 que cette cat\u00e9gorie. C&rsquo;est l&rsquo;endroit id\u00e9al pour les photos de vous en train de vous toucher, de jouer avec votre corps, d&rsquo;utiliser des sextoys ou de vous adonner \u00e0 toutes sortes d&rsquo;actes sexuels. Des photos qui r\u00e9v\u00e8lent votre c\u00f4t\u00e9 le plus coquin. L\u00e2chez-vous !<\/p>\n\n\n\n<p><strong>Exemple de comment faire une photo adulte<\/strong><\/p>\n\n\n\n<ul class=\"wp-block-list\">\n<li>Robes courtes<\/li>\n\n\n\n<li>Mini-jupes<\/li>\n\n\n\n<li>La petite robe noire<\/li>\n\n\n\n<li>Shorts courts et d\u00e9collet\u00e9<\/li>\n\n\n\n<li>Tenue de secr\u00e9taire sexy<\/li>\n\n\n\n<li>Nuisette ou nuisette<\/li>\n\n\n\n<li>Photos en bikini<\/li>\n\n\n\n<li>Selfies devant un miroir<\/li>\n\n\n\n<li>En sous-v\u00eatements<\/li>\n\n\n\n<li>Dans une cabine d\u2019essayage<\/li>\n\n\n\n<li>De dos, on ne voit que le c\u00f4t\u00e9 de la poitrine<\/li>\n\n\n\n<li>Photos seins nus<\/li>\n\n\n\n<li>Photos o\u00f9 seules les mains ou les longs cheveux cachent certaines parties du corps<\/li>\n\n\n\n<li>Lingerie sexy<\/li>\n\n\n\n<li>Poses sur le canap\u00e9<\/li>\n\n\n\n<li>Bronzage nue \u00e0 l\u2019ext\u00e9rieur<\/li>\n\n\n\n<li>Photos sexy \u00e0 la plage<\/li>\n\n\n\n<li>Exhibitionnisme<\/li>\n\n\n\n<li>Se masturber en voiture<\/li>\n\n\n\n<li>Utilisation de sextoys<\/li>\n\n\n\n<li>Dans la salle de bain<\/li>\n\n\n\n<li>Nue sur le lit<\/li>\n\n\n\n<li>En se d\u00e9shabillant<\/li>\n\n\n\n<li>Sous la douche, dans le jacuzzi ou le sauna<\/li>\n\n\n\n<li>Photos prises en douce<\/li>\n\n\n\n<li>Jambes \u00e9cart\u00e9es<\/li>\n\n\n\n<li>Poses suggestives<\/li>\n\n\n\n<li>Se toucher, se caresser, se go\u00fbter<\/li>\n\n\n\n<li>Positions et situations sexuelles<\/li>\n\n\n\n<li>Les poses amateurs de masturbation sont \u00e0 privil\u00e9gier&nbsp;!&nbsp;<\/li>\n<\/ul>\n\n\n\n<p><strong>Que contient une photo adulte&nbsp;?<\/strong><\/p>\n\n\n\n<ul class=\"wp-block-list\">\n<li>Robes sexy<\/li>\n\n\n\n<li>Tenues r\u00e9v\u00e9latrices<\/li>\n\n\n\n<li>Langage corporel s\u00e9ducteur<\/li>\n\n\n\n<li>Nudit\u00e9<\/li>\n\n\n\n<li>Contenu sexuel<\/li>\n<\/ul>\n\n\n\n<p><strong>Qu&rsquo;est-ce qui ne figure PAS sur une photo adulte&nbsp;?<\/strong><\/p>\n\n\n\n<ul class=\"wp-block-list\">\n<li>Toute habill\u00e9e<\/li>\n\n\n\n<li>Des photos banales du quotidien<\/li>\n<\/ul>\n\n<\/div>","protected":false},"excerpt":{"rendered":"","protected":false},"author":5,"featured_media":0,"parent":0,"menu_order":0,"comment_status":"closed","ping_status":"closed","template":"","meta":{"_acf_changed":false,"footnotes":""},"class_list":["post-6255","page","type-page","status-publish"],"acf":[],"_links":{"self":[{"href":"https:\/\/sellfies.com\/fr\/wp-json\/wp\/v2\/pages\/6255","targetHints":{"allow":["GET"]}}],"collection":[{"href":"https:\/\/sellfies.com\/fr\/wp-json\/wp\/v2\/pages"}],"about":[{"href":"https:\/\/sellfies.com\/fr\/wp-json\/wp\/v2\/types\/page"}],"author":[{"embeddable":true,"href":"https:\/\/sellfies.com\/fr\/wp-json\/wp\/v2\/users\/5"}],"replies":[{"embeddable":true,"href":"https:\/\/sellfies.com\/fr\/wp-json\/wp\/v2\/comments?post=6255"}],"version-history":[{"count":4,"href":"https:\/\/sellfies.com\/fr\/wp-json\/wp\/v2\/pages\/6255\/revisions"}],"predecessor-version":[{"id":9857,"href":"https:\/\/sellfies.com\/fr\/wp-json\/wp\/v2\/pages\/6255\/revisions\/9857"}],"wp:attachment":[{"href":"https:\/\/sellfies.com\/fr\/wp-json\/wp\/v2\/media?parent=6255"}],"curies":[{"name":"wp","href":"https:\/\/api.w.org\/{rel}","templated":true}]}}