{"id":6259,"date":"2023-01-10T02:08:17","date_gmt":"2023-01-10T02:08:17","guid":{"rendered":"https:\/\/sellfies.com\/?page_id=6259"},"modified":"2025-11-21T09:28:32","modified_gmt":"2025-11-21T09:28:32","slug":"politique-de-confidentialite","status":"publish","type":"page","link":"https:\/\/sellfies.com\/fr\/politique-de-confidentialite\/","title":{"rendered":"Politique de confidentialit\u00e9"},"content":{"rendered":"\n<p>Cette politique de confidentialit\u00e9 expose la mani\u00e8re dont nous traitons les informations et les donn\u00e9es que vous partagez avec nous afin de vous permettre une utilisation optimale de nos services. Notre soci\u00e9t\u00e9, AIA Digital B.V. (\u00ab\u00a0Sellfies\u00a0\u00bb) est une soci\u00e9t\u00e9 \u00e0 responsabilit\u00e9 limit\u00e9e n\u00e9erlandaise dont le si\u00e8ge social est situ\u00e9 Dambroeken 6, 9411 SG, Beilen, Pays-Bas, et dont le num\u00e9ro d&rsquo;immatriculation est 85414379. Sellfies administre un site web sur https:\/\/sellfies.com. (\u00ab\u00a0Plateforme\u00a0\u00bb) o\u00f9 les utilisateurs peuvent t\u00e9l\u00e9charger des images d&rsquo;eux-m\u00eames.<\/p>\n\n\n\n<p>Nous traiterons vos donn\u00e9es personnelles qui nous sont fournies ou que nous d\u00e9tenons par ailleurs de la mani\u00e8re et aux fins \u00e9nonc\u00e9es dans le pr\u00e9sent avis de confidentialit\u00e9. La collecte et le traitement de vos donn\u00e9es personnelles sont effectu\u00e9s conform\u00e9ment \u00e0 la l\u00e9gislation applicable en mati\u00e8re de protection des donn\u00e9es, en particulier le r\u00e8glement (UE) 2016\/679 du 27\u202favril\u202f2016 du Parlement europ\u00e9en, le r\u00e8glement g\u00e9n\u00e9ral sur la protection des donn\u00e9es (\u00a0\u00bb RGPD \u00ab\u00a0), ainsi que la r\u00e9glementation CNIL en mati\u00e8re de protection des donn\u00e9es.<\/p>\n\n\n\n<p>Pour plus d\u2019information sur le sujet\u202f:&nbsp;<a href=\"https:\/\/www.cnil.fr\/\" target=\"_blank\" rel=\"noopener\">https:\/\/www.cnil.fr\/<\/a>.<\/p>\n\n\n\n<p>La pr\u00e9sente politique de confidentialit\u00e9 s&rsquo;applique \u00e0 vous si vous \u00eates un utilisateur de notre plateforme. Nous encourageons tous nos utilisateurs \u00e0 lire attentivement la politique de confidentialit\u00e9. Nous souhaitons vous fournir des informations aussi compr\u00e9hensibles que possible. Toutefois, si quelque chose ne devait pas \u00eatre clair, nous serions heureux de vous expliquer les termes ou passages contenus dans cette politique de confidentialit\u00e9.<\/p>\n\n\n\n<ol class=\"wp-block-list\">\n<li>Qui est le responsable du traitement de vos donn\u00e9es ?<\/li>\n<\/ol>\n\n\n\n<p>Le responsable du traitement de vos donn\u00e9es personnelles est AIA Digital B.V. (\u00ab\u00a0Soci\u00e9t\u00e9\u00a0\u00bb ou \u00ab\u00a0nous\u00a0\u00bb).\u00a0<\/p>\n\n\n\n<p>Si vous avez une demande relative au traitement de vos donn\u00e9es ou si vous souhaitez exercer vos droits tels que d\u00e9finis \u00e0 l&rsquo;article 4 ci-dessous, veuillez nous envoyer un e-mail \u00e0&nbsp;info@sellfies.com.<\/p>\n\n\n\n<ol start=\"2\" class=\"wp-block-list\">\n<li>Quelles sont les donn\u00e9es personnelles que nous recueillons \u00e0 votre sujet ? Dans quel but et pour combien de temps les collectons-nous ?<\/li>\n<\/ol>\n\n\n\n<p>Nous traitons vos donn\u00e9es personnelles uniquement dans la mesure d\u00e9termin\u00e9e par les services que nous vous fournissons (c&rsquo;est-\u00e0-dire l&rsquo;exploitation de la Plateforme) ou d&rsquo;autres finalit\u00e9s de traitement connexes, comme indiqu\u00e9 ci-dessous.<\/p>\n\n\n\n<p>2.1&nbsp;&nbsp; &nbsp;&nbsp;Aux fins de votre inscription \u00e0 la plateforme, nous traitons vos donn\u00e9es personnelles dans la mesure o\u00f9 elles concernent le sexe, l&rsquo;orientation sexuelle, la date de naissance, le lieu de r\u00e9sidence, le nom d&rsquo;utilisateur, l&rsquo;adresse \u00e9lectronique, le mot de passe (ensemble \u00ab\u00a0Donn\u00e9es personnelles\u00a0\u00bb) ; ces donn\u00e9es sont n\u00e9cessaires \u00e0 la cr\u00e9ation de votre profil.<\/p>\n\n\n\n<p>La principale base juridique du traitement des donn\u00e9es susmentionn\u00e9es est l&rsquo;ex\u00e9cution d&rsquo;un contrat (c&rsquo;est-\u00e0-dire la fourniture de nos services) auquel vous devenez partie lorsque vous finalisez le processus d&rsquo;inscription. Les donn\u00e9es \u00e0 caract\u00e8re personnel seront trait\u00e9es pendant la dur\u00e9e de la relation contractuelle et un certain temps apr\u00e8s, afin de satisfaire \u00e0 nos obligations l\u00e9gales et de servir nos int\u00e9r\u00eats l\u00e9gitimes. En r\u00e8gle g\u00e9n\u00e9rale, cette dur\u00e9e n&rsquo;exc\u00e8de pas trois ans apr\u00e8s la fin des obligations contractuelles, mais peut \u00eatre plus longue sur la base de raisons valables dans le cas individuel.<\/p>\n\n\n\n<p>La base juridique du traitement des cat\u00e9gories sp\u00e9ciales d&rsquo;informations personnelles est le consentement que vous nous donnez. Vos donn\u00e9es personnelles seront trait\u00e9es pendant la dur\u00e9e du consentement.<\/p>\n\n\n\n<p>2.2&nbsp; &nbsp;&nbsp;&nbsp;Dans le but de fournir nos services (c&rsquo;est-\u00e0-dire d&rsquo;exploiter la plateforme) et de vous permettre de communiquer avec d&rsquo;autres utilisateurs, nous pouvons traiter les informations suivantes :<\/p>\n\n\n\n<p>\u25cf Les donn\u00e9es personnelles renseign\u00e9es lors de l&rsquo;inscription comme pr\u00e9cis\u00e9 ci-dessus ;<\/p>\n\n\n\n<p>\u25cf les d\u00e9tails du paiement ;&nbsp;<\/p>\n\n\n\n<p>\u25cf le contenu photographique ; et<\/p>\n\n\n\n<p>\u25cf toute autre information personnelle que vous pouvez ajouter lors de la gestion de votre profil &#8211; comme des photos, des informations sur votre apparence (taille, couleur des cheveux, tatouage, type de corps, couleur des yeux, piercing) ou toute autre information personnelle connexe que vous partagez volontairement avec nous (\u00a0\u00bb&nbsp;Donn\u00e9es personnelles facultatives&nbsp;\u00ab\u00a0).<\/p>\n\n\n\n<p>Veuillez noter que les donn\u00e9es mentionn\u00e9es dans cette section ne seront pas divulgu\u00e9es, transf\u00e9r\u00e9es ou vendues \u00e0 des tiers et seront stock\u00e9es sur des serveurs situ\u00e9s aux Pays-Bas.&nbsp;<\/p>\n\n\n\n<p>La base juridique du traitement est l&rsquo;ex\u00e9cution d&rsquo;un contrat (c&rsquo;est-\u00e0-dire la fourniture de nos services) auquel vous \u00eates partie. Les donn\u00e9es \u00e0 caract\u00e8re personnel seront trait\u00e9es pendant la dur\u00e9e de la relation contractuelle et un certain temps apr\u00e8s, afin de remplir nos obligations l\u00e9gales et de servir nos int\u00e9r\u00eats l\u00e9gitimes.<\/p>\n\n\n\n<p>Si l&rsquo;une des donn\u00e9es susmentionn\u00e9es (notamment les donn\u00e9es personnelles facultatives) rel\u00e8ve de la d\u00e9finition des \u00a0\u00bb&nbsp;cat\u00e9gories particuli\u00e8res de donn\u00e9es personnelles&nbsp;\u00a0\u00bb au sens du GDPR (c&rsquo;est-\u00e0-dire les donn\u00e9es personnelles r\u00e9v\u00e9lant l&rsquo;origine raciale ou ethnique, les opinions politiques, les convictions religieuses ou philosophiques, ou l&rsquo;appartenance syndicale, les donn\u00e9es g\u00e9n\u00e9tiques, les donn\u00e9es biom\u00e9triques aux fins d&rsquo;identifier de mani\u00e8re unique une personne physique, les donn\u00e9es concernant la sant\u00e9 ou les donn\u00e9es concernant la vie sexuelle ou l&rsquo;orientation sexuelle d&rsquo;une personne physique), la base juridique de ce traitement est le consentement que vous nous avez donn\u00e9. Vos donn\u00e9es personnelles seront trait\u00e9es pendant la dur\u00e9e du consentement, \u00e0 moins que vous n&rsquo;ayez lib\u00e9r\u00e9 certains droits \u00e0 la vie priv\u00e9e.<\/p>\n\n\n\n<p>2.3&nbsp;&nbsp; &nbsp;&nbsp;Nous pouvons vous contacter par voie \u00e9lectronique (par exemple, par courrier \u00e9lectronique) \u00e0 des fins de promotion de nos services, m\u00eame sans votre consentement pr\u00e9alable. Vous pouvez toutefois refuser de recevoir ce type de communication marketing \u00e0 tout moment (c&rsquo;est-\u00e0-dire que vous pouvez vous d\u00e9sinscrire de ces messages &#8211; cette option sera incluse dans chaque newsletter). Vos coordonn\u00e9es seront trait\u00e9es pendant toute la dur\u00e9e de la relation contractuelle, sauf si vous vous y opposez.<\/p>\n\n\n\n<p>2.4&nbsp;&nbsp; &nbsp;&nbsp;Dans d&rsquo;autres cas, par exemple en cas de communication marketing pour d&rsquo;autres services ou si nous envoyons des messages adapt\u00e9s \u00e0 vos int\u00e9r\u00eats et besoins particuliers, nous pouvons traiter vos donn\u00e9es personnelles sur la base de votre consentement. Vos donn\u00e9es personnelles seront trait\u00e9es pendant la dur\u00e9e du consentement.<\/p>\n\n\n\n<p>2.5&nbsp;&nbsp; &nbsp;&nbsp;Afin d&rsquo;assurer la s\u00e9curit\u00e9 des syst\u00e8mes et r\u00e9seaux informatiques, nous pouvons traiter les informations suivantes : nom d&rsquo;utilisateur, mot de passe, journaux et cookies (plus d&rsquo;informations au point 8) et informations g\u00e9n\u00e9r\u00e9es automatiquement (par exemple, le type d&rsquo;appareil que vous utilisez, l&rsquo;adresse IP de votre appareil, le syst\u00e8me d&rsquo;exploitation que vous utilisez, le logiciel de navigation que vous utilisez). La base juridique de ce traitement est notre int\u00e9r\u00eat l\u00e9gitime ou celui d&rsquo;un tiers. Les donn\u00e9es personnelles seront trait\u00e9es pendant la dur\u00e9e de la relation contractuelle.<\/p>\n\n\n\n<p>2.6&nbsp;&nbsp; &nbsp;&nbsp;En outre, nous pouvons traiter et stocker certaines des donn\u00e9es mentionn\u00e9es ci-dessus (par exemple, les d\u00e9tails du paiement) \u00e0 la lumi\u00e8re de r\u00e9clamations potentielles dans le futur. Ce traitement est fond\u00e9 sur notre int\u00e9r\u00eat l\u00e9gitime ou celui d&rsquo;un tiers, car nous pourrions avoir besoin de conserver des preuves pour les litiges potentiels qui pourraient survenir. Les donn\u00e9es \u00e0 caract\u00e8re personnel seront trait\u00e9es pendant la p\u00e9riode n\u00e9cessaire pour atteindre cet objectif, mais pas plus longtemps que pendant la p\u00e9riode de dix ans \u00e0 compter du d\u00e9but du d\u00e9lai de prescription l\u00e9gal dans chaque cas particulier.<\/p>\n\n\n\n<ol start=\"3\" class=\"wp-block-list\">\n<li>Avec qui partageons-nous vos donn\u00e9es personnelles ?<\/li>\n<\/ol>\n\n\n\n<p>Les donn\u00e9es personnelles que vous divulguez via la plateforme sont bien entendu partag\u00e9es avec les autres utilisateurs de la plateforme.<\/p>\n\n\n\n<p>Vos donn\u00e9es personnelles peuvent, dans la mesure o\u00f9 nous les traitons, \u00eatre transf\u00e9r\u00e9es \u00e0 d&rsquo;autres responsables du traitement au sein de notre groupe pour \u00eatre trait\u00e9es si cela est n\u00e9cessaire \u00e0 des fins administratives internes.<\/p>\n\n\n\n<p>En outre, vos donn\u00e9es \u00e0 caract\u00e8re personnel peuvent \u00eatre divulgu\u00e9es \u00e0 des tiers qui nous fournissent une assistance administrative ou technique et qui assurent une activit\u00e9 commerciale de marketing pour nous (c\u2019est-\u00e0-dire aux processeurs de donn\u00e9es &#8211; le terme \u00ab\u00a0processeur\u00a0\u00bb d\u00e9signe une personne physique ou morale, une autorit\u00e9 publique, une agence ou un autre organisme qui traite les donn\u00e9es \u00e0 caract\u00e8re personnel pour notre compte, le responsable du traitement). Nous pouvons \u00e9galement partager vos donn\u00e9es \u00e0 caract\u00e8re personnel avec des \u00e9tablissements de paiement, ce qui est n\u00e9cessaire pour garantir la s\u00e9curit\u00e9 de l&rsquo;achat des cr\u00e9dits sur la Plateforme.<\/p>\n\n\n\n<p>En outre, nous pouvons partager vos donn\u00e9es personnelles avec les autorit\u00e9s gouvernementales ou les organismes charg\u00e9s de l&rsquo;application de la loi si la loi l&rsquo;exige, avec des conseillers externes et avec d&rsquo;autres membres du personnel qui sont soumis \u00e0 une obligation de confidentialit\u00e9.<\/p>\n\n\n\n<p>Seul un nombre limit\u00e9 de nos employ\u00e9s aura acc\u00e8s \u00e0 vos donn\u00e9es personnelles. Les employ\u00e9s sont tenus de garder strictement confidentielles les donn\u00e9es personnelles et les mesures prises pour leur protection. Ils ne sont autoris\u00e9s \u00e0 traiter les donn\u00e9es personnelles que sur nos instructions explicites.&nbsp;<\/p>\n\n\n\n<p>Nous ne transf\u00e9rons pas vos donn\u00e9es personnelles vers des pays situ\u00e9s en dehors de l&rsquo;UE\/EEE.<\/p>\n\n\n\n<ol start=\"4\" class=\"wp-block-list\">\n<li>Quels sont vos droits par rapport au traitement des donn\u00e9es&nbsp;?<\/li>\n<\/ol>\n\n\n\n<p>Si vous nous accordez votre consentement au traitement de vos donn\u00e9es personnelles, vous le faites de mani\u00e8re enti\u00e8rement volontaire et, par cons\u00e9quent, vous avez le droit de r\u00e9voquer ou de restreindre ce consentement \u00e0 tout moment par le biais de nos coordonn\u00e9es mentionn\u00e9es dans la pr\u00e9sente politique de confidentialit\u00e9. Si vous le faites, nous cesserons de traiter les donn\u00e9es personnelles concern\u00e9es aux fins pour lesquelles le consentement a \u00e9t\u00e9 r\u00e9voqu\u00e9. Sauf si vous nous avez c\u00e9d\u00e9 vos droits concernant votre image.<\/p>\n\n\n\n<p>Vous avez le droit d&rsquo;acc\u00e9der \u00e0 vos donn\u00e9es personnelles et d&rsquo;en demander une copie. Vous avez \u00e9galement le droit de nous demander de rectifier, de bloquer, de compl\u00e9ter et d&rsquo;effacer vos donn\u00e9es personnelles, de restreindre leur traitement et de les \u00ab\u00a0porter\u00a0\u00bb (c&rsquo;est-\u00e0-dire de nous demander de vous les fournir dans un format structur\u00e9, couramment utilis\u00e9 et lisible par machine et de les transmettre directement \u00e0 une autre organisation).<\/p>\n\n\n\n<p>Dans certaines circonstances, vous avez le droit de vous opposer au traitement de vos donn\u00e9es par nos soins, en particulier lorsque vos donn\u00e9es personnelles sont trait\u00e9es \u00e0 des fins de marketing direct (y compris le profilage) ou sur la base d&rsquo;un int\u00e9r\u00eat l\u00e9gitime.&nbsp;<\/p>\n\n\n\n<p>Il existe des exceptions \u00e0 ces droits, par exemple, il ne nous sera pas possible de supprimer vos donn\u00e9es si nous sommes tenus par la loi de les conserver. De m\u00eame, l&rsquo;acc\u00e8s \u00e0 vos donn\u00e9es peut \u00eatre refus\u00e9 si la mise \u00e0 disposition des informations r\u00e9v\u00e8le des informations personnelles sur une autre personne ou si nous sommes l\u00e9galement emp\u00each\u00e9s de divulguer ces informations.<\/p>\n\n\n\n<p>En outre, vous avez le droit de d\u00e9poser une plainte aupr\u00e8s de votre autorit\u00e9 locale charg\u00e9e de la protection des donn\u00e9es ou de demander r\u00e9paration par voie judiciaire si vous estimez que vos droits ont \u00e9t\u00e9 viol\u00e9s. Vous trouverez \u00e9galement ici un aper\u00e7u des autorit\u00e9s locales.<\/p>\n\n\n\n<ol start=\"5\" class=\"wp-block-list\">\n<li>Pendant combien de temps conservons-nous vos donn\u00e9es personnelles ?<\/li>\n<\/ol>\n\n\n\n<p>En plus des p\u00e9riodes de conservation indiqu\u00e9es ci-dessus dans la pr\u00e9sente politique de confidentialit\u00e9, nous conservons vos donn\u00e9es \u00e0 caract\u00e8re personnel pendant une dur\u00e9e n&rsquo;exc\u00e9dant pas celle n\u00e9cessaire \u00e0 la finalit\u00e9 du traitement en question, c&rsquo;est-\u00e0-dire selon les exigences de la loi, pendant la p\u00e9riode d&rsquo;ex\u00e9cution de la relation contractuelle et dans certains cas o\u00f9 nous avons un int\u00e9r\u00eat l\u00e9gitime \u00e0 conserver vos donn\u00e9es plus longtemps \u00e0 la lumi\u00e8re de nos int\u00e9r\u00eats l\u00e9gitimes.<\/p>\n\n\n\n<ol start=\"6\" class=\"wp-block-list\">\n<li>Comment traitons-nous et prot\u00e9geons-nous vos donn\u00e9es personnelles ?<\/li>\n<\/ol>\n\n\n\n<p>Nous traitons vos donn\u00e9es personnelles par le biais de notre plateforme. Vos donn\u00e9es personnelles sont alors trait\u00e9es \u00e9lectroniquement par des moyens automatis\u00e9s et stock\u00e9es dans nos syst\u00e8mes d&rsquo;information ; vos donn\u00e9es personnelles peuvent \u00e9galement \u00eatre stock\u00e9es dans des serveurs miroirs ou sur des serveurs de sauvegarde.&nbsp;<\/p>\n\n\n\n<p>Pour la protection de vos donn\u00e9es personnelles, nous avons adopt\u00e9 des mesures de s\u00e9curit\u00e9 appropri\u00e9es, administratives, physiques et techniques, afin de maintenir vos donn\u00e9es personnelles s\u00e9curis\u00e9es \u00e0 tout moment et de les prot\u00e9ger contre la perte, l&rsquo;acc\u00e8s, le transfert ou la destruction accidentels ou ill\u00e9gaux ou contre toute autre utilisation abusive. Toutes les personnes ayant acc\u00e8s \u00e0 vos donn\u00e9es personnelles sont li\u00e9es par des obligations de confidentialit\u00e9 l\u00e9gales ou contractuelles.<\/p>\n\n\n\n<ol start=\"7\" class=\"wp-block-list\">\n<li>Comment v\u00e9rifions-nous l&rsquo;\u00e2ge de nos utilisateurs ?<\/li>\n<\/ol>\n\n\n\n<p>Nos utilisateurs doivent \u00eatre \u00e2g\u00e9s de 18 ans ou plus pour acc\u00e9der \u00e0 notre plateforme. Nous avons mis en \u0153uvre des moyens techniques appropri\u00e9s pour refuser l&rsquo;inscription de personnes n&rsquo;ayant pas atteint cette limite d&rsquo;\u00e2ge et nous ne traitons pas sciemment les donn\u00e9es personnelles de personnes \u00e2g\u00e9es de moins de 18 ans. En outre, nous surveillons l&rsquo;utilisation de notre Plateforme et effectuons des contr\u00f4les d&rsquo;identit\u00e9.&nbsp;<\/p>\n\n\n\n<p>Veuillez nous contacter si vous avez connaissance d&rsquo;une personne de moins de 18 ans qui a cr\u00e9\u00e9 un compte ou nous a fourni des donn\u00e9es personnelles. Ces donn\u00e9es personnelles seront d\u00e9truites imm\u00e9diatement apr\u00e8s v\u00e9rification.<\/p>\n\n\n\n<ol start=\"8\" class=\"wp-block-list\">\n<li>Politique en mati\u00e8re de cookies&nbsp;<\/li>\n<\/ol>\n\n\n\n<p>Ce site web utilise des cookies qui sont de minuscules fichiers t\u00e9l\u00e9charg\u00e9s sur votre ordinateur personnel dans le but d&rsquo;am\u00e9liorer votre exp\u00e9rience. Cette section d\u00e9crit les informations que ces cookies collectent et comment ils sont utilis\u00e9s. Nous utilisons des cookies pour diverses raisons, d\u00e9taill\u00e9es dans cette section. Malheureusement, vous ne pouvez pas d\u00e9sactiver les cookies sans profiter de tous les avantages et fonctionnalit\u00e9s de ce site web. Lorsque vous visitez notre site web et cr\u00e9ez un compte chez nous, nous utilisons des cookies pour g\u00e9rer le processus d&rsquo;inscription et de connexion. Ces cookies sont g\u00e9n\u00e9ralement supprim\u00e9s lorsque vous vous d\u00e9connectez, mais dans certains cas, ils sont utilis\u00e9s pour se souvenir des pr\u00e9f\u00e9rences sp\u00e9cifiques du site Web lorsque vous \u00eates d\u00e9connect\u00e9. En outre, des cookies de tiers peuvent \u00eatre utilis\u00e9s. Ce site utilise Google Analytics pour nous aider \u00e0 comprendre comment vous utilisez notre site web et comment nous pouvons am\u00e9liorer votre exp\u00e9rience. Vous pouvez emp\u00eacher l&rsquo;utilisation des cookies en modifiant les param\u00e8tres de votre navigateur, mais la d\u00e9sactivation des cookies affectera la fonctionnalit\u00e9 de notre site web et \u00e9galement des fonctions essentielles. Pour cette raison, il est recommand\u00e9 de ne pas d\u00e9sactiver les cookies.<\/p>\n\n\n\n<script type=\"text\/javascript\" charset=\"UTF-8\"  data-cookiescriptreport=\"report\" src=\"\/\/report.cookie-script.com\/r\/a4a3c5a080c97d67af163219deb8450b.js\"><\/script>\n\n\n\n<ol start=\"9\" class=\"wp-block-list\">\n<li>Modifications de la politique de confidentialit\u00e9<\/li>\n<\/ol>\n\n\n\n<p>Les modifications importantes que nous pourrions apporter \u00e0 cette politique de confidentialit\u00e9 \u00e0 l&rsquo;avenir vous seront notifi\u00e9es par e-mail ou sur notre plateforme, selon le cas. Il vous est en outre conseill\u00e9 de consulter p\u00e9riodiquement la pr\u00e9sente politique de confidentialit\u00e9 pour prendre connaissance des modifications qui auraient pu y \u00eatre apport\u00e9es.<\/p>\n\n\n\n<p>En vigueur \u00e0 partir de f\u00e9vrier 2022<\/p>\n","protected":false},"excerpt":{"rendered":"","protected":false},"author":5,"featured_media":0,"parent":0,"menu_order":0,"comment_status":"closed","ping_status":"closed","template":"","meta":{"_acf_changed":false,"footnotes":""},"class_list":["post-6259","page","type-page","status-publish"],"acf":[],"_links":{"self":[{"href":"https:\/\/sellfies.com\/fr\/wp-json\/wp\/v2\/pages\/6259","targetHints":{"allow":["GET"]}}],"collection":[{"href":"https:\/\/sellfies.com\/fr\/wp-json\/wp\/v2\/pages"}],"about":[{"href":"https:\/\/sellfies.com\/fr\/wp-json\/wp\/v2\/types\/page"}],"author":[{"embeddable":true,"href":"https:\/\/sellfies.com\/fr\/wp-json\/wp\/v2\/users\/5"}],"replies":[{"embeddable":true,"href":"https:\/\/sellfies.com\/fr\/wp-json\/wp\/v2\/comments?post=6259"}],"version-history":[{"count":3,"href":"https:\/\/sellfies.com\/fr\/wp-json\/wp\/v2\/pages\/6259\/revisions"}],"predecessor-version":[{"id":9239,"href":"https:\/\/sellfies.com\/fr\/wp-json\/wp\/v2\/pages\/6259\/revisions\/9239"}],"wp:attachment":[{"href":"https:\/\/sellfies.com\/fr\/wp-json\/wp\/v2\/media?parent=6259"}],"curies":[{"name":"wp","href":"https:\/\/api.w.org\/{rel}","templated":true}]}}