{"id":6270,"date":"2023-01-13T03:02:22","date_gmt":"2023-01-13T03:02:22","guid":{"rendered":"https:\/\/sellfies.com\/?page_id=6270"},"modified":"2026-03-02T15:31:35","modified_gmt":"2026-03-02T15:31:35","slug":"blog","status":"publish","type":"page","link":"https:\/\/sellfies.com\/fr\/blog\/","title":{"rendered":"Blog"},"content":{"rendered":"<div class=\"gb-container gb-container-3468854c blog-page uk-margin-large-bottom\"><div class=\"gb-inside-container\">\n\n<div class=\"gb-grid-wrapper gb-grid-wrapper-5dc7d297 gb-query-loop-wrapper\">\n<div class=\"gb-grid-column gb-grid-column-2b50ce0e gb-query-loop-item post-7459 post type-post status-publish format-standard has-post-thumbnail hentry category-blog-fr\"><article class=\"gb-container gb-container-2b50ce0e uk-card uk-card-default\"><div class=\"gb-inside-container\">\n<figure class=\"wp-block-post-featured-image\"><a href=\"https:\/\/sellfies.com\/fr\/imaginez-ceci-un-guide-pour-gagner-de-largent-en-vendant-vos-photos-en-ligne\/\" target=\"_self\"  ><img loading=\"lazy\" decoding=\"async\" width=\"1000\" height=\"667\" src=\"https:\/\/sellfies.com\/wp-content\/uploads\/2023\/02\/sellfies-proud-woman-11.jpg\" class=\"attachment-post-thumbnail size-post-thumbnail wp-post-image\" alt=\"Imaginez ceci: Un guide pour gagner de l&rsquo;argent en vendant vos photos en ligne\" style=\"object-fit:cover;\" srcset=\"https:\/\/sellfies.com\/wp-content\/uploads\/2023\/02\/sellfies-proud-woman-11.jpg 1000w, https:\/\/sellfies.com\/wp-content\/uploads\/2023\/02\/sellfies-proud-woman-11-300x200.jpg 300w, https:\/\/sellfies.com\/wp-content\/uploads\/2023\/02\/sellfies-proud-woman-11-768x512.jpg 768w\" sizes=\"auto, (max-width: 1000px) 100vw, 1000px\" title=\"\"><\/a><\/figure>\n\n<h2 class=\"gb-headline gb-headline-ae4e77ad gb-headline-text\"><a href=\"https:\/\/sellfies.com\/fr\/imaginez-ceci-un-guide-pour-gagner-de-largent-en-vendant-vos-photos-en-ligne\/\">Imaginez ceci: Un guide pour gagner de l&rsquo;argent en vendant vos photos en ligne<\/a><\/h2>\n<\/div><\/article><\/div>\n\n<div class=\"gb-grid-column gb-grid-column-2b50ce0e gb-query-loop-item post-7457 post type-post status-publish format-standard has-post-thumbnail hentry category-blog-fr\"><article class=\"gb-container gb-container-2b50ce0e uk-card uk-card-default\"><div class=\"gb-inside-container\">\n<figure class=\"wp-block-post-featured-image\"><a href=\"https:\/\/sellfies.com\/fr\/tout-devoiler-un-guide-pour-gagner-de-largent-en-tant-que-modele-nu\/\" target=\"_self\"  ><img loading=\"lazy\" decoding=\"async\" width=\"1000\" height=\"668\" src=\"https:\/\/sellfies.com\/wp-content\/uploads\/2023\/02\/sellfies-proud-woman-2.jpg\" class=\"attachment-post-thumbnail size-post-thumbnail wp-post-image\" alt=\"Tout d\u00e9voiler: Un guide pour gagner de l&rsquo;argent en tant que mod\u00e8le nu\" style=\"object-fit:cover;\" srcset=\"https:\/\/sellfies.com\/wp-content\/uploads\/2023\/02\/sellfies-proud-woman-2.jpg 1000w, https:\/\/sellfies.com\/wp-content\/uploads\/2023\/02\/sellfies-proud-woman-2-300x200.jpg 300w, https:\/\/sellfies.com\/wp-content\/uploads\/2023\/02\/sellfies-proud-woman-2-768x513.jpg 768w\" sizes=\"auto, (max-width: 1000px) 100vw, 1000px\" title=\"\"><\/a><\/figure>\n\n<h2 class=\"gb-headline gb-headline-ae4e77ad gb-headline-text\"><a href=\"https:\/\/sellfies.com\/fr\/tout-devoiler-un-guide-pour-gagner-de-largent-en-tant-que-modele-nu\/\">Tout d\u00e9voiler: Un guide pour gagner de l&rsquo;argent en tant que mod\u00e8le nu<\/a><\/h2>\n<\/div><\/article><\/div>\n\n<div class=\"gb-grid-column gb-grid-column-2b50ce0e gb-query-loop-item post-7462 post type-post status-publish format-standard has-post-thumbnail hentry category-blog-fr\"><article class=\"gb-container gb-container-2b50ce0e uk-card uk-card-default\"><div class=\"gb-inside-container\">\n<figure class=\"wp-block-post-featured-image\"><a href=\"https:\/\/sellfies.com\/fr\/vendre-votre-propre-contenu-pour-adultes-comment-quoi-et-ou\/\" target=\"_self\"  ><img loading=\"lazy\" decoding=\"async\" width=\"1000\" height=\"667\" src=\"https:\/\/sellfies.com\/wp-content\/uploads\/2023\/02\/sellfies-proud-woman-1.jpg\" class=\"attachment-post-thumbnail size-post-thumbnail wp-post-image\" alt=\"Vendre votre propre contenu pour adultes \u2013 Comment, quoi et o\u00f9 ?\" style=\"object-fit:cover;\" srcset=\"https:\/\/sellfies.com\/wp-content\/uploads\/2023\/02\/sellfies-proud-woman-1.jpg 1000w, https:\/\/sellfies.com\/wp-content\/uploads\/2023\/02\/sellfies-proud-woman-1-300x200.jpg 300w, https:\/\/sellfies.com\/wp-content\/uploads\/2023\/02\/sellfies-proud-woman-1-768x512.jpg 768w\" sizes=\"auto, (max-width: 1000px) 100vw, 1000px\" title=\"\"><\/a><\/figure>\n\n<h2 class=\"gb-headline gb-headline-ae4e77ad gb-headline-text\"><a href=\"https:\/\/sellfies.com\/fr\/vendre-votre-propre-contenu-pour-adultes-comment-quoi-et-ou\/\">Vendre votre propre contenu pour adultes \u2013 Comment, quoi et o\u00f9 ?<\/a><\/h2>\n<\/div><\/article><\/div>\n\n<div class=\"gb-grid-column gb-grid-column-2b50ce0e gb-query-loop-item post-7050 post type-post status-publish format-standard has-post-thumbnail hentry category-blog-fr\"><article class=\"gb-container gb-container-2b50ce0e uk-card uk-card-default\"><div class=\"gb-inside-container\">\n<figure class=\"wp-block-post-featured-image\"><a href=\"https:\/\/sellfies.com\/fr\/comment-vendre-nudes-en-ligne\/\" target=\"_self\"  ><img loading=\"lazy\" decoding=\"async\" width=\"1280\" height=\"1200\" src=\"https:\/\/sellfies.com\/wp-content\/uploads\/2023\/01\/6267bd3d2c029837803879.jpg\" class=\"attachment-post-thumbnail size-post-thumbnail wp-post-image\" alt=\"Comment vendre des nudes en ligne\" style=\"object-fit:cover;\" srcset=\"https:\/\/sellfies.com\/wp-content\/uploads\/2023\/01\/6267bd3d2c029837803879.jpg 1280w, https:\/\/sellfies.com\/wp-content\/uploads\/2023\/01\/6267bd3d2c029837803879-300x281.jpg 300w, https:\/\/sellfies.com\/wp-content\/uploads\/2023\/01\/6267bd3d2c029837803879-1024x960.jpg 1024w, https:\/\/sellfies.com\/wp-content\/uploads\/2023\/01\/6267bd3d2c029837803879-768x720.jpg 768w\" sizes=\"auto, (max-width: 1280px) 100vw, 1280px\" title=\"\"><\/a><\/figure>\n\n<h2 class=\"gb-headline gb-headline-ae4e77ad gb-headline-text\"><a href=\"https:\/\/sellfies.com\/fr\/comment-vendre-nudes-en-ligne\/\">Comment vendre des nudes en ligne<\/a><\/h2>\n<\/div><\/article><\/div>\n\n<div class=\"gb-grid-column gb-grid-column-2b50ce0e gb-query-loop-item post-7043 post type-post status-publish format-standard has-post-thumbnail hentry category-blog-fr\"><article class=\"gb-container gb-container-2b50ce0e uk-card uk-card-default\"><div class=\"gb-inside-container\">\n<figure class=\"wp-block-post-featured-image\"><a href=\"https:\/\/sellfies.com\/fr\/ou-vendre-des-nudes-en-ligne\/\" target=\"_self\"  ><img loading=\"lazy\" decoding=\"async\" width=\"1200\" height=\"1350\" src=\"https:\/\/sellfies.com\/wp-content\/uploads\/2023\/01\/6273611442f64202568051.jpg\" class=\"attachment-post-thumbnail size-post-thumbnail wp-post-image\" alt=\"O\u00f9 vendre des nudes en ligne\" style=\"object-fit:cover;\" srcset=\"https:\/\/sellfies.com\/wp-content\/uploads\/2023\/01\/6273611442f64202568051.jpg 1200w, https:\/\/sellfies.com\/wp-content\/uploads\/2023\/01\/6273611442f64202568051-267x300.jpg 267w, https:\/\/sellfies.com\/wp-content\/uploads\/2023\/01\/6273611442f64202568051-910x1024.jpg 910w, https:\/\/sellfies.com\/wp-content\/uploads\/2023\/01\/6273611442f64202568051-768x864.jpg 768w\" sizes=\"auto, (max-width: 1200px) 100vw, 1200px\" title=\"\"><\/a><\/figure>\n\n<h2 class=\"gb-headline gb-headline-ae4e77ad gb-headline-text\"><a href=\"https:\/\/sellfies.com\/fr\/ou-vendre-des-nudes-en-ligne\/\">O\u00f9 vendre des nudes en ligne<\/a><\/h2>\n<\/div><\/article><\/div>\n\n<div class=\"gb-grid-column gb-grid-column-2b50ce0e gb-query-loop-item post-7037 post type-post status-publish format-standard has-post-thumbnail hentry category-blog-fr\"><article class=\"gb-container gb-container-2b50ce0e uk-card uk-card-default\"><div class=\"gb-inside-container\">\n<figure class=\"wp-block-post-featured-image\"><a href=\"https:\/\/sellfies.com\/fr\/comment-gagner-de-l-argent-en-vendant-des-nudes\/\" target=\"_self\"  ><img loading=\"lazy\" decoding=\"async\" width=\"1280\" height=\"853\" src=\"https:\/\/sellfies.com\/wp-content\/uploads\/2023\/01\/62325e70babb2924094143.jpg\" class=\"attachment-post-thumbnail size-post-thumbnail wp-post-image\" alt=\"Comment gagner de l\u2019argent en vendant des nudes\" style=\"object-fit:cover;\" srcset=\"https:\/\/sellfies.com\/wp-content\/uploads\/2023\/01\/62325e70babb2924094143.jpg 1280w, https:\/\/sellfies.com\/wp-content\/uploads\/2023\/01\/62325e70babb2924094143-300x200.jpg 300w, https:\/\/sellfies.com\/wp-content\/uploads\/2023\/01\/62325e70babb2924094143-1024x682.jpg 1024w, https:\/\/sellfies.com\/wp-content\/uploads\/2023\/01\/62325e70babb2924094143-768x512.jpg 768w\" sizes=\"auto, (max-width: 1280px) 100vw, 1280px\" title=\"\"><\/a><\/figure>\n\n<h2 class=\"gb-headline gb-headline-ae4e77ad gb-headline-text\"><a href=\"https:\/\/sellfies.com\/fr\/comment-gagner-de-l-argent-en-vendant-des-nudes\/\">Comment gagner de l\u2019argent en vendant des nudes<\/a><\/h2>\n<\/div><\/article><\/div>\n<\/div>\n\n<\/div><\/div>\n\n<div class=\"gb-container gb-container-686c4b9c parallax large uk-position-relative\"><div class=\"gb-inside-container\">\n<div class=\"gb-container gb-container-9029c7e0\"><div class=\"gb-inside-container\">\n\n<h2 class=\"gb-headline gb-headline-cd3a9929 gb-headline-text\">Sois pay\u00e9e pour tes selfies<\/h2>\n\n\n\n<h2 class=\"gb-headline gb-headline-490c1d3d gb-headline-text\">Envoie tes photo et gagne de l\u2019argent en quelques minutes<\/h2>\n\n\n\n<a class=\"gb-button gb-button-8057e95d gb-button-text button-effect uk-align-center\" href=\"https:\/\/my.sellfies.com\/fr\/register\">Cr\u00e9er mon compte<\/a>\n\n<\/div><\/div>\n<\/div><\/div>\n\n<div class=\"gb-container gb-container-f8907a32 blog-page uk-margin-large-top uk-margin-large-bottom\"><div class=\"gb-inside-container\">\n\n<div class=\"gb-grid-wrapper gb-grid-wrapper-e0746038 gb-query-loop-wrapper\">\n<div class=\"gb-grid-column gb-grid-column-081d1f68 gb-query-loop-item post-7455 post type-post status-publish format-standard has-post-thumbnail hentry category-blog-fr\"><article class=\"gb-container gb-container-081d1f68 uk-card uk-card-default\"><div class=\"gb-inside-container\">\n<figure class=\"wp-block-post-featured-image\"><a href=\"https:\/\/sellfies.com\/fr\/le-guide-ultime-pour-prendre-des-photos-sexy\/\" target=\"_self\"  ><img loading=\"lazy\" decoding=\"async\" width=\"821\" height=\"893\" src=\"https:\/\/sellfies.com\/wp-content\/uploads\/2023\/01\/622fc363e2bd0582945061.jpg\" class=\"attachment-post-thumbnail size-post-thumbnail wp-post-image\" alt=\"Le guide ultime pour prendre des photos sexy\" style=\"object-fit:cover;\" srcset=\"https:\/\/sellfies.com\/wp-content\/uploads\/2023\/01\/622fc363e2bd0582945061.jpg 821w, https:\/\/sellfies.com\/wp-content\/uploads\/2023\/01\/622fc363e2bd0582945061-276x300.jpg 276w, https:\/\/sellfies.com\/wp-content\/uploads\/2023\/01\/622fc363e2bd0582945061-768x835.jpg 768w\" sizes=\"auto, (max-width: 821px) 100vw, 821px\" title=\"\"><\/a><\/figure>\n\n<h2 class=\"gb-headline gb-headline-5fad375d gb-headline-text\"><a href=\"https:\/\/sellfies.com\/fr\/le-guide-ultime-pour-prendre-des-photos-sexy\/\">Le guide ultime pour prendre des photos sexy<\/a><\/h2>\n<\/div><\/article><\/div>\n\n<div class=\"gb-grid-column gb-grid-column-081d1f68 gb-query-loop-item post-7447 post type-post status-publish format-standard has-post-thumbnail hentry category-blog-fr\"><article class=\"gb-container gb-container-081d1f68 uk-card uk-card-default\"><div class=\"gb-inside-container\">\n<figure class=\"wp-block-post-featured-image\"><a href=\"https:\/\/sellfies.com\/fr\/7x-le-meilleur-equipement-pour-prendre-des-photos-sexy\/\" target=\"_self\"  ><img loading=\"lazy\" decoding=\"async\" width=\"1280\" height=\"854\" src=\"https:\/\/sellfies.com\/wp-content\/uploads\/2023\/01\/62325d9040f10503519790.jpg\" class=\"attachment-post-thumbnail size-post-thumbnail wp-post-image\" alt=\"7x Le meilleur \u00e9quipement pour prendre des photos sexy\" style=\"object-fit:cover;\" srcset=\"https:\/\/sellfies.com\/wp-content\/uploads\/2023\/01\/62325d9040f10503519790.jpg 1280w, https:\/\/sellfies.com\/wp-content\/uploads\/2023\/01\/62325d9040f10503519790-300x200.jpg 300w, https:\/\/sellfies.com\/wp-content\/uploads\/2023\/01\/62325d9040f10503519790-1024x683.jpg 1024w, https:\/\/sellfies.com\/wp-content\/uploads\/2023\/01\/62325d9040f10503519790-768x512.jpg 768w\" sizes=\"auto, (max-width: 1280px) 100vw, 1280px\" title=\"\"><\/a><\/figure>\n\n<h2 class=\"gb-headline gb-headline-5fad375d gb-headline-text\"><a href=\"https:\/\/sellfies.com\/fr\/7x-le-meilleur-equipement-pour-prendre-des-photos-sexy\/\">7x Le meilleur \u00e9quipement pour prendre des photos sexy<\/a><\/h2>\n<\/div><\/article><\/div>\n\n<div class=\"gb-grid-column gb-grid-column-081d1f68 gb-query-loop-item post-7453 post type-post status-publish format-standard has-post-thumbnail hentry category-blog-fr\"><article class=\"gb-container gb-container-081d1f68 uk-card uk-card-default\"><div class=\"gb-inside-container\">\n<figure class=\"wp-block-post-featured-image\"><a href=\"https:\/\/sellfies.com\/fr\/le-meilleur-trepied-pour-appareil-photo-et-telephone-pour-les-selfies\/\" target=\"_self\"  ><img loading=\"lazy\" decoding=\"async\" width=\"1200\" height=\"800\" src=\"https:\/\/sellfies.com\/wp-content\/uploads\/2023\/01\/62d5393d3b768539906498.jpg\" class=\"attachment-post-thumbnail size-post-thumbnail wp-post-image\" alt=\"Le meilleur tr\u00e9pied pour appareil photo et t\u00e9l\u00e9phone pour les selfies\" style=\"object-fit:cover;\" srcset=\"https:\/\/sellfies.com\/wp-content\/uploads\/2023\/01\/62d5393d3b768539906498.jpg 1200w, https:\/\/sellfies.com\/wp-content\/uploads\/2023\/01\/62d5393d3b768539906498-300x200.jpg 300w, https:\/\/sellfies.com\/wp-content\/uploads\/2023\/01\/62d5393d3b768539906498-1024x683.jpg 1024w, https:\/\/sellfies.com\/wp-content\/uploads\/2023\/01\/62d5393d3b768539906498-768x512.jpg 768w\" sizes=\"auto, (max-width: 1200px) 100vw, 1200px\" title=\"\"><\/a><\/figure>\n\n<h2 class=\"gb-headline gb-headline-5fad375d gb-headline-text\"><a href=\"https:\/\/sellfies.com\/fr\/le-meilleur-trepied-pour-appareil-photo-et-telephone-pour-les-selfies\/\">Le meilleur tr\u00e9pied pour appareil photo et t\u00e9l\u00e9phone pour les selfies<\/a><\/h2>\n<\/div><\/article><\/div>\n\n<div class=\"gb-grid-column gb-grid-column-081d1f68 gb-query-loop-item post-7024 post type-post status-publish format-standard has-post-thumbnail hentry category-blog-fr\"><article class=\"gb-container gb-container-081d1f68 uk-card uk-card-default\"><div class=\"gb-inside-container\">\n<figure class=\"wp-block-post-featured-image\"><a href=\"https:\/\/sellfies.com\/fr\/gagnez-de-l-argent-en-vendant-vos-selfies\/\" target=\"_self\"  ><img loading=\"lazy\" decoding=\"async\" width=\"645\" height=\"843\" src=\"https:\/\/sellfies.com\/wp-content\/uploads\/2023\/01\/622fc3038ee17280329220.jpg\" class=\"attachment-post-thumbnail size-post-thumbnail wp-post-image\" alt=\"Gagnez de l&rsquo;argent en vendant vos selfies\" style=\"object-fit:cover;\" srcset=\"https:\/\/sellfies.com\/wp-content\/uploads\/2023\/01\/622fc3038ee17280329220.jpg 645w, https:\/\/sellfies.com\/wp-content\/uploads\/2023\/01\/622fc3038ee17280329220-230x300.jpg 230w\" sizes=\"auto, (max-width: 645px) 100vw, 645px\" title=\"\"><\/a><\/figure>\n\n<h2 class=\"gb-headline gb-headline-5fad375d gb-headline-text\"><a href=\"https:\/\/sellfies.com\/fr\/gagnez-de-l-argent-en-vendant-vos-selfies\/\">Gagnez de l&rsquo;argent en vendant vos selfies<\/a><\/h2>\n<\/div><\/article><\/div>\n\n<div class=\"gb-grid-column gb-grid-column-081d1f68 gb-query-loop-item post-7451 post type-post status-publish format-standard has-post-thumbnail hentry category-blog-fr\"><article class=\"gb-container gb-container-081d1f68 uk-card uk-card-default\"><div class=\"gb-inside-container\">\n<figure class=\"wp-block-post-featured-image\"><a href=\"https:\/\/sellfies.com\/fr\/comment-faire-de-belles-photos-comme-des-celebrites\/\" target=\"_self\"  ><img loading=\"lazy\" decoding=\"async\" width=\"800\" height=\"800\" src=\"https:\/\/sellfies.com\/wp-content\/uploads\/2023\/01\/622fc2697ec8c453694774.jpg\" class=\"attachment-post-thumbnail size-post-thumbnail wp-post-image\" alt=\"Comment faire de belles photos comme des c\u00e9l\u00e9brit\u00e9s ?\" style=\"object-fit:cover;\" srcset=\"https:\/\/sellfies.com\/wp-content\/uploads\/2023\/01\/622fc2697ec8c453694774.jpg 800w, https:\/\/sellfies.com\/wp-content\/uploads\/2023\/01\/622fc2697ec8c453694774-300x300.jpg 300w, https:\/\/sellfies.com\/wp-content\/uploads\/2023\/01\/622fc2697ec8c453694774-150x150.jpg 150w, https:\/\/sellfies.com\/wp-content\/uploads\/2023\/01\/622fc2697ec8c453694774-768x768.jpg 768w\" sizes=\"auto, (max-width: 800px) 100vw, 800px\" title=\"\"><\/a><\/figure>\n\n<h2 class=\"gb-headline gb-headline-5fad375d gb-headline-text\"><a href=\"https:\/\/sellfies.com\/fr\/comment-faire-de-belles-photos-comme-des-celebrites\/\">Comment faire de belles photos comme des c\u00e9l\u00e9brit\u00e9s ?<\/a><\/h2>\n<\/div><\/article><\/div>\n\n<div class=\"gb-grid-column gb-grid-column-081d1f68 gb-query-loop-item post-7445 post type-post status-publish format-standard has-post-thumbnail hentry category-blog-fr\"><article class=\"gb-container gb-container-081d1f68 uk-card uk-card-default\"><div class=\"gb-inside-container\">\n<figure class=\"wp-block-post-featured-image\"><a href=\"https:\/\/sellfies.com\/fr\/7-meilleurs-endroits-pour-prendre-des-selfies-a-la-maison-et-a-lexterieur\/\" target=\"_self\"  ><img loading=\"lazy\" decoding=\"async\" width=\"1200\" height=\"800\" src=\"https:\/\/sellfies.com\/wp-content\/uploads\/2023\/01\/62bac7572487e824908335.jpg\" class=\"attachment-post-thumbnail size-post-thumbnail wp-post-image\" alt=\"7 meilleurs endroits pour prendre des selfies \u00e0 la maison et \u00e0 l&rsquo;ext\u00e9rieur\" style=\"object-fit:cover;\" srcset=\"https:\/\/sellfies.com\/wp-content\/uploads\/2023\/01\/62bac7572487e824908335.jpg 1200w, https:\/\/sellfies.com\/wp-content\/uploads\/2023\/01\/62bac7572487e824908335-300x200.jpg 300w, https:\/\/sellfies.com\/wp-content\/uploads\/2023\/01\/62bac7572487e824908335-1024x683.jpg 1024w, https:\/\/sellfies.com\/wp-content\/uploads\/2023\/01\/62bac7572487e824908335-768x512.jpg 768w\" sizes=\"auto, (max-width: 1200px) 100vw, 1200px\" title=\"\"><\/a><\/figure>\n\n<h2 class=\"gb-headline gb-headline-5fad375d gb-headline-text\"><a href=\"https:\/\/sellfies.com\/fr\/7-meilleurs-endroits-pour-prendre-des-selfies-a-la-maison-et-a-lexterieur\/\">7 meilleurs endroits pour prendre des selfies \u00e0 la maison et \u00e0 l&rsquo;ext\u00e9rieur<\/a><\/h2>\n<\/div><\/article><\/div>\n\n<div class=\"gb-grid-column gb-grid-column-081d1f68 gb-query-loop-item post-7449 post type-post status-publish format-standard has-post-thumbnail hentry category-blog-fr\"><article class=\"gb-container gb-container-081d1f68 uk-card uk-card-default\"><div class=\"gb-inside-container\">\n<figure class=\"wp-block-post-featured-image\"><a href=\"https:\/\/sellfies.com\/fr\/comment-prendre-un-bon-selfie-a-la-salle-de-sport\/\" target=\"_self\"  ><img loading=\"lazy\" decoding=\"async\" width=\"736\" height=\"1128\" src=\"https:\/\/sellfies.com\/wp-content\/uploads\/2020\/05\/62c6ccc50af46535313692.jpg\" class=\"attachment-post-thumbnail size-post-thumbnail wp-post-image\" alt=\"Comment prendre un bon selfie \u00e0 la salle de sport\" style=\"object-fit:cover;\" srcset=\"https:\/\/sellfies.com\/wp-content\/uploads\/2020\/05\/62c6ccc50af46535313692.jpg 736w, https:\/\/sellfies.com\/wp-content\/uploads\/2020\/05\/62c6ccc50af46535313692-196x300.jpg 196w, https:\/\/sellfies.com\/wp-content\/uploads\/2020\/05\/62c6ccc50af46535313692-668x1024.jpg 668w\" sizes=\"auto, (max-width: 736px) 100vw, 736px\" title=\"\"><\/a><\/figure>\n\n<h2 class=\"gb-headline gb-headline-5fad375d gb-headline-text\"><a href=\"https:\/\/sellfies.com\/fr\/comment-prendre-un-bon-selfie-a-la-salle-de-sport\/\">Comment prendre un bon selfie \u00e0 la salle de sport<\/a><\/h2>\n<\/div><\/article><\/div>\n<\/div>\n\n<\/div><\/div>","protected":false},"excerpt":{"rendered":"","protected":false},"author":5,"featured_media":0,"parent":0,"menu_order":0,"comment_status":"closed","ping_status":"closed","template":"","meta":{"_acf_changed":false,"footnotes":""},"class_list":["post-6270","page","type-page","status-publish"],"acf":[],"_links":{"self":[{"href":"https:\/\/sellfies.com\/fr\/wp-json\/wp\/v2\/pages\/6270","targetHints":{"allow":["GET"]}}],"collection":[{"href":"https:\/\/sellfies.com\/fr\/wp-json\/wp\/v2\/pages"}],"about":[{"href":"https:\/\/sellfies.com\/fr\/wp-json\/wp\/v2\/types\/page"}],"author":[{"embeddable":true,"href":"https:\/\/sellfies.com\/fr\/wp-json\/wp\/v2\/users\/5"}],"replies":[{"embeddable":true,"href":"https:\/\/sellfies.com\/fr\/wp-json\/wp\/v2\/comments?post=6270"}],"version-history":[{"count":5,"href":"https:\/\/sellfies.com\/fr\/wp-json\/wp\/v2\/pages\/6270\/revisions"}],"predecessor-version":[{"id":10000,"href":"https:\/\/sellfies.com\/fr\/wp-json\/wp\/v2\/pages\/6270\/revisions\/10000"}],"wp:attachment":[{"href":"https:\/\/sellfies.com\/fr\/wp-json\/wp\/v2\/media?parent=6270"}],"curies":[{"name":"wp","href":"https:\/\/api.w.org\/{rel}","templated":true}]}}