{"id":8926,"date":"2020-04-11T17:03:07","date_gmt":"2020-04-11T17:03:07","guid":{"rendered":"https:\/\/sellfies.com\/home\/"},"modified":"2025-12-01T13:35:12","modified_gmt":"2025-12-01T13:35:12","slug":"home","status":"publish","type":"page","link":"https:\/\/sellfies.com\/hu\/","title":{"rendered":"Home"},"content":{"rendered":"<div class=\"gb-container gb-container-1f4ad87b height-100 bg-overlay\" style=\"--background-image: url(https:\/\/sellfies.com\/wp-content\/uploads\/2025\/11\/header-img-sellfies-2.jpg);\"><div class=\"gb-inside-container\">\n\n<div class=\"wp-block-columns is-layout-flex wp-container-core-columns-is-layout-9d6595d7 wp-block-columns-is-layout-flex\">\n<div class=\"wp-block-column is-layout-flow wp-block-column-is-layout-flow\" style=\"flex-basis:66%\">\n<h1 class=\"gb-headline gb-headline-0089506d gb-headline-text\">Keress a szelfijeiddel<\/h1>\n\n\n\n<p class=\"gb-headline gb-headline-f69b4f57 gb-headline-text\">Megv\u00e1s\u00e1roljuk a h\u00e9tk\u00f6znapi \u00e9s priv\u00e1t k\u00e9peid<\/p>\n\n\n\n<a class=\"gb-button gb-button-2e4a7042 gb-button-text button-effect\" href=\"https:\/\/my.sellfies.com\/hu\/register\">Kezdd el itt<\/a>\n\n\n\n<p class=\"gb-headline gb-headline-e234d23f\"><span class=\"gb-icon\"><svg aria-hidden=\"true\" role=\"img\" height=\"1em\" width=\"1em\" viewBox=\"0 0 512 512\" xmlns=\"http:\/\/www.w3.org\/2000\/svg\"><path fill=\"currentColor\" d=\"M462.3 62.6C407.5 15.9 326 24.3 275.7 76.2L256 96.5l-19.7-20.3C186.1 24.3 104.5 15.9 49.7 62.6c-62.8 53.6-66.1 149.8-9.9 207.9l193.5 199.8c12.5 12.9 32.8 12.9 45.3 0l193.5-199.8c56.3-58.1 53-154.3-9.8-207.9z\"><\/path><\/svg><\/span><span class=\"gb-headline-text\">Nagy a kereslet a 45+ \u00e9ves n\u0151kre<\/span><\/p>\n<\/div>\n\n\n\n<div class=\"wp-block-column price is-layout-flow wp-block-column-is-layout-flow\" style=\"flex-basis:33%\">\n<div>\n                                                <div class=\"uk-child-width-1@m uk-grid-small uk-grid-match\" uk-grid>\n                                                                                            <div uk-scrollspy=\"cls: uk-animation-slide-bottom-small; delay: 200; repeat: false\">\n                                    <div class=\"uk-card uk-card-default uk-card-body uk-text-center price-box\">\n                                        <span class=\"banner uk-text-white\" style=\"background-color: #f49ebc\"> \n                                            Fizet\u00e9s \n                                        <\/span>\n                                        <dt>10 fot\u00f3<\/dt>\n                                        <span class=\"text-price uk-text-emphasis uk-text-large\">\u20ac 15,00<\/span>\n                                        <div class=\"content\">\n                                            <p><!-- wp:paragraph --><\/p>\n<p>T\u00f6lts fel egy fot\u00f3csomagot, hogy el\u00e9rd a kifizet\u00e9st. Te d\u00f6nt\u00f6d el, melyik csomag passzol hozz\u00e1d legjobban.<\/p>\n<p><!-- \/wp:paragraph --><\/p>\n                                        <\/div>\n                                    <\/div>\n                                <\/div> \n                                                    <\/div>\n                                            <\/div>\n<\/div>\n<\/div>\n\n<\/div><\/div>\n\n<div class=\"gb-container gb-container-917fef5e how-it-work uk-background-muted\"><div class=\"gb-inside-container\">\n<div class=\"gb-container gb-container-a2c3af77\"><div class=\"gb-inside-container\">\n\n<h2 class=\"gb-headline gb-headline-e6296c19 gb-headline-text uk-text-center\">Hogy m\u0171k\u00f6dik<\/h2>\n\n\n<div class=\"gb-container gb-container-73445b77\"><div class=\"gb-inside-container\">\n<div class=\"gb-grid-wrapper gb-grid-wrapper-57022b54\">\n<div class=\"gb-grid-column gb-grid-column-0bc62948\"><div class=\"gb-container gb-container-0bc62948 uk-card uk-card-default uk-card-body uk-text-center uk-scrollspy-inview \"><div class=\"gb-inside-container\">\n\n<figure class=\"wp-block-image size-full uk-text-center\"><img loading=\"lazy\" decoding=\"async\" width=\"84\" height=\"84\" src=\"https:\/\/sellfies.com\/wp-content\/uploads\/2023\/01\/icon-howitwork1.png\" alt=\"&amp;\" class=\"wp-image-5060\" title=\"\"><\/figure>\n\n\n\n<h2 class=\"gb-headline gb-headline-766d2430 gb-headline-text uk-text-center\">Hozz l\u00e9tre egy fi\u00f3kot<\/h2>\n\n\n\n<p class=\"uk-text-center uk-text-secondary\" style=\"font-size:18px\">Regisztr\u00e1lj \u00e9s hiteles\u00edts, hogy szelfiket t\u00f6lthess fel.<\/p>\n\n<\/div><\/div><\/div>\n\n<div class=\"gb-grid-column gb-grid-column-251db445\"><div class=\"gb-container gb-container-251db445 uk-card uk-card-default uk-card-body uk-text-center uk-scrollspy-inview \"><div class=\"gb-inside-container\">\n\n<figure class=\"wp-block-image size-full uk-text-center\"><img loading=\"lazy\" decoding=\"async\" width=\"84\" height=\"84\" src=\"https:\/\/sellfies.com\/wp-content\/uploads\/2023\/01\/icon-howitwork2.png\" alt=\"&amp;\" class=\"wp-image-5061\" title=\"\"><\/figure>\n\n\n\n<h2 class=\"gb-headline gb-headline-deae9ec2 gb-headline-text uk-text-center\">T\u00f6lts fel szelfiket<\/h2>\n\n\n\n<p class=\"uk-text-center uk-text-secondary\" style=\"font-size:18px\">K\u00f6nnyed\u00e9n felt\u00f6lthetsz r\u00e9gi vagy \u00faj szelfiket. Adunk tippeket, hogy sikeres l\u00e9gy.<\/p>\n\n<\/div><\/div><\/div>\n\n<div class=\"gb-grid-column gb-grid-column-35ed1aaf\"><div class=\"gb-container gb-container-35ed1aaf uk-card uk-card-default uk-card-body uk-text-center uk-scrollspy-inview \"><div class=\"gb-inside-container\">\n\n<figure class=\"wp-block-image size-full uk-text-center\"><img loading=\"lazy\" decoding=\"async\" width=\"84\" height=\"84\" src=\"https:\/\/sellfies.com\/wp-content\/uploads\/2023\/01\/icon-howitwork4-4.png\" alt=\"&amp;\" class=\"wp-image-5392\" title=\"\"><\/figure>\n\n\n\n<h2 class=\"gb-headline gb-headline-23a829fe gb-headline-text uk-text-center\">J\u00f3v\u00e1hagy\u00e1s<\/h2>\n\n\n\n<p class=\"uk-text-center uk-text-secondary\" style=\"font-size:18px\">A csapatunk leellen\u0151rzi, hogy a felt\u00f6lt\u00e9sek megfelelnek-e a k\u00f6vetelm\u00e9nyeinknek.<\/p>\n\n<\/div><\/div><\/div>\n\n<div class=\"gb-grid-column gb-grid-column-4f7e69ff\"><div class=\"gb-container gb-container-4f7e69ff uk-card uk-card-default uk-card-body uk-text-center uk-scrollspy-inview \"><div class=\"gb-inside-container\">\n\n<figure class=\"wp-block-image size-full uk-text-center\"><img loading=\"lazy\" decoding=\"async\" width=\"84\" height=\"84\" src=\"https:\/\/sellfies.com\/wp-content\/uploads\/2023\/01\/icon-howitwork4.png\" alt=\"&amp;\" class=\"wp-image-5062\" title=\"\"><\/figure>\n\n\n\n<h2 class=\"gb-headline gb-headline-743fc371 gb-headline-text uk-text-center\">Kompenz\u00e1ci\u00f3 el\u00e9r\u00e9se<\/h2>\n\n\n\n<p class=\"uk-text-center uk-text-secondary\" style=\"font-size:18px\">Ha minden rendben van, a kiv\u00e1lasztott fizet\u00e9si m\u00f3don t\u00f6rt\u00e9nik a kifizet\u00e9s.<\/p>\n\n<\/div><\/div><\/div>\n<\/div>\n<\/div><\/div>\n<\/div><\/div>\n<\/div><\/div>\n\n<div class=\"gb-container gb-container-1c3ca7e0 uk-background-muted\"><div class=\"gb-inside-container\">\n<div class=\"gb-container gb-container-79feb26c\">\n<div class=\"gb-container gb-container-3ae95900\">\n\n<h2 class=\"gb-headline gb-headline-4fa99e77 gb-headline-text\">A fot\u00f3id k\u00e9pezhetik a leg\u00fajabb AI gener\u00e1ci\u00f3t<\/h2>\n\n\n\n<p class=\"uk-text-secondary\">A szelfijeid t\u00f6bbet \u00e9rhetnek, mint hogy a kamer\u00e1ban tartsd \u0151ket.<\/p>\n\n\n\n<p class=\"uk-text-secondary\">Szem\u00e9lyes k\u00e9peket v\u00e1s\u00e1rlunk annak \u00e9rdek\u00e9ben, hogy seg\u00edtsuk a k\u00f6vetkez\u0151 AI gener\u00e1ci\u00f3 tanul\u00e1s\u00e1t. Megtan\u00edtjuk, hogyan l\u00e1ssa, \u00e9rtse \u00e9s alkossa \u00fajra az emberi vil\u00e1got pontosan \u00e9s tisztelettel.<\/p>\n\n\n\n<p class=\"uk-text-secondary\">B\u00e1r a legt\u00f6bb fot\u00f3t az AI modellek fejleszt\u00e9s\u00e9re \u00e9s vizu\u00e1lis kutat\u00e1sra haszn\u00e1lj\u00e1k, n\u00e9h\u00e1nyuk megjelenhet j\u00f3v\u00e1hagyott sz\u00f3rakoztat\u00f3 vagy kreat\u00edv platformokon is, ahol a hiteless\u00e9g a legfontosabb.<\/p>\n\n\n\n<p class=\"uk-text-secondary\">Minden fot\u00f3 seg\u00edt form\u00e1lni a j\u00f6v\u0151t! \u00c9s igen, fizet\u00fcnk \u00e9rte.<\/p>\n\n<\/div>\n\n<div class=\"gb-container gb-container-21ed567c\">\n\n<figure class=\"gb-block-image gb-block-image-4d4dcda5\"><img loading=\"lazy\" decoding=\"async\" width=\"600\" height=\"600\" class=\"gb-image gb-image-4d4dcda5\" src=\"https:\/\/sellfies.com\/wp-content\/uploads\/2025\/10\/selfies-train-ai.png\" alt=\"&amp;\" title=\"selfies train ai\" srcset=\"https:\/\/sellfies.com\/wp-content\/uploads\/2025\/10\/selfies-train-ai.png 600w, https:\/\/sellfies.com\/wp-content\/uploads\/2025\/10\/selfies-train-ai-300x300.png 300w, https:\/\/sellfies.com\/wp-content\/uploads\/2025\/10\/selfies-train-ai-150x150.png 150w\" sizes=\"auto, (max-width: 600px) 100vw, 600px\"><\/figure>\n\n<\/div>\n<\/div>\n<\/div><\/div>\n\n<div class=\"gb-container gb-container-ddf78055 uk-background-muted\"><div class=\"gb-inside-container\">\n<div class=\"gb-container gb-container-ac0c31f8\">\n\n<h2 class=\"gb-headline gb-headline-09692866 gb-headline-text uk-text-center\">Milyen kompenz\u00e1ci\u00f3ra sz\u00e1m\u00edthatsz?<\/h2>\n\n<\/div>\n\n<div class=\"gb-container gb-container-c644e2e4\">\n<div class=\"gb-container gb-container-75512e1a\">\n\n<div>\n                                                <div class=\"uk-child-width-1-2@m uk-grid-small uk-grid-match\" uk-grid>\n                                                                                            <div uk-scrollspy=\"cls: uk-animation-slide-bottom-small; delay: 200; repeat: false\">\n                                    <div class=\"uk-card uk-card-default uk-card-body uk-text-center price-box\">\n                                        <span align=\"center\" class=\"banner uk-background-secondary uk-text-white\" style=\"background-color: #f49ebc\"> \n                                            Legkisebb er\u0151fesz\u00edt\u00e9s \n                                        <\/span>\n                                        <dt>Minimum<\/dt>\n                                        <span class=\"text-price uk-text-emphasis uk-text-large\">\u20ac 7,50<\/span>\n                                        <div class=\"content\">\n                                            <p><!-- wp:paragraph --><\/p>\n<p>H\u00e9tk\u00f6znapi fot\u00f3k, amelyek term\u00e9szetesek \u00e9s megmutatj\u00e1k a st\u00edlusod. Egyszer\u0171, laza, k\u00f6nnyen elk\u00e9sz\u00edthet\u0151.<\/p>\n<p><!-- \/wp:paragraph --><\/p>\n                                        <\/div>\n                                    <\/div>\n                                <\/div> \n                                                                                            <div uk-scrollspy=\"cls: uk-animation-slide-bottom-small; delay: 200; repeat: false\">\n                                    <div class=\"uk-card uk-card-default uk-card-body uk-text-center price-box\">\n                                        <span align=\"center\" class=\"banner uk-background-secondary uk-text-white\" style=\"background-color: #6944ce\"> \n                                            Legt\u00f6bb bev\u00e9tel \n                                        <\/span>\n                                        <dt>Maximum<\/dt>\n                                        <span class=\"text-price uk-text-emphasis uk-text-large\">\u20ac 15,00<\/span>\n                                        <div class=\"content\">\n                                            <p><!-- wp:paragraph --><\/p>\n<p>T\u00f6lts fel n\u00e9h\u00e1ny fot\u00f3t, amelyek megmutatj\u00e1k a mer\u00e9szebb oldaladat. Ez mindig a te v\u00e1laszt\u00e1sod, a komfortszintednek megfelel\u0151en.<\/p>\n<p><!-- \/wp:paragraph --><\/p>\n                                        <\/div>\n                                    <\/div>\n                                <\/div> \n                                                    <\/div>\n                                            <\/div>\n\n<\/div>\n\n<div class=\"gb-container gb-container-a43b49be\">\n\n<p class=\"uk-text-secondary\">2 egyszer\u0171 csomaggal k\u00e9sz\u00fcl\u00fcnk, mindkett\u0151nek megvan a maga st\u00edlusa.<\/p>\n\n\n\n<p class=\"uk-text-secondary\">A kereseted a v\u00e1lasztott csomagt\u00f3l f\u00fcgg. A felt\u00f6lt\u00f6tt fot\u00f3k t\u00edpusa alapj\u00e1n t\u00f6rt\u00e9nik a fizet\u00e9s, amelyikkel komfortosan \u00e9rzed magad.<\/p>\n\n\n\n<p class=\"uk-text-secondary\">Te d\u00f6nt\u00f6d el, hogy melyik fot\u00f3kat t\u00f6lt\u00f6d fel, \u00e9s melyik csomag illik hozz\u00e1d a legjobban. Oszd meg, mi tetszik neked, \u00e9s keress p\u00e9nzt a j\u00f6v\u0151beli AI fejleszt\u00e9s\u00e9\u00e9rt.<\/p>\n\n\n<div class=\"gb-button-wrapper gb-button-wrapper-1aef189e\">\n\n<a class=\"gb-button gb-button-281814e5 gb-button-text button-effect\" href=\"https:\/\/my.sellfies.com\/hu\/register\">Fi\u00f3k l\u00e9trehoz\u00e1sa<\/a>\n\n<\/div>\n<\/div>\n<\/div>\n<\/div><\/div>\n\n<div class=\"gb-container gb-container-86a5b7a8 uk-background-muted\"><div class=\"gb-inside-container\">\n<div class=\"gb-container gb-container-fa76f420\">\n<div class=\"gb-container gb-container-a6210d3a\">\n\n<h2 class=\"gb-headline gb-headline-a1436818 gb-headline-text\">Terjeszd a h\u00edrt, \u00e9s szerezz jutalmat!<\/h2>\n\n\n\n<p class=\"uk-text-secondary\">Ismersz valakit, akinek tetszene a Sellfies haszn\u00e1lata? H\u00edvd meg \u0151ket az aj\u00e1nl\u00f3 linkeden kereszt\u00fcl, \u00e9s szerezz jutalmat, amikor eladnak.<\/p>\n\n\n\n<p class=\"uk-text-secondary\">Gyors, egyszer\u0171 \u00e9s kifizet\u0151d\u0151. \u00c9s nincs korl\u00e1tozva, hogy h\u00e1ny embert aj\u00e1nlhatsz.<\/p>\n\n\n\n<p class=\"uk-text-secondary\">Oszd meg a linkedet b\u00e1rhol, \u00e9s n\u00e9zd, ahogy a bev\u00e9teled minden sikeres aj\u00e1nl\u00e1ssal n\u00f6vekszik.<\/p>\n\n<\/div>\n\n<div class=\"gb-container gb-container-8edf0704\">\n\n<figure class=\"gb-block-image gb-block-image-71526a36\"><img loading=\"lazy\" decoding=\"async\" width=\"600\" height=\"600\" class=\"gb-image gb-image-71526a36\" src=\"https:\/\/sellfies.com\/wp-content\/uploads\/2025\/10\/sellfies-referral.png\" alt=\"&amp;\" title=\"sellfies-referral\" srcset=\"https:\/\/sellfies.com\/wp-content\/uploads\/2025\/10\/sellfies-referral.png 600w, https:\/\/sellfies.com\/wp-content\/uploads\/2025\/10\/sellfies-referral-300x300.png 300w, https:\/\/sellfies.com\/wp-content\/uploads\/2025\/10\/sellfies-referral-150x150.png 150w\" sizes=\"auto, (max-width: 600px) 100vw, 600px\"><\/figure>\n\n<\/div>\n<\/div>\n<\/div><\/div>\n\n<div class=\"gb-container gb-container-3468854c reviews\"><div class=\"gb-inside-container\">\n\n<div class=\"wp-block-columns is-layout-flex wp-container-core-columns-is-layout-9d6595d7 wp-block-columns-is-layout-flex\">\n<div class=\"wp-block-column uk-margin-large-top is-layout-flow wp-block-column-is-layout-flow\">\n<h2 class=\"gb-headline gb-headline-ba2b1883 gb-headline-text\">M\u00e1s n\u0151k a Sellfies-r\u0151l<\/h2>\n<\/div>\n<\/div>\n\n\n<div class=\"gb-grid-wrapper gb-grid-wrapper-163f4b68\">\n<div class=\"gb-grid-column gb-grid-column-9864fee8\"><div class=\"gb-container gb-container-9864fee8 uk-card uk-card-default\"><div class=\"gb-inside-container\">\n\n<p>Ideges voltam, mert f\u00e9ltem, hogy nem kapok fizet\u00e9st. Ma megkaptam a p\u00e9nzemet, \u00e9s el\u00e9g k\u00f6nny\u0171 volt! A p\u00e9nzre most nagy sz\u00fcks\u00e9g van, \u00edgy ez egy fantasztikus \u00e9lm\u00e9ny volt. Minden e-mailt, amit k\u00fcldtem nekik, gyorsan megv\u00e1laszolt\u00e1k. K\u00f6sz\u00f6nj\u00fck Sellfies!<\/p>\n\n\n\n<p>&#8211; <a href=\"https:\/\/www.trustpilot.com\/reviews\/63605f83252cba2c02cb65da\" data-type=\"link\" data-id=\"https:\/\/www.trustpilot.com\/reviews\/63605f83252cba2c02cb65da\" target=\"_blank\" rel=\"noopener\">Delise, USA<\/a><\/p>\n\n\n\n<div class=\"gb-headline gb-headline-b6257b22\"><span class=\"gb-icon\"><svg xmlns=\"http:\/\/www.w3.org\/2000\/svg\" viewBox=\"0 0 32 32\" fill=\"#000000\"><g stroke-width=\"0\" id=\"SVGRepo_bgCarrier\"><\/g><g stroke-linejoin=\"round\" stroke-linecap=\"round\" id=\"SVGRepo_tracerCarrier\"><\/g><g id=\"SVGRepo_iconCarrier\"><path d=\"M16 4.588l2.833 8.719H28l-7.416 5.387 2.832 8.719L16 22.023l-7.417 5.389 2.833-8.719L4 13.307h9.167L16 4.588z\"><\/path><\/g><\/svg><\/span><span class=\"gb-headline-text\"><a href=\"https:\/\/www.trustpilot.com\/reviews\/63605f83252cba2c02cb65da\" data-type=\"URL\" data-id=\"https:\/\/www.trustpilot.com\/reviews\/63605f83252cba2c02cb65da\" target=\"_blank\" rel=\"noreferrer noopener\">Trustpilot<\/a><\/span><\/div>\n\n<\/div><\/div><\/div>\n\n<div class=\"gb-grid-column gb-grid-column-fa7df162\"><div class=\"gb-container gb-container-fa7df162 uk-card uk-card-default\"><div class=\"gb-inside-container\">\n\n<p>K\u00f6vettem az ir\u00e1nyelveket, felt\u00f6lt\u00f6ttem a k\u00e9peket, f\u00e9l \u00f3r\u00e1n bel\u00fcl j\u00f3v\u00e1hagyt\u00e1k \u0151ket, \u00e9s 2 nap m\u00falva (mivel h\u00e9tv\u00e9ge volt) ki is fizettek.<\/p>\n\n\n\n<p>&#8211; <a href=\"https:\/\/www.trustpilot.com\/reviews\/6315b6396a3e1ed2c3c9efe4\" data-type=\"link\" data-id=\"https:\/\/www.trustpilot.com\/reviews\/6315b6396a3e1ed2c3c9efe4\" target=\"_blank\" rel=\"noopener\">Angela, Szerbia<\/a><\/p>\n\n\n\n<div class=\"gb-headline gb-headline-02382501\"><span class=\"gb-icon\"><svg xmlns=\"http:\/\/www.w3.org\/2000\/svg\" viewBox=\"0 0 32 32\" fill=\"#000000\"><g stroke-width=\"0\" id=\"SVGRepo_bgCarrier\"><\/g><g stroke-linejoin=\"round\" stroke-linecap=\"round\" id=\"SVGRepo_tracerCarrier\"><\/g><g id=\"SVGRepo_iconCarrier\"><path d=\"M16 4.588l2.833 8.719H28l-7.416 5.387 2.832 8.719L16 22.023l-7.417 5.389 2.833-8.719L4 13.307h9.167L16 4.588z\"><\/path><\/g><\/svg><\/span><span class=\"gb-headline-text\"><a href=\"https:\/\/www.trustpilot.com\/reviews\/6315b6396a3e1ed2c3c9efe4\" target=\"_blank\" data-type=\"URL\" data-id=\"https:\/\/www.trustpilot.com\/reviews\/63605f83252cba2c02cb65da\" rel=\"noreferrer noopener\">Trustpilot<\/a><\/span><\/div>\n\n<\/div><\/div><\/div>\n\n<div class=\"gb-grid-column gb-grid-column-c7ac6271\"><div class=\"gb-container gb-container-c7ac6271 uk-card uk-card-default\"><div class=\"gb-inside-container\">\n\n<p>Olyan szerencs\u00e9s vagyok, hogy megtal\u00e1ltam Sellfies-t! Nagyon k\u00f6nny\u0171 volt mindent v\u00e9gigcsin\u00e1lni, \u00e9s nagyon gyorsan ki is fizettek. \u00c9s ki ne szeretne egy kis plusz p\u00e9nzt? Mindig sz\u00e1m\u00edthatsz r\u00e1m!<\/p>\n\n\n\n<p>&#8211; <a href=\"https:\/\/www.trustpilot.com\/reviews\/631058ce7f7a8621ee4f303f\" data-type=\"link\" data-id=\"https:\/\/www.trustpilot.com\/reviews\/631058ce7f7a8621ee4f303f\" target=\"_blank\" rel=\"noopener\">Mina, G\u00f6r\u00f6gorsz\u00e1g<\/a><\/p>\n\n\n\n<div class=\"gb-headline gb-headline-7fdddcb6\"><span class=\"gb-icon\"><svg xmlns=\"http:\/\/www.w3.org\/2000\/svg\" viewBox=\"0 0 32 32\" fill=\"#000000\"><g stroke-width=\"0\" id=\"SVGRepo_bgCarrier\"><\/g><g stroke-linejoin=\"round\" stroke-linecap=\"round\" id=\"SVGRepo_tracerCarrier\"><\/g><g id=\"SVGRepo_iconCarrier\"><path d=\"M16 4.588l2.833 8.719H28l-7.416 5.387 2.832 8.719L16 22.023l-7.417 5.389 2.833-8.719L4 13.307h9.167L16 4.588z\"><\/path><\/g><\/svg><\/span><span class=\"gb-headline-text\"><a href=\"https:\/\/www.trustpilot.com\/reviews\/631058ce7f7a8621ee4f303f\" target=\"_blank\" data-type=\"URL\" data-id=\"https:\/\/www.trustpilot.com\/reviews\/63605f83252cba2c02cb65da\" rel=\"noreferrer noopener\">Trustpilot<\/a><\/span><\/div>\n\n<\/div><\/div><\/div>\n<\/div>\n<\/div><\/div>\n\n<div class=\"gb-container gb-container-8e7766e7 faq\"><div class=\"gb-inside-container\">\n\n<div class=\"wp-block-columns is-layout-flex wp-container-core-columns-is-layout-9d6595d7 wp-block-columns-is-layout-flex\">\n<div class=\"wp-block-column is-layout-flow wp-block-column-is-layout-flow\">\n<h2 class=\"gb-headline gb-headline-d093903a gb-headline-text\">Minden k\u00e9rd\u00e9sre van v\u00e1laszunk<\/h2>\n\n\n\n<div style=\"height:18px\" aria-hidden=\"true\" class=\"wp-block-spacer\"><\/div>\n\n\n\n<p class=\"gb-headline gb-headline-3118a45b gb-headline-text\">Tov\u00e1bbi inform\u00e1ci\u00f3k\u00e9rt k\u00e9rj\u00fck, tekintse meg a <a href=\"https:\/\/sellfies.com\/hu\/faqs\/\" data-type=\"URL\" data-id=\"https:\/\/sellfies.com\/faqs\/\">Gyakran Ism\u00e9telt K\u00e9rd\u00e9sek<\/a> c\u00edm\u0171 dokumentumot.<\/p>\n<\/div>\n\n\n\n<div class=\"wp-block-column is-layout-flow wp-block-column-is-layout-flow\">\n<p><strong>Milyen n\u0151ket keres a Sellfies?<\/strong><\/p>\n\n\n\n<p>Mindenf\u00e9le alkat\u00fa, m\u00e9ret\u0171 \u00e9s kor\u00fa n\u0151t keres\u00fcnk. Nem professzion\u00e1lisan be\u00e1ll\u00edtott modellekre \u00e9s st\u00fadi\u00f3fot\u00f3kra v\u00e1gyunk.<\/p>\n\n\n\n<p>Igazi n\u0151ket keres\u00fcnk, val\u00f3di fot\u00f3kkal. Azok a h\u00f6lgyek, akik j\u00f3l \u00e9rzik magukat a fot\u00f3kon, \u00e9s magabiztosak \u00f6nmagukban \u00e9s a test\u00fckben, k\u00e9rj\u00fck, \u00e9rezz\u00e9k j\u00f3l magukat!<\/p>\n\n\n\n<p><strong>Jelentkezhetek, ha \u00e9rett n\u0151 vagyok?<\/strong><\/p>\n\n\n\n<p>Igen! Igen, k\u00e9rlek! Te pontosan a megfelel\u0151 modell vagy sz\u00e1munkra. Te \u00e9s a tested \u00e9rettek vagytok. \u00dagy gondoljuk, hogy ez dics\u00e9retes \u00e9s b\u00fcszkes\u00e9gre m\u00e9lt\u00f3. Semmik\u00e9ppen ne f\u00e9lj regisztr\u00e1lni!<\/p>\n\n\n\n<p><strong>N\u00e9vtelen maradhatok?<\/strong><\/p>\n\n\n\n<p>A n\u00e9vtelens\u00e9g kulcsfontoss\u00e1g\u00fa r\u00e9sze a Sellfies-nek. Mindent megtesz\u00fcnk az\u00e9rt, hogy n\u00e9vtelen maradhass. A neved vagy m\u00e1s szem\u00e9lyes adatod soha nem haszn\u00e1ljuk fel, kiv\u00e9ve a fizet\u00e9si \u00e9s nyilv\u00e1ntart\u00e1si k\u00f6telezetts\u00e9geket.<\/p>\n\n\n\n<p><strong>Hogyan haszn\u00e1lj\u00e1k fel a k\u00e9peimet \u00e9s mire?<\/strong><\/p>\n\n\n\n<p>A fot\u00f3idat arra haszn\u00e1ljuk, hogy megtan\u00edtsuk az AI rendszereket a vil\u00e1g jobb \u00e9rz\u00e9kel\u00e9s\u00e9re \u00e9s meg\u00e9rt\u00e9s\u00e9re. N\u00e9h\u00e1nyat kutat\u00e1sokban vagy kreat\u00edv projektekben is felhaszn\u00e1lhatunk, amelyekhez val\u00f3s, mindennapi k\u00e9pekre van sz\u00fcks\u00e9g. Soha nem lesznek l\u00e1that\u00f3k a keres\u0151motorokban vagy a k\u00f6z\u00f6ss\u00e9gi m\u00e9di\u00e1ban, \u00e9s a szem\u00e9lyes adataidat soha nem osztjuk meg.<\/p>\n<\/div>\n<\/div>\n\n<\/div><\/div>\n\n<div class=\"gb-container gb-container-686c4b9c parallax large uk-position-relative\"><div class=\"gb-inside-container\">\n<div class=\"gb-container gb-container-9029c7e0\"><div class=\"gb-inside-container\">\n\n<div class=\"gb-headline gb-headline-cd3a9929 gb-headline-text\">Szerezz fizet\u00e9st a szelfijeid\u00e9rt m\u00e9g ma!<\/div>\n\n\n\n<div class=\"gb-headline gb-headline-490c1d3d gb-headline-text\">K\u00fcldj be fot\u00f3kat magadr\u00f3l, \u00e9s keress p\u00e9nzt vel\u00fck!<\/div>\n\n\n\n<a class=\"gb-button gb-button-8057e95d gb-button-text button-effect uk-align-center\" href=\"https:\/\/my.sellfies.com\/hu\/register\">Fi\u00f3k l\u00e9trehoz\u00e1sa<\/a>\n\n<\/div><\/div>\n<\/div><\/div>\n\n<div class=\"gb-container gb-container-459edfe3 blog uk-background-muted\"><div class=\"gb-inside-container\">\n<div class=\"gb-container gb-container-e9eb410a\"><div class=\"gb-inside-container\">\n\n<div class=\"wp-block-columns is-layout-flex wp-container-core-columns-is-layout-9d6595d7 wp-block-columns-is-layout-flex\">\n<div class=\"wp-block-column is-layout-flow wp-block-column-is-layout-flow\" style=\"flex-basis:33.33%\">\n<h2 class=\"gb-headline gb-headline-1e353e80 gb-headline-text\">Olvasd el leg\u00fajabb blogbejegyz\u00e9seinket!<\/h2>\n<\/div>\n\n\n\n<div class=\"wp-block-column is-layout-flow wp-block-column-is-layout-flow\" style=\"flex-basis:66.66%\">\n<div class=\"gb-grid-wrapper gb-grid-wrapper-25c55912 gb-query-loop-wrapper\"><\/div>\n<\/div>\n<\/div>\n\n<\/div><\/div>\n<\/div><\/div>","protected":false},"excerpt":{"rendered":"","protected":false},"author":5,"featured_media":0,"parent":0,"menu_order":0,"comment_status":"closed","ping_status":"closed","template":"","meta":{"_acf_changed":false,"footnotes":""},"class_list":["post-8926","page","type-page","status-publish"],"acf":[],"_links":{"self":[{"href":"https:\/\/sellfies.com\/hu\/wp-json\/wp\/v2\/pages\/8926","targetHints":{"allow":["GET"]}}],"collection":[{"href":"https:\/\/sellfies.com\/hu\/wp-json\/wp\/v2\/pages"}],"about":[{"href":"https:\/\/sellfies.com\/hu\/wp-json\/wp\/v2\/types\/page"}],"author":[{"embeddable":true,"href":"https:\/\/sellfies.com\/hu\/wp-json\/wp\/v2\/users\/5"}],"replies":[{"embeddable":true,"href":"https:\/\/sellfies.com\/hu\/wp-json\/wp\/v2\/comments?post=8926"}],"version-history":[{"count":9,"href":"https:\/\/sellfies.com\/hu\/wp-json\/wp\/v2\/pages\/8926\/revisions"}],"predecessor-version":[{"id":9969,"href":"https:\/\/sellfies.com\/hu\/wp-json\/wp\/v2\/pages\/8926\/revisions\/9969"}],"wp:attachment":[{"href":"https:\/\/sellfies.com\/hu\/wp-json\/wp\/v2\/media?parent=8926"}],"curies":[{"name":"wp","href":"https:\/\/api.w.org\/{rel}","templated":true}]}}