{"id":8979,"date":"2023-01-10T02:08:17","date_gmt":"2023-01-10T02:08:17","guid":{"rendered":"https:\/\/sellfies.com\/adatvedelmi-iranyelvek\/"},"modified":"2025-11-21T09:28:38","modified_gmt":"2025-11-21T09:28:38","slug":"adatvedelmi-iranyelvek","status":"publish","type":"page","link":"https:\/\/sellfies.com\/hu\/adatvedelmi-iranyelvek\/","title":{"rendered":"Adatv\u00e9delmi ir\u00e1nyelvek"},"content":{"rendered":"\n<p>Ez az adatv\u00e9delmi nyilatkozat le\u00edrja, hogyan kezelj\u00fck az \u00d6n \u00e1ltal vel\u00fcnk megosztott inform\u00e1ci\u00f3kat \u00e9s adatokat annak \u00e9rdek\u00e9ben, hogy lehet\u0151v\u00e9 tegy\u00fck \u00d6nnek szolg\u00e1ltat\u00e1saink optim\u00e1lis haszn\u00e1lat\u00e1t. C\u00e9g\u00fcnk, a AIA Digital B.V. (&#8222;Sellfies&#8221;) egy holland korl\u00e1tolt felel\u0151ss\u00e9g\u0171 t\u00e1rsas\u00e1g, amelynek bejegyzett c\u00edme Dambroeken 6, 9411 SG, Beilen, Hollandia \u00e9s c\u00e9gjegyz\u00e9ksz\u00e1ma 85414379. A Sellfies a https:\/\/sellfies.com weboldalon (&#8222;Platform&#8221;) \u00fczemeltet egy weboldalt, ahov\u00e1 a felhaszn\u00e1l\u00f3k k\u00e9peket t\u00f6lthetnek fel magukr\u00f3l.<\/p>\n\n\n\n<p>Az \u00d6n \u00e1ltalunk megadott vagy egy\u00e9bk\u00e9nt birtokunkban l\u00e9v\u0151 szem\u00e9lyes adatait a jelen Adatv\u00e9delmi nyilatkozatban meghat\u00e1rozott m\u00f3don \u00e9s c\u00e9lokra kezelj\u00fck. Az \u00d6n szem\u00e9lyes adatainak gy\u0171jt\u00e9se \u00e9s feldolgoz\u00e1sa az alkalmazand\u00f3 adatv\u00e9delmi jogszab\u00e1lyoknak, k\u00fcl\u00f6n\u00f6sen az Eur\u00f3pai Parlament \u00e9s a Tan\u00e1cs (EU) 2016\/679 rendelet\u00e9nek, az \u00e1ltal\u00e1nos adatv\u00e9delmi rendeletnek (&#8222;GDPR&#8221;) \u00e9s b\u00e1rmely m\u00e1s alkalmazand\u00f3 helyi adatv\u00e9delmi t\u00f6rv\u00e9nynek megfelel\u0151en t\u00f6rt\u00e9nik.<\/p>\n\n\n\n<p>Ez az Adatv\u00e9delmi nyilatkozat \u00d6nre vonatkozik, ha \u00d6n a Platformunk felhaszn\u00e1l\u00f3ja. Minden felhaszn\u00e1l\u00f3nkat arra biztatjuk, hogy figyelmesen olvassa el az Adatv\u00e9delmi nyilatkozatot. Szeretn\u00e9nk minden inform\u00e1ci\u00f3t a lehet\u0151 leg\u00e9rthet\u0151bb m\u00f3don \u00e1tadni \u00d6nnek. Ha azonban valami nem lenne vil\u00e1gos, sz\u00edvesen elmagyar\u00e1zzuk a jelen Adatv\u00e9delmi nyilatkozatban szerepl\u0151 b\u00e1rmelyik kifejez\u00e9st vagy sz\u00f6vegr\u00e9szt.<\/p>\n\n\n\n<h3 class=\"wp-block-heading\"><strong>1. Ki az \u00d6n adatainak adatkezel\u0151je?<\/strong><\/h3>\n\n\n\n<p>Az \u00d6n szem\u00e9lyes adatainak adatkezel\u0151je a AIA Digital B.V. (&#8222;T\u00e1rsas\u00e1g&#8221; vagy &#8222;mi&#8221;).<\/p>\n\n\n\n<p>Amennyiben az adatainak feldolgoz\u00e1s\u00e1val kapcsolatban k\u00e9r\u00e9se van, vagy ha az al\u00e1bbi 4. pontban meghat\u00e1rozott jogait k\u00edv\u00e1nja gyakorolni, k\u00e9rj\u00fck, k\u00fcldj\u00f6n nek\u00fcnk e-mailt a <a href=\"mailto:info@sellfies.com\">info@sellfies.com<\/a> c\u00edmre.<\/p>\n\n\n\n<h3 class=\"wp-block-heading\"><strong>2. Milyen szem\u00e9lyes adatokat gy\u0171jt\u00fcnk \u00d6nr\u0151l? Milyen c\u00e9lb\u00f3l \u00e9s mennyi ideig gy\u0171jtj\u00fck az adatokat?<\/strong><\/h3>\n\n\n\n<p>Az \u00d6n szem\u00e9lyes adatait csak az \u00d6n sz\u00e1m\u00e1ra ny\u00fajtott szolg\u00e1ltat\u00e1saink (pl. a Platform \u00fczemeltet\u00e9se) vagy az al\u00e1bbiakban meghat\u00e1rozott egy\u00e9b kapcsol\u00f3d\u00f3 adatkezel\u00e9si c\u00e9lok \u00e1ltal meghat\u00e1rozott m\u00e9rt\u00e9kben kezelj\u00fck.  <\/p>\n\n\n\n<p><strong>2.1.  <\/strong>A Platformra t\u00f6rt\u00e9n\u0151 regisztr\u00e1ci\u00f3 c\u00e9lj\u00e1b\u00f3l feldolgozzuk az \u00d6n szem\u00e9lyes adatait a nem, szexu\u00e1lis ir\u00e1nyults\u00e1g, sz\u00fclet\u00e9si d\u00e1tum, lak\u00f3hely, felhaszn\u00e1l\u00f3n\u00e9v, e-mail c\u00edm, jelsz\u00f3 (egy\u00fcttesen &#8222;Szem\u00e9lyes adatok&#8221;) tekintet\u00e9ben; ezek az adatok az \u00d6n profilj\u00e1nak l\u00e9trehoz\u00e1s\u00e1hoz sz\u00fcks\u00e9gesek.<\/p>\n\n\n\n<p>A fent eml\u00edtett adatok feldolgoz\u00e1s\u00e1nak els\u0151dleges jogalapja a szerz\u0151d\u00e9s teljes\u00edt\u00e9se (azaz szolg\u00e1ltat\u00e1saink ny\u00fajt\u00e1sa), amelynek \u00d6n a regisztr\u00e1ci\u00f3s folyamat lez\u00e1r\u00e1sakor v\u00e1lik r\u00e9szes\u00e9v\u00e9. A szem\u00e9lyes adatokat a szerz\u0151d\u00e9ses kapcsolat id\u0151tartama alatt \u00e9s valamikor azt k\u00f6vet\u0151en jogi k\u00f6telezetts\u00e9geink teljes\u00edt\u00e9se \u00e9s jogos \u00e9rdekeink szolg\u00e1lata \u00e9rdek\u00e9ben kezelj\u00fck. \u00c1ltal\u00e1nos gyakorlat szerint ez a hat\u00e1rid\u0151 nem haladja meg a szerz\u0151d\u00e9ses k\u00f6telezetts\u00e9gek megsz\u0171n\u00e9s\u00e9t\u0151l sz\u00e1m\u00edtott h\u00e1rom \u00e9vet, de az egyedi esetben indokolt esetben hosszabb is lehet.<\/p>\n\n\n\n<p>A szem\u00e9lyes adatok k\u00fcl\u00f6nleges kateg\u00f3ri\u00e1inak feldolgoz\u00e1s\u00e1nak jogalapja az \u00d6n \u00e1ltal adott hozz\u00e1j\u00e1rul\u00e1s. Az \u00d6n szem\u00e9lyes adatait a hozz\u00e1j\u00e1rul\u00e1s id\u0151tartama alatt kezelj\u00fck.<\/p>\n\n\n\n<p><strong>2.2.  <\/strong>Szolg\u00e1ltat\u00e1saink ny\u00fajt\u00e1sa (azaz a Platform \u00fczemeltet\u00e9se) \u00e9s a t\u00f6bbi felhaszn\u00e1l\u00f3val val\u00f3 kommunik\u00e1ci\u00f3 lehet\u0151v\u00e9 t\u00e9tele c\u00e9lj\u00e1b\u00f3l a k\u00f6vetkez\u0151 inform\u00e1ci\u00f3kat dolgozhatjuk fel:<\/p>\n\n\n\n<ul class=\"wp-block-list\">\n<li>A regisztr\u00e1ci\u00f3 sor\u00e1n a fentiek szerint kit\u00f6lt\u00f6tt szem\u00e9lyes adatok;<\/li>\n\n\n\n<li>fizet\u00e9si r\u00e9szletek;  <\/li>\n\n\n\n<li>f\u00e9nyk\u00e9pes tartalom; \u00e9s<\/li>\n\n\n\n<li>minden egy\u00e9b szem\u00e9lyes adat, amelyet a profilja kezel\u00e9se sor\u00e1n hozz\u00e1adhat &#8211; p\u00e9ld\u00e1ul k\u00e9pek, a megjelen\u00e9s\u00e9vel kapcsolatos inform\u00e1ci\u00f3k (magass\u00e1g, hajsz\u00edn, tetov\u00e1l\u00e1s, testalkat, szemsz\u00edn, piercing) vagy b\u00e1rmely m\u00e1s kapcsol\u00f3d\u00f3 szem\u00e9lyes adat, amelyet \u00f6nk\u00e9ntesen megoszt vel\u00fcnk (&#8222;V\u00e1laszthat\u00f3 szem\u00e9lyes adatok&#8221;).<\/li>\n<\/ul>\n\n\n\n<p>Felh\u00edvjuk figyelm\u00e9t, hogy az ebben a szakaszban eml\u00edtett adatokat nem adjuk ki, nem tov\u00e1bb\u00edtjuk \u00e9s nem adjuk el harmadik f\u00e9lnek, \u00e9s azokat Hollandi\u00e1ban tal\u00e1lhat\u00f3 szervereken t\u00e1roljuk.  <\/p>\n\n\n\n<p>Az adatkezel\u00e9s jogalapja egy olyan szerz\u0151d\u00e9s teljes\u00edt\u00e9se (azaz szolg\u00e1ltat\u00e1saink ny\u00fajt\u00e1sa), amelynek \u00d6n a szerz\u0151d\u0151 fele. A szem\u00e9lyes adatokat a szerz\u0151d\u00e9ses jogviszony fenn\u00e1ll\u00e1s\u00e1nak id\u0151tartama alatt \u00e9s valamikor azt k\u00f6vet\u0151en jogi k\u00f6telezetts\u00e9geink teljes\u00edt\u00e9se \u00e9s jogos \u00e9rdekeink szolg\u00e1lata \u00e9rdek\u00e9ben kezelj\u00fck.  <\/p>\n\n\n\n<p>Ha a fent eml\u00edtett adatok (k\u00fcl\u00f6n\u00f6sen a fakultat\u00edv szem\u00e9lyes adatok) a GDPR szerinti &#8222;szem\u00e9lyes adatok k\u00fcl\u00f6nleges kateg\u00f3ri\u00e1inak&#8221; fogalommeghat\u00e1roz\u00e1sa al\u00e1 tartoznak (azaz a faji vagy etnikai sz\u00e1rmaz\u00e1sra, politikai v\u00e9lem\u00e9nyre, vall\u00e1si vagy vil\u00e1gn\u00e9zeti meggy\u0151z\u0151d\u00e9sre vagy szakszervezeti tags\u00e1gra utal\u00f3 szem\u00e9lyes adatok, genetikai adatok, egy term\u00e9szetes szem\u00e9ly egyedi azonos\u00edt\u00e1s\u00e1ra szolg\u00e1l\u00f3 biometrikus adatok, eg\u00e9szs\u00e9g\u00fcgyi adatok vagy egy term\u00e9szetes szem\u00e9ly szexu\u00e1lis \u00e9let\u00e9re vagy szexu\u00e1lis ir\u00e1nyults\u00e1g\u00e1ra vonatkoz\u00f3 adatok), az ilyen adatkezel\u00e9s jogalapja az \u00d6n \u00e1ltal megadott hozz\u00e1j\u00e1rul\u00e1s. Az \u00d6n szem\u00e9lyes adatait a hozz\u00e1j\u00e1rul\u00e1s id\u0151tartama alatt kezelj\u00fck, kiv\u00e9ve, ha \u00d6n felszabad\u00edtott bizonyos adatv\u00e9delmi jogokat.<\/p>\n\n\n\n<p><strong>2.3.<\/strong>  Szolg\u00e1ltat\u00e1saink n\u00e9pszer\u0171s\u00edt\u00e9se c\u00e9lj\u00e1b\u00f3l elektronikus \u00faton (pl. e-mailben) az \u00d6n el\u0151zetes hozz\u00e1j\u00e1rul\u00e1sa n\u00e9lk\u00fcl is felvehetj\u00fck \u00d6nnel a kapcsolatot. \u00d6n azonban b\u00e1rmikor megtagadhatja az ilyen jelleg\u0171 marketingkommunik\u00e1ci\u00f3 fogad\u00e1s\u00e1t (azaz lemondhat az ilyen \u00fczenetekr\u0151l &#8211; ez a lehet\u0151s\u00e9g minden h\u00edrlev\u00e9lben szerepel). Az \u00d6n el\u00e9rhet\u0151s\u00e9gi adatait a szerz\u0151d\u00e9ses kapcsolat fenn\u00e1ll\u00e1s\u00e1nak id\u0151tartama alatt kezelj\u00fck, kiv\u00e9ve, ha \u00d6n lemond err\u0151l.<\/p>\n\n\n\n<p><strong>2.4.  <\/strong>M\u00e1s esetekben, p\u00e9ld\u00e1ul m\u00e1s szolg\u00e1ltat\u00e1sokkal kapcsolatos marketingkommunik\u00e1ci\u00f3 eset\u00e9n, vagy ha az \u00d6n k\u00fcl\u00f6nleges \u00e9rdekl\u0151d\u00e9si k\u00f6r\u00e9re \u00e9s ig\u00e9nyeire szabott \u00fczeneteket k\u00fcld\u00fcnk, szem\u00e9lyes adatait az \u00d6n hozz\u00e1j\u00e1rul\u00e1sa alapj\u00e1n kezelhetj\u00fck. Az \u00d6n szem\u00e9lyes adatait a hozz\u00e1j\u00e1rul\u00e1s id\u0151tartama alatt kezelj\u00fck.<\/p>\n\n\n\n<p><strong>2.5.<\/strong>  Az informatikai rendszerek \u00e9s h\u00e1l\u00f3zatok biztons\u00e1g\u00e1nak garant\u00e1l\u00e1sa \u00e9rdek\u00e9ben a k\u00f6vetkez\u0151 adatokat kezelhetj\u00fck: felhaszn\u00e1l\u00f3n\u00e9v, jelsz\u00f3, napl\u00f3k \u00e9s s\u00fctik (tov\u00e1bbi inform\u00e1ci\u00f3k a 8. pontban), valamint automatikusan gener\u00e1lt inform\u00e1ci\u00f3k (pl. az \u00d6n \u00e1ltal haszn\u00e1lt eszk\u00f6z t\u00edpusa, az eszk\u00f6z IP-c\u00edme, az \u00d6n \u00e1ltal haszn\u00e1lt oper\u00e1ci\u00f3s rendszer, az \u00d6n \u00e1ltal haszn\u00e1lt b\u00f6ng\u00e9sz\u0151szoftver). Az ilyen feldolgoz\u00e1s jogalapja a mi vagy egy harmadik f\u00e9l jogos \u00e9rdeke. A szem\u00e9lyes adatok feldolgoz\u00e1sa a szerz\u0151d\u00e9ses jogviszony fenn\u00e1ll\u00e1s\u00e1nak id\u0151tartam\u00e1ra t\u00f6rt\u00e9nik.<\/p>\n\n\n\n<p><strong>2.6<\/strong> Ezenk\u00edv\u00fcl a fent eml\u00edtett adatok egy r\u00e9sz\u00e9t (pl. a fizet\u00e9si adatokat) a j\u00f6v\u0151beni esetleges k\u00f6vetel\u00e9sekre tekintettel feldolgozhatjuk \u00e9s t\u00e1rolhatjuk. Ez az adatkezel\u00e9s a mi vagy egy harmadik f\u00e9l jogos \u00e9rdek\u00e9n alapul, mivel sz\u00fcks\u00e9g\u00fcnk lehet a bizony\u00edt\u00e9kok meg\u0151rz\u00e9s\u00e9re az esetlegesen felmer\u00fcl\u0151 jogvit\u00e1khoz. A szem\u00e9lyes adatokat az e c\u00e9l el\u00e9r\u00e9s\u00e9hez sz\u00fcks\u00e9ges ideig, de legfeljebb a t\u00f6rv\u00e9nyes el\u00e9v\u00fcl\u00e9si id\u0151 kezdet\u00e9t\u0151l sz\u00e1m\u00edtott t\u00edz \u00e9vig kezelj\u00fck az egyes esetekben.<\/p>\n\n\n\n<h3 class=\"wp-block-heading\"><strong>3 <\/strong>Kivel osztjuk meg az \u00d6n szem\u00e9lyes adatait?  <\/h3>\n\n\n\n<p>Az \u00d6n \u00e1ltal a Platformon kereszt\u00fcl megadott szem\u00e9lyes adatok term\u00e9szetesen megoszt\u00e1sra ker\u00fclnek a Platform t\u00f6bbi felhaszn\u00e1l\u00f3j\u00e1val.<\/p>\n\n\n\n<p>Az \u00d6n szem\u00e9lyes adatai az \u00e1ltalunk feldolgozott m\u00e9rt\u00e9kben tov\u00e1bb\u00edthat\u00f3k a csoportunkon bel\u00fcli m\u00e1s adatkezel\u0151knek feldolgoz\u00e1s c\u00e9lj\u00e1b\u00f3l, ha ez bels\u0151 adminisztrat\u00edv c\u00e9lokb\u00f3l sz\u00fcks\u00e9ges.<\/p>\n\n\n\n<p>Ezen t\u00falmen\u0151en az \u00d6n szem\u00e9lyes adatai tov\u00e1bb\u00edthat\u00f3k olyan harmadik feleknek, akik adminisztrat\u00edv vagy technikai t\u00e1mogat\u00e1st ny\u00fajtanak nek\u00fcnk, \u00e9s marketing \u00fczleti tev\u00e9kenys\u00e9get biztos\u00edtanak sz\u00e1munkra ( azaz az adatfeldolgoz\u00f3knak &#8211; &#8222;adatfeldolgoz\u00f3&#8221;: olyan term\u00e9szetes vagy jogi szem\u00e9ly, hat\u00f3s\u00e1g, \u00fcgyn\u00f6ks\u00e9g vagy m\u00e1s szerv, amely a szem\u00e9lyes adatokat a mi, az adatkezel\u0151 nev\u00e9ben dolgozza fel). Szem\u00e9lyes adatait megoszthatjuk a fizet\u00e9si int\u00e9zm\u00e9nyekkel is, ami a Platformon t\u00f6rt\u00e9n\u0151 biztons\u00e1gos kreditv\u00e1s\u00e1rl\u00e1s biztos\u00edt\u00e1s\u00e1hoz sz\u00fcks\u00e9ges.<\/p>\n\n\n\n<p>Ezen t\u00falmen\u0151en szem\u00e9lyes adatait megoszthatjuk a korm\u00e1nyzati hat\u00f3s\u00e1gokkal vagy b\u0171n\u00fcld\u00f6z\u0151 szervekkel, ha azt a t\u00f6rv\u00e9ny el\u0151\u00edrja, k\u00fcls\u0151 tan\u00e1csad\u00f3kkal \u00e9s m\u00e1s, titoktart\u00e1si k\u00f6telezetts\u00e9ggel rendelkez\u0151 szem\u00e9lyzettel.<\/p>\n\n\n\n<p>Csak korl\u00e1tozott sz\u00e1m\u00fa alkalmazottunk f\u00e9rhet hozz\u00e1 az \u00d6n szem\u00e9lyes adataihoz. A munkav\u00e1llal\u00f3k k\u00f6telesek szem\u00e9lyes adataikat \u00e9s az azok v\u00e9delme \u00e9rdek\u00e9ben tett int\u00e9zked\u00e9seket szigor\u00faan bizalmasan kezelni. Csak kifejezett utas\u00edt\u00e1saink alapj\u00e1n jogosultak szem\u00e9lyes adatokat kezelni.  <\/p>\n\n\n\n<p>Nem tov\u00e1bb\u00edtjuk az \u00d6n szem\u00e9lyes adatait az EU-n\/ EGT-n k\u00edv\u00fcli orsz\u00e1gokba.<\/p>\n\n\n\n<h3 class=\"wp-block-heading\">4. Milyen jogai vannak a feldolgoz\u00e1ssal kapcsolatban?<\/h3>\n\n\n\n<p>Ha \u00d6n hozz\u00e1j\u00e1rul\u00e1s\u00e1t adja nek\u00fcnk szem\u00e9lyes adatainak feldolgoz\u00e1s\u00e1hoz, akkor ezt teljes m\u00e9rt\u00e9kben \u00f6nk\u00e9ntesen teszi, \u00e9s ez\u00e9rt joga van ahhoz, hogy a hozz\u00e1j\u00e1rul\u00e1s\u00e1t b\u00e1rmikor visszavonja vagy korl\u00e1tozza a jelen Adatv\u00e9delmi t\u00e1j\u00e9koztat\u00f3ban eml\u00edtett el\u00e9rhet\u0151s\u00e9geinken kereszt\u00fcl. Ha ezt megteszi, le\u00e1ll\u00edtjuk az \u00e9rintett szem\u00e9lyes adatok feldolgoz\u00e1s\u00e1t azokon a c\u00e9lokon, amelyekre a hozz\u00e1j\u00e1rul\u00e1st visszavont\u00e1k. Kiv\u00e9ve, ha \u00d6n a k\u00e9pm\u00e1s\u00e1val kapcsolatos jogait \u00e1tadta nek\u00fcnk.<\/p>\n\n\n\n<p>\u00d6n jogosult arra, hogy hozz\u00e1f\u00e9rjen szem\u00e9lyes adataihoz, \u00e9s m\u00e1solatot k\u00e9rjen azokr\u00f3l. \u00d6nnek joga van tov\u00e1bb\u00e1 k\u00e9rni t\u0151l\u00fcnk szem\u00e9lyes adatainak helyesb\u00edt\u00e9s\u00e9t, z\u00e1rol\u00e1s\u00e1t, kieg\u00e9sz\u00edt\u00e9s\u00e9t \u00e9s t\u00f6rl\u00e9s\u00e9t, azok feldolgoz\u00e1s\u00e1nak korl\u00e1toz\u00e1s\u00e1t, valamint szem\u00e9lyes adatainak &#8222;\u00e1tvitel\u00e9t&#8221; (azaz k\u00e9rheti, hogy azokat struktur\u00e1lt, \u00e1ltal\u00e1nosan haszn\u00e1lt \u00e9s g\u00e9ppel olvashat\u00f3 form\u00e1tumban bocs\u00e1ssuk rendelkez\u00e9s\u00e9re, \u00e9s k\u00f6zvetlen\u00fcl tov\u00e1bb\u00edtsuk egy m\u00e1sik szervezetnek).<\/p>\n\n\n\n<p>Bizonyos k\u00f6r\u00fclm\u00e9nyek k\u00f6z\u00f6tt joga van tiltakozni az adatai \u00e1ltalunk t\u00f6rt\u00e9n\u0151 feldolgoz\u00e1sa ellen, k\u00fcl\u00f6n\u00f6sen akkor, ha szem\u00e9lyes adatait k\u00f6zvetlen \u00fczletszerz\u00e9s c\u00e9lj\u00e1b\u00f3l (ide\u00e9rtve a profilalkot\u00e1st is) vagy jogos \u00e9rdek alapj\u00e1n dolgozzuk fel.  <\/p>\n\n\n\n<p>Ezek al\u00f3l a jogok al\u00f3l vannak kiv\u00e9telek, p\u00e9ld\u00e1ul nem t\u00f6r\u00f6lhetj\u00fck az \u00d6n adatait, ha t\u00f6rv\u00e9ny k\u00f6telez benn\u00fcnket az adatok meg\u0151rz\u00e9s\u00e9re. Hasonl\u00f3k\u00e9ppen, az \u00d6n adataihoz val\u00f3 hozz\u00e1f\u00e9r\u00e9s megtagadhat\u00f3, ha az inform\u00e1ci\u00f3k hozz\u00e1f\u00e9rhet\u0151v\u00e9 t\u00e9tele m\u00e1s szem\u00e9lyre vonatkoz\u00f3 szem\u00e9lyes adatokat fedne fel, vagy ha jogilag nem vagyunk jogosultak ilyen inform\u00e1ci\u00f3kat k\u00f6zz\u00e9tenni.<\/p>\n\n\n\n<p>Ezen t\u00falmen\u0151en joga van panaszt tenni a helyi adatv\u00e9delmi hat\u00f3s\u00e1gn\u00e1l, vagy b\u00edr\u00f3s\u00e1gi \u00faton jogorvoslatot k\u00e9rni, ha \u00fagy v\u00e9li, hogy jogait megs\u00e9rtett\u00e9k. A helyi hat\u00f3s\u00e1gok \u00e1ttekint\u00e9s\u00e9t l\u00e1sd <a href=\"https:\/\/edpb.europa.eu\/about-edpb\/board\/members_en\" target=\"_blank\" rel=\"noopener\">itt<\/a>.<\/p>\n\n\n\n<h3 class=\"wp-block-heading\">5. Mennyi ideig t\u00e1roljuk az \u00d6n szem\u00e9lyes adatait?<\/h3>\n\n\n\n<p>A jelen Adatv\u00e9delmi t\u00e1j\u00e9koztat\u00f3ban fentebb felt\u00fcntetett meg\u0151rz\u00e9si id\u0151szakokon t\u00falmen\u0151en az \u00d6n szem\u00e9lyes adatait legfeljebb a sz\u00f3ban forg\u00f3 adatkezel\u00e9s c\u00e9lj\u00e1hoz sz\u00fcks\u00e9ges ideig \u0151rizz\u00fck meg, azaz a t\u00f6rv\u00e9ny \u00e1ltal el\u0151\u00edrt ideig, a szerz\u0151d\u00e9ses kapcsolat teljes\u00edt\u00e9s\u00e9nek id\u0151tartam\u00e1ig, valamint bizonyos esetekben, amikor jogos \u00e9rdek\u00fcnk f\u0171z\u0151dik ahhoz, hogy az \u00d6n adatait jogos \u00e9rdekeink miatt hosszabb ideig meg\u0151rizz\u00fck.<\/p>\n\n\n\n<h3 class=\"wp-block-heading\">6. Hogyan kezelj\u00fck \u00e9s v\u00e9dj\u00fck az \u00d6n szem\u00e9lyes adatait?<\/h3>\n\n\n\n<p>Az \u00d6n szem\u00e9lyes adatait a Platformunkon kereszt\u00fcl kezelj\u00fck. Az \u00d6n szem\u00e9lyes adatait ezut\u00e1n automatiz\u00e1lt m\u00f3don elektronikusan feldolgozzuk \u00e9s inform\u00e1ci\u00f3s rendszereinkben t\u00e1roljuk; szem\u00e9lyes adatait t\u00fck\u00f6r- vagy biztons\u00e1gi szervereken is t\u00e1rolhatjuk.  <\/p>\n\n\n\n<p>Az \u00d6n szem\u00e9lyes adatainak v\u00e9delme \u00e9rdek\u00e9ben megfelel\u0151 adminisztrat\u00edv, fizikai \u00e9s technikai biztons\u00e1gi int\u00e9zked\u00e9seket fogadtunk el annak \u00e9rdek\u00e9ben, hogy az \u00d6n szem\u00e9lyes adatait b\u00e1rmikor biztons\u00e1gban tartsuk, \u00e9s megv\u00e9dj\u00fck azokat a v\u00e9letlen vagy jogellenes elveszt\u00e9st\u0151l, hozz\u00e1f\u00e9r\u00e9st\u0151l, tov\u00e1bb\u00edt\u00e1st\u00f3l vagy megsemmis\u00edt\u00e9st\u0151l, illetve b\u00e1rmilyen m\u00e1s vissza\u00e9l\u00e9st\u0151l. Az \u00d6n szem\u00e9lyes adataihoz hozz\u00e1f\u00e9r\u00e9ssel rendelkez\u0151 valamennyi szem\u00e9lyt t\u00f6rv\u00e9nyi vagy szerz\u0151d\u00e9ses titoktart\u00e1si k\u00f6telezetts\u00e9g k\u00f6ti.<\/p>\n\n\n\n<h3 class=\"wp-block-heading\">7. Hogyan ellen\u0151rizz\u00fck a felhaszn\u00e1l\u00f3ink \u00e9letkor\u00e1t?<\/h3>\n\n\n\n<p>Felhaszn\u00e1l\u00f3inknak legal\u00e1bb 18 \u00e9vesnek kell lenni\u00fck ahhoz, hogy bel\u00e9phessenek a Platformunkra. Megfelel\u0151 technikai eszk\u00f6z\u00f6kkel elutas\u00edtjuk az ezen korhat\u00e1r alatti szem\u00e9lyek regisztr\u00e1ci\u00f3j\u00e1t, \u00e9s tudatosan nem kezel\u00fcnk 18 \u00e9v alatti szem\u00e9lyek szem\u00e9lyes adatait. Ezenk\u00edv\u00fcl figyelemmel k\u00eds\u00e9rj\u00fck a Platformunk haszn\u00e1lat\u00e1t, \u00e9s szem\u00e9lyazonoss\u00e1gi ellen\u0151rz\u00e9seket v\u00e9gz\u00fcnk.  <\/p>\n\n\n\n<p>K\u00e9rj\u00fck, forduljon hozz\u00e1nk, ha tud olyan 18 \u00e9v alatti szem\u00e9lyr\u0151l, aki fi\u00f3kot nyitott vagy szem\u00e9lyes adatokat adott meg nek\u00fcnk. Az ilyen szem\u00e9lyes adatokat az ellen\u0151rz\u00e9st k\u00f6vet\u0151en azonnal megsemmis\u00edtik.<\/p>\n\n\n\n<h3 class=\"wp-block-heading\">8. Cookie szab\u00e1lyzat  <\/h3>\n\n\n\n<p>Ez a weboldal s\u00fctiket haszn\u00e1l, amelyek apr\u00f3 f\u00e1jlok, amelyeket az \u00d6n sz\u00e1m\u00edt\u00f3g\u00e9p\u00e9re t\u00f6lt\u00fcnk le azzal a c\u00e9llal, hogy jav\u00edtsuk az \u00d6n felhaszn\u00e1l\u00f3i \u00e9lm\u00e9ny\u00e9t. Ez a szakasz le\u00edrja, hogy az ilyen s\u00fctik milyen inform\u00e1ci\u00f3kat gy\u0171jtenek \u00e9s hogyan haszn\u00e1lj\u00e1k \u0151ket. K\u00fcl\u00f6nb\u00f6z\u0151 okokb\u00f3l haszn\u00e1lunk s\u00fctiket, ahogyan azt ebben a szakaszban r\u00e9szletezz\u00fck. Sajnos a cookie-kat nem lehet letiltani an\u00e9lk\u00fcl, hogy ne \u00e9lvezn\u00e9 a weboldal minden el\u0151ny\u00e9t \u00e9s funkci\u00f3j\u00e1t. Amikor megl\u00e1togatja weboldalunkat, \u00e9s fi\u00f3kot hoz l\u00e9tre n\u00e1lunk, s\u00fctiket haszn\u00e1lunk a regisztr\u00e1ci\u00f3s \u00e9s bejelentkez\u00e9si folyamat kezel\u00e9s\u00e9re. Ezek a s\u00fctik \u00e1ltal\u00e1ban t\u00f6rl\u0151dnek, amikor \u00d6n kijelentkezik, de bizonyos esetekben arra szolg\u00e1lnak, hogy a kijelentkez\u00e9skor eml\u00e9kezzenek a weboldal bizonyos preferenci\u00e1ira. Ezenk\u00edv\u00fcl harmadik f\u00e9lt\u0151l sz\u00e1rmaz\u00f3 s\u00fctik is haszn\u00e1lhat\u00f3k. Ez a weboldal a Google Analytics szolg\u00e1ltat\u00e1st haszn\u00e1lja, hogy meg\u00e9rts\u00fck, hogyan haszn\u00e1lja a weboldalunkat, \u00e9s hogyan tudjuk jav\u00edtani a felhaszn\u00e1l\u00f3i \u00e9lm\u00e9nyt. A cookie-k haszn\u00e1lat\u00e1t a b\u00f6ng\u00e9sz\u0151 be\u00e1ll\u00edt\u00e1sainak megv\u00e1ltoztat\u00e1s\u00e1val megakad\u00e1lyozhatja, de a cookie-k letilt\u00e1sa befoly\u00e1solja a weboldalunk m\u0171k\u00f6d\u00e9s\u00e9t \u00e9s alapvet\u0151 funkci\u00f3it. Ez\u00e9rt aj\u00e1nlott, hogy ne tiltsa le a s\u00fctiket.<\/p>\n\n\n\n<script type=\"text\/javascript\" charset=\"UTF-8\" data-cookiescriptreport=\"report\" src=\"\/\/report.cookie-script.com\/r\/a4a3c5a080c97d67af163219deb8450b.js\"><\/script>\n\n\n\n<h3 class=\"wp-block-heading\">9. Az adatv\u00e9delmi nyilatkozat m\u00f3dos\u00edt\u00e1sai<\/h3>\n\n\n\n<p>A jelen Adatv\u00e9delmi nyilatkozatban a j\u00f6v\u0151ben esetlegesen bek\u00f6vetkez\u0151 l\u00e9nyeges v\u00e1ltoz\u00e1sokr\u00f3l e-mailben vagy adott esetben a Platformunkon \u00e9rtes\u00edtj\u00fck \u00d6nt. Javasoljuk tov\u00e1bb\u00e1, hogy rendszeresen tekintse \u00e1t ezt az Adatv\u00e9delmi nyilatkozatot az esetlegesen bek\u00f6vetkezett v\u00e1ltoz\u00e1sok miatt.<\/p>\n\n\n\n<p>&#8212;<\/p>\n\n\n\n<p><em>2022 FEBRU\u00c1RJ\u00c1T\u00d3L HAT\u00c1LYOS<\/em><\/p>\n","protected":false},"excerpt":{"rendered":"","protected":false},"author":5,"featured_media":0,"parent":0,"menu_order":0,"comment_status":"closed","ping_status":"closed","template":"","meta":{"_acf_changed":false,"footnotes":""},"class_list":["post-8979","page","type-page","status-publish"],"acf":[],"_links":{"self":[{"href":"https:\/\/sellfies.com\/hu\/wp-json\/wp\/v2\/pages\/8979","targetHints":{"allow":["GET"]}}],"collection":[{"href":"https:\/\/sellfies.com\/hu\/wp-json\/wp\/v2\/pages"}],"about":[{"href":"https:\/\/sellfies.com\/hu\/wp-json\/wp\/v2\/types\/page"}],"author":[{"embeddable":true,"href":"https:\/\/sellfies.com\/hu\/wp-json\/wp\/v2\/users\/5"}],"replies":[{"embeddable":true,"href":"https:\/\/sellfies.com\/hu\/wp-json\/wp\/v2\/comments?post=8979"}],"version-history":[{"count":2,"href":"https:\/\/sellfies.com\/hu\/wp-json\/wp\/v2\/pages\/8979\/revisions"}],"predecessor-version":[{"id":9241,"href":"https:\/\/sellfies.com\/hu\/wp-json\/wp\/v2\/pages\/8979\/revisions\/9241"}],"wp:attachment":[{"href":"https:\/\/sellfies.com\/hu\/wp-json\/wp\/v2\/media?parent=8979"}],"curies":[{"name":"wp","href":"https:\/\/api.w.org\/{rel}","templated":true}]}}