{"id":9336,"date":"2023-01-30T12:21:44","date_gmt":"2023-01-30T12:21:44","guid":{"rendered":"https:\/\/sellfies.com\/?page_id=9336"},"modified":"2025-11-21T08:50:12","modified_gmt":"2025-11-21T08:50:12","slug":"kifizetesi-dijak","status":"publish","type":"page","link":"https:\/\/sellfies.com\/hu\/kifizetesi-dijak\/","title":{"rendered":"Kifizet\u00e9si d\u00edjak"},"content":{"rendered":"<div class=\"gb-container gb-container-2c0bb812\">\n<div class=\"gb-container gb-container-def3d60e\">\n<div class=\"gb-container gb-container-970c07b5\">\n<div class=\"gb-container gb-container-15bb72f2\">\n\n<div class=\"gb-headline gb-headline-c14eebdb gb-headline-text\">Norm\u00e1l<\/div>\n\n<\/div>\n\n\n<div class=\"gb-headline gb-headline-651c0b92\"><span class=\"gb-icon\"><svg aria-hidden=\"true\" role=\"img\" height=\"1em\" width=\"1em\" viewBox=\"0 0 512 512\" xmlns=\"http:\/\/www.w3.org\/2000\/svg\"><path fill=\"currentColor\" d=\"M504 256c0 136.967-111.033 248-248 248S8 392.967 8 256 119.033 8 256 8s248 111.033 248 248zM227.314 387.314l184-184c6.248-6.248 6.248-16.379 0-22.627l-22.627-22.627c-6.248-6.249-16.379-6.249-22.628 0L216 308.118l-70.059-70.059c-6.248-6.248-16.379-6.248-22.628 0l-22.627 22.627c-6.248 6.248-6.248 16.379 0 22.627l104 104c6.249 6.249 16.379 6.249 22.628.001z\"><\/path><\/svg><\/span><span class=\"gb-headline-text\">10 fot\u00f3 magadr\u00f3l<\/span><\/div>\n\n\n\n<div class=\"gb-headline gb-headline-21786c55\"><span class=\"gb-icon\"><svg aria-hidden=\"true\" role=\"img\" height=\"1em\" width=\"1em\" viewBox=\"0 0 512 512\" xmlns=\"http:\/\/www.w3.org\/2000\/svg\"><path fill=\"currentColor\" d=\"M504 256c0 136.967-111.033 248-248 248S8 392.967 8 256 119.033 8 256 8s248 111.033 248 248zM227.314 387.314l184-184c6.248-6.248 6.248-16.379 0-22.627l-22.627-22.627c-6.248-6.249-16.379-6.249-22.628 0L216 308.118l-70.059-70.059c-6.248-6.248-16.379-6.248-22.628 0l-22.627 22.627c-6.248 6.248-6.248 16.379 0 22.627l104 104c6.249 6.249 16.379 6.249 22.628.001z\"><\/path><\/svg><\/span><span class=\"gb-headline-text\">Minden fot\u00f3 legyen egyedi<\/span><\/div>\n\n\n\n<div class=\"gb-headline gb-headline-c8e213fa\"><span class=\"gb-icon\"><svg aria-hidden=\"true\" role=\"img\" height=\"1em\" width=\"1em\" viewBox=\"0 0 512 512\" xmlns=\"http:\/\/www.w3.org\/2000\/svg\"><path fill=\"currentColor\" d=\"M504 256c0 136.967-111.033 248-248 248S8 392.967 8 256 119.033 8 256 8s248 111.033 248 248zM227.314 387.314l184-184c6.248-6.248 6.248-16.379 0-22.627l-22.627-22.627c-6.248-6.249-16.379-6.249-22.628 0L216 308.118l-70.059-70.059c-6.248-6.248-16.379-6.248-22.628 0l-22.627 22.627c-6.248 6.248-6.248 16.379 0 22.627l104 104c6.249 6.249 16.379 6.249 22.628.001z\"><\/path><\/svg><\/span><span class=\"gb-headline-text\">L\u00e1that\u00f3 arc &amp; szerkeszt\u00e9s n\u00e9lk\u00fcli<\/span><\/div>\n\n\n\n<div class=\"gb-headline gb-headline-0ac4f27b\"><span class=\"gb-icon\"><svg aria-hidden=\"true\" role=\"img\" height=\"1em\" width=\"1em\" viewBox=\"0 0 512 512\" xmlns=\"http:\/\/www.w3.org\/2000\/svg\"><path fill=\"currentColor\" d=\"M504 256c0 136.967-111.033 248-248 248S8 392.967 8 256 119.033 8 256 8s248 111.033 248 248zM227.314 387.314l184-184c6.248-6.248 6.248-16.379 0-22.627l-22.627-22.627c-6.248-6.249-16.379-6.249-22.628 0L216 308.118l-70.059-70.059c-6.248-6.248-16.379-6.248-22.628 0l-22.627 22.627c-6.248 6.248-6.248 16.379 0 22.627l104 104c6.249 6.249 16.379 6.249 22.628.001z\"><\/path><\/svg><\/span><span class=\"gb-headline-text\">Saj\u00e1tk\u00e9sz\u00edt\u00e9s\u0171 &amp; csak szelfi st\u00edlus\u00fa<\/span><\/div>\n\n\n\n<div class=\"gb-headline gb-headline-fde9fdff\"><span class=\"gb-icon\"><svg aria-hidden=\"true\" role=\"img\" height=\"1em\" width=\"1em\" viewBox=\"0 0 512 512\" xmlns=\"http:\/\/www.w3.org\/2000\/svg\"><path fill=\"currentColor\" d=\"M504 256c0 136.967-111.033 248-248 248S8 392.967 8 256 119.033 8 256 8s248 111.033 248 248zM227.314 387.314l184-184c6.248-6.248 6.248-16.379 0-22.627l-22.627-22.627c-6.248-6.249-16.379-6.249-22.628 0L216 308.118l-70.059-70.059c-6.248-6.248-16.379-6.248-22.628 0l-22.627 22.627c-6.248 6.248-6.248 16.379 0 22.627l104 104c6.249 6.249 16.379 6.249 22.628.001z\"><\/path><\/svg><\/span><span class=\"gb-headline-text\">Tipikus Instagram fot\u00f3k, szelfik, mindennapi \u00e9let, stb<\/span><\/div>\n\n\n\n<div class=\"gb-headline gb-headline-1be89626 gb-headline-text\">\u20ac 7,50<\/div>\n\n<\/div>\n\n<div class=\"gb-container gb-container-64879048\">\n<div class=\"gb-container gb-container-5e9d2d74\">\n\n<div class=\"gb-headline gb-headline-a988c5d4 gb-headline-text\">Feln\u0151tt<\/div>\n\n<\/div>\n\n\n<div class=\"gb-headline gb-headline-b99ac2f6\"><span class=\"gb-icon\"><svg aria-hidden=\"true\" role=\"img\" height=\"1em\" width=\"1em\" viewBox=\"0 0 512 512\" xmlns=\"http:\/\/www.w3.org\/2000\/svg\"><path fill=\"currentColor\" d=\"M504 256c0 136.967-111.033 248-248 248S8 392.967 8 256 119.033 8 256 8s248 111.033 248 248zM227.314 387.314l184-184c6.248-6.248 6.248-16.379 0-22.627l-22.627-22.627c-6.248-6.249-16.379-6.249-22.628 0L216 308.118l-70.059-70.059c-6.248-6.248-16.379-6.248-22.628 0l-22.627 22.627c-6.248 6.248-6.248 16.379 0 22.627l104 104c6.249 6.249 16.379 6.249 22.628.001z\"><\/path><\/svg><\/span><span class=\"gb-headline-text\">5 norm\u00e1l + 5 feln\u0151tt fot\u00f3<\/span><\/div>\n\n\n\n<div class=\"gb-headline gb-headline-8e492589\"><span class=\"gb-icon\"><svg aria-hidden=\"true\" role=\"img\" height=\"1em\" width=\"1em\" viewBox=\"0 0 512 512\" xmlns=\"http:\/\/www.w3.org\/2000\/svg\"><path fill=\"currentColor\" d=\"M504 256c0 136.967-111.033 248-248 248S8 392.967 8 256 119.033 8 256 8s248 111.033 248 248zM227.314 387.314l184-184c6.248-6.248 6.248-16.379 0-22.627l-22.627-22.627c-6.248-6.249-16.379-6.249-22.628 0L216 308.118l-70.059-70.059c-6.248-6.248-16.379-6.248-22.628 0l-22.627 22.627c-6.248 6.248-6.248 16.379 0 22.627l104 104c6.249 6.249 16.379 6.249 22.628.001z\"><\/path><\/svg><\/span><span class=\"gb-headline-text\">Minden fot\u00f3 legyen egyedi<\/span><\/div>\n\n\n\n<div class=\"gb-headline gb-headline-1b121ed7\"><span class=\"gb-icon\"><svg aria-hidden=\"true\" role=\"img\" height=\"1em\" width=\"1em\" viewBox=\"0 0 512 512\" xmlns=\"http:\/\/www.w3.org\/2000\/svg\"><path fill=\"currentColor\" d=\"M504 256c0 136.967-111.033 248-248 248S8 392.967 8 256 119.033 8 256 8s248 111.033 248 248zM227.314 387.314l184-184c6.248-6.248 6.248-16.379 0-22.627l-22.627-22.627c-6.248-6.249-16.379-6.249-22.628 0L216 308.118l-70.059-70.059c-6.248-6.248-16.379-6.248-22.628 0l-22.627 22.627c-6.248 6.248-6.248 16.379 0 22.627l104 104c6.249 6.249 16.379 6.249 22.628.001z\"><\/path><\/svg><\/span><span class=\"gb-headline-text\">L\u00e1that\u00f3 arc &amp; szerkeszt\u00e9s n\u00e9lk\u00fcli<\/span><\/div>\n\n\n\n<div class=\"gb-headline gb-headline-496e1f85\"><span class=\"gb-icon\"><svg aria-hidden=\"true\" role=\"img\" height=\"1em\" width=\"1em\" viewBox=\"0 0 512 512\" xmlns=\"http:\/\/www.w3.org\/2000\/svg\"><path fill=\"currentColor\" d=\"M504 256c0 136.967-111.033 248-248 248S8 392.967 8 256 119.033 8 256 8s248 111.033 248 248zM227.314 387.314l184-184c6.248-6.248 6.248-16.379 0-22.627l-22.627-22.627c-6.248-6.249-16.379-6.249-22.628 0L216 308.118l-70.059-70.059c-6.248-6.248-16.379-6.248-22.628 0l-22.627 22.627c-6.248 6.248-6.248 16.379 0 22.627l104 104c6.249 6.249 16.379 6.249 22.628.001z\"><\/path><\/svg><\/span><span class=\"gb-headline-text\">Saj\u00e1tk\u00e9sz\u00edt\u00e9s\u0171 &amp; csak szelfi st\u00edlus\u00fa<\/span><\/div>\n\n\n\n<div class=\"gb-headline gb-headline-133cb54d\"><span class=\"gb-icon\"><svg aria-hidden=\"true\" role=\"img\" height=\"1em\" width=\"1em\" viewBox=\"0 0 512 512\" xmlns=\"http:\/\/www.w3.org\/2000\/svg\"><path fill=\"currentColor\" d=\"M504 256c0 136.967-111.033 248-248 248S8 392.967 8 256 119.033 8 256 8s248 111.033 248 248zM227.314 387.314l184-184c6.248-6.248 6.248-16.379 0-22.627l-22.627-22.627c-6.248-6.249-16.379-6.249-22.628 0L216 308.118l-70.059-70.059c-6.248-6.248-16.379-6.248-22.628 0l-22.627 22.627c-6.248 6.248-6.248 16.379 0 22.627l104 104c6.249 6.249 16.379 6.249 22.628.001z\"><\/path><\/svg><\/span><span class=\"gb-headline-text\">Szexi \u00e9s feln\u0151tt szelfik. Feh\u00e9rnem\u0171, meztelens\u00e9g, muszturb\u00e1l\u00e1s, stb<\/span><\/div>\n\n\n\n<div class=\"gb-headline gb-headline-4e2431b4 gb-headline-text\">\u20ac 15,00<\/div>\n\n<\/div>\n<\/div>\n\n\n<p class=\"has-text-align-center\" style=\"text-decoration:underline\"><a href=\"https:\/\/sellfies.com\/hu\/fenykepekkel-kapcsolatos-kovetelmenyek\/\" data-type=\"page\" data-id=\"9777\">Tekintse meg az \u00f6sszes f\u00e9nyk\u00e9pk\u00f6vetelm\u00e9nyt<\/a><\/p>\n\n<\/div>","protected":false},"excerpt":{"rendered":"","protected":false},"author":5,"featured_media":0,"parent":0,"menu_order":0,"comment_status":"closed","ping_status":"closed","template":"","meta":{"_acf_changed":false,"footnotes":""},"class_list":["post-9336","page","type-page","status-publish"],"acf":[],"_links":{"self":[{"href":"https:\/\/sellfies.com\/hu\/wp-json\/wp\/v2\/pages\/9336","targetHints":{"allow":["GET"]}}],"collection":[{"href":"https:\/\/sellfies.com\/hu\/wp-json\/wp\/v2\/pages"}],"about":[{"href":"https:\/\/sellfies.com\/hu\/wp-json\/wp\/v2\/types\/page"}],"author":[{"embeddable":true,"href":"https:\/\/sellfies.com\/hu\/wp-json\/wp\/v2\/users\/5"}],"replies":[{"embeddable":true,"href":"https:\/\/sellfies.com\/hu\/wp-json\/wp\/v2\/comments?post=9336"}],"version-history":[{"count":3,"href":"https:\/\/sellfies.com\/hu\/wp-json\/wp\/v2\/pages\/9336\/revisions"}],"predecessor-version":[{"id":9847,"href":"https:\/\/sellfies.com\/hu\/wp-json\/wp\/v2\/pages\/9336\/revisions\/9847"}],"wp:attachment":[{"href":"https:\/\/sellfies.com\/hu\/wp-json\/wp\/v2\/media?parent=9336"}],"curies":[{"name":"wp","href":"https:\/\/api.w.org\/{rel}","templated":true}]}}