{"id":9777,"date":"2023-01-30T12:22:40","date_gmt":"2023-01-30T12:22:40","guid":{"rendered":"https:\/\/sellfies.com\/?page_id=9777"},"modified":"2025-11-21T08:57:39","modified_gmt":"2025-11-21T08:57:39","slug":"fenykepekkel-kapcsolatos-kovetelmenyek","status":"publish","type":"page","link":"https:\/\/sellfies.com\/hu\/fenykepekkel-kapcsolatos-kovetelmenyek\/","title":{"rendered":"F\u00e9nyk\u00e9pekkel kapcsolatos k\u00f6vetelm\u00e9nyek"},"content":{"rendered":"<div class=\"gb-container gb-container-15a82a01\">\n\n<h2 class=\"wp-block-heading\">\u00c1ltal\u00e1nos k\u00f6vetelm\u00e9nyek<\/h2>\n\n\n\n<p>\u00c9rt\u00e9kelj\u00fck a norm\u00e1l \u00e9s a feln\u0151tt fot\u00f3kat. Fot\u00f3kat, amelyeken laz\u00e1nak \u00e9s nyitottnak, szexinek \u00e9s vonz\u00f3nak \u00e9rzed magad, \u00e9s minden m\u00e1st, ami egy nagyszer\u0171 fot\u00f3hoz kell! Sz\u00f3val nyugodtan sminkelj a szok\u00e1sos m\u00f3don, vagy ha ez nem a te st\u00edlusod, l\u00e9gy \u00f6nmagad. Nem sz\u00e1m\u00edt a megjelen\u00e9sed, korod, m\u00e9reted, s\u00falyod, alkatod, vagy hogy szupermodellnek vagy csak egy \u00e1tlagos embernek tartod-e magad. Nincsenek elv\u00e1r\u00e1saink azzal kapcsolatban, hogy hogyan n\u00e9zz\u00e9l ki. Csak gyere \u00fagy, ahogy vagy; \u00e9rt\u00e9kel\u00fcnk t\u00e9ged \u00e9s a hozz\u00e1j\u00e1rul\u00e1sodat!<\/p>\n\n\n\n<p>De ez nem jelenti azt, hogy nincsenek k\u00f6vetelm\u00e9nyeink a fot\u00f3iddal szemben. A k\u00f6vetelm\u00e9nyek minden felt\u00f6lt\u00f6tt fot\u00f3ra vonatkoznak.<\/p>\n\n\n\n<p><strong>Itt vannak a fot\u00f3kkal kapcsolatos k\u00f6vetelm\u00e9nyek:<\/strong><\/p>\n\n\n\n<ul class=\"wp-block-list\">\n<li>Az arcodnak minden k\u00e9pen l\u00e1that\u00f3nak \u00e9s felismerhet\u0151nek kell lennie. Ez az\u00e9rt kell, mert jogi k\u00f6telezetts\u00e9gek miatt tudnunk kell, hogy val\u00f3ban te vagy a k\u00e9pen.<\/li>\n\n\n\n<li>Minden fot\u00f3nak m\u00e1snak kell lennie. M\u00e1s helyen, m\u00e1s k\u00f6rnyezetben, m\u00e1s sz\u00f6gb\u0151l \u00e9s ruh\u00e1ban k\u00e9sz\u00fcltnek. Pont mint a mindennapi szelfik.<\/li>\n\n\n\n<li>Csak neked szabad a k\u00e9pen szerepelned. Csak neked, nem valaki m\u00e1ssal egy\u00fctt vagy csoportban.<\/li>\n\n\n\n<li>Amat\u0151r st\u00edlus\u00fa fot\u00f3kat keres\u00fcnk. A szelfik \u00e9s a saj\u00e1t k\u00e9sz\u00edt\u00e9s\u0171 k\u00e9pek a legmegfelel\u0151bbek.<\/li>\n<\/ul>\n\n\n\n<p><strong>Nem enged\u00e9lyezett:<\/strong><\/p>\n\n\n\n<ul class=\"wp-block-list\">\n<li>\u00c1llatok, gyermekek \u00e9s fegyverek nem szerepelhetnek a k\u00e9peken. A h\u00e1tt\u00e9rben semmilyen olyan t\u00e1rgy ne legyen l\u00e1that\u00f3, amely gyerekekre, \u00e1llatokra, fegyverekre vagy b\u00e1rmilyen szimbolikus vagy vall\u00e1si hovatartoz\u00e1sra utal.<\/li>\n<\/ul>\n\n\n\n<p><strong>Technikai k\u00f6vetelm\u00e9nyek:<\/strong><\/p>\n\n\n\n<ul class=\"wp-block-list\">\n<li>Minim\u00e1lis felbont\u00e1s: 1000 x 1000 pixel<\/li>\n\n\n\n<li>F\u00e1jlt\u00edpusok: Szinte minden k\u00e9pf\u00e1jlt\u00edpust \u00e9s -kiterjeszt\u00e9st t\u00e1mogatunk. Annak \u00e9rdek\u00e9ben, hogy minden a tervek szerint m\u0171k\u00f6dj\u00f6n, JPG, JPEG vagy PNG form\u00e1tum haszn\u00e1lat\u00e1t javasoljuk.<\/li>\n\n\n\n<li>Max. f\u00e1jlm\u00e9ret: 15 MB<\/li>\n\n\n\n<li>A k\u00e9peknek sz\u00ednesnek kell lenni\u00fck. Nem fekete-feh\u00e9rnek, sz\u00e9pia hat\u00e1s\u00fanak vagy m\u00e1s t\u00edpus\u00fa sz\u00ednsz\u0171r\u0151vel k\u00e9sz\u00fcltnek.<\/li>\n<\/ul>\n\n\n\n<h2 class=\"wp-block-heading\">Mi sz\u00e1m\u00edt norm\u00e1lis \u00e9s feln\u0151tt fot\u00f3nak?<\/h2>\n\n\n\n<p>K\u00e9t k\u00fcl\u00f6nb\u00f6z\u0151 t\u00edpus\u00fa fot\u00f3t keres\u00fcnk; norm\u00e1l \u00e9s feln\u0151tt fot\u00f3kat.<\/p>\n\n\n\n<h3 class=\"wp-block-heading\">Norm\u00e1l fot\u00f3k<\/h3>\n\n\n\n<p>Egy \u00e1tlagos fot\u00f3 \u00fagy mutat t\u00e9ged, ahogyan a norm\u00e1lis \u00e9letben vagy. Nem kell er\u0151lk\u00f6dn\u00f6d, hogy mindenf\u00e9le elv\u00e1r\u00e1snak megfelelj. A norm\u00e1l k\u00e9pek azok a tipikus v\u00e9letlenszer\u0171 k\u00e9pek, amelyeket akkor k\u00e9sz\u00edtesz, amikor elhagyod otthonod, hogy elmenj a boltba, dolgozni, bar\u00e1tokkal vagy csal\u00e1ddal tal\u00e1lkozz. Ezeknek nem cs\u00e1b\u00edt\u00f3 vagy szexi a c\u00e9ljuk. Azok a k\u00e9pek, amelyeket a k\u00f6z\u00f6ss\u00e9gi m\u00e9di\u00e1ban posztolsz magadr\u00f3l, gyakran ebbe a kateg\u00f3ri\u00e1ba tartoznak. Az ebbe a kateg\u00f3ri\u00e1ba tartoz\u00f3 k\u00e9peknek nem felt\u00e9tlen\u00fcl kell szelfiknek lenni\u00fck.<\/p>\n\n\n\n<p><strong>P\u00e9ld\u00e1k arra, hogyan \u00e9rhetsz el norm\u00e1l f\u00e9nyk\u00e9peket:<\/strong><\/p>\n\n\n\n<ul class=\"wp-block-list\">\n<li>Nyaral\u00e1si k\u00e9pek<\/li>\n\n\n\n<li>Szabadid\u0151 tev\u00e9keny\u00e9gek<\/li>\n\n\n\n<li>A kertben<\/li>\n\n\n\n<li>Otthonodban<\/li>\n\n\n\n<li>Reggeli\/eb\u00e9d\/vacsora k\u00f6zben<\/li>\n\n\n\n<li>S\u00e9ta k\u00f6zben<\/li>\n\n\n\n<li>Mutass egy \u00faj ruh\u00e1t (nem egy r\u00f6videt vagy szexit)<\/li>\n\n\n\n<li>Tipikus k\u00f6z\u00f6ss\u00e9gi m\u00e9dia profilk\u00e9p<\/li>\n\n\n\n<li>Lehetnek szelfik, de nem musz\u00e1j, hogy azok legyenek<\/li>\n<\/ul>\n\n\n\n<p><strong>Mi l\u00e1that\u00f3 egy norm\u00e1l k\u00e9pen?<\/strong><\/p>\n\n\n\n<ul class=\"wp-block-list\">\n<li>Ruh\u00e1ban vagy, \u00fagy fel\u00f6lt\u00f6zve, mint a mindennapokban<\/li>\n\n\n\n<li>\u00c1tlagos, mindennapi fot\u00f3k magadr\u00f3l; k\u00e9pzeld el \u0151ket \u00fagy, mint a telefonodon k\u00e9sz\u00edtett, a bar\u00e1taiddal, a p\u00e1roddal megosztott vagy az Instagramon k\u00f6zz\u00e9tett szelfik.<\/li>\n\n\n\n<li>Lehetnek szelfik, de nem musz\u00e1j, hogy azok legyenek<\/li>\n<\/ul>\n\n\n\n<p><strong>Mi NEM lehet norm\u00e1l fot\u00f3?<\/strong><\/p>\n\n\n\n<ul class=\"wp-block-list\">\n<li>Meztelnes\u00e9g<br><\/li>\n<\/ul>\n\n\n\n<h3 class=\"wp-block-heading\">Feln\u0151tt k\u00e9pek<\/h3>\n\n\n\n<p>A feln\u0151tt fot\u00f3k azok, amelyeket akkor k\u00e9sz\u00edtesz, amikor szexibb \u00e9s feln\u0151ttesebb m\u00f3don szeretn\u00e9d megmutatni magad. K\u00e9pzeld el, hogy elmenn\u00e9l egy buliba fl\u00f6rt\u00f6lni, vagy egy\u00e9jszak\u00e1s kalandot keresel. Ezek a k\u00e9pek sokkal mer\u00e9szebbek, p\u00e9ld\u00e1ul kiv\u00e1gott fels\u0151k, miniszokny\u00e1k \u00e9s hasonl\u00f3k. A b\u0151r \u00e9s a dekolt\u00e1zs l\u00e1that\u00f3s\u00e1ga j\u00f3, az oldalciciket \u00e9s az als\u00f3ciciket mutathatod.<\/p>\n\n\n\n<p>Feh\u00e9rnem\u0171fot\u00f3k, amelyeken abban a feh\u00e9rnem\u0171ben mutatod meg magad, amiben a legd\u00f6g\u00f6sebbnek \u00e9rzed magad. Olyan k\u00e9pek, amelyeken nem vagy teljesen fel\u00f6lt\u00f6zve, de nem vagy teljesen meztelen. Ez lehet melltart\u00f3val \u00e9s bugyival is. De ha van m\u00e1s feh\u00e9rnem\u0171d is, amiben n\u0151iesnek \u00e9s szexinek \u00e9rzed magad, nyugodtan viseld a fot\u00f3idon.<\/p>\n\n\n\n<p>A meztelen fot\u00f3k nem ig\u00e9nyelnek sok magyar\u00e1zatot. Olyan k\u00e9pek, amelyeken teljesen vagy r\u00e9szben meztelen vagy. Ezek a k\u00e9pek lehetnek meztelen mellekkel, meztelen intim testr\u00e9szekkel vagy teljesen meztelen\u00fcl. A r\u00e9szben meztelen k\u00e9pekhez az als\u00f3 intim testr\u00e9szeidet kell megmutatnod als\u00f3nem\u0171 n\u00e9lk\u00fcl, vagy nagyon felt\u0171n\u0151 als\u00f3nem\u0171ben.<\/p>\n\n\n\n<p>A kend\u0151zetlen fot\u00f3k azok, amelyek valami szemtelent tartalmaznak. Enn\u00e9l \u0151r\u00fcltebb nem is lehetne. Ez a helye azoknak a k\u00e9peknek, amelyeken magadhoz ny\u00falsz, a testr\u00e9szeiddel j\u00e1tszol, feln\u0151tt j\u00e1t\u00e9kokat haszn\u00e1lsz, vagy mindenf\u00e9le szexu\u00e1lis aktust v\u00e9gzel magadon. Olyan fot\u00f3k, amelyek a legcsintalanabb oldaladat mutatj\u00e1k. Adj bele mindent!<\/p>\n\n\n\n<p><strong>P\u00e9ld\u00e1k arra, hogyan k\u00e9sz\u00edthetsz feln\u0151tt fot\u00f3kat:<\/strong><\/p>\n\n\n\n<ul class=\"wp-block-list\">\n<li>R\u00f6vid ruh\u00e1k<\/li>\n\n\n\n<li>Miniszokny\u00e1k<\/li>\n\n\n\n<li>A bizonyos kis fekete<\/li>\n\n\n\n<li>Forr\u00f3 nadr\u00e1g \u00e9s dekolt\u00e1zs<\/li>\n\n\n\n<li>Szexi titk\u00e1rn\u0151i ruha<\/li>\n\n\n\n<li>Egy apr\u00f3 h\u00e1l\u00f3ing vagy babydoll<\/li>\n\n\n\n<li>Bikinis fot\u00f3k<\/li>\n\n\n\n<li>Szelfik a t\u00fck\u00f6r el\u0151tt<\/li>\n\n\n\n<li>Csak als\u00f3nem\u0171ben<\/li>\n\n\n\n<li>Egy \u00f6lt\u00f6z\u0151ben<\/li>\n\n\n\n<li>H\u00e1ttal \u00e1llsz, \u00e9s csak az oldalcicit l\u00e1tni<\/li>\n\n\n\n<li>F\u00e9lmeztelen fot\u00f3k<\/li>\n\n\n\n<li>Aktok, amelyeken csak kezek vagy hossz\u00fa haj takarja a testr\u00e9szeket<\/li>\n\n\n\n<li>Szexi feh\u00e9rnem\u0171<\/li>\n\n\n\n<li>Kanap\u00e9n p\u00f3zol\u00e1s<\/li>\n\n\n\n<li>Meztelen napoz\u00e1s kint<\/li>\n\n\n\n<li>Szexi tengerparti fot\u00f3k<\/li>\n\n\n\n<li>Exhibicionizmus<\/li>\n\n\n\n<li>J\u00e1t\u00e9k az aut\u00f3ban<\/li>\n\n\n\n<li>Szexj\u00e1t\u00e9kok akci\u00f3ban<\/li>\n\n\n\n<li>A f\u00fcrd\u0151szob\u00e1ban<\/li>\n\n\n\n<li>Meztelen\u00fcl az \u00e1gyon<\/li>\n\n\n\n<li>Levetk\u0151z\u00e9s k\u00f6zben<\/li>\n\n\n\n<li>Zuhanyz\u00f3ban, pezsg\u0151f\u00fcrd\u0151ben vagy szaun\u00e1ban<\/li>\n\n\n\n<li>Titkos fot\u00f3k<\/li>\n\n\n\n<li>Sz\u00e9t tett l\u00e1bakkal<\/li>\n\n\n\n<li>Piszkos p\u00f3zok<\/li>\n\n\n\n<li>\u00d6nmagad meg\u00e9rint\u00e9se, izgat\u00e1sa, k\u00f3stol\u00e1sa<\/li>\n\n\n\n<li>Szexu\u00e1lis poz\u00edci\u00f3k \u00e9s helyzetek<\/li>\n\n\n\n<li>Az amat\u0151r maszturb\u00e1l\u00e1si p\u00f3zok a legjobbak!\u00a0<\/li>\n<\/ul>\n\n\n\n<p><strong>Mi l\u00e1that\u00f3 egy feln\u0151tt fot\u00f3n?<\/strong><\/p>\n\n\n\n<ul class=\"wp-block-list\">\n<li>Szexi ruh\u00e1k<\/li>\n\n\n\n<li>Sokat mutat\u00f3 ruh\u00e1k<\/li>\n\n\n\n<li>Cs\u00e1b\u00edt\u00f3 testbesz\u00e9d<\/li>\n\n\n\n<li>Meztelens\u00e9g<\/li>\n\n\n\n<li>Szexu\u00e1lis tartalom<\/li>\n<\/ul>\n\n\n\n<p><strong>Mi NEM szerepelhet egy feln\u0151tt fot\u00f3n?<\/strong><\/p>\n\n\n\n<ul class=\"wp-block-list\">\n<li>Teljesen fel\u00f6lt\u00f6zve<\/li>\n\n\n\n<li>Unalmas mindennapi fot\u00f3k<\/li>\n<\/ul>\n\n<\/div>","protected":false},"excerpt":{"rendered":"","protected":false},"author":5,"featured_media":0,"parent":0,"menu_order":0,"comment_status":"closed","ping_status":"closed","template":"","meta":{"_acf_changed":false,"footnotes":""},"class_list":["post-9777","page","type-page","status-publish"],"acf":[],"_links":{"self":[{"href":"https:\/\/sellfies.com\/hu\/wp-json\/wp\/v2\/pages\/9777","targetHints":{"allow":["GET"]}}],"collection":[{"href":"https:\/\/sellfies.com\/hu\/wp-json\/wp\/v2\/pages"}],"about":[{"href":"https:\/\/sellfies.com\/hu\/wp-json\/wp\/v2\/types\/page"}],"author":[{"embeddable":true,"href":"https:\/\/sellfies.com\/hu\/wp-json\/wp\/v2\/users\/5"}],"replies":[{"embeddable":true,"href":"https:\/\/sellfies.com\/hu\/wp-json\/wp\/v2\/comments?post=9777"}],"version-history":[{"count":1,"href":"https:\/\/sellfies.com\/hu\/wp-json\/wp\/v2\/pages\/9777\/revisions"}],"predecessor-version":[{"id":9778,"href":"https:\/\/sellfies.com\/hu\/wp-json\/wp\/v2\/pages\/9777\/revisions\/9778"}],"wp:attachment":[{"href":"https:\/\/sellfies.com\/hu\/wp-json\/wp\/v2\/media?parent=9777"}],"curies":[{"name":"wp","href":"https:\/\/api.w.org\/{rel}","templated":true}]}}