{"id":5928,"date":"2020-04-11T17:03:07","date_gmt":"2020-04-11T17:03:07","guid":{"rendered":"https:\/\/sellfies.com\/casa\/"},"modified":"2025-12-01T13:50:35","modified_gmt":"2025-12-01T13:50:35","slug":"casa","status":"publish","type":"page","link":"https:\/\/sellfies.com\/it\/","title":{"rendered":"Home"},"content":{"rendered":"<div class=\"gb-container gb-container-1f4ad87b height-100 bg-overlay\" style=\"--background-image: url(https:\/\/sellfies.com\/wp-content\/uploads\/2025\/11\/header-img-sellfies-2.jpg);\"><div class=\"gb-inside-container\">\n\n<div class=\"wp-block-columns is-layout-flex wp-container-core-columns-is-layout-9d6595d7 wp-block-columns-is-layout-flex\">\n<div class=\"wp-block-column is-layout-flow wp-block-column-is-layout-flow\" style=\"flex-basis:66%\">\n<h1 class=\"gb-headline gb-headline-0089506d gb-headline-text\">Guadagna con i tuoi selfie<\/h1>\n\n\n\n<p class=\"gb-headline gb-headline-f69b4f57 gb-headline-text\">Compriamo le tue foto normali e private<\/p>\n\n\n\n<a class=\"gb-button gb-button-2e4a7042 gb-button-text button-effect\" href=\"https:\/\/my.sellfies.com\/it\/register\">Inizia qui<\/a>\n\n\n\n<p class=\"gb-headline gb-headline-e234d23f\"><span class=\"gb-icon\"><svg aria-hidden=\"true\" role=\"img\" height=\"1em\" width=\"1em\" viewBox=\"0 0 512 512\" xmlns=\"http:\/\/www.w3.org\/2000\/svg\"><path fill=\"currentColor\" d=\"M462.3 62.6C407.5 15.9 326 24.3 275.7 76.2L256 96.5l-19.7-20.3C186.1 24.3 104.5 15.9 49.7 62.6c-62.8 53.6-66.1 149.8-9.9 207.9l193.5 199.8c12.5 12.9 32.8 12.9 45.3 0l193.5-199.8c56.3-58.1 53-154.3-9.8-207.9z\"><\/path><\/svg><\/span><span class=\"gb-headline-text\">Alta richiesta per donne dai 45+<\/span><\/p>\n<\/div>\n\n\n\n<div class=\"wp-block-column price is-layout-flow wp-block-column-is-layout-flow\" style=\"flex-basis:33%\">\n<div>\n                                                <div class=\"uk-child-width-1@m uk-grid-small uk-grid-match\" uk-grid>\n                                                                                            <div uk-scrollspy=\"cls: uk-animation-slide-bottom-small; delay: 200; repeat: false\">\n                                    <div class=\"uk-card uk-card-default uk-card-body uk-text-center price-box\">\n                                        <span class=\"banner uk-text-white\" style=\"background-color: #f49ebc\"> \n                                            Pagamento \n                                        <\/span>\n                                        <dt>10 foto<\/dt>\n                                        <span class=\"text-price uk-text-emphasis uk-text-large\">15,00 \u20ac<\/span>\n                                        <div class=\"content\">\n                                            <p><!-- wp:paragraph --><\/p>\n<p>Carica un pacchetto completo di foto per ricevere il pagamento. Sei tu a decidere quale pacchetto si adatta meglio a te.<\/p>\n<p><!-- \/wp:paragraph --><\/p>\n                                        <\/div>\n                                    <\/div>\n                                <\/div> \n                                                    <\/div>\n                                            <\/div>\n<\/div>\n<\/div>\n\n<\/div><\/div>\n\n<div class=\"gb-container gb-container-917fef5e how-it-work uk-background-muted\"><div class=\"gb-inside-container\">\n<div class=\"gb-container gb-container-a2c3af77\"><div class=\"gb-inside-container\">\n\n<h2 class=\"gb-headline gb-headline-e6296c19 gb-headline-text uk-text-center\">Come funziona<\/h2>\n\n\n<div class=\"gb-container gb-container-73445b77\"><div class=\"gb-inside-container\">\n<div class=\"gb-grid-wrapper gb-grid-wrapper-57022b54\">\n<div class=\"gb-grid-column gb-grid-column-0bc62948\"><div class=\"gb-container gb-container-0bc62948 uk-card uk-card-default uk-card-body uk-text-center uk-scrollspy-inview \"><div class=\"gb-inside-container\">\n\n<figure class=\"wp-block-image size-full uk-text-center\"><img loading=\"lazy\" decoding=\"async\" width=\"84\" height=\"84\" src=\"https:\/\/sellfies.com\/wp-content\/uploads\/2023\/01\/icon-howitwork1.png\" alt=\"&amp;\" class=\"wp-image-5060\" title=\"\"><\/figure>\n\n\n\n<h2 class=\"gb-headline gb-headline-766d2430 gb-headline-text uk-text-center\">1. Crea il tuo account<\/h2>\n\n\n\n<p class=\"uk-text-center uk-text-secondary\" style=\"font-size:18px\">Registrati e verifica il tuo account per poter caricare i tuoi selfie.<\/p>\n\n<\/div><\/div><\/div>\n\n<div class=\"gb-grid-column gb-grid-column-251db445\"><div class=\"gb-container gb-container-251db445 uk-card uk-card-default uk-card-body uk-text-center uk-scrollspy-inview \"><div class=\"gb-inside-container\">\n\n<figure class=\"wp-block-image size-full uk-text-center\"><img loading=\"lazy\" decoding=\"async\" width=\"84\" height=\"84\" src=\"https:\/\/sellfies.com\/wp-content\/uploads\/2023\/01\/icon-howitwork2.png\" alt=\"&amp;\" class=\"wp-image-5061\" title=\"\"><\/figure>\n\n\n\n<h2 class=\"gb-headline gb-headline-deae9ec2 gb-headline-text uk-text-center\">2. Carica i tuoi selfies<\/h2>\n\n\n\n<p class=\"uk-text-center uk-text-secondary\" style=\"font-size:18px\">Carica facilmente selfie vecchi o nuovi. Ti forniamo consigli per avere successo.<\/p>\n\n<\/div><\/div><\/div>\n\n<div class=\"gb-grid-column gb-grid-column-35ed1aaf\"><div class=\"gb-container gb-container-35ed1aaf uk-card uk-card-default uk-card-body uk-text-center uk-scrollspy-inview \"><div class=\"gb-inside-container\">\n\n<figure class=\"wp-block-image size-full uk-text-center\"><img loading=\"lazy\" decoding=\"async\" width=\"84\" height=\"84\" src=\"https:\/\/sellfies.com\/wp-content\/uploads\/2023\/01\/icon-howitwork4-4.png\" alt=\"&amp;\" class=\"wp-image-5392\" title=\"\"><\/figure>\n\n\n\n<h2 class=\"gb-headline gb-headline-23a829fe gb-headline-text uk-text-center\">3. Ottieni l\u2019approvazione<\/h2>\n\n\n\n<p class=\"uk-text-center uk-text-secondary\" style=\"font-size:18px\">Il nostro team verifica che il tuo caricamento rispetti i nostri requisiti.<\/p>\n\n<\/div><\/div><\/div>\n\n<div class=\"gb-grid-column gb-grid-column-4f7e69ff\"><div class=\"gb-container gb-container-4f7e69ff uk-card uk-card-default uk-card-body uk-text-center uk-scrollspy-inview \"><div class=\"gb-inside-container\">\n\n<figure class=\"wp-block-image size-full uk-text-center\"><img loading=\"lazy\" decoding=\"async\" width=\"84\" height=\"84\" src=\"https:\/\/sellfies.com\/wp-content\/uploads\/2023\/01\/icon-howitwork4.png\" alt=\"&amp;\" class=\"wp-image-5062\" title=\"\"><\/figure>\n\n\n\n<h2 class=\"gb-headline gb-headline-743fc371 gb-headline-text uk-text-center\">4. Ricevi il compenso<\/h2>\n\n\n\n<p class=\"uk-text-center uk-text-secondary\" style=\"font-size:18px\">Quando tutto \u00e8 approvato, il pagamento verr\u00e0 inviato tramite il provider da te selezionato.<\/p>\n\n<\/div><\/div><\/div>\n<\/div>\n<\/div><\/div>\n<\/div><\/div>\n<\/div><\/div>\n\n<div class=\"gb-container gb-container-1c3ca7e0 uk-background-muted\"><div class=\"gb-inside-container\">\n<div class=\"gb-container gb-container-79feb26c\">\n<div class=\"gb-container gb-container-3ae95900\">\n\n<h2 class=\"gb-headline gb-headline-4fa99e77 gb-headline-text\">Le tue foto potrebbero addestrare la prossima generazione di intelligenze artificiali<\/h2>\n\n\n\n<p class=\"uk-text-secondary\">I tuoi selfie possono fare molto di pi\u00f9 che restare nella galleria.<\/p>\n\n\n\n<p class=\"uk-text-secondary\">Acquistiamo foto personali per contribuire all\u2019addestramento dei sistemi di intelligenza artificiale di nuova generazione, insegnando loro a vedere, comprendere e ricreare il mondo umano con accuratezza e rispetto.<\/p>\n\n\n\n<p class=\"uk-text-secondary\">La maggior parte delle foto viene utilizzata per lo sviluppo di modelli di intelligenza artificiale e per la ricerca visiva, ma alcune potrebbero anche apparire su piattaforme creative o di intrattenimento approvate, dove l\u2019autenticit\u00e0 \u00e8 fondamentale.<\/p>\n\n\n\n<p class=\"uk-text-secondary\">Ogni foto aiuta a costruire il futuro! E s\u00ec, vieni anche pagato per questo.<\/p>\n\n<\/div>\n\n<div class=\"gb-container gb-container-21ed567c\">\n\n<figure class=\"gb-block-image gb-block-image-4d4dcda5\"><img loading=\"lazy\" decoding=\"async\" width=\"600\" height=\"600\" class=\"gb-image gb-image-4d4dcda5\" src=\"https:\/\/sellfies.com\/wp-content\/uploads\/2025\/10\/selfies-train-ai.png\" alt=\"&amp;\" title=\"selfies train ai\" srcset=\"https:\/\/sellfies.com\/wp-content\/uploads\/2025\/10\/selfies-train-ai.png 600w, https:\/\/sellfies.com\/wp-content\/uploads\/2025\/10\/selfies-train-ai-300x300.png 300w, https:\/\/sellfies.com\/wp-content\/uploads\/2025\/10\/selfies-train-ai-150x150.png 150w\" sizes=\"auto, (max-width: 600px) 100vw, 600px\"><\/figure>\n\n<\/div>\n<\/div>\n<\/div><\/div>\n\n<div class=\"gb-container gb-container-ddf78055 uk-background-muted\"><div class=\"gb-inside-container\">\n<div class=\"gb-container gb-container-ac0c31f8\">\n\n<h2 class=\"gb-headline gb-headline-09692866 gb-headline-text uk-text-center\">Che tipo di compenso puoi aspettarti?<\/h2>\n\n<\/div>\n\n<div class=\"gb-container gb-container-c644e2e4\">\n<div class=\"gb-container gb-container-75512e1a\">\n\n<div>\n                                                <div class=\"uk-child-width-1-2@m uk-grid-small uk-grid-match\" uk-grid>\n                                                                                            <div uk-scrollspy=\"cls: uk-animation-slide-bottom-small; delay: 200; repeat: false\">\n                                    <div class=\"uk-card uk-card-default uk-card-body uk-text-center price-box\">\n                                        <span align=\"center\" class=\"banner uk-background-secondary uk-text-white\" style=\"background-color: #f49ebc\"> \n                                            Minimo sforzo \n                                        <\/span>\n                                        <dt>Minimo<\/dt>\n                                        <span class=\"text-price uk-text-emphasis uk-text-large\">7,50 \u20ac<\/span>\n                                        <div class=\"content\">\n                                            <p><!-- wp:paragraph --><\/p>\n<p>Foto di tutti i giorni che mostrano il tuo aspetto naturale e il tuo stile di vita. Semplici, spontanee e facili da creare.<\/p>\n<p><!-- \/wp:paragraph --><\/p>\n                                        <\/div>\n                                    <\/div>\n                                <\/div> \n                                                                                            <div uk-scrollspy=\"cls: uk-animation-slide-bottom-small; delay: 200; repeat: false\">\n                                    <div class=\"uk-card uk-card-default uk-card-body uk-text-center price-box\">\n                                        <span align=\"center\" class=\"banner uk-background-secondary uk-text-white\" style=\"background-color: #6944ce\"> \n                                            Maggiori guadagni \n                                        <\/span>\n                                        <dt>Massimo<\/dt>\n                                        <span class=\"text-price uk-text-emphasis uk-text-large\">15,00 \u20ac<\/span>\n                                        <div class=\"content\">\n                                            <p><!-- wp:paragraph --><\/p>\n<p>Aggiungi alcune foto che mostrino il tuo lato pi\u00f9 audace. Sempre a tua scelta, nel pieno rispetto del tuo livello di comfort.<\/p>\n<p><!-- \/wp:paragraph --><\/p>\n                                        <\/div>\n                                    <\/div>\n                                <\/div> \n                                                    <\/div>\n                                            <\/div>\n\n<\/div>\n\n<div class=\"gb-container gb-container-a43b49be\">\n\n<p class=\"uk-text-secondary\">Manteniamo tutto semplice con 2 pacchetti, ognuno con il proprio stile fotografico.<\/p>\n\n\n\n<p class=\"uk-text-secondary\">Quanto guadagni dipende dal pacchetto che scegli. Ogni pacchetto prevede un compenso equo, in base al tipo di foto che carichi e a ci\u00f2 che ti fa sentire a tuo agio.<\/p>\n\n\n\n<p class=\"uk-text-secondary\">Sei tu a decidere quali foto caricare e quale pacchetto \u00e8 pi\u00f9 adatto a te. Condividi solo ci\u00f2 che ti fa sentire a tuo agio e ricevi un compenso per contribuire a migliorare l\u2019intelligenza artificiale del futuro.<\/p>\n\n\n<div class=\"gb-button-wrapper gb-button-wrapper-1aef189e\">\n\n<a class=\"gb-button gb-button-281814e5 gb-button-text button-effect\" href=\"https:\/\/my.sellfies.com\/it\/register\">Crea il mio account<\/a>\n\n<\/div>\n<\/div>\n<\/div>\n<\/div><\/div>\n\n<div class=\"gb-container gb-container-86a5b7a8 uk-background-muted\"><div class=\"gb-inside-container\">\n<div class=\"gb-container gb-container-fa76f420\">\n<div class=\"gb-container gb-container-a6210d3a\">\n\n<h2 class=\"gb-headline gb-headline-a1436818 gb-headline-text\">Diffondi la voce e vieni ricompensato<\/h2>\n\n\n\n<p class=\"uk-text-secondary\">Conosci qualcuno a cui piacerebbe usare Sellfies? Invitalo a iscriversi tramite il tuo link di referenza e guadagna quando effettua una vendita.<\/p>\n\n\n\n<p class=\"uk-text-secondary\">\u00c8 veloce, semplice e conveniente. E non c\u2019\u00e8 alcun limite al numero di persone che puoi invitare.<\/p>\n\n\n\n<p class=\"uk-text-secondary\">Condividi il tuo link ovunque e guarda i tuoi guadagni crescere con ogni referenza andata a buon fine.<\/p>\n\n<\/div>\n\n<div class=\"gb-container gb-container-8edf0704\">\n\n<figure class=\"gb-block-image gb-block-image-71526a36\"><img loading=\"lazy\" decoding=\"async\" width=\"600\" height=\"600\" class=\"gb-image gb-image-71526a36\" src=\"https:\/\/sellfies.com\/wp-content\/uploads\/2025\/10\/sellfies-referral.png\" alt=\"&amp;\" title=\"sellfies-referral\" srcset=\"https:\/\/sellfies.com\/wp-content\/uploads\/2025\/10\/sellfies-referral.png 600w, https:\/\/sellfies.com\/wp-content\/uploads\/2025\/10\/sellfies-referral-300x300.png 300w, https:\/\/sellfies.com\/wp-content\/uploads\/2025\/10\/sellfies-referral-150x150.png 150w\" sizes=\"auto, (max-width: 600px) 100vw, 600px\"><\/figure>\n\n<\/div>\n<\/div>\n<\/div><\/div>\n\n<div class=\"gb-container gb-container-3468854c reviews\"><div class=\"gb-inside-container\">\n\n<div class=\"wp-block-columns is-layout-flex wp-container-core-columns-is-layout-9d6595d7 wp-block-columns-is-layout-flex\">\n<div class=\"wp-block-column uk-margin-large-top is-layout-flow wp-block-column-is-layout-flow\">\n<h2 class=\"gb-headline gb-headline-ba2b1883 gb-headline-text\">Testimonianze di altre donne iscritte su Sellfies<\/h2>\n<\/div>\n<\/div>\n\n\n<div class=\"gb-grid-wrapper gb-grid-wrapper-163f4b68\">\n<div class=\"gb-grid-column gb-grid-column-9864fee8\"><div class=\"gb-container gb-container-9864fee8 uk-card uk-card-default\"><div class=\"gb-inside-container\">\n\n<p>Ero nervosa all\u2019idea di farlo, perch\u00e9 avevo paura di non essere pagata. Ho ricevuto i miei soldi oggi ed \u00e8 stato abbastanza facile! I soldi sono davvero necessari in questo momento, quindi \u00e8 stata un\u2019esperienza fantastica. Ogni e-mail che ho inviato ha ricevuto rapidamente risposta. Grazie Sellfies!<\/p>\n\n\n\n<p>&#8211; <a href=\"https:\/\/it.trustpilot.com\/reviews\/63605f83252cba2c02cb65da\" data-type=\"link\" data-id=\"https:\/\/it.trustpilot.com\/reviews\/63605f83252cba2c02cb65da\" target=\"_blank\" rel=\"noopener\">Delise, USA<\/a><\/p>\n\n\n\n<div class=\"gb-headline gb-headline-b6257b22\"><span class=\"gb-icon\"><svg xmlns=\"http:\/\/www.w3.org\/2000\/svg\" viewBox=\"0 0 32 32\" fill=\"#000000\"><g stroke-width=\"0\" id=\"SVGRepo_bgCarrier\"><\/g><g stroke-linejoin=\"round\" stroke-linecap=\"round\" id=\"SVGRepo_tracerCarrier\"><\/g><g id=\"SVGRepo_iconCarrier\"><path d=\"M16 4.588l2.833 8.719H28l-7.416 5.387 2.832 8.719L16 22.023l-7.417 5.389 2.833-8.719L4 13.307h9.167L16 4.588z\"><\/path><\/g><\/svg><\/span><span class=\"gb-headline-text\"><a href=\"https:\/\/it.trustpilot.com\/reviews\/63605f83252cba2c02cb65da\" target=\"_blank\" data-type=\"link\" data-id=\"https:\/\/it.trustpilot.com\/reviews\/63605f83252cba2c02cb65da\" rel=\"noreferrer noopener\">Trustpilot<\/a><\/span><\/div>\n\n<\/div><\/div><\/div>\n\n<div class=\"gb-grid-column gb-grid-column-fa7df162\"><div class=\"gb-container gb-container-fa7df162 uk-card uk-card-default\"><div class=\"gb-inside-container\">\n\n<p>Ho seguito le linee guida, caricato le foto, sono state approvate in mezz\u2019ora e ho ricevuto il pagamento dopo 2 giorni (poich\u00e9 le ho caricate nel fine settimana).<\/p>\n\n\n\n<p>&#8211; <a href=\"https:\/\/it.trustpilot.com\/reviews\/6315b6396a3e1ed2c3c9efe4\" data-type=\"link\" data-id=\"https:\/\/it.trustpilot.com\/reviews\/6315b6396a3e1ed2c3c9efe4\" target=\"_blank\" rel=\"noopener\">Angela, Serbia<\/a><\/p>\n\n\n\n<div class=\"gb-headline gb-headline-02382501\"><span class=\"gb-icon\"><svg xmlns=\"http:\/\/www.w3.org\/2000\/svg\" viewBox=\"0 0 32 32\" fill=\"#000000\"><g stroke-width=\"0\" id=\"SVGRepo_bgCarrier\"><\/g><g stroke-linejoin=\"round\" stroke-linecap=\"round\" id=\"SVGRepo_tracerCarrier\"><\/g><g id=\"SVGRepo_iconCarrier\"><path d=\"M16 4.588l2.833 8.719H28l-7.416 5.387 2.832 8.719L16 22.023l-7.417 5.389 2.833-8.719L4 13.307h9.167L16 4.588z\"><\/path><\/g><\/svg><\/span><span class=\"gb-headline-text\"><a href=\"https:\/\/it.trustpilot.com\/reviews\/6315b6396a3e1ed2c3c9efe4\" target=\"_blank\" data-type=\"URL\" data-id=\"https:\/\/www.trustpilot.com\/reviews\/63605f83252cba2c02cb65da\" rel=\"noreferrer noopener\">Trustpilot<\/a><\/span><\/div>\n\n<\/div><\/div><\/div>\n\n<div class=\"gb-grid-column gb-grid-column-c7ac6271\"><div class=\"gb-container gb-container-c7ac6271 uk-card uk-card-default\"><div class=\"gb-inside-container\">\n\n<p>Sono cos\u00ec fortunata ad aver trovato Sellfies! \u00c8 stato facilissimo caricare le mie foto e ho ricevuto il pagamento molto velocemente. Chi non vuole un po\u2019 di soldi extra? Contate sempre su di me!<\/p>\n\n\n\n<p>&#8211; <a href=\"https:\/\/it.trustpilot.com\/reviews\/631058ce7f7a8621ee4f303f\" data-type=\"link\" data-id=\"https:\/\/www.trustpilot.com\/reviews\/631058ce7f7a8621ee4f303f\" target=\"_blank\" rel=\"noopener\">Mina, Grecia<\/a><\/p>\n\n\n\n<div class=\"gb-headline gb-headline-7fdddcb6\"><span class=\"gb-icon\"><svg xmlns=\"http:\/\/www.w3.org\/2000\/svg\" viewBox=\"0 0 32 32\" fill=\"#000000\"><g stroke-width=\"0\" id=\"SVGRepo_bgCarrier\"><\/g><g stroke-linejoin=\"round\" stroke-linecap=\"round\" id=\"SVGRepo_tracerCarrier\"><\/g><g id=\"SVGRepo_iconCarrier\"><path d=\"M16 4.588l2.833 8.719H28l-7.416 5.387 2.832 8.719L16 22.023l-7.417 5.389 2.833-8.719L4 13.307h9.167L16 4.588z\"><\/path><\/g><\/svg><\/span><span class=\"gb-headline-text\"><a href=\"https:\/\/it.trustpilot.com\/reviews\/631058ce7f7a8621ee4f303f\" target=\"_blank\" data-type=\"URL\" data-id=\"https:\/\/www.trustpilot.com\/reviews\/63605f83252cba2c02cb65da\" rel=\"noreferrer noopener\">Trustpilot<\/a><\/span><\/div>\n\n<\/div><\/div><\/div>\n<\/div>\n<\/div><\/div>\n\n<div class=\"gb-container gb-container-8e7766e7 faq\"><div class=\"gb-inside-container\">\n\n<div class=\"wp-block-columns is-layout-flex wp-container-core-columns-is-layout-9d6595d7 wp-block-columns-is-layout-flex\">\n<div class=\"wp-block-column is-layout-flow wp-block-column-is-layout-flow\">\n<div class=\"gb-headline gb-headline-d093903a gb-headline-text\">Abbiamo tutte le risposte alle tue domande<\/div>\n\n\n\n<div style=\"height:18px\" aria-hidden=\"true\" class=\"wp-block-spacer\"><\/div>\n\n\n\n<p>Per maggiori informazioni, ti invitiamo a consultare le nostre <a href=\"https:\/\/sellfies.com\/it\/faqs\/\" data-type=\"page\" data-id=\"5923\">Domande Frequenti<\/a><\/p>\n<\/div>\n\n\n\n<div class=\"wp-block-column is-layout-flow wp-block-column-is-layout-flow\">\n<p><strong>Che tipo di donne sta cercando Sellfies?<\/strong><\/p>\n\n\n\n<p>Cerchiamo donne di ogni forma, taglia ed et\u00e0. Non siamo interessati a modelle professioniste o a foto da studio.<\/p>\n\n\n\n<p>Cerchiamo donne vere, con foto autentiche. Se ti senti a tuo agio davanti alla fotocamera e sicura di te e del tuo corpo, sei la benvenuta!<\/p>\n\n\n\n<p><strong>Posso candidarmi se sono una donna matura?<\/strong><\/p>\n\n\n\n<p>S\u00ec! Assolutamente s\u00ec! Sei esattamente il tipo di modella che stiamo cercando. Tu e il tuo corpo avete vissuto la vita, e per noi questo \u00e8 qualcosa di cui andare fieri e che merita di essere celebrato. Non aver alcuna paura di iscriverti!<\/p>\n\n\n\n<p><strong>Posso rimanere anonima?<\/strong><\/p>\n\n\n\n<p>L\u2019anonimato \u00e8 una parte fondamentale di Sellfies. Facciamo tutto il possibile per garantire che tu rimanga anonima. Il tuo nome e i tuoi dati personali non verranno mai utilizzati, se non per i pagamenti e per gli obblighi di registrazione.<\/p>\n\n\n\n<p><strong>Come vengono utilizzate le mie foto e per quale scopo?<\/strong><\/p>\n\n\n\n<p>Le tue foto vengono utilizzate per aiutare i sistemi di intelligenza artificiale a vedere e comprendere meglio il mondo. Alcune possono essere impiegate anche in progetti di ricerca o creativi che richiedono immagini reali e quotidiane. Le tue foto non saranno mai visibili sui motori di ricerca o sui social media, e i tuoi dati personali non verranno mai condivisi.<\/p>\n<\/div>\n<\/div>\n\n<\/div><\/div>\n\n<div class=\"gb-container gb-container-686c4b9c parallax large uk-position-relative\"><div class=\"gb-inside-container\">\n<div class=\"gb-container gb-container-9029c7e0\"><div class=\"gb-inside-container\">\n\n<h2 class=\"gb-headline gb-headline-cd3a9929 gb-headline-text\">Guadagna con i tuoi selfie gi\u00e0 da oggi<\/h2>\n\n\n\n<h3 class=\"gb-headline gb-headline-490c1d3d gb-headline-text\">Invia le tue foto e guadagna con esse<\/h3>\n\n\n\n<a class=\"gb-button gb-button-8057e95d gb-button-text button-effect uk-align-center\" href=\"https:\/\/my.sellfies.com\/it\/register\">Crea il mio account<\/a>\n\n<\/div><\/div>\n<\/div><\/div>\n\n<div class=\"gb-container gb-container-459edfe3 blog uk-background-muted\"><div class=\"gb-inside-container\">\n<div class=\"gb-container gb-container-e9eb410a\"><div class=\"gb-inside-container\">\n\n<div class=\"wp-block-columns is-layout-flex wp-container-core-columns-is-layout-9d6595d7 wp-block-columns-is-layout-flex\">\n<div class=\"wp-block-column is-layout-flow wp-block-column-is-layout-flow\" style=\"flex-basis:33.33%\">\n<h2 class=\"gb-headline gb-headline-1e353e80 gb-headline-text\">Leggi i nostri ultimi articoli del blog<\/h2>\n<\/div>\n\n\n\n<div class=\"wp-block-column is-layout-flow wp-block-column-is-layout-flow\" style=\"flex-basis:66.66%\">\n<div class=\"gb-grid-wrapper gb-grid-wrapper-25c55912 gb-query-loop-wrapper\">\n<div class=\"gb-grid-column gb-grid-column-c746e2ac gb-query-loop-item post-8792 post type-post status-publish format-standard has-post-thumbnail hentry category-blog-it\"><div class=\"gb-container gb-container-c746e2ac uk-card uk-card-default\"><div class=\"gb-inside-container\">\n<figure class=\"gb-block-image gb-block-image-f253f6a9\"><a href=\"https:\/\/sellfies.com\/it\/anonimato-e-sicurezza-nel-mondo-digitale-una-guida-per-lutente-internet-moderno\/\"><img loading=\"lazy\" decoding=\"async\" width=\"1052\" height=\"701\" src=\"https:\/\/sellfies.com\/wp-content\/uploads\/2023\/08\/Untitled-design-41.jpg\" class=\"gb-image-f253f6a9\" alt=\"cat looking at computer\" srcset=\"https:\/\/sellfies.com\/wp-content\/uploads\/2023\/08\/Untitled-design-41.jpg 1052w, https:\/\/sellfies.com\/wp-content\/uploads\/2023\/08\/Untitled-design-41-300x200.jpg 300w, https:\/\/sellfies.com\/wp-content\/uploads\/2023\/08\/Untitled-design-41-1024x682.jpg 1024w, https:\/\/sellfies.com\/wp-content\/uploads\/2023\/08\/Untitled-design-41-768x512.jpg 768w\" sizes=\"auto, (max-width: 1052px) 100vw, 1052px\" title=\"\"><\/a><\/figure>\n\n<h3 class=\"gb-headline gb-headline-def89cc0 gb-headline-text\"><a href=\"https:\/\/sellfies.com\/it\/anonimato-e-sicurezza-nel-mondo-digitale-una-guida-per-lutente-internet-moderno\/\">Anonimato e Sicurezza nel Mondo Digitale: Una Guida per l&#8217;Utente Internet Moderno.<\/a><\/h3>\n<\/div><\/div><\/div>\n\n<div class=\"gb-grid-column gb-grid-column-c746e2ac gb-query-loop-item post-5936 post type-post status-publish format-standard has-post-thumbnail hentry category-blog-it\"><div class=\"gb-container gb-container-c746e2ac uk-card uk-card-default\"><div class=\"gb-inside-container\">\n<figure class=\"gb-block-image gb-block-image-f253f6a9\"><a href=\"https:\/\/sellfies.com\/it\/picture-this-a-guide-to-making-money-by-selling-your-photos-online\/\"><img loading=\"lazy\" decoding=\"async\" width=\"1000\" height=\"667\" src=\"https:\/\/sellfies.com\/wp-content\/uploads\/2023\/02\/sellfies-proud-woman-11.jpg\" class=\"gb-image-f253f6a9\" alt=\"sell my photos online\" srcset=\"https:\/\/sellfies.com\/wp-content\/uploads\/2023\/02\/sellfies-proud-woman-11.jpg 1000w, https:\/\/sellfies.com\/wp-content\/uploads\/2023\/02\/sellfies-proud-woman-11-300x200.jpg 300w, https:\/\/sellfies.com\/wp-content\/uploads\/2023\/02\/sellfies-proud-woman-11-768x512.jpg 768w\" sizes=\"auto, (max-width: 1000px) 100vw, 1000px\" title=\"\"><\/a><\/figure>\n\n<h3 class=\"gb-headline gb-headline-def89cc0 gb-headline-text\"><a href=\"https:\/\/sellfies.com\/it\/picture-this-a-guide-to-making-money-by-selling-your-photos-online\/\">Picture This: A Guide to Making Money by Selling Your Photos Online<\/a><\/h3>\n<\/div><\/div><\/div>\n<\/div>\n<\/div>\n<\/div>\n\n<\/div><\/div>\n<\/div><\/div>","protected":false},"excerpt":{"rendered":"","protected":false},"author":5,"featured_media":0,"parent":0,"menu_order":0,"comment_status":"closed","ping_status":"closed","template":"","meta":{"_acf_changed":false,"footnotes":""},"class_list":["post-5928","page","type-page","status-publish"],"acf":[],"_links":{"self":[{"href":"https:\/\/sellfies.com\/it\/wp-json\/wp\/v2\/pages\/5928","targetHints":{"allow":["GET"]}}],"collection":[{"href":"https:\/\/sellfies.com\/it\/wp-json\/wp\/v2\/pages"}],"about":[{"href":"https:\/\/sellfies.com\/it\/wp-json\/wp\/v2\/types\/page"}],"author":[{"embeddable":true,"href":"https:\/\/sellfies.com\/it\/wp-json\/wp\/v2\/users\/5"}],"replies":[{"embeddable":true,"href":"https:\/\/sellfies.com\/it\/wp-json\/wp\/v2\/comments?post=5928"}],"version-history":[{"count":19,"href":"https:\/\/sellfies.com\/it\/wp-json\/wp\/v2\/pages\/5928\/revisions"}],"predecessor-version":[{"id":9971,"href":"https:\/\/sellfies.com\/it\/wp-json\/wp\/v2\/pages\/5928\/revisions\/9971"}],"wp:attachment":[{"href":"https:\/\/sellfies.com\/it\/wp-json\/wp\/v2\/media?parent=5928"}],"curies":[{"name":"wp","href":"https:\/\/api.w.org\/{rel}","templated":true}]}}