{"id":8105,"date":"2023-01-13T03:02:22","date_gmt":"2023-01-13T03:02:22","guid":{"rendered":"https:\/\/sellfies.com\/?page_id=8105"},"modified":"2026-03-02T15:48:31","modified_gmt":"2026-03-02T15:48:31","slug":"blog","status":"publish","type":"page","link":"https:\/\/sellfies.com\/pl\/blog\/","title":{"rendered":"Blog"},"content":{"rendered":"<div class=\"gb-container gb-container-3468854c blog-page uk-margin-large-bottom\"><div class=\"gb-inside-container\">\n\n<div class=\"gb-grid-wrapper gb-grid-wrapper-5dc7d297 gb-query-loop-wrapper\">\n<div class=\"gb-grid-column gb-grid-column-2b50ce0e gb-query-loop-item post-8889 post type-post status-publish format-standard has-post-thumbnail hentry category-bez-kategorii\"><article class=\"gb-container gb-container-2b50ce0e uk-card uk-card-default\"><div class=\"gb-inside-container\">\n<figure class=\"wp-block-post-featured-image\"><a href=\"https:\/\/sellfies.com\/pl\/jak-sprzedawac-akty-online\/\" target=\"_self\"  ><img loading=\"lazy\" decoding=\"async\" width=\"1280\" height=\"1200\" src=\"https:\/\/sellfies.com\/wp-content\/uploads\/2023\/01\/6267bd3d2c029837803879.jpg\" class=\"attachment-post-thumbnail size-post-thumbnail wp-post-image\" alt=\"Jak sprzedawa\u0107 akty online\" style=\"object-fit:cover;\" srcset=\"https:\/\/sellfies.com\/wp-content\/uploads\/2023\/01\/6267bd3d2c029837803879.jpg 1280w, https:\/\/sellfies.com\/wp-content\/uploads\/2023\/01\/6267bd3d2c029837803879-300x281.jpg 300w, https:\/\/sellfies.com\/wp-content\/uploads\/2023\/01\/6267bd3d2c029837803879-1024x960.jpg 1024w, https:\/\/sellfies.com\/wp-content\/uploads\/2023\/01\/6267bd3d2c029837803879-768x720.jpg 768w\" sizes=\"auto, (max-width: 1280px) 100vw, 1280px\" title=\"\"><\/a><\/figure>\n\n<h2 class=\"gb-headline gb-headline-ae4e77ad gb-headline-text\"><a href=\"https:\/\/sellfies.com\/pl\/jak-sprzedawac-akty-online\/\">Jak sprzedawa\u0107 akty online<\/a><\/h2>\n<\/div><\/article><\/div>\n<\/div>\n\n<\/div><\/div>\n\n<div class=\"gb-container gb-container-686c4b9c parallax large uk-position-relative\"><div class=\"gb-inside-container\">\n<div class=\"gb-container gb-container-9029c7e0\"><div class=\"gb-inside-container\">\n\n<h2 class=\"gb-headline gb-headline-cd3a9929 gb-headline-text\">Zosta\u0144 wynagrodzony za swoje selfies ju\u017c dzi\u015b<\/h2>\n\n\n\n<h2 class=\"gb-headline gb-headline-490c1d3d gb-headline-text\">Prze\u015blij swoje zdj\u0119cia i zarabiaj w ci\u0105gu kilku minut.<\/h2>\n\n\n\n<a class=\"gb-button gb-button-8057e95d gb-button-text button-effect uk-align-center\" href=\"https:\/\/my.sellfies.com\/pl\/register\">Utw\u00f3rz moje konto<\/a>\n\n<\/div><\/div>\n<\/div><\/div>\n\n<div class=\"gb-container gb-container-f8907a32 blog-page uk-margin-large-top uk-margin-large-bottom\"><div class=\"gb-inside-container\">\n\n<div class=\"gb-grid-wrapper gb-grid-wrapper-e0746038 gb-query-loop-wrapper\"><\/div>\n\n<\/div><\/div>","protected":false},"excerpt":{"rendered":"","protected":false},"author":5,"featured_media":0,"parent":0,"menu_order":0,"comment_status":"closed","ping_status":"closed","template":"","meta":{"_acf_changed":false,"footnotes":""},"class_list":["post-8105","page","type-page","status-publish"],"acf":[],"_links":{"self":[{"href":"https:\/\/sellfies.com\/pl\/wp-json\/wp\/v2\/pages\/8105","targetHints":{"allow":["GET"]}}],"collection":[{"href":"https:\/\/sellfies.com\/pl\/wp-json\/wp\/v2\/pages"}],"about":[{"href":"https:\/\/sellfies.com\/pl\/wp-json\/wp\/v2\/types\/page"}],"author":[{"embeddable":true,"href":"https:\/\/sellfies.com\/pl\/wp-json\/wp\/v2\/users\/5"}],"replies":[{"embeddable":true,"href":"https:\/\/sellfies.com\/pl\/wp-json\/wp\/v2\/comments?post=8105"}],"version-history":[{"count":2,"href":"https:\/\/sellfies.com\/pl\/wp-json\/wp\/v2\/pages\/8105\/revisions"}],"predecessor-version":[{"id":10006,"href":"https:\/\/sellfies.com\/pl\/wp-json\/wp\/v2\/pages\/8105\/revisions\/10006"}],"wp:attachment":[{"href":"https:\/\/sellfies.com\/pl\/wp-json\/wp\/v2\/media?parent=8105"}],"curies":[{"name":"wp","href":"https:\/\/api.w.org\/{rel}","templated":true}]}}