{"id":8107,"date":"2023-01-30T12:21:44","date_gmt":"2023-01-30T12:21:44","guid":{"rendered":"https:\/\/sellfies.com\/?page_id=8107"},"modified":"2025-11-21T08:51:13","modified_gmt":"2025-11-21T08:51:13","slug":"wynagrodzenie","status":"publish","type":"page","link":"https:\/\/sellfies.com\/pl\/wynagrodzenie\/","title":{"rendered":"Wynagrodzenie"},"content":{"rendered":"<div class=\"gb-container gb-container-85b7d472\">\n<div class=\"gb-container gb-container-d1eab145\">\n<div class=\"gb-container gb-container-970c07b5\">\n<div class=\"gb-container gb-container-15bb72f2\">\n\n<div class=\"gb-headline gb-headline-c14eebdb gb-headline-text\">Normalny<\/div>\n\n<\/div>\n\n\n<div class=\"gb-headline gb-headline-651c0b92\"><span class=\"gb-icon\"><svg aria-hidden=\"true\" role=\"img\" height=\"1em\" width=\"1em\" viewBox=\"0 0 512 512\" xmlns=\"http:\/\/www.w3.org\/2000\/svg\"><path fill=\"currentColor\" d=\"M504 256c0 136.967-111.033 248-248 248S8 392.967 8 256 119.033 8 256 8s248 111.033 248 248zM227.314 387.314l184-184c6.248-6.248 6.248-16.379 0-22.627l-22.627-22.627c-6.248-6.249-16.379-6.249-22.628 0L216 308.118l-70.059-70.059c-6.248-6.248-16.379-6.248-22.628 0l-22.627 22.627c-6.248 6.248-6.248 16.379 0 22.627l104 104c6.249 6.249 16.379 6.249 22.628.001z\"><\/path><\/svg><\/span><span class=\"gb-headline-text\">10 zdj\u0119\u0107 siebie<\/span><\/div>\n\n\n\n<div class=\"gb-headline gb-headline-21786c55\"><span class=\"gb-icon\"><svg aria-hidden=\"true\" role=\"img\" height=\"1em\" width=\"1em\" viewBox=\"0 0 512 512\" xmlns=\"http:\/\/www.w3.org\/2000\/svg\"><path fill=\"currentColor\" d=\"M504 256c0 136.967-111.033 248-248 248S8 392.967 8 256 119.033 8 256 8s248 111.033 248 248zM227.314 387.314l184-184c6.248-6.248 6.248-16.379 0-22.627l-22.627-22.627c-6.248-6.249-16.379-6.249-22.628 0L216 308.118l-70.059-70.059c-6.248-6.248-16.379-6.248-22.628 0l-22.627 22.627c-6.248 6.248-6.248 16.379 0 22.627l104 104c6.249 6.249 16.379 6.249 22.628.001z\"><\/path><\/svg><\/span><span class=\"gb-headline-text\">Ka\u017cde zdj\u0119cie musi by\u0107 niepowtarzalne<\/span><\/div>\n\n\n\n<div class=\"gb-headline gb-headline-c8e213fa\"><span class=\"gb-icon\"><svg aria-hidden=\"true\" role=\"img\" height=\"1em\" width=\"1em\" viewBox=\"0 0 512 512\" xmlns=\"http:\/\/www.w3.org\/2000\/svg\"><path fill=\"currentColor\" d=\"M504 256c0 136.967-111.033 248-248 248S8 392.967 8 256 119.033 8 256 8s248 111.033 248 248zM227.314 387.314l184-184c6.248-6.248 6.248-16.379 0-22.627l-22.627-22.627c-6.248-6.249-16.379-6.249-22.628 0L216 308.118l-70.059-70.059c-6.248-6.248-16.379-6.248-22.628 0l-22.627 22.627c-6.248 6.248-6.248 16.379 0 22.627l104 104c6.249 6.249 16.379 6.249 22.628.001z\"><\/path><\/svg><\/span><span class=\"gb-headline-text\">Twarz widoczna i nieedytowana<\/span><\/div>\n\n\n\n<div class=\"gb-headline gb-headline-0ac4f27b\"><span class=\"gb-icon\"><svg aria-hidden=\"true\" role=\"img\" height=\"1em\" width=\"1em\" viewBox=\"0 0 512 512\" xmlns=\"http:\/\/www.w3.org\/2000\/svg\"><path fill=\"currentColor\" d=\"M504 256c0 136.967-111.033 248-248 248S8 392.967 8 256 119.033 8 256 8s248 111.033 248 248zM227.314 387.314l184-184c6.248-6.248 6.248-16.379 0-22.627l-22.627-22.627c-6.248-6.249-16.379-6.249-22.628 0L216 308.118l-70.059-70.059c-6.248-6.248-16.379-6.248-22.628 0l-22.627 22.627c-6.248 6.248-6.248 16.379 0 22.627l104 104c6.249 6.249 16.379 6.249 22.628.001z\"><\/path><\/svg><\/span><span class=\"gb-headline-text\">Wy\u0142\u0105cznie w\u0142asnor\u0119cznie zrobione zdj\u0119cia i w stylu selfie<\/span><\/div>\n\n\n\n<div class=\"gb-headline gb-headline-fde9fdff\"><span class=\"gb-icon\"><svg aria-hidden=\"true\" role=\"img\" height=\"1em\" width=\"1em\" viewBox=\"0 0 512 512\" xmlns=\"http:\/\/www.w3.org\/2000\/svg\"><path fill=\"currentColor\" d=\"M504 256c0 136.967-111.033 248-248 248S8 392.967 8 256 119.033 8 256 8s248 111.033 248 248zM227.314 387.314l184-184c6.248-6.248 6.248-16.379 0-22.627l-22.627-22.627c-6.248-6.249-16.379-6.249-22.628 0L216 308.118l-70.059-70.059c-6.248-6.248-16.379-6.248-22.628 0l-22.627 22.627c-6.248 6.248-6.248 16.379 0 22.627l104 104c6.249 6.249 16.379 6.249 22.628.001z\"><\/path><\/svg><\/span><span class=\"gb-headline-text\">Typowe zdj\u0119cia z Instagrama, selfie, zdj\u0119cia pokazuj\u0105ce codzienne \u017cycie itp.<\/span><\/div>\n\n\n\n<div class=\"gb-headline gb-headline-1be89626 gb-headline-text\">\u20ac 7,50<\/div>\n\n<\/div>\n\n<div class=\"gb-container gb-container-64879048\">\n<div class=\"gb-container gb-container-5e9d2d74\">\n\n<div class=\"gb-headline gb-headline-a988c5d4 gb-headline-text\">Dla doros\u0142ych<\/div>\n\n<\/div>\n\n\n<div class=\"gb-headline gb-headline-b99ac2f6\"><span class=\"gb-icon\"><svg aria-hidden=\"true\" role=\"img\" height=\"1em\" width=\"1em\" viewBox=\"0 0 512 512\" xmlns=\"http:\/\/www.w3.org\/2000\/svg\"><path fill=\"currentColor\" d=\"M504 256c0 136.967-111.033 248-248 248S8 392.967 8 256 119.033 8 256 8s248 111.033 248 248zM227.314 387.314l184-184c6.248-6.248 6.248-16.379 0-22.627l-22.627-22.627c-6.248-6.249-16.379-6.249-22.628 0L216 308.118l-70.059-70.059c-6.248-6.248-16.379-6.248-22.628 0l-22.627 22.627c-6.248 6.248-6.248 16.379 0 22.627l104 104c6.249 6.249 16.379 6.249 22.628.001z\"><\/path><\/svg><\/span><span class=\"gb-headline-text\">5 zdj\u0119\u0107 normalnych + 5 zdj\u0119\u0107 dla doros\u0142ych<\/span><\/div>\n\n\n\n<div class=\"gb-headline gb-headline-8e492589\"><span class=\"gb-icon\"><svg aria-hidden=\"true\" role=\"img\" height=\"1em\" width=\"1em\" viewBox=\"0 0 512 512\" xmlns=\"http:\/\/www.w3.org\/2000\/svg\"><path fill=\"currentColor\" d=\"M504 256c0 136.967-111.033 248-248 248S8 392.967 8 256 119.033 8 256 8s248 111.033 248 248zM227.314 387.314l184-184c6.248-6.248 6.248-16.379 0-22.627l-22.627-22.627c-6.248-6.249-16.379-6.249-22.628 0L216 308.118l-70.059-70.059c-6.248-6.248-16.379-6.248-22.628 0l-22.627 22.627c-6.248 6.248-6.248 16.379 0 22.627l104 104c6.249 6.249 16.379 6.249 22.628.001z\"><\/path><\/svg><\/span><span class=\"gb-headline-text\">Ka\u017cde zdj\u0119cie musi by\u0107 niepowtarzalne<\/span><\/div>\n\n\n\n<div class=\"gb-headline gb-headline-1b121ed7\"><span class=\"gb-icon\"><svg aria-hidden=\"true\" role=\"img\" height=\"1em\" width=\"1em\" viewBox=\"0 0 512 512\" xmlns=\"http:\/\/www.w3.org\/2000\/svg\"><path fill=\"currentColor\" d=\"M504 256c0 136.967-111.033 248-248 248S8 392.967 8 256 119.033 8 256 8s248 111.033 248 248zM227.314 387.314l184-184c6.248-6.248 6.248-16.379 0-22.627l-22.627-22.627c-6.248-6.249-16.379-6.249-22.628 0L216 308.118l-70.059-70.059c-6.248-6.248-16.379-6.248-22.628 0l-22.627 22.627c-6.248 6.248-6.248 16.379 0 22.627l104 104c6.249 6.249 16.379 6.249 22.628.001z\"><\/path><\/svg><\/span><span class=\"gb-headline-text\">Twarz widoczna i nieedytowana<\/span><\/div>\n\n\n\n<div class=\"gb-headline gb-headline-496e1f85\"><span class=\"gb-icon\"><svg aria-hidden=\"true\" role=\"img\" height=\"1em\" width=\"1em\" viewBox=\"0 0 512 512\" xmlns=\"http:\/\/www.w3.org\/2000\/svg\"><path fill=\"currentColor\" d=\"M504 256c0 136.967-111.033 248-248 248S8 392.967 8 256 119.033 8 256 8s248 111.033 248 248zM227.314 387.314l184-184c6.248-6.248 6.248-16.379 0-22.627l-22.627-22.627c-6.248-6.249-16.379-6.249-22.628 0L216 308.118l-70.059-70.059c-6.248-6.248-16.379-6.248-22.628 0l-22.627 22.627c-6.248 6.248-6.248 16.379 0 22.627l104 104c6.249 6.249 16.379 6.249 22.628.001z\"><\/path><\/svg><\/span><span class=\"gb-headline-text\">Wy\u0142\u0105cznie w\u0142asnor\u0119cznie zrobione zdj\u0119cia i w stylu selfie<\/span><\/div>\n\n\n\n<div class=\"gb-headline gb-headline-133cb54d\"><span class=\"gb-icon\"><svg aria-hidden=\"true\" role=\"img\" height=\"1em\" width=\"1em\" viewBox=\"0 0 512 512\" xmlns=\"http:\/\/www.w3.org\/2000\/svg\"><path fill=\"currentColor\" d=\"M504 256c0 136.967-111.033 248-248 248S8 392.967 8 256 119.033 8 256 8s248 111.033 248 248zM227.314 387.314l184-184c6.248-6.248 6.248-16.379 0-22.627l-22.627-22.627c-6.248-6.249-16.379-6.249-22.628 0L216 308.118l-70.059-70.059c-6.248-6.248-16.379-6.248-22.628 0l-22.627 22.627c-6.248 6.248-6.248 16.379 0 22.627l104 104c6.249 6.249 16.379 6.249 22.628.001z\"><\/path><\/svg><\/span><span class=\"gb-headline-text\">Seksowne zdj\u0119cia i selfie dla doros\u0142ych. Bielizna, nago\u015b\u0107, masturbacja itp.<\/span><\/div>\n\n\n\n<div class=\"gb-headline gb-headline-4e2431b4 gb-headline-text\">\u20ac 15,00<\/div>\n\n<\/div>\n<\/div>\n\n\n<p class=\"has-text-align-center\" style=\"text-decoration:underline\"><a href=\"https:\/\/sellfies.com\/pl\/wymagania-dotyczace-zdjec\/\" data-type=\"page\" data-id=\"8120\">Zobacz wszystkie wymagania dotycz\u0105ce zdj\u0119\u0107<\/a><\/p>\n\n<\/div>","protected":false},"excerpt":{"rendered":"","protected":false},"author":5,"featured_media":0,"parent":0,"menu_order":0,"comment_status":"closed","ping_status":"closed","template":"","meta":{"_acf_changed":false,"footnotes":""},"class_list":["post-8107","page","type-page","status-publish"],"acf":[],"_links":{"self":[{"href":"https:\/\/sellfies.com\/pl\/wp-json\/wp\/v2\/pages\/8107","targetHints":{"allow":["GET"]}}],"collection":[{"href":"https:\/\/sellfies.com\/pl\/wp-json\/wp\/v2\/pages"}],"about":[{"href":"https:\/\/sellfies.com\/pl\/wp-json\/wp\/v2\/types\/page"}],"author":[{"embeddable":true,"href":"https:\/\/sellfies.com\/pl\/wp-json\/wp\/v2\/users\/5"}],"replies":[{"embeddable":true,"href":"https:\/\/sellfies.com\/pl\/wp-json\/wp\/v2\/comments?post=8107"}],"version-history":[{"count":7,"href":"https:\/\/sellfies.com\/pl\/wp-json\/wp\/v2\/pages\/8107\/revisions"}],"predecessor-version":[{"id":9849,"href":"https:\/\/sellfies.com\/pl\/wp-json\/wp\/v2\/pages\/8107\/revisions\/9849"}],"wp:attachment":[{"href":"https:\/\/sellfies.com\/pl\/wp-json\/wp\/v2\/media?parent=8107"}],"curies":[{"name":"wp","href":"https:\/\/api.w.org\/{rel}","templated":true}]}}