{"id":8114,"date":"2023-01-10T02:08:17","date_gmt":"2023-01-10T02:08:17","guid":{"rendered":"https:\/\/sellfies.com\/?page_id=8114"},"modified":"2025-11-21T09:28:43","modified_gmt":"2025-11-21T09:28:43","slug":"politykaprywatnosci","status":"publish","type":"page","link":"https:\/\/sellfies.com\/pl\/politykaprywatnosci\/","title":{"rendered":"Polityka prywatno\u015bci"},"content":{"rendered":"\n<p>Toto ozn\u00e1men\u00ed o ochran\u011b osobn\u00edch \u00fadaj\u016f popisuje zp\u016fsob, jak\u00fdm nakl\u00e1d\u00e1me s V\u00e1mi sd\u00edlen\u00fdmi informacemi a \u00fadaji, tak abychom V\u00e1m umo\u017enili optim\u00e1ln\u00ed vyu\u017e\u00edv\u00e1n\u00ed na\u0161ich slu\u017eeb. Na\u0161e spole\u010dnost, AIA Digital B.V. (&#8222;Sellfies&#8221;), je nizozemsk\u00e1 spole\u010dnost s ru\u010den\u00edm omezen\u00fdm se s\u00eddlem na adrese Dambroeken 6, 9411 SG, Beilen, Holandia. Nizozemsko a da\u0148ov\u00fdm identifika\u010dn\u00edm \u010d\u00edslem 854 14 379. Sellfies je provozovatelem webov\u00e9 str\u00e1nky na adrese <a href=\"https:\/\/www.sellfies.com\/\">https:\/\/www.sellfies.com<\/a> (&#8222;Platforma&#8221;), na kter\u00e9 mohou u\u017eivatel\u00e9 nahr\u00e1vat fotografie sebe sam\u00fdch.\u00a0<\/p>\n\n\n\n<p>Va\u0161e osobn\u00ed \u00fadaje, kter\u00e9 n\u00e1m poskytnete nebo kter\u00e9 m\u00e1me k dispozici, zpracov\u00e1v\u00e1me tak, jak je uvedeno v tomto ozn\u00e1men\u00ed o ochran\u011b osobn\u00edch \u00fadaj\u016f. Sb\u011br a zpracov\u00e1n\u00ed Va\u0161ich osobn\u00edch \u00fadaj\u016f prob\u00edh\u00e1 v souladu s platn\u00fdm pr\u00e1vn\u00edm p\u0159edpisem o ochran\u011b osobn\u00edch \u00fadaj\u016f, zejm\u00e9na Na\u0159\u00edzen\u00edm Evropsk\u00e9ho parlamentu a Rady (EU) 2016\/679, o ochran\u011b fyzick\u00fdch osob v souvislosti se zpracov\u00e1n\u00edm osobn\u00edch \u00fadaj\u016f a o voln\u00e9m pohybu t\u011bchto \u00fadaj\u016f a o zru\u0161en\u00ed sm\u011brnice 95\/46\/ES (obecn\u00e9 na\u0159\u00edzen\u00ed o ochran\u011b osobn\u00edch \u00fadaj\u016f) (&#8222;GDPR&#8221;) a dal\u0161\u00edmi p\u0159\u00edslu\u0161n\u00fdmi m\u00edstn\u00edmi z\u00e1kony o ochran\u011b osobn\u00edch \u00fadaj\u016f.&nbsp;<\/p>\n\n\n\n<p>Toto ozn\u00e1men\u00ed o ochran\u011b osobn\u00edch \u00fadaj\u016f se vztahuje na V\u00e1s jako\u017eto u\u017eivatele na\u0161\u00ed Platformy. V\u0161em na\u0161im u\u017eivatel\u016fm doporu\u010dujeme se s t\u00edmto ozn\u00e1men\u00edm o ochran\u011b osobn\u00edch \u00fadaj\u016f d\u016fkladn\u011b sezn\u00e1mit. R\u00e1di bychom V\u00e1m poskytli ve\u0161ker\u00e9 informace co nejsrozumiteln\u011bj\u0161\u00edm zp\u016fsobem. V&nbsp;p\u0159\u00edpad\u011b jak\u00fdchkoliv nejasnost\u00ed v tomto ozn\u00e1men\u00ed o ochran\u011b osobn\u00edch \u00fadaj\u016f obsa\u017een\u00fdch pojm\u016f jsme p\u0159ipraveni V\u00e1m tyto bl\u00ed\u017ee vysv\u011btlit.<\/p>\n\n\n\n<h3 class=\"wp-block-heading\"><strong><strong>1. Kdo je spr\u00e1vcem Va\u0161ich \u00fadaj\u016f?<\/strong><\/strong><\/h3>\n\n\n\n<p>Spr\u00e1vcem Va\u0161ich osobn\u00edch \u00fadaj\u016f je spole\u010dnost AIA Digital B.V. (&#8222;Spole\u010dnost&#8221; nebo &#8222;my&#8221;).<\/p>\n\n\n\n<p>V&nbsp;p\u0159\u00edpad\u011b jak\u00e9koliv \u017e\u00e1dosti t\u00fdkaj\u00edc\u00ed se zpracov\u00e1n\u00ed Va\u0161ich \u00fadaj\u016f, nebo pokud si budete p\u0159\u00e1t uplatnit sv\u00e1 pr\u00e1va dle \u010dl\u00e1nku \u200e4 n\u00ed\u017ee, za\u0161lete n\u00e1m pros\u00edm e-mail na <a href=\"mailto:info@sellfies.com\">info@sellfies.com<\/a>.<\/p>\n\n\n\n<h3 class=\"wp-block-heading\"><strong><strong>2.Jak\u00e9 osobn\u00ed \u00fadaje o V\u00e1s shroma\u017e\u010fujeme? Za jak\u00fdm \u00fa\u010delem a jak dlouho je shroma\u017e\u010fujeme?<\/strong>&nbsp;<\/strong><\/h3>\n\n\n\n<p>Va\u0161e osobn\u00ed \u00fadaje zpracov\u00e1v\u00e1me pouze v rozsahu vymezen\u00e9m V\u00e1m poskytovan\u00fdmi slu\u017ebami (tj. provozem Platformy) nebo jin\u00fdmi souvisej\u00edc\u00edmi \u00fa\u010dely zpracov\u00e1n\u00ed, tak jak je uvedeno n\u00ed\u017ee.&nbsp;<\/p>\n\n\n\n<p><strong>2.1 Pro \u00fa\u010dely Va\u0161\u00ed registrace na Platform\u011b zpracov\u00e1v\u00e1me Va\u0161e osobn\u00ed \u00fadaje v&nbsp;rozsahu: pohlav\u00ed, sexu\u00e1ln\u00ed orientace, datum narozen\u00ed, m\u00edsto pobytu, u\u017eivatelsk\u00e9 jm\u00e9no, e-mailov\u00e1 adresa, heslo (spole\u010dn\u011b &#8222;Osobn\u00ed \u00fadaje&#8221;); tato data jsou nezbytn\u00e1 pro vytvo\u0159en\u00ed Va\u0161eho profilu.&nbsp;<\/strong><\/p>\n\n\n\n<p>Prim\u00e1rn\u00edm pr\u00e1vn\u00edm z\u00e1kladem pro zpracov\u00e1n\u00ed v\u00fd\u0161e uveden\u00fdch \u00fadaj\u016f je pln\u011bn\u00ed smlouvy (tj. poskytov\u00e1n\u00ed na\u0161ich slu\u017eeb), jej\u00ed\u017e stranou se st\u00e1v\u00e1te p\u0159i dokon\u010den\u00ed registra\u010dn\u00edho procesu. Osobn\u00ed \u00fadaje budou zpracov\u00e1v\u00e1ny po dobu trv\u00e1n\u00ed smluvn\u00edho vztahu a t\u00e9\u017e po ur\u010ditou dobu po jeho ukon\u010den\u00ed za \u00fa\u010delem spln\u011bn\u00ed na\u0161ich z\u00e1konn\u00fdch povinnost\u00ed a ochranu na\u0161ich opr\u00e1vn\u011bn\u00fdch z\u00e1jm\u016f. V praxi takov\u00e1 doba obvykle nep\u0159esahuje t\u0159i roky od ukon\u010den\u00ed smluvn\u00edch z\u00e1vazk\u016f, nicm\u00e9n\u011b v konkr\u00e9tn\u00edch d\u016fvodn\u00fdch p\u0159\u00edpadech m\u016f\u017ee b\u00fdt i del\u0161\u00ed.<\/p>\n\n\n\n<p>Pr\u00e1vn\u00edm z\u00e1kladem pro zpracov\u00e1n\u00ed zvl\u00e1\u0161tn\u00edch kategori\u00ed osobn\u00edch informac\u00ed je souhlas, kter\u00fd n\u00e1m ud\u011blujete. Va\u0161e osobn\u00ed \u00fadaje budou zpracov\u00e1v\u00e1ny po dobu trv\u00e1n\u00ed souhlasu.<\/p>\n\n\n\n<p><strong>2.2 Pro \u00fa\u010dely poskytov\u00e1n\u00ed na\u0161ich slu\u017eeb (tj. provozov\u00e1n\u00ed Platformy) a umo\u017en\u011bn\u00ed Va\u0161\u00ed komunikace s ostatn\u00edmi u\u017eivateli m\u016f\u017eeme zpracov\u00e1vat n\u00e1sleduj\u00edc\u00ed informace:&nbsp;<\/strong><\/p>\n\n\n\n<ul class=\"wp-block-list\">\n<li>Osobn\u00ed \u00fadaje vypln\u011bn\u00e9 b\u011bhem registrace, tak jak je uvedeno v\u00fd\u0161e;<\/li>\n\n\n\n<li>platebn\u00ed \u00fadaje;&nbsp;<\/li>\n\n\n\n<li>fotografick\u00fd obsah; a<\/li>\n\n\n\n<li>jak\u00e9koliv dal\u0161\u00ed osobn\u00ed informace, kter\u00e9 m\u016f\u017eete p\u0159i spr\u00e1v\u011b sv\u00e9ho profilu p\u0159id\u00e1vat \u2013 nap\u0159\u00edklad fotografie, informace o Va\u0161em vzhledu (v\u00fd\u0161ka, barva vlas\u016f, tetov\u00e1n\u00ed, typ t\u011bla, barva o\u010d\u00ed, piercing) nebo jak\u00e9koliv jin\u00e9 souvisej\u00edc\u00ed osobn\u00ed informace, kter\u00e9 s n\u00e1mi dobrovoln\u011b sd\u00edl\u00edte (&#8222;Voliteln\u00e9 osobn\u00ed \u00fadaje&#8221;).<\/li>\n<\/ul>\n\n\n\n<p>Upozor\u0148ujeme, \u017ee \u00fadaje uveden\u00e9 v t\u00e9to \u010d\u00e1sti nebudou zve\u0159ejn\u011bny, p\u0159evedeny nebo prod\u00e1ny \u017e\u00e1dn\u00e9 t\u0159et\u00ed stran\u011b a budou uchov\u00e1v\u00e1ny na serverech, nach\u00e1zej\u00edc\u00edch se v Nizozemsku.<\/p>\n\n\n\n<p>Pr\u00e1vn\u00edm z\u00e1kladem pro zpracov\u00e1n\u00ed je pln\u011bn\u00ed smlouvy (tj. poskytov\u00e1n\u00ed na\u0161ich slu\u017eeb), jej\u00ed\u017e jste stranou. Osobn\u00ed \u00fadaje budou zpracov\u00e1v\u00e1ny po dobu trv\u00e1n\u00ed smluvn\u00edho vztahu a t\u00e9\u017e po ur\u010ditou dobu po jeho ukon\u010den\u00ed za \u00fa\u010delem spln\u011bn\u00ed na\u0161ich z\u00e1konn\u00fdch povinnost\u00ed a ochranu na\u0161ich opr\u00e1vn\u011bn\u00fdch z\u00e1jm\u016f.&nbsp;<\/p>\n\n\n\n<p>Pokud n\u011bkter\u00fd z v\u00fd\u0161e uveden\u00fdch \u00fadaj\u016f (zejm\u00e9na voliteln\u00fdch osobn\u00edch \u00fadaj\u016f) spad\u00e1 do definice &#8222;zvl\u00e1\u0161tn\u00ed kategorie osobn\u00edch \u00fadaj\u016f&#8221; (citliv\u00e9 \u00fadaje) podle GDPR (<em>tj. osobn\u00ed \u00fadaje odhaluj\u00edc\u00ed rasov\u00fd nebo etnick\u00fd p\u016fvod, politick\u00e9 n\u00e1zory, n\u00e1bo\u017eensk\u00e9 nebo filozofick\u00e9 p\u0159esv\u011bd\u010den\u00ed nebo \u010dlenstv\u00ed v odborech, genetick\u00e9 \u00fadaje, biometrick\u00e9 \u00fadaje pro jedine\u010dnou identifikaci fyzick\u00e9 osoby, \u00fadaje t\u00fdkaj\u00edc\u00ed se zdrav\u00ed nebo \u00fadaje t\u00fdkaj\u00edc\u00ed se sexu\u00e1ln\u00edho \u017eivota nebo sexu\u00e1ln\u00ed orientace fyzick\u00e9 osoby<\/em>), je pr\u00e1vn\u00edm z\u00e1kladem pro takov\u00e9 zpracov\u00e1n\u00ed V\u00e1mi n\u00e1m ud\u011blovan\u00fd souhlas. Va\u0161e osobn\u00ed \u00fadaje budou zpracov\u00e1v\u00e1ny po dobu trv\u00e1n\u00ed tohoto souhlasu, leda\u017ee jste se ur\u010dit\u00fdch pr\u00e1v na ochranu soukrom\u00ed vzdali.<\/p>\n\n\n\n<p><strong>2.3.<\/strong>&nbsp;We may contact you via electronic means (e.g. e-mail) for the purposes of promotion of our services even without your prior consent. You may, however, refuse receiving this kind of marketing communication at any time (i.e. you may opt-out from such messages \u2013 such option will be included in each newsletter). Your contact details will be processed for the period of the duration of the contractual relationship unless you opt-out from it.<\/p>\n\n\n\n<p><strong>2.3 Za \u00fa\u010delem propagace na\u0161ich slu\u017eeb V\u00e1s m\u016f\u017eeme kontaktovat elektronickou cestou (nap\u0159. e-mailem), a to i bez va\u0161eho p\u0159edchoz\u00edho souhlasu. Tento druh marketingov\u00e9 komunikace v\u0161ak m\u016f\u017eete kdykoliv odm\u00edtnout (tj. m\u016f\u017eete se od odb\u011bru takov\u00fdchto zpr\u00e1v odhl\u00e1sit \u2013 tato mo\u017enost bude zahrnuta v ka\u017ed\u00e9m newsletteru). Va\u0161e kontaktn\u00ed \u00fadaje budou zpracov\u00e1ny po dobu trv\u00e1n\u00ed smluvn\u00edho vztahu, pokud se z&nbsp;n\u011bj nevyv\u00e1\u017eete.<\/strong><\/p>\n\n\n\n<p><strong>2.5 Za \u00fa\u010delem zaji\u0161t\u011bn\u00ed bezpe\u010dnosti IT syst\u00e9m\u016f a s\u00edt\u00ed m\u016f\u017eeme zpracov\u00e1vat n\u00e1sleduj\u00edc\u00ed informace: u\u017eivatelsk\u00e9 jm\u00e9no, heslo, protokoly a cookie soubory (v\u00edce informac\u00ed v bod\u011b 8) a automaticky generovan\u00e9 informace (nap\u0159. typ za\u0159\u00edzen\u00ed, kter\u00e9 pou\u017e\u00edv\u00e1te, IP adresa Va\u0161eho za\u0159\u00edzen\u00ed, V\u00e1mi pou\u017e\u00edvan\u00fd opera\u010dn\u00ed syst\u00e9m a prohl\u00ed\u017ee\u010d). Pr\u00e1vn\u00edm z\u00e1kladem pro takov\u00e9to zpracov\u00e1n\u00ed je n\u00e1\u0161 opr\u00e1vn\u011bn\u00fd z\u00e1jem nebo z\u00e1jem t\u0159et\u00ed strany. Osobn\u00ed \u00fadaje budou zpracov\u00e1v\u00e1ny po dobu trv\u00e1n\u00ed smluvn\u00edho vztahu.<\/strong><\/p>\n\n\n\n<p><strong>2.6 Krom\u011b v\u00fd\u0161e uveden\u00e9ho m\u016f\u017eeme zpracov\u00e1vat a ukl\u00e1dat n\u011bkter\u00fd z v\u00fd\u0161e uveden\u00fdch \u00fadaj\u016f (nap\u0159. platebn\u00ed \u00fadaje) s ohledem na vznik potenci\u00e1ln\u00edch budouc\u00edch n\u00e1rok\u016f. Toto zpracov\u00e1n\u00ed je zalo\u017eeno na na\u0161em opr\u00e1vn\u011bn\u00e9m z\u00e1jmu nebo z\u00e1jmu t\u0159et\u00ed strany, nebo\u0165 m\u016f\u017ee b\u00fdt nutn\u00e9 uchov\u00e1vat d\u016fkazy pro p\u0159\u00edpadn\u00e9 budouc\u00ed spory. Osobn\u00ed \u00fadaje budou zpracov\u00e1v\u00e1ny po dobu nutnou k napln\u011bn\u00ed tohoto \u00fa\u010delu, nikoliv v\u0161ak d\u00e9le ne\u017e po dobu deseti let ode dne zapo\u010det\u00ed b\u011bhu proml\u010dec\u00ed doby.<\/strong><\/p>\n\n\n\n<h3 class=\"wp-block-heading\"><strong>3&nbsp;S k\u00fdm Va\u0161e osobn\u00ed \u00fadaje sd\u00edl\u00edme?<\/strong>&nbsp;<\/h3>\n\n\n\n<p>Osobn\u00ed \u00fadaje, kter\u00e9 zve\u0159ej\u0148ujete prost\u0159ednictv\u00edm Platformy, jsou p\u0159irozen\u011b sd\u00edleny s ostatn\u00edmi u\u017eivateli Platformy.<\/p>\n\n\n\n<p>Va\u0161e osobn\u00ed \u00fadaje mohou b\u00fdt, v&nbsp;n\u00e1mi zpracov\u00e1van\u00e9m rozsahu, z d\u016fvodu intern\u00edch administrativn\u00edch \u00fa\u010del\u016f, p\u0159ed\u00e1ny k zpracov\u00e1n\u00ed dal\u0161\u00edm spr\u00e1vc\u016fm v r\u00e1mci na\u0161\u00ed skupiny.<\/p>\n\n\n\n<p>Nad r\u00e1mec uveden\u00e9ho mohou b\u00fdt Va\u0161e osobn\u00ed \u00fadaje zve\u0159ejn\u011bny t\u0159et\u00edm stran\u00e1m, kter\u00e9 n\u00e1m poskytuj\u00ed administrativn\u00ed nebo technickou podporu \u010di zaji\u0161\u0165uj\u00ed marketingovou obchodn\u00ed \u010dinnost (tj. zpracovatel\u016fm osobn\u00edch \u00fadaj\u016f \u2013 &#8222;zpracovatelem&#8221; se rozum\u00ed fyzick\u00e1 nebo pr\u00e1vnick\u00e1 osoba, ve\u0159ejn\u00fd org\u00e1n, agentura nebo jin\u00fd subjekt, kter\u00fd pro n\u00e1s, spr\u00e1vce \u00fadaj\u016f, osobn\u00ed \u00fadaje zpracov\u00e1v\u00e1 ). Va\u0161e osobn\u00ed \u00fadaje m\u016f\u017eeme rovn\u011b\u017e sd\u00edlet s platebn\u00edmi institucemi, a to z d\u016fvodu zaji\u0161t\u011bn\u00ed bezpe\u010dn\u00e9ho n\u00e1kupu kredit\u016f na Platform\u011b.<\/p>\n\n\n\n<p>D\u00e1le m\u016f\u017eeme sd\u00edlet Va\u0161e osobn\u00ed \u00fadaje s org\u00e1ny ve\u0159ejn\u00e9 moci nebo org\u00e1ny \u010dinn\u00fdmi v trestn\u00edm \u0159\u00edzen\u00ed, vy\u017eaduje-li tak z\u00e1kon, s extern\u00edmi poradci a s dal\u0161\u00edmi pracovn\u00edky, v\u00e1z\u00e1n\u00fdmi povinnost\u00ed ml\u010denlivosti.<\/p>\n\n\n\n<p>K Va\u0161im osobn\u00edm \u00fadaj\u016fm bude m\u00edt p\u0159\u00edstup pouze omezen\u00fd po\u010det na\u0161ich zam\u011bstnanc\u016f. Zam\u011bstnanci jsou povinni uchov\u00e1vat osobn\u00ed \u00fadaje a opat\u0159en\u00ed pro jejich ochranu v p\u0159\u00edsn\u00e9 tajnosti. P\u0159\u00edslu\u0161n\u00ed zam\u011bstnanci jsou opr\u00e1vn\u011bni s osobn\u00edmi \u00fadaji nakl\u00e1dat pouze na z\u00e1klad\u011b na\u0161ich v\u00fdslovn\u00fdch pokyn\u016f.<\/p>\n\n\n\n<p>Va\u0161e osobn\u00ed \u00fadaje nep\u0159en\u00e1\u0161\u00edme do zem\u00ed mimo EU\/ EHP.<\/p>\n\n\n\n<h3 class=\"wp-block-heading\">4. <strong>Jak\u00e1 jsou Va\u0161e pr\u00e1va v souvislosti se zpracov\u00e1n\u00edm?<\/strong>&nbsp;<\/h3>\n\n\n\n<p>Ud\u011bl\u00edte-li n\u00e1m sv\u016fj souhlas se zpracov\u00e1n\u00edm Va\u0161ich osobn\u00edch \u00fadaj\u016f, \u010din\u00edte tak zcela dobrovoln\u011b. Z&nbsp;tohoto d\u016fvodu i m\u00e1te pr\u00e1vo sv\u016fj souhlas kdykoli odvolat nebo omezit, a to prost\u0159ednictv\u00edm na\u0161ich kontaktn\u00edch \u00fadaj\u016f uveden\u00fdch v tomto Ozn\u00e1men\u00ed o ochran\u011b soukrom\u00ed. U\u010din\u00edte-li tak, p\u0159estaneme dot\u010den\u00e9 osobn\u00ed \u00fadaje pro \u00fa\u010dely, pro kter\u00e9 byl souhlas odvol\u00e1n, zpracov\u00e1vat. To neplat\u00ed, pokud jste se sv\u00fdch pr\u00e1v ohledn\u011b Va\u0161eho zobrazen\u00ed v\u016f\u010di n\u00e1m nevzdali.<\/p>\n\n\n\n<p>K Va\u0161im osobn\u00edm \u00fadaj\u016fm m\u00e1te pr\u00e1vo p\u0159\u00edstupu, stejn\u011b jako pr\u00e1vo po\u017e\u00e1dat o jejich kopii. M\u00e1te tak\u00e9 pr\u00e1vo po\u017e\u00e1dat n\u00e1s o opravu, zablokov\u00e1n\u00ed, dopln\u011bn\u00ed a v\u00fdmaz Va\u0161ich osobn\u00edch \u00fadaj\u016f, o omezen\u00ed jejich zpracov\u00e1n\u00ed a o &#8222;p\u0159enositelnost&#8221; Va\u0161ich osobn\u00edch \u00fadaj\u016f (tj. pr\u00e1vo n\u00e1s po\u017e\u00e1dat o poskytnut\u00ed \u00fadaj\u016f ve strukturovan\u00e9m, b\u011b\u017en\u011b pou\u017e\u00edvan\u00e9m a strojov\u011b \u010diteln\u00e9m form\u00e1tu a o jejich p\u0159\u00edm\u00fd p\u0159enos jin\u00e9mu spr\u00e1vci).<\/p>\n\n\n\n<p>V n\u011bkter\u00fdch p\u0159\u00edpadech m\u00e1te pr\u00e1vo pod\u00e1vat n\u00e1mitky proti na\u0161emu zpracov\u00e1n\u00ed Va\u0161ich \u00fadaj\u016f, zejm\u00e9na jsou-li Va\u0161e osobn\u00ed \u00fadaje zpracov\u00e1v\u00e1ny pro \u00fa\u010dely p\u0159\u00edm\u00e9ho marketingu (v\u010detn\u011b profilov\u00e1n\u00ed) nebo na z\u00e1klad\u011b opr\u00e1vn\u011bn\u00e9ho z\u00e1jmu.<\/p>\n\n\n\n<p>Ze zmi\u0148ovan\u00fdch&nbsp;pr\u00e1v se uplatn\u00ed v\u00fdjimky, nap\u0159\u00edklad nebudeme moci smazat Va\u0161e \u00fadaje, pokud jsme ze z\u00e1kona povinni je uchov\u00e1vat. Stejn\u011b tak m\u016f\u017ee b\u00fdt p\u0159\u00edstup k Va\u0161im \u00fadaj\u016fm odep\u0159en, pokud by poskytnut\u00ed informac\u00ed odhalilo osobn\u00ed \u00fadaje o jin\u00e9 osob\u011b nebo pokud n\u00e1m z\u00e1kon poskytnut\u00ed takov\u00fdch informac\u00ed neumo\u017e\u0148uje.<\/p>\n\n\n\n<p>Krom\u011b v\u00fd\u0161e uveden\u00e9ho m\u00e1te v&nbsp;p\u0159\u00edpad\u011b, kdy m\u00e1te za to, \u017ee do\u0161lo k&nbsp;z\u00e1sahu do Va\u0161ich pr\u00e1v, pr\u00e1vo podat st\u00ed\u017enost sv\u00e9mu m\u00edstn\u00edmu \u00fa\u0159adu pro ochranu osobn\u00edch \u00fadaj\u016f nebo se dom\u00e1hat n\u00e1pravy soudn\u00ed cestou. pokud se domn\u00edv\u00e1te, \u017ee va\u0161e pr\u00e1va byla poru\u0161ena. <a href=\"https:\/\/edpb.europa.eu\/about-edpb\/board\/members_en\" target=\"_blank\" rel=\"noopener\">Zde<\/a> m\u016f\u017eete dohledat m\u00edstn\u00ed p\u0159\u00edslu\u0161n\u00fd org\u00e1n.<\/p>\n\n\n\n<h3 class=\"wp-block-heading\">5. <strong>Jak dlouho Va\u0161e osobn\u00ed \u00fadaje uchov\u00e1v\u00e1me?<\/strong>&nbsp;<\/h3>\n\n\n\n<p>Krom\u011b doby uveden\u00e9 v\u00fd\u0161e v tomto Ozn\u00e1men\u00ed o ochran\u011b soukrom\u00ed Va\u0161e osobn\u00ed \u00fadaje uchov\u00e1v\u00e1me pouze po dobu nezbytn\u011b nutnou pro \u00fa\u010del p\u0159\u00edslu\u0161n\u00e9ho zpracov\u00e1n\u00ed, tj. po\u017eadovanou z\u00e1konem, po dobu pln\u011bn\u00ed smluvn\u00edho vztahu a v n\u011bkter\u00fdch p\u0159\u00edpadech na\u0161eho opr\u00e1vn\u011bn\u00e9ho z\u00e1jmu Va\u0161e \u00fadaje uchov\u00e1v\u00e1me po dobu trv\u00e1n\u00ed na\u0161ich opr\u00e1vn\u011bn\u00fdch z\u00e1jm\u016f.<\/p>\n\n\n\n<h3 class=\"wp-block-heading\">6. <strong>Jak Va\u0161e osobn\u00ed \u00fadaje zpracov\u00e1v\u00e1me a chr\u00e1n\u00edme?<\/strong><\/h3>\n\n\n\n<p>Va\u0161e osobn\u00ed \u00fadaje zpracov\u00e1v\u00e1me prost\u0159ednictv\u00edm na\u0161\u00ed Platformy. Va\u0161e osobn\u00ed \u00fadaje jsou pot\u00e9 automatizovan\u00fdmi zp\u016fsobem elektronicky zpracov\u00e1v\u00e1ny a ukl\u00e1d\u00e1ny v na\u0161ich informa\u010dn\u00edch syst\u00e9mech; Va\u0161e osobn\u00ed \u00fadaje mohou b\u00fdt ukl\u00e1d\u00e1ny rovn\u011b\u017e na mirror nebo z\u00e1lohovac\u00edch serverech.<\/p>\n\n\n\n<p>Pro ochranu Va\u0161ich osobn\u00edch \u00fadaj\u016f jsme p\u0159ijali p\u0159\u00edslu\u0161n\u00e1 bezpe\u010dnostn\u00ed, spr\u00e1vn\u00ed, fyzick\u00e1 a technick\u00e1 opat\u0159en\u00ed, tak aby byly Va\u0161e osobn\u00ed \u00fadaje v\u017edy zabezpe\u010den\u00e9 a chr\u00e1n\u011bn\u00e9 p\u0159ed n\u00e1hodnou nebo nez\u00e1konnou ztr\u00e1tou, p\u0159\u00edstupem, p\u0159enosem nebo zni\u010den\u00edm \u010di jak\u00fdmkoli jin\u00fdm zneu\u017eit\u00edm. Ve\u0161ker\u00e9 osoby maj\u00edc\u00ed p\u0159\u00edstup k&nbsp;Va\u0161im osobn\u00edm \u00fadaj\u016fm jsou v\u00e1z\u00e1ny z\u00e1konnou nebo smluvn\u00ed povinnost\u00ed ml\u010denlivosti.<\/p>\n\n\n\n<h3 class=\"wp-block-heading\">7. <strong>Jak kontrolujeme v\u011bk na\u0161ich u\u017eivatel\u016f?<\/strong><\/h3>\n\n\n\n<p>Na\u0161i u\u017eivatel\u00e9 mus\u00ed b\u00fdt pro vstup na Platformu star\u0161\u00ed 18 let. Za \u00fa\u010delem odm\u00edtnut\u00ed registrace osob mlad\u0161\u00edch 18 let jsme implementovali jsme vhodn\u00e9 technick\u00e9 prost\u0159edky; \u017e\u00e1dn\u00e9 osobn\u00ed \u00fadaje osob mlad\u0161\u00edch 18 let v\u011bdom\u011b nezpracov\u00e1v\u00e1me. Sou\u010dasn\u011b pou\u017e\u00edv\u00e1n\u00ed na\u0161\u00ed Platformy sledujeme a prov\u00e1d\u00edme kontrolu toto\u017enosti.&nbsp;<\/p>\n\n\n\n<p>V\u00edte-li o jak\u00e9koliv osob\u011b mlad\u0161\u00ed 18 let, kter\u00e1 si zalo\u017eila \u00fa\u010det nebo n\u00e1m poskytla sv\u00e9 osobn\u00ed \u00fadaje, kontaktujte n\u00e1s pros\u00edm. P\u0159edm\u011btn\u00e9 osobn\u00ed \u00fadaje budou ihned po ov\u011b\u0159en\u00ed zni\u010deny.<\/p>\n\n\n\n<h3 class=\"wp-block-heading\">8. <strong>Z\u00e1sady pou\u017e\u00edv\u00e1n\u00ed cookies<\/strong>&nbsp;<\/h3>\n\n\n\n<p>Tato webov\u00e1 str\u00e1nka pou\u017e\u00edv\u00e1 cookies, tj. mal\u00e9 soubory stahovan\u00e9 do Va\u0161eho po\u010d\u00edta\u010de za \u00fa\u010delem zlep\u0161en\u00ed Va\u0161eho u\u017eivatelsk\u00e9ho z\u00e1\u017eitku. Tato \u010d\u00e1st popisuje, jak\u00e9 informace tyto cookies shroma\u017e\u010fuj\u00ed a jak jsou pou\u017e\u00edv\u00e1ny. Cookies pou\u017e\u00edv\u00e1me z r\u016fzn\u00fdch d\u016fvod\u016f, jak je v t\u00e9to \u010d\u00e1sti podrobn\u011bji uvedeno. Cookies bohu\u017eel nen\u00ed mo\u017en\u00e9 deaktivovat, ani\u017e by do\u0161lo k omezen\u00ed pln\u00fdch v\u00fdhod a funkc\u00ed webov\u00e9 str\u00e1nky. P\u0159i n\u00e1v\u0161t\u011bv\u011b na\u0161\u00ed webov\u00e9 str\u00e1nky a zalo\u017een\u00ed \u00fa\u010dtu pou\u017eijeme cookies pro spr\u00e1vu procesu registrace a p\u0159ihl\u00e1\u0161en\u00ed. Tyto cookies jsou obvykle po odhl\u00e1\u0161en\u00ed smaz\u00e1ny, nicm\u00e9n\u011b v n\u011bkter\u00fdch p\u0159\u00edpadech slou\u017e\u00ed k zapamatov\u00e1n\u00ed konkr\u00e9tn\u00edch preferenc\u00ed webov\u00e9 str\u00e1nky i po odhl\u00e1\u0161en\u00ed. Krom\u011b toho mohou b\u00fdt pou\u017e\u00edv\u00e1ny cookies t\u0159et\u00edch stran. Tato str\u00e1nka pou\u017e\u00edv\u00e1 Google Analytics, pom\u00e1haj\u00edc\u00ed n\u00e1m porozum\u011bt Va\u0161emu pou\u017e\u00edv\u00e1n\u00ed na\u0161ich webov\u00fdch str\u00e1nek a zp\u016fsob\u016fm, jak m\u016f\u017eeme V\u00e1\u0161 z\u00e1\u017eitek p\u0159i prohl\u00ed\u017een\u00ed vylep\u0161it. Pou\u017eit\u00ed cookies m\u016f\u017eete omezit zm\u011bnou nastaven\u00ed sv\u00e9ho prohl\u00ed\u017ee\u010de; \u00fapln\u00e9 zablokov\u00e1n\u00ed cookies v\u0161ak ovlivn\u00ed funk\u010dnost na\u0161\u00ed webov\u00e9 str\u00e1nky a jej\u00ed z\u00e1kladn\u00ed funkce. Z tohoto d\u016fvodu doporu\u010dujeme cookies neblokovat.<\/p>\n\n\n\n<script type=\"text\/javascript\" charset=\"UTF-8\" data-cookiescriptreport=\"report\" src=\"\/\/report.cookie-script.com\/r\/a4a3c5a080c97d67af163219deb8450b.js\"><\/script>\n\n\n\n<h3 class=\"wp-block-heading\">9. <strong>Zm\u011bny v Ozn\u00e1men\u00ed o ochran\u011b soukrom\u00ed&nbsp;<\/strong><\/h3>\n\n\n\n<p>Podstatn\u00e9 zm\u011bny, kter\u00e9 m\u016f\u017eeme v budoucnu v tomto Ozn\u00e1men\u00ed o ochran\u011b soukrom\u00ed prov\u00e9st, V\u00e1m budou ozn\u00e1meny prost\u0159ednictv\u00edm e-mailu nebo p\u0159\u00edpadn\u011b na na\u0161\u00ed Platform\u011b. Toto Ozn\u00e1men\u00ed o ochran\u011b soukrom\u00ed V\u00e1m proto doporu\u010dujeme co do p\u0159\u00edpadn\u00fdch zm\u011bn pravideln\u011b kontrolovat.&nbsp;<\/p>\n\n\n\n<p>Vezm\u011bte pros\u00edm na v\u011bdom\u00ed, \u017ee toto Ozn\u00e1men\u00ed o ochran\u011b soukrom\u00ed a pou\u017e\u00edv\u00e1n\u00ed cookies bylo p\u0159elo\u017eeno pro Va\u0161e pohodl\u00ed. V p\u0159\u00edpad\u011b jak\u00fdchkoli rozpor\u016f nebo nesrovnalost\u00ed mezi t\u00edmto p\u0159ekladem a p\u016fvodn\u00ed anglickou verz\u00ed m\u00e1 p\u0159ednost verze anglick\u00e1. V p\u0159\u00edpad\u011b nejasnost\u00ed ohledn\u011b p\u0159ekladu tohoto dokumentu V\u00e1m doporu\u010dujeme sezn\u00e1mit se dokumentem v p\u016fvodn\u00ed anglick\u00e9 verzi.<\/p>\n\n\n\n<p>&#8212;<\/p>\n\n\n\n<p><em>\u00da\u010dinn\u00e9 od \u00fanora 2022<\/em><\/p>\n","protected":false},"excerpt":{"rendered":"","protected":false},"author":5,"featured_media":0,"parent":0,"menu_order":0,"comment_status":"closed","ping_status":"closed","template":"","meta":{"_acf_changed":false,"footnotes":""},"class_list":["post-8114","page","type-page","status-publish"],"acf":[],"_links":{"self":[{"href":"https:\/\/sellfies.com\/pl\/wp-json\/wp\/v2\/pages\/8114","targetHints":{"allow":["GET"]}}],"collection":[{"href":"https:\/\/sellfies.com\/pl\/wp-json\/wp\/v2\/pages"}],"about":[{"href":"https:\/\/sellfies.com\/pl\/wp-json\/wp\/v2\/types\/page"}],"author":[{"embeddable":true,"href":"https:\/\/sellfies.com\/pl\/wp-json\/wp\/v2\/users\/5"}],"replies":[{"embeddable":true,"href":"https:\/\/sellfies.com\/pl\/wp-json\/wp\/v2\/comments?post=8114"}],"version-history":[{"count":4,"href":"https:\/\/sellfies.com\/pl\/wp-json\/wp\/v2\/pages\/8114\/revisions"}],"predecessor-version":[{"id":9244,"href":"https:\/\/sellfies.com\/pl\/wp-json\/wp\/v2\/pages\/8114\/revisions\/9244"}],"wp:attachment":[{"href":"https:\/\/sellfies.com\/pl\/wp-json\/wp\/v2\/media?parent=8114"}],"curies":[{"name":"wp","href":"https:\/\/api.w.org\/{rel}","templated":true}]}}