{"id":8120,"date":"2023-01-30T12:22:40","date_gmt":"2023-01-30T12:22:40","guid":{"rendered":"https:\/\/sellfies.com\/?page_id=8120"},"modified":"2025-11-21T08:58:57","modified_gmt":"2025-11-21T08:58:57","slug":"wymagania-dotyczace-zdjec","status":"publish","type":"page","link":"https:\/\/sellfies.com\/pl\/wymagania-dotyczace-zdjec\/","title":{"rendered":"Wymagania dotycz\u0105ce zdj\u0119\u0107"},"content":{"rendered":"<div class=\"gb-container gb-container-15a82a01\">\n\n<h2 class=\"wp-block-heading\">Og\u00f3lne wymagania dotycz\u0105ce zdj\u0119\u0107<\/h2>\n\n\n\n<p>Cenimy zdj\u0119cia normalne i dla doros\u0142ych. Zdj\u0119cia, na kt\u00f3rych czujesz si\u0119 zrelaksowana i otwarta, seksowna i atrakcyjna, oraz wszystko, co sprawi\u0142oby, \u017ce zdj\u0119cie b\u0119dzie \u015bwietne! Wi\u0119c \u015bmia\u0142o mo\u017cesz u\u017cy\u0107 makija\u017cu, jak zwykle, a je\u015bli to nie Twoja bajka, po prostu b\u0105d\u017a sob\u0105. Niezale\u017cnie od Twojego wygl\u0105du, wieku, rozmiaru, wagi, kszta\u0142tu cia\u0142a, czy my\u015blisz o sobie jak o supermodelce, czy po prostu jako zwyk\u0142a osoba. Nie mamy \u017cadnych oczekiwa\u0144 co do tego, jak wygl\u0105dasz. Po prostu przyjd\u017a taka, jaka jeste\u015b; cenimy Ciebie i Tw\u00f3j wk\u0142ad!<\/p>\n\n\n\n<p>Nie oznacza to jednak, \u017ce nie mamy \u017cadnych wymaga\u0144, kt\u00f3re musz\u0105 spe\u0142nia\u0107 Twoje zdj\u0119cia. Wymagania te dotycz\u0105 wszystkich przes\u0142anych zdj\u0119\u0107.<\/p>\n\n\n\n<p><strong>Oto wymagania dotycz\u0105ce zdj\u0119\u0107:<\/strong><\/p>\n\n\n\n<ul class=\"wp-block-list\">\n<li>Twoja twarz musi by\u0107 widoczna i rozpoznawalna na wszystkich zdj\u0119ciach. Wynika to z faktu, \u017ce zgodnie z prawem mamy obowi\u0105zek upewni\u0107 si\u0119, \u017ce to naprawd\u0119 Ty jeste\u015b osob\u0105 widoczn\u0105 na zdj\u0119ciu.<\/li>\n\n\n\n<li>Ka\u017cde zdj\u0119cie musi by\u0107 inne. Zrobione w innym miejscu, w innym otoczeniu, pod innym k\u0105tem, w innej pozie i w innym ubraniu. Tak jak Twoje codzienne, zwyczajne selfie.<\/li>\n\n\n\n<li>Na zdj\u0119ciu powinna by\u0107 tylko jedna osoba. Tylko Ty, bez innych os\u00f3b lub grupy.<\/li>\n\n\n\n<li>Szukamy zdj\u0119\u0107 w stylu amatorskim. Najlepiej nadaj\u0105 si\u0119 selfie i zdj\u0119cia wykonane samodzielnie.<\/li>\n<\/ul>\n\n\n\n<p><strong>Niedozwolone:<\/strong><\/p>\n\n\n\n<ul class=\"wp-block-list\">\n<li>Na zdj\u0119ciach nie mog\u0105 pojawia\u0107 si\u0119 zwierz\u0119ta, dzieci ani bro\u0144. W tle nie powinno by\u0107 \u017cadnych przedmiot\u00f3w sugeruj\u0105cych obecno\u015b\u0107 dzieci, zwierz\u0105t, broni ani \u017cadnych symboli czy znak\u00f3w religijnych.<\/li>\n<\/ul>\n\n\n\n<p><strong>Wymagania techniczne:<\/strong><\/p>\n\n\n\n<ul class=\"wp-block-list\">\n<li>Minimalna rozdzielczo\u015b\u0107: 1000 x 1000 pikseli<\/li>\n\n\n\n<li>Typy plik\u00f3w: Obs\u0142ugujemy prawie wszystkie typy plik\u00f3w graficznych i rozszerzenia. Aby mie\u0107 pewno\u015b\u0107, \u017ce wszystko b\u0119dzie dzia\u0142a\u0107 zgodnie z zamierzeniami, zalecamy u\u017cywanie plik\u00f3w JPG, JPEG lub PNG.<\/li>\n\n\n\n<li>Maksymalny rozmiar pliku: 15 MB<\/li>\n\n\n\n<li>Zdj\u0119cia powinny by\u0107 kolorowe. Nie mog\u0105 by\u0107 czarno-bia\u0142e, sepia ani mie\u0107 innych filtr\u00f3w kolorystycznych.<\/li>\n<\/ul>\n\n\n\n<h2 class=\"wp-block-heading\">Co to jest normalne zdj\u0119cie i zdj\u0119cie dla doros\u0142ych?<\/h2>\n\n\n\n<p>Szukamy dw\u00f3ch r\u00f3\u017cnych rodzaj\u00f3w zdj\u0119\u0107: zdj\u0119\u0107 normalnych i zdj\u0119\u0107 dla doros\u0142ych.<\/p>\n\n\n\n<h3 class=\"wp-block-heading\">Normalne zdj\u0119cia<\/h3>\n\n\n\n<p>Normalne zdj\u0119cie pokazuje Ci\u0119 tak\u0105, jaka jeste\u015b w codziennym \u017cyciu. Nie musisz stara\u0107 si\u0119 spe\u0142nia\u0107 wszelkich wytycznych. Normalne zdj\u0119cia to typowe, przypadkowe fotografie robione, gdy wychodzisz z domu do sklepu, do pracy, spotka\u0107 si\u0119 z przyjaci\u00f3\u0142mi lub rodzin\u0105. Nie maj\u0105 one charakteru uwodzicielskiego ani seksownego. Zdj\u0119cia, kt\u00f3re cz\u0119sto publikujesz w mediach spo\u0142eczno\u015bciowych, zazwyczaj nale\u017c\u0105 do tej kategorii. Zdj\u0119cia w tej kategorii nie musz\u0105 by\u0107 koniecznie selfie.<\/p>\n\n\n\n<p><strong>Przyk\u0142ady, jak mo\u017cna podej\u015b\u0107 do normalnych zdj\u0119\u0107:<\/strong><\/p>\n\n\n\n<ul class=\"wp-block-list\">\n<li>Zdj\u0119cia z wakacji<\/li>\n\n\n\n<li>Zdj\u0119cia przedstawiaj\u0105ce aktywno\u015b\u0107<\/li>\n\n\n\n<li>W ogrodzie<\/li>\n\n\n\n<li>W Twoim domu<\/li>\n\n\n\n<li>Podczas \u015bniadania\/obiadu\/kolacji<\/li>\n\n\n\n<li>Podczas spaceru<\/li>\n\n\n\n<li>Pokazanie nowej sukienki (nie kr\u00f3tkiej ani seksownej)<\/li>\n\n\n\n<li>Typowe zdj\u0119cie profilowe w mediach spo\u0142eczno\u015bciowych<\/li>\n\n\n\n<li>Mog\u0105 to by\u0107 selfie, ale nie musz\u0105<\/li>\n<\/ul>\n\n\n\n<p><strong>Co znajduje si\u0119 na normalnym zdj\u0119ciu?<\/strong><\/p>\n\n\n\n<ul class=\"wp-block-list\">\n<li>Ty w ubraniu, ubrana jak na co dzie\u0144.<\/li>\n\n\n\n<li>Zwyk\u0142e, codzienne zdj\u0119cia siebie; pomy\u015bl o nich jak o selfie, kt\u00f3re masz w telefonie lub kt\u00f3re udost\u0119pniasz znajomym, ch\u0142opakowi lub publikujesz na Instagramie.<\/li>\n\n\n\n<li>Mog\u0105 to by\u0107 selfie, ale nie musz\u0105.<\/li>\n<\/ul>\n\n\n\n<p><strong>Czego NIE powinno by\u0107 na normalnych zdj\u0119ciach?<\/strong><\/p>\n\n\n\n<ul class=\"wp-block-list\">\n<li>Nago\u015bci<br><\/li>\n<\/ul>\n\n\n\n<h3 class=\"wp-block-heading\">Zdj\u0119cia dla doros\u0142ych<\/h3>\n\n\n\n<p>Zdj\u0119cia dla doros\u0142ych to takie, kt\u00f3re robisz, gdy chcesz pokaza\u0107 si\u0119 w seksowny i bardziej wyzywaj\u0105cy spos\u00f3b. Wyobra\u017a sobie, \u017ce wychodzisz na imprez\u0119, aby flirtowa\u0107 lub szuka\u0107 przygody na jedn\u0105 noc. Te zdj\u0119cia s\u0105 bardziej odwa\u017cne, pokazuj\u0105 np. sk\u0105pe bluzki, mini sp\u00f3dniczki i tym podobne. Dobrze jest pokaza\u0107 sk\u00f3r\u0119 i dekolt, boczne i dolne cz\u0119\u015bci biustu s\u0105 mile widziane.<\/p>\n\n\n\n<p>Zdj\u0119cia bielizny, na kt\u00f3rych prezentujesz si\u0119 w bieli\u017anie, w kt\u00f3rej czujesz si\u0119 najbardziej seksowna. Zdj\u0119cia, na kt\u00f3rych nie jeste\u015b w pe\u0142ni ubrana, ale nie jeste\u015b te\u017c ca\u0142kowicie naga. Mo\u017ce to by\u0107 biustonosz i majtki. Je\u015bli jednak masz inn\u0105 bielizn\u0119, w kt\u00f3rej czujesz si\u0119 kobieco i seksownie, nie wahaj si\u0119 za\u0142o\u017cy\u0107 jej na zdj\u0119cia.<\/p>\n\n\n\n<p>Zdj\u0119cia nago nie wymagaj\u0105 wielu wyja\u015bnie\u0144. S\u0105 to zdj\u0119cia, na kt\u00f3rych jeste\u015b ca\u0142kowicie lub cz\u0119\u015bciowo naga. Na zdj\u0119ciach tych mog\u0105 by\u0107 widoczne nagie piersi, nagie cz\u0119\u015bci intymne lub ca\u0142e cia\u0142o. W przypadku zdj\u0119\u0107 cz\u0119\u015bciowo nagich musisz pokaza\u0107 dolne partie cia\u0142a bez bielizny lub w bardzo sk\u0105pym stroju.<\/p>\n\n\n\n<p>Zdj\u0119cia prowokacyjne to takie, kt\u00f3re maj\u0105 charakter nieco niegrzeczny. Nie ma kategorii bardziej odwa\u017cnej ni\u017c ta. To miejsce na zdj\u0119cia, na kt\u00f3rych dotykasz si\u0119, bawisz si\u0119 cz\u0119\u015bciami cia\u0142a, u\u017cywasz zabawek dla doros\u0142ych lub wykonujesz na sobie wszelkiego rodzaju czynno\u015bci seksualne. Zdj\u0119cia, kt\u00f3re pokazuj\u0105 Twoj\u0105 najbardziej niegrzeczn\u0105 stron\u0119. Daj z siebie wszystko!<\/p>\n\n\n\n<p><strong>Przyk\u0142ady podej\u015bcia do zdj\u0119\u0107 dla doros\u0142ych:<\/strong><\/p>\n\n\n\n<ul class=\"wp-block-list\">\n<li>Kr\u00f3tkie sukienki<\/li>\n\n\n\n<li>Mini sp\u00f3dniczki<\/li>\n\n\n\n<li>Ma\u0142a czarna<\/li>\n\n\n\n<li>Kr\u00f3tkie spodenki i dekolt<\/li>\n\n\n\n<li>Seksowny str\u00f3j sekretarki<\/li>\n\n\n\n<li>Ma\u0142a koszulka nocna lub babydoll<\/li>\n\n\n\n<li>Zdj\u0119cia w bikini<\/li>\n\n\n\n<li>Selfie przed lustrem<\/li>\n\n\n\n<li>Tylko w bieli\u017anie.<\/li>\n\n\n\n<li>W przymierzalni<\/li>\n\n\n\n<li>Ty odwr\u00f3cona ty\u0142em, widoczny tylko boczny fragment biustu<\/li>\n\n\n\n<li>Zdj\u0119cia topless<\/li>\n\n\n\n<li>Akty, w kt\u00f3rych cz\u0119\u015bci cia\u0142a zakrywaj\u0105 jedynie d\u0142onie lub d\u0142ugie w\u0142osy<\/li>\n\n\n\n<li>Seksowna bielizna<\/li>\n\n\n\n<li>Pozowanie na kanapie<\/li>\n\n\n\n<li>Nagie opalanie si\u0119 na \u015bwie\u017cym powietrzu<\/li>\n\n\n\n<li>Seksowne zdj\u0119cia z pla\u017cy<\/li>\n\n\n\n<li>Ekshibicjonizm<\/li>\n\n\n\n<li>Zabawa w samochodzie<\/li>\n\n\n\n<li>Seks-zabawki w akcji<\/li>\n\n\n\n<li>W \u0142azience<\/li>\n\n\n\n<li>Nago na \u0142\u00f3\u017cku<\/li>\n\n\n\n<li>Podczas rozbierania si\u0119<\/li>\n\n\n\n<li>Pod prysznicem, w jacuzzi lub saunie<\/li>\n\n\n\n<li>Ukradkiem zrobione zdj\u0119cia<\/li>\n\n\n\n<li>Z szeroko rozstawionymi nogami<\/li>\n\n\n\n<li>Nieprzyzwoite pozy<\/li>\n\n\n\n<li>Dotykanie, zabawa, smakowanie siebie<\/li>\n\n\n\n<li>Pozycje i sytuacje seksualne<\/li>\n\n\n\n<li>Amatorskie pozycje podczas masturbacji s\u0105 najlepszym rozwi\u0105zaniem!&nbsp;<\/li>\n<\/ul>\n\n\n\n<p><strong>Co zawiera zdj\u0119cie dla doros\u0142ych?<\/strong><\/p>\n\n\n\n<ul class=\"wp-block-list\">\n<li>Seksowne sukienki<\/li>\n\n\n\n<li>Ods\u0142aniaj\u0105ce stroje<\/li>\n\n\n\n<li>Uwodzicielsk\u0105 mow\u0119 cia\u0142a<\/li>\n\n\n\n<li>Nago\u015b\u0107<\/li>\n\n\n\n<li>Tre\u015bci seksualne<\/li>\n<\/ul>\n\n\n\n<p><strong>Czego NIE ma na zdj\u0119ciach dla doros\u0142ych?<\/strong><\/p>\n\n\n\n<ul class=\"wp-block-list\">\n<li>W pe\u0142ni ubrana<\/li>\n\n\n\n<li>Nudne codzienne zdj\u0119cia<\/li>\n<\/ul>\n\n<\/div>","protected":false},"excerpt":{"rendered":"","protected":false},"author":5,"featured_media":0,"parent":0,"menu_order":0,"comment_status":"closed","ping_status":"closed","template":"","meta":{"_acf_changed":false,"footnotes":""},"class_list":["post-8120","page","type-page","status-publish"],"acf":[],"_links":{"self":[{"href":"https:\/\/sellfies.com\/pl\/wp-json\/wp\/v2\/pages\/8120","targetHints":{"allow":["GET"]}}],"collection":[{"href":"https:\/\/sellfies.com\/pl\/wp-json\/wp\/v2\/pages"}],"about":[{"href":"https:\/\/sellfies.com\/pl\/wp-json\/wp\/v2\/types\/page"}],"author":[{"embeddable":true,"href":"https:\/\/sellfies.com\/pl\/wp-json\/wp\/v2\/users\/5"}],"replies":[{"embeddable":true,"href":"https:\/\/sellfies.com\/pl\/wp-json\/wp\/v2\/comments?post=8120"}],"version-history":[{"count":7,"href":"https:\/\/sellfies.com\/pl\/wp-json\/wp\/v2\/pages\/8120\/revisions"}],"predecessor-version":[{"id":9861,"href":"https:\/\/sellfies.com\/pl\/wp-json\/wp\/v2\/pages\/8120\/revisions\/9861"}],"wp:attachment":[{"href":"https:\/\/sellfies.com\/pl\/wp-json\/wp\/v2\/media?parent=8120"}],"curies":[{"name":"wp","href":"https:\/\/api.w.org\/{rel}","templated":true}]}}