{"id":8141,"date":"2020-04-11T17:03:07","date_gmt":"2020-04-11T17:03:07","guid":{"rendered":"https:\/\/sellfies.com\/?page_id=8141"},"modified":"2025-12-01T13:54:44","modified_gmt":"2025-12-01T13:54:44","slug":"home","status":"publish","type":"page","link":"https:\/\/sellfies.com\/pl\/","title":{"rendered":"Home"},"content":{"rendered":"<div class=\"gb-container gb-container-1f4ad87b height-100 bg-overlay\" style=\"--background-image: url(https:\/\/sellfies.com\/wp-content\/uploads\/2025\/11\/header-img-sellfies-2.jpg);\"><div class=\"gb-inside-container\">\n\n<div class=\"wp-block-columns is-layout-flex wp-container-core-columns-is-layout-9d6595d7 wp-block-columns-is-layout-flex\">\n<div class=\"wp-block-column is-layout-flow wp-block-column-is-layout-flow\" style=\"flex-basis:66%\">\n<h1 class=\"gb-headline gb-headline-0089506d gb-headline-text\">Zarabiaj dzi\u0119ki swoim selfie<\/h1>\n\n\n\n<p class=\"gb-headline gb-headline-f69b4f57 gb-headline-text\">Kupujemy twoje zwyk\u0142e i prywatne zdj\u0119cia<\/p>\n\n\n\n<a class=\"gb-button gb-button-2e4a7042 gb-button-text button-effect\" href=\"https:\/\/my.sellfies.com\/pl\/register\">Zacznij tutaj<\/a>\n\n\n\n<p class=\"gb-headline gb-headline-e234d23f\"><span class=\"gb-icon\"><svg aria-hidden=\"true\" role=\"img\" height=\"1em\" width=\"1em\" viewBox=\"0 0 512 512\" xmlns=\"http:\/\/www.w3.org\/2000\/svg\"><path fill=\"currentColor\" d=\"M462.3 62.6C407.5 15.9 326 24.3 275.7 76.2L256 96.5l-19.7-20.3C186.1 24.3 104.5 15.9 49.7 62.6c-62.8 53.6-66.1 149.8-9.9 207.9l193.5 199.8c12.5 12.9 32.8 12.9 45.3 0l193.5-199.8c56.3-58.1 53-154.3-9.8-207.9z\"><\/path><\/svg><\/span><span class=\"gb-headline-text\">Wysokie zapotrzebowanie na kobiety w wieku 45+<\/span><\/p>\n<\/div>\n\n\n\n<div class=\"wp-block-column price is-layout-flow wp-block-column-is-layout-flow\" style=\"flex-basis:33%\">\n<div>\n                                                <div class=\"uk-child-width-1@m uk-grid-small uk-grid-match\" uk-grid>\n                                                                                            <div uk-scrollspy=\"cls: uk-animation-slide-bottom-small; delay: 200; repeat: false\">\n                                    <div class=\"uk-card uk-card-default uk-card-body uk-text-center price-box\">\n                                        <span class=\"banner uk-text-white\" style=\"background-color: #f49ebc\"> \n                                            P\u0142atno\u015b\u0107 \n                                        <\/span>\n                                        <dt>10 zdj\u0119\u0107<\/dt>\n                                        <span class=\"text-price uk-text-emphasis uk-text-large\">\u20ac 15,00<\/span>\n                                        <div class=\"content\">\n                                            <p><!-- wp:paragraph --><\/p>\n<p>Prze\u015blij pe\u0142ny pakiet zdj\u0119\u0107, aby otrzyma\u0107 swoj\u0105 wyp\u0142at\u0119. Sama decydujesz, kt\u00f3ry pakiet najbardziej Ci odpowiada.<\/p>\n<p><!-- \/wp:paragraph --><\/p>\n                                        <\/div>\n                                    <\/div>\n                                <\/div> \n                                                    <\/div>\n                                            <\/div>\n<\/div>\n<\/div>\n\n<\/div><\/div>\n\n<div class=\"gb-container gb-container-917fef5e how-it-work uk-background-muted\"><div class=\"gb-inside-container\">\n<div class=\"gb-container gb-container-a2c3af77\"><div class=\"gb-inside-container\">\n\n<h2 class=\"gb-headline gb-headline-e6296c19 gb-headline-text uk-text-center\">Jak to dzia\u0142a<\/h2>\n\n\n<div class=\"gb-container gb-container-73445b77\"><div class=\"gb-inside-container\">\n<div class=\"gb-grid-wrapper gb-grid-wrapper-57022b54\">\n<div class=\"gb-grid-column gb-grid-column-0bc62948\"><div class=\"gb-container gb-container-0bc62948 uk-card uk-card-default uk-card-body uk-text-center uk-scrollspy-inview \"><div class=\"gb-inside-container\">\n\n<figure class=\"wp-block-image size-full uk-text-center\"><img loading=\"lazy\" decoding=\"async\" width=\"84\" height=\"84\" src=\"https:\/\/sellfies.com\/wp-content\/uploads\/2023\/01\/icon-howitwork1.png\" alt=\"&amp;\" class=\"wp-image-5060\" title=\"\"><\/figure>\n\n\n\n<h2 class=\"gb-headline gb-headline-766d2430 gb-headline-text uk-text-center\">1. Utw\u00f3rz konto<\/h2>\n\n\n\n<p class=\"uk-text-center uk-text-secondary\" style=\"font-size:18px\">Zarejestruj si\u0119 i zweryfikuj swoje konto, aby m\u00f3c przesy\u0142a\u0107 swoje selfie.<\/p>\n\n<\/div><\/div><\/div>\n\n<div class=\"gb-grid-column gb-grid-column-251db445\"><div class=\"gb-container gb-container-251db445 uk-card uk-card-default uk-card-body uk-text-center uk-scrollspy-inview \"><div class=\"gb-inside-container\">\n\n<figure class=\"wp-block-image size-full uk-text-center\"><img loading=\"lazy\" decoding=\"async\" width=\"84\" height=\"84\" src=\"https:\/\/sellfies.com\/wp-content\/uploads\/2023\/01\/icon-howitwork2.png\" alt=\"&amp;\" class=\"wp-image-5061\" title=\"\"><\/figure>\n\n\n\n<h2 class=\"gb-headline gb-headline-deae9ec2 gb-headline-text uk-text-center\">2. Prze\u015blij selfie<\/h2>\n\n\n\n<p class=\"uk-text-center uk-text-secondary\" style=\"font-size:18px\">\u0141atwo prze\u015blij stare lub nowe selfie. Dajemy wskaz\u00f3wki, jak osi\u0105gn\u0105\u0107 sukces.<\/p>\n\n<\/div><\/div><\/div>\n\n<div class=\"gb-grid-column gb-grid-column-35ed1aaf\"><div class=\"gb-container gb-container-35ed1aaf uk-card uk-card-default uk-card-body uk-text-center uk-scrollspy-inview \"><div class=\"gb-inside-container\">\n\n<figure class=\"wp-block-image size-full uk-text-center\"><img loading=\"lazy\" decoding=\"async\" width=\"84\" height=\"84\" src=\"https:\/\/sellfies.com\/wp-content\/uploads\/2023\/01\/icon-howitwork4-4.png\" alt=\"&amp;\" class=\"wp-image-5392\" title=\"\"><\/figure>\n\n\n\n<h2 class=\"gb-headline gb-headline-23a829fe gb-headline-text uk-text-center\">3. Uzyskaj zatwierdzenie<\/h2>\n\n\n\n<p class=\"uk-text-center uk-text-secondary\" style=\"font-size:18px\">Nasz zesp\u00f3\u0142 sprawdza, czy przes\u0142ane pliki s\u0105 zgodne z naszymi wymaganiami.<\/p>\n\n<\/div><\/div><\/div>\n\n<div class=\"gb-grid-column gb-grid-column-4f7e69ff\"><div class=\"gb-container gb-container-4f7e69ff uk-card uk-card-default uk-card-body uk-text-center uk-scrollspy-inview \"><div class=\"gb-inside-container\">\n\n<figure class=\"wp-block-image size-full uk-text-center\"><img loading=\"lazy\" decoding=\"async\" width=\"84\" height=\"84\" src=\"https:\/\/sellfies.com\/wp-content\/uploads\/2023\/01\/icon-howitwork4.png\" alt=\"&amp;\" class=\"wp-image-5062\" title=\"\"><\/figure>\n\n\n\n<h2 class=\"gb-headline gb-headline-743fc371 gb-headline-text uk-text-center\">4. Otrzymaj wynagrodzenie<\/h2>\n\n\n\n<p class=\"uk-text-center uk-text-secondary\" style=\"font-size:18px\">Gdy wszystko b\u0119dzie w porz\u0105dku, p\u0142atno\u015b\u0107 zostanie wys\u0142ana za po\u015brednictwem wybranego przez Ciebie dostawcy.<\/p>\n\n<\/div><\/div><\/div>\n<\/div>\n<\/div><\/div>\n<\/div><\/div>\n<\/div><\/div>\n\n<div class=\"gb-container gb-container-1c3ca7e0 uk-background-muted\"><div class=\"gb-inside-container\">\n<div class=\"gb-container gb-container-79feb26c\">\n<div class=\"gb-container gb-container-3ae95900\">\n\n<h2 class=\"gb-headline gb-headline-4fa99e77 gb-headline-text\">Twoje zdj\u0119cia mog\u0105 pom\u00f3c w szkoleniu kolejnej generacji sztucznej inteligencji<\/h2>\n\n\n\n<p class=\"uk-text-secondary\">Twoje selfie mog\u0105 robi\u0107 wi\u0119cej ni\u017c tylko zalega\u0107 w galerii zdj\u0119\u0107.<\/p>\n\n\n\n<p class=\"uk-text-secondary\">Kupujemy prywatne zdj\u0119cia, aby pomaga\u0107 w szkoleniu system\u00f3w AI nowej generacji. Ucz\u0105 si\u0119 dzi\u0119ki nim, jak widzie\u0107, rozumie\u0107 i odwzorowywa\u0107 ludzki \u015bwiat z dok\u0142adno\u015bci\u0105 i szacunkiem.<\/p>\n\n\n\n<p class=\"uk-text-secondary\">Cho\u0107 wi\u0119kszo\u015b\u0107 zdj\u0119\u0107 jest wykorzystywana do rozwoju modeli AI i bada\u0144 wizualnych, niekt\u00f3re mog\u0105 r\u00f3wnie\u017c pojawi\u0107 si\u0119 na zatwierdzonych platformach rozrywkowych lub kreatywnych, gdzie autentyczno\u015b\u0107 ma najwi\u0119ksze znaczenie.<\/p>\n\n\n\n<p class=\"uk-text-secondary\">Ka\u017cde zdj\u0119cie pomaga kszta\u0142towa\u0107 przysz\u0142o\u015b\u0107! I tak, otrzymujesz za to wynagrodzenie.<\/p>\n\n<\/div>\n\n<div class=\"gb-container gb-container-21ed567c\">\n\n<figure class=\"gb-block-image gb-block-image-4d4dcda5\"><img loading=\"lazy\" decoding=\"async\" width=\"600\" height=\"600\" class=\"gb-image gb-image-4d4dcda5\" src=\"https:\/\/sellfies.com\/wp-content\/uploads\/2025\/10\/selfies-train-ai.png\" alt=\"&amp;\" title=\"selfies train ai\" srcset=\"https:\/\/sellfies.com\/wp-content\/uploads\/2025\/10\/selfies-train-ai.png 600w, https:\/\/sellfies.com\/wp-content\/uploads\/2025\/10\/selfies-train-ai-300x300.png 300w, https:\/\/sellfies.com\/wp-content\/uploads\/2025\/10\/selfies-train-ai-150x150.png 150w\" sizes=\"auto, (max-width: 600px) 100vw, 600px\"><\/figure>\n\n<\/div>\n<\/div>\n<\/div><\/div>\n\n<div class=\"gb-container gb-container-ddf78055 uk-background-muted\"><div class=\"gb-inside-container\">\n<div class=\"gb-container gb-container-ac0c31f8\">\n\n<h2 class=\"gb-headline gb-headline-09692866 gb-headline-text uk-text-center\">Jakiego wynagrodzenia mo\u017cesz si\u0119 spodziewa\u0107?<\/h2>\n\n<\/div>\n\n<div class=\"gb-container gb-container-c644e2e4\">\n<div class=\"gb-container gb-container-75512e1a\">\n\n<div>\n                                                <div class=\"uk-child-width-1-2@m uk-grid-small uk-grid-match\" uk-grid>\n                                                                                            <div uk-scrollspy=\"cls: uk-animation-slide-bottom-small; delay: 200; repeat: false\">\n                                    <div class=\"uk-card uk-card-default uk-card-body uk-text-center price-box\">\n                                        <span align=\"center\" class=\"banner uk-background-secondary uk-text-white\" style=\"background-color: #f49ebc\"> \n                                            Minimalny wysi\u0142ek \n                                        <\/span>\n                                        <dt>Minimum<\/dt>\n                                        <span class=\"text-price uk-text-emphasis uk-text-large\">\u20ac 7,50<\/span>\n                                        <div class=\"content\">\n                                            <p><!-- wp:paragraph --><\/p>\n<p>Codzienne zdj\u0119cia, kt\u00f3re pokazuj\u0105 Tw\u00f3j naturalny wygl\u0105d i styl \u017cycia. Proste, swobodne i \u0142atwe do wykonania.<\/p>\n<p><!-- \/wp:paragraph --><\/p>\n                                        <\/div>\n                                    <\/div>\n                                <\/div> \n                                                                                            <div uk-scrollspy=\"cls: uk-animation-slide-bottom-small; delay: 200; repeat: false\">\n                                    <div class=\"uk-card uk-card-default uk-card-body uk-text-center price-box\">\n                                        <span align=\"center\" class=\"banner uk-background-secondary uk-text-white\" style=\"background-color: #6944ce\"> \n                                            Najwi\u0119ksze zarobki \n                                        <\/span>\n                                        <dt>Maksimum<\/dt>\n                                        <span class=\"text-price uk-text-emphasis uk-text-large\">\u20ac 15,00<\/span>\n                                        <div class=\"content\">\n                                            <p><!-- wp:paragraph --><\/p>\n<p>Dodaj kilka zdj\u0119\u0107, kt\u00f3re pokazuj\u0105 Twoj\u0105 odwa\u017cniejsz\u0105 stron\u0119. Wyb\u00f3r nale\u017cy do Ciebie, w granicach Twojej strefy komfortu.<\/p>\n<p><!-- \/wp:paragraph --><\/p>\n                                        <\/div>\n                                    <\/div>\n                                <\/div> \n                                                    <\/div>\n                                            <\/div>\n\n<\/div>\n\n<div class=\"gb-container gb-container-a43b49be\">\n\n<p class=\"uk-text-secondary\">Oferujemy dwa proste pakiety, ka\u017cdy z w\u0142asnym stylem fotografii.<\/p>\n\n\n\n<p class=\"uk-text-secondary\">Wysoko\u015b\u0107 zarobk\u00f3w zale\u017cy od wybranego pakietu. Ka\u017cdy z nich zapewnia uczciwe wynagrodzenie w oparciu o rodzaj zamieszczanych zdj\u0119\u0107 i to, z czym czujesz si\u0119 komfortowo.<\/p>\n\n\n\n<p class=\"uk-text-secondary\">To Ty decydujesz, kt\u00f3re zdj\u0119cia przes\u0142a\u0107 i kt\u00f3ry pakiet najlepiej Ci odpowiada. Udost\u0119pniaj to, co uwa\u017casz za odpowiednie, i otrzymuj wynagrodzenie za pomoc w ulepszaniu przysz\u0142ych system\u00f3w AI<\/p>\n\n\n<div class=\"gb-button-wrapper gb-button-wrapper-1aef189e\">\n\n<a class=\"gb-button gb-button-281814e5 gb-button-text button-effect\" href=\"https:\/\/my.sellfies.com\/pl\/register\">Utw\u00f3rz moje konto<\/a>\n\n<\/div>\n<\/div>\n<\/div>\n<\/div><\/div>\n\n<div class=\"gb-container gb-container-86a5b7a8 uk-background-muted\"><div class=\"gb-inside-container\">\n<div class=\"gb-container gb-container-fa76f420\">\n<div class=\"gb-container gb-container-a6210d3a\">\n\n<h2 class=\"gb-headline gb-headline-a1436818 gb-headline-text\">Rozpowszechniaj informacje, otrzymaj nagrod\u0119<\/h2>\n\n\n\n<p class=\"uk-text-secondary\">Znasz kogo\u015b, kto chcia\u0142by korzysta\u0107 z Sellfies? Zapro\u015b t\u0119 osob\u0119 do serwisu za pomoc\u0105 linku polecaj\u0105cego i zarabiaj, gdy dokona ona sprzeda\u017cy.<\/p>\n\n\n\n<p class=\"uk-text-secondary\">To szybkie, \u0142atwe i satysfakcjonuj\u0105ce. Nie ma ogranicze\u0144 co do liczby os\u00f3b, kt\u00f3re mo\u017cesz poleci\u0107.<\/p>\n\n\n\n<p class=\"uk-text-secondary\">Udost\u0119pnij sw\u00f3j link gdziekolwiek chcesz i obserwuj, jak Twoje zarobki rosn\u0105 wraz z ka\u017cd\u0105 udan\u0105 rekomendacj\u0105.<\/p>\n\n<\/div>\n\n<div class=\"gb-container gb-container-8edf0704\">\n\n<figure class=\"gb-block-image gb-block-image-71526a36\"><img loading=\"lazy\" decoding=\"async\" width=\"600\" height=\"600\" class=\"gb-image gb-image-71526a36\" src=\"https:\/\/sellfies.com\/wp-content\/uploads\/2025\/10\/sellfies-referral.png\" alt=\"&amp;\" title=\"sellfies-referral\" srcset=\"https:\/\/sellfies.com\/wp-content\/uploads\/2025\/10\/sellfies-referral.png 600w, https:\/\/sellfies.com\/wp-content\/uploads\/2025\/10\/sellfies-referral-300x300.png 300w, https:\/\/sellfies.com\/wp-content\/uploads\/2025\/10\/sellfies-referral-150x150.png 150w\" sizes=\"auto, (max-width: 600px) 100vw, 600px\"><\/figure>\n\n<\/div>\n<\/div>\n<\/div><\/div>\n\n<div class=\"gb-container gb-container-3468854c reviews\"><div class=\"gb-inside-container\">\n\n<div class=\"wp-block-columns is-layout-flex wp-container-core-columns-is-layout-9d6595d7 wp-block-columns-is-layout-flex\">\n<div class=\"wp-block-column uk-margin-large-top is-layout-flow wp-block-column-is-layout-flow\">\n<h2 class=\"gb-headline gb-headline-ba2b1883 gb-headline-text\">Opinie innych kobiet o Sellfies<\/h2>\n<\/div>\n<\/div>\n\n\n<div class=\"gb-grid-wrapper gb-grid-wrapper-163f4b68\">\n<div class=\"gb-grid-column gb-grid-column-9864fee8\"><div class=\"gb-container gb-container-9864fee8 uk-card uk-card-default\"><div class=\"gb-inside-container\">\n\n<p>By\u0142am zdenerwowana robi\u0105c to, g\u0142\u00f3wnie dlatego, \u017ce obawia\u0142am si\u0119, \u017ce nie otrzymam zap\u0142aty. Dosta\u0142am dzisiaj pieni\u0105dze i w sumie by\u0142o to do\u015b\u0107 \u0142atwe! Pieni\u0105dze s\u0105 mi teraz bardzo potrzebne, wi\u0119c by\u0142o to \u015bwietne do\u015bwiadczenie. Na ka\u017cdy e-mail, kt\u00f3ry do nich wys\u0142a\u0142am, dosta\u0142am szybk\u0105 odpowied\u017a. Dzi\u0119kuj\u0119 Sellfies!<\/p>\n\n\n\n<p>&#8211; <a href=\"https:\/\/pl.trustpilot.com\/reviews\/63605f83252cba2c02cb65da\" data-type=\"link\" data-id=\"https:\/\/pl.trustpilot.com\/reviews\/63605f83252cba2c02cb65da\" target=\"_blank\" rel=\"noopener\">Delise, USA<\/a><\/p>\n\n\n\n<div class=\"gb-headline gb-headline-b6257b22\"><span class=\"gb-icon\"><svg xmlns=\"http:\/\/www.w3.org\/2000\/svg\" viewBox=\"0 0 32 32\" fill=\"#000000\"><g stroke-width=\"0\" id=\"SVGRepo_bgCarrier\"><\/g><g stroke-linejoin=\"round\" stroke-linecap=\"round\" id=\"SVGRepo_tracerCarrier\"><\/g><g id=\"SVGRepo_iconCarrier\"><path d=\"M16 4.588l2.833 8.719H28l-7.416 5.387 2.832 8.719L16 22.023l-7.417 5.389 2.833-8.719L4 13.307h9.167L16 4.588z\"><\/path><\/g><\/svg><\/span><span class=\"gb-headline-text\"><a href=\"https:\/\/pl.trustpilot.com\/reviews\/63605f83252cba2c02cb65da\" target=\"_blank\" data-type=\"URL\" data-id=\"https:\/\/www.trustpilot.com\/reviews\/63605f83252cba2c02cb65da\" rel=\"noreferrer noopener\">Trustpilot<\/a><\/span><\/div>\n\n<\/div><\/div><\/div>\n\n<div class=\"gb-grid-column gb-grid-column-fa7df162\"><div class=\"gb-container gb-container-fa7df162 uk-card uk-card-default\"><div class=\"gb-inside-container\">\n\n<p>Post\u0119powa\u0142am zgodnie z wytycznymi, przes\u0142a\u0142am zdj\u0119cia, zosta\u0142y one zatwierdzone w ci\u0105gu p\u00f3\u0142 godziny, a ja dosta\u0142am zap\u0142at\u0119 po 2 dniach (poniewa\u017c by\u0142 weekend).<\/p>\n\n\n\n<p>&#8211; <a href=\"https:\/\/pl.trustpilot.com\/reviews\/6315b6396a3e1ed2c3c9efe4\" data-type=\"link\" data-id=\"https:\/\/www.trustpilot.com\/reviews\/6315b6396a3e1ed2c3c9efe4\" target=\"_blank\" rel=\"noopener\">Angela, Serbia<\/a><\/p>\n\n\n\n<div class=\"gb-headline gb-headline-02382501\"><span class=\"gb-icon\"><svg xmlns=\"http:\/\/www.w3.org\/2000\/svg\" viewBox=\"0 0 32 32\" fill=\"#000000\"><g stroke-width=\"0\" id=\"SVGRepo_bgCarrier\"><\/g><g stroke-linejoin=\"round\" stroke-linecap=\"round\" id=\"SVGRepo_tracerCarrier\"><\/g><g id=\"SVGRepo_iconCarrier\"><path d=\"M16 4.588l2.833 8.719H28l-7.416 5.387 2.832 8.719L16 22.023l-7.417 5.389 2.833-8.719L4 13.307h9.167L16 4.588z\"><\/path><\/g><\/svg><\/span><span class=\"gb-headline-text\"><a href=\"https:\/\/pl.trustpilot.com\/reviews\/6315b6396a3e1ed2c3c9efe4\" target=\"_blank\" data-type=\"URL\" data-id=\"https:\/\/www.trustpilot.com\/reviews\/63605f83252cba2c02cb65da\" rel=\"noreferrer noopener\">Trustpilot<\/a><\/span><\/div>\n\n<\/div><\/div><\/div>\n\n<div class=\"gb-grid-column gb-grid-column-c7ac6271\"><div class=\"gb-container gb-container-c7ac6271 uk-card uk-card-default\"><div class=\"gb-inside-container\">\n\n<p>Bardzo si\u0119 ciesz\u0119, \u017ce znalaz\u0142am Sellfies! Wszystko posz\u0142o \u0142atwo i dosta\u0142am pieni\u0105dze naprawd\u0119 szybko. A kto by nie chcia\u0142 troch\u0119 dodatkowej got\u00f3wki? Zawsze si\u0119 na to pisz\u0119!<\/p>\n\n\n\n<p>&#8211; <a href=\"https:\/\/pl.trustpilot.com\/reviews\/631058ce7f7a8621ee4f303f\" data-type=\"link\" data-id=\"https:\/\/www.trustpilot.com\/reviews\/631058ce7f7a8621ee4f303f\" target=\"_blank\" rel=\"noopener\">Mina, Grecjaece<\/a><\/p>\n\n\n\n<div class=\"gb-headline gb-headline-7fdddcb6\"><span class=\"gb-icon\"><svg xmlns=\"http:\/\/www.w3.org\/2000\/svg\" viewBox=\"0 0 32 32\" fill=\"#000000\"><g stroke-width=\"0\" id=\"SVGRepo_bgCarrier\"><\/g><g stroke-linejoin=\"round\" stroke-linecap=\"round\" id=\"SVGRepo_tracerCarrier\"><\/g><g id=\"SVGRepo_iconCarrier\"><path d=\"M16 4.588l2.833 8.719H28l-7.416 5.387 2.832 8.719L16 22.023l-7.417 5.389 2.833-8.719L4 13.307h9.167L16 4.588z\"><\/path><\/g><\/svg><\/span><span class=\"gb-headline-text\"><a href=\"https:\/\/pl.trustpilot.com\/reviews\/631058ce7f7a8621ee4f303f\" target=\"_blank\" data-type=\"URL\" data-id=\"https:\/\/www.trustpilot.com\/reviews\/63605f83252cba2c02cb65da\" rel=\"noreferrer noopener\">Trustpilot<\/a><\/span><\/div>\n\n<\/div><\/div><\/div>\n<\/div>\n<\/div><\/div>\n\n<div class=\"gb-container gb-container-8e7766e7 faq\"><div class=\"gb-inside-container\">\n\n<div class=\"wp-block-columns is-layout-flex wp-container-core-columns-is-layout-9d6595d7 wp-block-columns-is-layout-flex\">\n<div class=\"wp-block-column is-layout-flow wp-block-column-is-layout-flow\">\n<h2 class=\"gb-headline gb-headline-d093903a gb-headline-text\">Mamy odpowiedzi na wszystkie Twoje pytania<\/h2>\n\n\n\n<div style=\"height:18px\" aria-hidden=\"true\" class=\"wp-block-spacer\"><\/div>\n\n\n\n<p class=\"gb-headline gb-headline-3118a45b gb-headline-text\">Aby uzyska\u0107 wi\u0119cej informacji, sprawd\u017a nasze <a href=\"https:\/\/sellfies.com\/pl\/faqs\/\" data-type=\"page\" data-id=\"8112\">Najcz\u0119\u015bciej Zadawane Pytania (FAQ)<\/a><\/p>\n<\/div>\n\n\n\n<div class=\"wp-block-column is-layout-flow wp-block-column-is-layout-flow\">\n<p><strong>Jakiego rodzaju kobiety poszukuje Sellfies?<\/strong><\/p>\n\n\n\n<p>Szukamy kobiet o r\u00f3\u017cnych kszta\u0142tach i rozmiarach oraz w ka\u017cdym wieku. Nie interesuj\u0105 nas profesjonalnie stylizowane modelki i ich zdj\u0119cia studyjne.<\/p>\n\n\n\n<p>Szukamy prawdziwych kobiet z prawdziwymi zdj\u0119ciami. Panie, kt\u00f3re czuj\u0105 si\u0119 swobodnie przed obiektywem i s\u0105 pewne siebie oraz swojego cia\u0142a, zapraszamy!<\/p>\n\n\n\n<p><strong>Czy mog\u0119 zg\u0142osi\u0107 si\u0119, je\u015bli jestem dojrza\u0142\u0105 kobiet\u0105?<\/strong><\/p>\n\n\n\n<p>Tak! Tak, prosz\u0119! Jeste\u015b dla nas idealn\u0105 modelk\u0105. Ty i Twoje cia\u0142o do\u015bwiadczy\u0142y\u015bcie \u201e\u017cycia\u201d. Uwa\u017camy, \u017ce to co\u015b, co nale\u017cy chwali\u0107 i z czego nale\u017cy by\u0107 dumnym. Zdecydowanie nie b\u00f3j si\u0119 zg\u0142osi\u0107!<\/p>\n\n\n\n<p><strong>Czy mog\u0119 pozosta\u0107 anonimowa?<\/strong><\/p>\n\n\n\n<p>Anonimowo\u015b\u0107 jest kluczow\u0105 cz\u0119\u015bci\u0105 Sellfies. Dok\u0142adamy wszelkich stara\u0144, aby\u015b pozosta\u0142a anonimowa. Twoje imi\u0119 ani inne dane osobowe nigdy nie b\u0119d\u0105 wykorzystywane, poza celami p\u0142atno\u015bci i obowi\u0105zkami zwi\u0105zanymi z ewidencj\u0105.<\/p>\n\n\n\n<p><strong>W jaki spos\u00f3b wykorzystywane s\u0105 moje zdj\u0119cia i do czego s\u0142u\u017c\u0105?<\/strong><\/p>\n\n\n\n<p>Twoje zdj\u0119cia s\u0105 wykorzystywane do nauczania system\u00f3w sztucznej inteligencji lepszego postrzegania i rozumienia \u015bwiata. Niekt\u00f3re z nich mog\u0105 by\u0107 r\u00f3wnie\u017c wykorzystywane w badaniach naukowych lub projektach tw\u00f3rczych, kt\u00f3re wymagaj\u0105 prawdziwych, codziennych obraz\u00f3w. Nigdy nie s\u0105 one widoczne w wyszukiwarkach ani mediach spo\u0142eczno\u015bciowych, a Twoje dane osobowe nigdy nie s\u0105 udost\u0119pniane.<\/p>\n<\/div>\n<\/div>\n\n<\/div><\/div>\n\n<div class=\"gb-container gb-container-686c4b9c parallax large uk-position-relative\"><div class=\"gb-inside-container\">\n<div class=\"gb-container gb-container-9029c7e0\"><div class=\"gb-inside-container\">\n\n<h2 class=\"gb-headline gb-headline-cd3a9929 gb-headline-text\">Zarabiaj na swoich selfie ju\u017c dzi\u015b<\/h2>\n\n\n\n<h3 class=\"gb-headline gb-headline-490c1d3d gb-headline-text\">Prze\u015blij swoje zdj\u0119cia i zarabiaj na nich pieni\u0105dze<\/h3>\n\n\n\n<a class=\"gb-button gb-button-8057e95d gb-button-text button-effect uk-align-center\" href=\"https:\/\/my.sellfies.com\/pl\/register\">Utw\u00f3rz moje konto<\/a>\n\n<\/div><\/div>\n<\/div><\/div>\n\n<div class=\"gb-container gb-container-459edfe3 blog uk-background-muted\"><div class=\"gb-inside-container\">\n<div class=\"gb-container gb-container-e9eb410a\"><div class=\"gb-inside-container\">\n\n<div class=\"wp-block-columns is-layout-flex wp-container-core-columns-is-layout-9d6595d7 wp-block-columns-is-layout-flex\">\n<div class=\"wp-block-column is-layout-flow wp-block-column-is-layout-flow\" style=\"flex-basis:33.33%\">\n<h2 class=\"gb-headline gb-headline-1e353e80 gb-headline-text\">Przeczytaj nasze najnowsze wpisy na blogu<\/h2>\n<\/div>\n\n\n\n<div class=\"wp-block-column is-layout-flow wp-block-column-is-layout-flow\" style=\"flex-basis:66.66%\">\n<div class=\"gb-grid-wrapper gb-grid-wrapper-25c55912 gb-query-loop-wrapper\"><\/div>\n<\/div>\n<\/div>\n\n<\/div><\/div>\n<\/div><\/div>","protected":false},"excerpt":{"rendered":"","protected":false},"author":5,"featured_media":0,"parent":0,"menu_order":0,"comment_status":"closed","ping_status":"closed","template":"","meta":{"_acf_changed":false,"footnotes":""},"class_list":["post-8141","page","type-page","status-publish"],"acf":[],"_links":{"self":[{"href":"https:\/\/sellfies.com\/pl\/wp-json\/wp\/v2\/pages\/8141","targetHints":{"allow":["GET"]}}],"collection":[{"href":"https:\/\/sellfies.com\/pl\/wp-json\/wp\/v2\/pages"}],"about":[{"href":"https:\/\/sellfies.com\/pl\/wp-json\/wp\/v2\/types\/page"}],"author":[{"embeddable":true,"href":"https:\/\/sellfies.com\/pl\/wp-json\/wp\/v2\/users\/5"}],"replies":[{"embeddable":true,"href":"https:\/\/sellfies.com\/pl\/wp-json\/wp\/v2\/comments?post=8141"}],"version-history":[{"count":10,"href":"https:\/\/sellfies.com\/pl\/wp-json\/wp\/v2\/pages\/8141\/revisions"}],"predecessor-version":[{"id":9973,"href":"https:\/\/sellfies.com\/pl\/wp-json\/wp\/v2\/pages\/8141\/revisions\/9973"}],"wp:attachment":[{"href":"https:\/\/sellfies.com\/pl\/wp-json\/wp\/v2\/media?parent=8141"}],"curies":[{"name":"wp","href":"https:\/\/api.w.org\/{rel}","templated":true}]}}