{"id":8815,"date":"2020-04-11T17:03:07","date_gmt":"2020-04-11T17:03:07","guid":{"rendered":"https:\/\/sellfies.com\/inicio\/"},"modified":"2025-12-01T14:14:22","modified_gmt":"2025-12-01T14:14:22","slug":"inicio","status":"publish","type":"page","link":"https:\/\/sellfies.com\/pt-br\/","title":{"rendered":"In\u00edcio"},"content":{"rendered":"<div class=\"gb-container gb-container-1f4ad87b height-100 bg-overlay\" style=\"--background-image: url(https:\/\/sellfies.com\/wp-content\/uploads\/2025\/11\/header-img-sellfies-2.jpg);\"><div class=\"gb-inside-container\">\n\n<div class=\"wp-block-columns is-layout-flex wp-container-core-columns-is-layout-9d6595d7 wp-block-columns-is-layout-flex\">\n<div class=\"wp-block-column is-layout-flow wp-block-column-is-layout-flow\" style=\"flex-basis:66%\">\n<h1 class=\"gb-headline gb-headline-0089506d gb-headline-text\">Ganhe com suas selfies<\/h1>\n\n\n\n<p class=\"gb-headline gb-headline-f69b4f57 gb-headline-text\">Compramos suas fotos comuns e privadas<\/p>\n\n\n\n<a class=\"gb-button gb-button-2e4a7042 gb-button-text button-effect\" href=\"https:\/\/my.sellfies.com\/br\/register\">Comece aqui<\/a>\n\n\n\n<p class=\"gb-headline gb-headline-e234d23f\"><span class=\"gb-icon\"><svg aria-hidden=\"true\" role=\"img\" height=\"1em\" width=\"1em\" viewBox=\"0 0 512 512\" xmlns=\"http:\/\/www.w3.org\/2000\/svg\"><path fill=\"currentColor\" d=\"M462.3 62.6C407.5 15.9 326 24.3 275.7 76.2L256 96.5l-19.7-20.3C186.1 24.3 104.5 15.9 49.7 62.6c-62.8 53.6-66.1 149.8-9.9 207.9l193.5 199.8c12.5 12.9 32.8 12.9 45.3 0l193.5-199.8c56.3-58.1 53-154.3-9.8-207.9z\"><\/path><\/svg><\/span><span class=\"gb-headline-text\">Alta demanda por mulheres com 45 anos ou mais<\/span><\/p>\n<\/div>\n\n\n\n<div class=\"wp-block-column price is-layout-flow wp-block-column-is-layout-flow\" style=\"flex-basis:33%\">\n<div>\n                                                <div class=\"uk-child-width-1@m uk-grid-small uk-grid-match\" uk-grid>\n                                                                                            <div uk-scrollspy=\"cls: uk-animation-slide-bottom-small; delay: 200; repeat: false\">\n                                    <div class=\"uk-card uk-card-default uk-card-body uk-text-center price-box\">\n                                        <span class=\"banner uk-text-white\" style=\"background-color: #f49ebc\"> \n                                            Pagamento \n                                        <\/span>\n                                        <dt>10 fotos<\/dt>\n                                        <span class=\"text-price uk-text-emphasis uk-text-large\">\u20ac 15,00<\/span>\n                                        <div class=\"content\">\n                                            <p><!-- wp:paragraph --><\/p>\n<p>Envie um pacote completo de fotos para receber seu pagamento. Voc\u00ea decide qual pacote se encaixa melhor para voc\u00ea.<\/p>\n<p><!-- \/wp:paragraph --><\/p>\n                                        <\/div>\n                                    <\/div>\n                                <\/div> \n                                                    <\/div>\n                                            <\/div>\n<\/div>\n<\/div>\n\n<\/div><\/div>\n\n<div class=\"gb-container gb-container-917fef5e how-it-work uk-background-muted\"><div class=\"gb-inside-container\">\n<div class=\"gb-container gb-container-a2c3af77\"><div class=\"gb-inside-container\">\n\n<h2 class=\"gb-headline gb-headline-e6296c19 gb-headline-text uk-text-center\">Como funciona<\/h2>\n\n\n<div class=\"gb-container gb-container-73445b77\"><div class=\"gb-inside-container\">\n<div class=\"gb-grid-wrapper gb-grid-wrapper-57022b54\">\n<div class=\"gb-grid-column gb-grid-column-0bc62948\"><div class=\"gb-container gb-container-0bc62948 uk-card uk-card-default uk-card-body uk-text-center uk-scrollspy-inview \"><div class=\"gb-inside-container\">\n\n<figure class=\"wp-block-image size-full uk-text-center\"><img loading=\"lazy\" decoding=\"async\" width=\"84\" height=\"84\" src=\"https:\/\/sellfies.com\/wp-content\/uploads\/2023\/01\/icon-howitwork1.png\" alt=\"&amp;\" class=\"wp-image-5060\" title=\"\"><\/figure>\n\n\n\n<h2 class=\"gb-headline gb-headline-766d2430 gb-headline-text uk-text-center\">1. Crie uma conta<\/h2>\n\n\n\n<p class=\"uk-text-center uk-text-secondary\" style=\"font-size:18px\">Cadastre-se e verifique sua conta para estar pronta para enviar suas selfies.<\/p>\n\n<\/div><\/div><\/div>\n\n<div class=\"gb-grid-column gb-grid-column-251db445\"><div class=\"gb-container gb-container-251db445 uk-card uk-card-default uk-card-body uk-text-center uk-scrollspy-inview \"><div class=\"gb-inside-container\">\n\n<figure class=\"wp-block-image size-full uk-text-center\"><img loading=\"lazy\" decoding=\"async\" width=\"84\" height=\"84\" src=\"https:\/\/sellfies.com\/wp-content\/uploads\/2023\/01\/icon-howitwork2.png\" alt=\"&amp;\" class=\"wp-image-5061\" title=\"\"><\/figure>\n\n\n\n<h2 class=\"gb-headline gb-headline-deae9ec2 gb-headline-text uk-text-center\">2. Envie suas selfies<\/h2>\n\n\n\n<p class=\"uk-text-center uk-text-secondary\" style=\"font-size:18px\">Envie facilmente selfies antigas ou novas. Fornecemos dicas para ter sucesso.<\/p>\n\n<\/div><\/div><\/div>\n\n<div class=\"gb-grid-column gb-grid-column-35ed1aaf\"><div class=\"gb-container gb-container-35ed1aaf uk-card uk-card-default uk-card-body uk-text-center uk-scrollspy-inview \"><div class=\"gb-inside-container\">\n\n<figure class=\"wp-block-image size-full uk-text-center\"><img loading=\"lazy\" decoding=\"async\" width=\"84\" height=\"84\" src=\"https:\/\/sellfies.com\/wp-content\/uploads\/2023\/01\/icon-howitwork4-4.png\" alt=\"&amp;\" class=\"wp-image-5392\" title=\"\"><\/figure>\n\n\n\n<h2 class=\"gb-headline gb-headline-23a829fe gb-headline-text uk-text-center\">3. Seja aprovada<\/h2>\n\n\n\n<p class=\"uk-text-center uk-text-secondary\" style=\"font-size:18px\">Nossa equipe verifica se seu envio est\u00e1 em conformidade com nossos requisitos.<\/p>\n\n<\/div><\/div><\/div>\n\n<div class=\"gb-grid-column gb-grid-column-4f7e69ff\"><div class=\"gb-container gb-container-4f7e69ff uk-card uk-card-default uk-card-body uk-text-center uk-scrollspy-inview \"><div class=\"gb-inside-container\">\n\n<figure class=\"wp-block-image size-full uk-text-center\"><img loading=\"lazy\" decoding=\"async\" width=\"84\" height=\"84\" src=\"https:\/\/sellfies.com\/wp-content\/uploads\/2023\/01\/icon-howitwork4.png\" alt=\"&amp;\" class=\"wp-image-5062\" title=\"\"><\/figure>\n\n\n\n<h2 class=\"gb-headline gb-headline-743fc371 gb-headline-text uk-text-center\">4. Receba seu pagamento<\/h2>\n\n\n\n<p class=\"uk-text-center uk-text-secondary\" style=\"font-size:18px\">Quando tudo estiver certo, o pagamento ser\u00e1 enviado pelo provedor escolhido por voc\u00ea.<\/p>\n\n<\/div><\/div><\/div>\n<\/div>\n<\/div><\/div>\n<\/div><\/div>\n<\/div><\/div>\n\n<div class=\"gb-container gb-container-1c3ca7e0 uk-background-muted\"><div class=\"gb-inside-container\">\n<div class=\"gb-container gb-container-79feb26c\">\n<div class=\"gb-container gb-container-3ae95900\">\n\n<h2 class=\"gb-headline gb-headline-4fa99e77 gb-headline-text\">Suas fotos podem treinar a pr\u00f3xima gera\u00e7\u00e3o de IA<\/h2>\n\n\n\n<p class=\"uk-text-secondary\">Suas selfies podem fazer mais do que apenas ficar na galeria do seu celular.<\/p>\n\n\n\n<p class=\"uk-text-secondary\">Compramos fotos pessoais para ajudar a treinar sistemas de IA de pr\u00f3xima gera\u00e7\u00e3o, ensinando-os a ver, entender e recriar o mundo humano com precis\u00e3o e respeito.<\/p>\n\n\n\n<p class=\"uk-text-secondary\">Enquanto a maioria das fotos \u00e9 usada para desenvolvimento de modelos de IA e pesquisas visuais, algumas podem aparecer em plataformas de entretenimento ou criativas aprovadas, onde a autenticidade \u00e9 essencial.<\/p>\n\n\n\n<p class=\"uk-text-secondary\">Cada foto ajuda a moldar o futuro! E sim, voc\u00ea \u00e9 paga por isso.<\/p>\n\n<\/div>\n\n<div class=\"gb-container gb-container-21ed567c\">\n\n<figure class=\"gb-block-image gb-block-image-4d4dcda5\"><img loading=\"lazy\" decoding=\"async\" width=\"600\" height=\"600\" class=\"gb-image gb-image-4d4dcda5\" src=\"https:\/\/sellfies.com\/wp-content\/uploads\/2025\/10\/selfies-train-ai.png\" alt=\"&amp;\" title=\"selfies train ai\" srcset=\"https:\/\/sellfies.com\/wp-content\/uploads\/2025\/10\/selfies-train-ai.png 600w, https:\/\/sellfies.com\/wp-content\/uploads\/2025\/10\/selfies-train-ai-300x300.png 300w, https:\/\/sellfies.com\/wp-content\/uploads\/2025\/10\/selfies-train-ai-150x150.png 150w\" sizes=\"auto, (max-width: 600px) 100vw, 600px\"><\/figure>\n\n<\/div>\n<\/div>\n<\/div><\/div>\n\n<div class=\"gb-container gb-container-ddf78055 uk-background-muted\"><div class=\"gb-inside-container\">\n<div class=\"gb-container gb-container-ac0c31f8\">\n\n<h2 class=\"gb-headline gb-headline-09692866 gb-headline-text uk-text-center\">Qual compensa\u00e7\u00e3o voc\u00ea pode esperar?<\/h2>\n\n<\/div>\n\n<div class=\"gb-container gb-container-c644e2e4\">\n<div class=\"gb-container gb-container-75512e1a\">\n\n<div>\n                                                <div class=\"uk-child-width-1-2@m uk-grid-small uk-grid-match\" uk-grid>\n                                                                                            <div uk-scrollspy=\"cls: uk-animation-slide-bottom-small; delay: 200; repeat: false\">\n                                    <div class=\"uk-card uk-card-default uk-card-body uk-text-center price-box\">\n                                        <span align=\"center\" class=\"banner uk-background-secondary uk-text-white\" style=\"background-color: #f49ebc\"> \n                                            Menor esfor\u00e7o \n                                        <\/span>\n                                        <dt>M\u00ednimo<\/dt>\n                                        <span class=\"text-price uk-text-emphasis uk-text-large\">\u20ac 7,50<\/span>\n                                        <div class=\"content\">\n                                            <p><!-- wp:paragraph --><\/p>\n<p>Fotos do dia a dia que mostram seu visual natural e estilo de vida. Simples, relaxadas e f\u00e1ceis de criar.<\/p>\n<p><!-- \/wp:paragraph --><\/p>\n                                        <\/div>\n                                    <\/div>\n                                <\/div> \n                                                                                            <div uk-scrollspy=\"cls: uk-animation-slide-bottom-small; delay: 200; repeat: false\">\n                                    <div class=\"uk-card uk-card-default uk-card-body uk-text-center price-box\">\n                                        <span align=\"center\" class=\"banner uk-background-secondary uk-text-white\" style=\"background-color: #6944ce\"> \n                                            Maior ganho \n                                        <\/span>\n                                        <dt>M\u00e1ximo<\/dt>\n                                        <span class=\"text-price uk-text-emphasis uk-text-large\">\u20ac 15,00<\/span>\n                                        <div class=\"content\">\n                                            <p><!-- wp:paragraph --><\/p>\n<p>Adicione algumas fotos que mostrem um lado mais ousado de voc\u00ea. Sempre dentro do seu n\u00edvel de conforto e escolha.<\/p>\n<p><!-- \/wp:paragraph --><\/p>\n                                        <\/div>\n                                    <\/div>\n                                <\/div> \n                                                    <\/div>\n                                            <\/div>\n\n<\/div>\n\n<div class=\"gb-container gb-container-a43b49be\">\n\n<p class=\"uk-text-secondary\">Mantemos simples com 2 pacotes, cada um com seu pr\u00f3prio estilo de fotos.<\/p>\n\n\n\n<p class=\"uk-text-secondary\">Quanto voc\u00ea ganha depende do pacote que escolher. Cada pacote paga de forma justa, baseado no tipo de fotos que voc\u00ea envia e no que se sente confort\u00e1vel em mostrar.<\/p>\n\n\n\n<p class=\"uk-text-secondary\">Voc\u00ea decide quais fotos enviar e qual pacote se encaixa melhor. Compartilhe o que sentir certo e seja paga por ajudar a melhorar futuras IAs.<\/p>\n\n\n<div class=\"gb-button-wrapper gb-button-wrapper-1aef189e\">\n\n<a class=\"gb-button gb-button-281814e5 gb-button-text button-effect\" href=\"https:\/\/my.sellfies.com\/br\/register\">Crie minha conta<\/a>\n\n<\/div>\n<\/div>\n<\/div>\n<\/div><\/div>\n\n<div class=\"gb-container gb-container-86a5b7a8 uk-background-muted\"><div class=\"gb-inside-container\">\n<div class=\"gb-container gb-container-fa76f420\">\n<div class=\"gb-container gb-container-a6210d3a\">\n\n<h2 class=\"gb-headline gb-headline-a1436818 gb-headline-text\">Divulgue e seja recompensada<\/h2>\n\n\n\n<p class=\"uk-text-secondary\">Conhece algu\u00e9m que gostaria de usar o Sellfies? Convide para se juntar atrav\u00e9s do seu link de indica\u00e7\u00e3o e ganhe quando a pessoa fizer uma venda.<\/p>\n\n\n\n<p class=\"uk-text-secondary\">\u00c9 r\u00e1pido, f\u00e1cil e recompensador. E n\u00e3o h\u00e1 limite de quantas pessoas voc\u00ea pode indicar.<\/p>\n\n\n\n<p class=\"uk-text-secondary\">Compartilhe seu link em qualquer lugar e veja seus ganhos crescerem a cada indica\u00e7\u00e3o bem-sucedida.<\/p>\n\n<\/div>\n\n<div class=\"gb-container gb-container-8edf0704\">\n\n<figure class=\"gb-block-image gb-block-image-71526a36\"><img loading=\"lazy\" decoding=\"async\" width=\"600\" height=\"600\" class=\"gb-image gb-image-71526a36\" src=\"https:\/\/sellfies.com\/wp-content\/uploads\/2025\/10\/sellfies-referral.png\" alt=\"&amp;\" title=\"sellfies-referral\" srcset=\"https:\/\/sellfies.com\/wp-content\/uploads\/2025\/10\/sellfies-referral.png 600w, https:\/\/sellfies.com\/wp-content\/uploads\/2025\/10\/sellfies-referral-300x300.png 300w, https:\/\/sellfies.com\/wp-content\/uploads\/2025\/10\/sellfies-referral-150x150.png 150w\" sizes=\"auto, (max-width: 600px) 100vw, 600px\"><\/figure>\n\n<\/div>\n<\/div>\n<\/div><\/div>\n\n<div class=\"gb-container gb-container-3468854c reviews\"><div class=\"gb-inside-container\">\n\n<div class=\"wp-block-columns is-layout-flex wp-container-core-columns-is-layout-9d6595d7 wp-block-columns-is-layout-flex\">\n<div class=\"wp-block-column uk-margin-large-top is-layout-flow wp-block-column-is-layout-flow\">\n<h2 class=\"gb-headline gb-headline-ba2b1883 gb-headline-text\">Opini\u00f5es de outras mulheres sobre Sellfies<\/h2>\n<\/div>\n<\/div>\n\n\n<div class=\"gb-grid-wrapper gb-grid-wrapper-163f4b68\">\n<div class=\"gb-grid-column gb-grid-column-9864fee8\"><div class=\"gb-container gb-container-9864fee8 uk-card uk-card-default\"><div class=\"gb-inside-container\">\n\n<p>Estava nervosa por fazer isto, apenas porque tinha medo de n\u00e3o ser paga. Recebi o meu dinheiro hoje e foi muito f\u00e1cil! O dinheiro \u00e9 muito necess\u00e1rio neste momento, pelo que foi uma experi\u00eancia espetacular. Qualquer correio eletr\u00f3nico que lhes enviei foi rapidamente respondido. Obrigado Sellfies!<\/p>\n\n\n\n<p>&#8211; <a href=\"https:\/\/www.trustpilot.com\/reviews\/63605f83252cba2c02cb65da\" data-type=\"link\" data-id=\"https:\/\/www.trustpilot.com\/reviews\/63605f83252cba2c02cb65da\" target=\"_blank\" rel=\"noopener\">Delise, EUA<\/a><\/p>\n\n\n\n<div class=\"gb-headline gb-headline-b6257b22\"><span class=\"gb-icon\"><svg xmlns=\"http:\/\/www.w3.org\/2000\/svg\" viewBox=\"0 0 32 32\" fill=\"#000000\"><g stroke-width=\"0\" id=\"SVGRepo_bgCarrier\"><\/g><g stroke-linejoin=\"round\" stroke-linecap=\"round\" id=\"SVGRepo_tracerCarrier\"><\/g><g id=\"SVGRepo_iconCarrier\"><path d=\"M16 4.588l2.833 8.719H28l-7.416 5.387 2.832 8.719L16 22.023l-7.417 5.389 2.833-8.719L4 13.307h9.167L16 4.588z\"><\/path><\/g><\/svg><\/span><span class=\"gb-headline-text\"><a href=\"https:\/\/www.trustpilot.com\/reviews\/63605f83252cba2c02cb65da\" data-type=\"URL\" data-id=\"https:\/\/www.trustpilot.com\/reviews\/63605f83252cba2c02cb65da\" target=\"_blank\" rel=\"noreferrer noopener\">Trustpilot<\/a><\/span><\/div>\n\n<\/div><\/div><\/div>\n\n<div class=\"gb-grid-column gb-grid-column-fa7df162\"><div class=\"gb-container gb-container-fa7df162 uk-card uk-card-default\"><div class=\"gb-inside-container\">\n\n<p>Segui as directrizes, carreguei as fotografias, foram aprovadas em meia hora e recebi o pagamento ao fim de 2 dias (uma vez que era fim de semana).<\/p>\n\n\n\n<p>&#8211; <a href=\"https:\/\/www.trustpilot.com\/reviews\/6315b6396a3e1ed2c3c9efe4\" data-type=\"link\" data-id=\"https:\/\/www.trustpilot.com\/reviews\/6315b6396a3e1ed2c3c9efe4\" target=\"_blank\" rel=\"noopener\">Angela, S\u00e9rvia<\/a><\/p>\n\n\n\n<div class=\"gb-headline gb-headline-02382501\"><span class=\"gb-icon\"><svg xmlns=\"http:\/\/www.w3.org\/2000\/svg\" viewBox=\"0 0 32 32\" fill=\"#000000\"><g stroke-width=\"0\" id=\"SVGRepo_bgCarrier\"><\/g><g stroke-linejoin=\"round\" stroke-linecap=\"round\" id=\"SVGRepo_tracerCarrier\"><\/g><g id=\"SVGRepo_iconCarrier\"><path d=\"M16 4.588l2.833 8.719H28l-7.416 5.387 2.832 8.719L16 22.023l-7.417 5.389 2.833-8.719L4 13.307h9.167L16 4.588z\"><\/path><\/g><\/svg><\/span><span class=\"gb-headline-text\"><a href=\"https:\/\/www.trustpilot.com\/reviews\/6315b6396a3e1ed2c3c9efe4\" target=\"_blank\" data-type=\"URL\" data-id=\"https:\/\/www.trustpilot.com\/reviews\/63605f83252cba2c02cb65da\" rel=\"noreferrer noopener\">Trustpilot<\/a><\/span><\/div>\n\n<\/div><\/div><\/div>\n\n<div class=\"gb-grid-column gb-grid-column-c7ac6271\"><div class=\"gb-container gb-container-c7ac6271 uk-card uk-card-default\"><div class=\"gb-inside-container\">\n\n<p>Tenho tanta sorte em ter encontrado Sellfies! Foi muito f\u00e1cil tratar de tudo e tamb\u00e9m recebi o pagamento muito rapidamente. E quem \u00e9 que n\u00e3o quer um dinheiro extra? Contem sempre comigo!<\/p>\n\n\n\n<p>&#8211; <a href=\"https:\/\/www.trustpilot.com\/reviews\/631058ce7f7a8621ee4f303f\" data-type=\"link\" data-id=\"https:\/\/www.trustpilot.com\/reviews\/631058ce7f7a8621ee4f303f\" target=\"_blank\" rel=\"noopener\">Mina, Gr\u00e9cia<\/a><\/p>\n\n\n\n<div class=\"gb-headline gb-headline-daaa0bf3\"><span class=\"gb-icon\"><svg xmlns=\"http:\/\/www.w3.org\/2000\/svg\" viewBox=\"0 0 32 32\" fill=\"#000000\"><g stroke-width=\"0\" id=\"SVGRepo_bgCarrier\"><\/g><g stroke-linejoin=\"round\" stroke-linecap=\"round\" id=\"SVGRepo_tracerCarrier\"><\/g><g id=\"SVGRepo_iconCarrier\"><path d=\"M16 4.588l2.833 8.719H28l-7.416 5.387 2.832 8.719L16 22.023l-7.417 5.389 2.833-8.719L4 13.307h9.167L16 4.588z\"><\/path><\/g><\/svg><\/span><span class=\"gb-headline-text\"><a href=\"https:\/\/www.trustpilot.com\/reviews\/631058ce7f7a8621ee4f303f\" target=\"_blank\" data-type=\"URL\" data-id=\"https:\/\/www.trustpilot.com\/reviews\/63605f83252cba2c02cb65da\" rel=\"noreferrer noopener\">Trustpilot<\/a><\/span><\/div>\n\n<\/div><\/div><\/div>\n<\/div>\n<\/div><\/div>\n\n<div class=\"gb-container gb-container-8e7766e7 faq\"><div class=\"gb-inside-container\">\n\n<div class=\"wp-block-columns is-layout-flex wp-container-core-columns-is-layout-9d6595d7 wp-block-columns-is-layout-flex\">\n<div class=\"wp-block-column is-layout-flow wp-block-column-is-layout-flow\">\n<h2 class=\"gb-headline gb-headline-d093903a gb-headline-text\">Temos respostas para todas as suas perguntas<\/h2>\n\n\n\n<div style=\"height:18px\" aria-hidden=\"true\" class=\"wp-block-spacer\"><\/div>\n\n\n\n<p class=\"gb-headline gb-headline-3118a45b gb-headline-text\">Para mais informa\u00e7\u00f5es, consulte as nossas <a href=\"https:\/\/sellfies.com\/pt-br\/faq\/\" data-type=\"URL\" data-id=\"https:\/\/sellfies.com\/faqs\/\">Perguntas Frequentes<\/a><\/p>\n<\/div>\n\n\n\n<div class=\"wp-block-column is-layout-flow wp-block-column-is-layout-flow\">\n<p><strong>Que tipo de mulheres o Sellfies procura?<\/strong><\/p>\n\n\n\n<p>Procuramos mulheres de todos os tipos de corpo e idade. N\u00e3o buscamos modelos profissionais ou fotos de est\u00fadio.<\/p>\n\n\n\n<p>Queremos mulheres reais, com fotos reais. Mulheres que se sintam confort\u00e1veis em aparecer em fotos e confiantes com seu corpo s\u00e3o mais que bem-vindas!<\/p>\n\n\n\n<p><strong>Posso me inscrever se sou uma mulher madura?<\/strong><\/p>\n\n\n\n<p>Sim! Sim, por favor! Voc\u00ea \u00e9 exatamente o tipo de modelo que buscamos. Voc\u00ea e seu corpo j\u00e1 viveram muitas experi\u00eancias. Isso \u00e9 algo para se orgulhar. N\u00e3o tenha medo de se inscrever!<\/p>\n\n\n\n<p><strong>Posso permanecer an\u00f4nima?<\/strong><\/p>\n\n\n\n<p>O anonimato \u00e9 uma parte crucial do Sellfies. Fazemos o poss\u00edvel para que voc\u00ea permane\u00e7a an\u00f4nima. Seu nome ou outros dados pessoais nunca ser\u00e3o usados, exceto para pagamentos e obriga\u00e7\u00f5es de registro.<\/p>\n\n\n\n<p><strong>Como minhas fotos s\u00e3o usadas e para que servem?<\/strong><\/p>\n\n\n\n<p>Suas fotos s\u00e3o usadas para ajudar a ensinar sistemas de IA a ver e entender melhor o mundo. Algumas tamb\u00e9m podem ser usadas em pesquisas ou projetos criativos que precisem de imagens reais do dia a dia. Elas nunca aparecem em buscadores ou redes sociais, e seus dados pessoais nunca s\u00e3o compartilhados.<\/p>\n<\/div>\n<\/div>\n\n<\/div><\/div>\n\n<div class=\"gb-container gb-container-686c4b9c parallax large uk-position-relative\"><div class=\"gb-inside-container\">\n<div class=\"gb-container gb-container-9029c7e0\"><div class=\"gb-inside-container\">\n\n<h2 class=\"gb-headline gb-headline-cd3a9929 gb-headline-text\">Receba pagamento pelas suas selfies hoje<\/h2>\n\n\n\n<h3 class=\"gb-headline gb-headline-490c1d3d gb-headline-text\">Envie fotos de si mesma e ganhe dinheiro com elas<\/h3>\n\n\n\n<a class=\"gb-button gb-button-8057e95d gb-button-text button-effect uk-align-center\" href=\"https:\/\/my.sellfies.com\/br\/register\">Crie minha conta<\/a>\n\n<\/div><\/div>\n<\/div><\/div>\n\n<div class=\"gb-container gb-container-459edfe3 blog uk-background-muted\"><div class=\"gb-inside-container\">\n<div class=\"gb-container gb-container-e9eb410a\"><div class=\"gb-inside-container\">\n\n<div class=\"wp-block-columns is-layout-flex wp-container-core-columns-is-layout-9d6595d7 wp-block-columns-is-layout-flex\">\n<div class=\"wp-block-column is-layout-flow wp-block-column-is-layout-flow\" style=\"flex-basis:33.33%\">\n<h2 class=\"gb-headline gb-headline-1e353e80 gb-headline-text\">Leia nossos \u00faltimos posts no blog<\/h2>\n<\/div>\n\n\n\n<div class=\"wp-block-column is-layout-flow wp-block-column-is-layout-flow\" style=\"flex-basis:66.66%\">\n<div class=\"gb-grid-wrapper gb-grid-wrapper-25c55912 gb-query-loop-wrapper\"><\/div>\n<\/div>\n<\/div>\n\n<\/div><\/div>\n<\/div><\/div>","protected":false},"excerpt":{"rendered":"","protected":false},"author":5,"featured_media":0,"parent":0,"menu_order":0,"comment_status":"closed","ping_status":"closed","template":"","meta":{"_acf_changed":false,"footnotes":""},"class_list":["post-8815","page","type-page","status-publish"],"acf":[],"_links":{"self":[{"href":"https:\/\/sellfies.com\/pt-br\/wp-json\/wp\/v2\/pages\/8815","targetHints":{"allow":["GET"]}}],"collection":[{"href":"https:\/\/sellfies.com\/pt-br\/wp-json\/wp\/v2\/pages"}],"about":[{"href":"https:\/\/sellfies.com\/pt-br\/wp-json\/wp\/v2\/types\/page"}],"author":[{"embeddable":true,"href":"https:\/\/sellfies.com\/pt-br\/wp-json\/wp\/v2\/users\/5"}],"replies":[{"embeddable":true,"href":"https:\/\/sellfies.com\/pt-br\/wp-json\/wp\/v2\/comments?post=8815"}],"version-history":[{"count":12,"href":"https:\/\/sellfies.com\/pt-br\/wp-json\/wp\/v2\/pages\/8815\/revisions"}],"predecessor-version":[{"id":9975,"href":"https:\/\/sellfies.com\/pt-br\/wp-json\/wp\/v2\/pages\/8815\/revisions\/9975"}],"wp:attachment":[{"href":"https:\/\/sellfies.com\/pt-br\/wp-json\/wp\/v2\/media?parent=8815"}],"curies":[{"name":"wp","href":"https:\/\/api.w.org\/{rel}","templated":true}]}}