{"id":8870,"date":"2023-01-30T12:22:40","date_gmt":"2023-01-30T12:22:40","guid":{"rendered":"https:\/\/sellfies.com\/requisitos-de-imagem\/"},"modified":"2025-11-21T08:59:25","modified_gmt":"2025-11-21T08:59:25","slug":"requisitos-de-imagem","status":"publish","type":"page","link":"https:\/\/sellfies.com\/pt-br\/requisitos-de-imagem\/","title":{"rendered":"Requisitos de imagem"},"content":{"rendered":"<div class=\"gb-container gb-container-15a82a01\">\n\n<h2 class=\"wp-block-heading\">Requisitos gen\u00e9ricos para imagens<\/h2>\n\n\n\n<p>Valorizamos fotos normais e adultas. Fotos nas quais te sintas relaxada, confiante, sexy e atraente e tudo o resto que fa\u00e7a uma boa foto! Sente-te \u00e0 vontade para usar maquilhagem normalmente ou, se n\u00e3o for a tua onda, apenas s\u00ea tu mesma. N\u00e3o importa a tua apar\u00eancia, idade, tamanho, peso, forma, ou se te v\u00eas como uma supermodelo ou apenas uma pessoa normal. N\u00e3o temos expectativas sobre como deves parecer. Vem como \u00e9s; valorizamos-te e a tua contribui\u00e7\u00e3o!<\/p>\n\n\n\n<p>Mas isso n\u00e3o significa que n\u00e3o existam requisitos que as tuas fotos devem cumprir. Os requisitos aplicam-se a todas as fotos enviadas.<\/p>\n\n\n\n<p><strong>Aqui est\u00e3o os requisitos para as fotos<\/strong><\/p>\n\n\n\n<ul class=\"wp-block-list\">\n<li>O teu rosto deve estar vis\u00edvel e reconhec\u00edvel em todas as fotos. Isto porque somos legalmente obrigados a saber que \u00e9s realmente tu na foto.<\/li>\n\n\n\n<li>Cada foto deve ser diferente. Tirada num lugar diferente, com cen\u00e1rio diferente, \u00e2ngulo, pose e roupa diferentes. Tal como as tuas selfies do dia a dia.<\/li>\n\n\n\n<li>Deves ser a \u00fanica pessoa na foto. Apenas tu, sem outras pessoas ou grupos.<\/li>\n\n\n\n<li>Procuramos um estilo amador de fotos. Selfies e fotos feitas por ti s\u00e3o as mais adequadas.<\/li>\n<\/ul>\n\n\n\n<p><strong>N\u00e3o permitido<\/strong><\/p>\n\n\n\n<ul class=\"wp-block-list\">\n<li>Animais, crian\u00e7as e armas n\u00e3o podem aparecer nas fotos. Objetos no fundo que indiquem crian\u00e7as, animais, armas ou qualquer afilia\u00e7\u00e3o simb\u00f3lica ou religiosa n\u00e3o s\u00e3o permitidos.<\/li>\n<\/ul>\n\n\n\n<p><strong>Requisitos t\u00e9cnicos<\/strong><\/p>\n\n\n\n<ul class=\"wp-block-list\">\n<li>Resolu\u00e7\u00e3o m\u00ednima 1000 x 1000 pixels<\/li>\n\n\n\n<li>Tipos de ficheiro Suportamos quase todos os tipos e extens\u00f5es de imagem. Para garantir que tudo funcione corretamente, aconselhamos usar JPG, JPEG ou PNG.<\/li>\n\n\n\n<li>Tamanho m\u00e1ximo do ficheiro 15 MB<\/li>\n\n\n\n<li>As fotos devem ser a cores. N\u00e3o em preto e branco, s\u00e9pia ou outros filtros de cor.<\/li>\n<\/ul>\n\n\n\n<h2 class=\"wp-block-heading\">O que \u00e9 uma foto normal e uma foto adulta<\/h2>\n\n\n\n<p>Procuramos dois tipos diferentes de fotos: Normal e Adultas.<\/p>\n\n\n\n<h3 class=\"wp-block-heading\">Fotos normais<\/h3>\n\n\n\n<p>Uma foto normal mostra-te como \u00e9s na vida cotidiana. N\u00e3o h\u00e1 necessidade de te esfor\u00e7ares para seguir regras espec\u00edficas. Fotos normais s\u00e3o aquelas tiradas de forma casual quando sais de casa para ir ao supermercado, trabalho, encontrar amigos ou familiares. N\u00e3o devem ser sedutoras ou sexy. Fotos que publicas frequentemente nas redes sociais normalmente pertencem a esta categoria. Fotos nesta categoria n\u00e3o precisam necessariamente de ser selfies.<\/p>\n\n\n\n<p><strong>Exemplos de fotos normais<\/strong><\/p>\n\n\n\n<ul class=\"wp-block-list\">\n<li>Fotos de f\u00e9rias<\/li>\n\n\n\n<li>Fotos de atividades<\/li>\n\n\n\n<li>No jardim<\/li>\n\n\n\n<li>Dentro de casa<\/li>\n\n\n\n<li>Durante o pequeno-almo\u00e7o\/almo\u00e7o\/jantar<\/li>\n\n\n\n<li>Durante uma caminhada<\/li>\n\n\n\n<li>Mostrando um vestido novo (n\u00e3o curto ou sexy)<\/li>\n\n\n\n<li>Foto t\u00edpica de perfil em redes sociais<\/li>\n\n\n\n<li>Podem ser selfies, mas n\u00e3o precisam de ser<\/li>\n<\/ul>\n\n\n\n<p><strong>O que deve aparecer em fotos normais<\/strong><\/p>\n\n\n\n<ul class=\"wp-block-list\">\n<li>Tua roupa, vestida como no dia a dia<\/li>\n\n\n\n<li>Fotos quotidianas tuas; pensa nelas como as selfies que tens no telem\u00f3vel ou partilhas com amigos, namorado ou publicas no Instagram<\/li>\n\n\n\n<li>Podem ser selfies, mas n\u00e3o precisam de ser<\/li>\n<\/ul>\n\n\n\n<p><strong>O que n\u00e3o deve aparecer em fotos normais<\/strong><\/p>\n\n\n\n<ul class=\"wp-block-list\">\n<li>Nudez<\/li>\n<\/ul>\n\n\n\n<h3 class=\"wp-block-heading\">Fotos adultas<\/h3>\n\n\n\n<p>Fotos adultas s\u00e3o aquelas em que queres mostrar-te de forma sexy e mais adulta. Imagina que vais a uma festa para flertar ou procurar um encontro casual. Estas fotos s\u00e3o mais reveladoras, como tops semi-abertos, minissaias e semelhantes. Mostrar pele e decote \u00e9 bom; sideboobs e underboobs s\u00e3o valorizados.<\/p>\n\n\n\n<p>Fotos de lingerie mostrando-te na roupa \u00edntima em que te sentes mais sexy. Fotos semi-nuas, mas sem ficares completamente nua. Pode ser com soutien e cuecas ou qualquer outro tipo de roupa \u00edntima em que te sintas feminina e sexy.<\/p>\n\n\n\n<p>Fotos nuas n\u00e3o precisam de muita explica\u00e7\u00e3o. Fotos em que est\u00e1s totalmente ou parcialmente nua. Estas podem mostrar seios nus, partes \u00edntimas ou corpo inteiro. Para fotos parcialmente nuas, precisas de mostrar as tuas partes \u00edntimas inferiores sem roupa ou com roupa \u00edntima muito reveladora.<\/p>\n\n\n\n<p>Fotos expl\u00edcitas s\u00e3o aquelas mais atrevidas. Incluem tocar-te, brincar com o corpo, usar brinquedos sexuais ou realizar atos sexuais contigo mesma. Mostra o teu lado mais ousado!<\/p>\n\n\n\n<p><strong>Exemplos de fotos adultas<\/strong><\/p>\n\n\n\n<ul class=\"wp-block-list\">\n<li>Vestidos curtos<\/li>\n\n\n\n<li>Minissaias<\/li>\n\n\n\n<li>O pretinho b\u00e1sico<\/li>\n\n\n\n<li>Hot pants e decote<\/li>\n\n\n\n<li>Fato de secret\u00e1ria sexy<\/li>\n\n\n\n<li>Camisola curta ou babydoll<\/li>\n\n\n\n<li>Fotos de bikini<\/li>\n\n\n\n<li>Selfies no espelho<\/li>\n\n\n\n<li>Apenas de roupa \u00edntima<\/li>\n\n\n\n<li>No provador<\/li>\n\n\n\n<li>De costas mostrando s\u00f3 sideboob<\/li>\n\n\n\n<li>Topless<\/li>\n\n\n\n<li>Nuas com m\u00e3os ou cabelo a cobrir partes<\/li>\n\n\n\n<li>Lingerie sexy<\/li>\n\n\n\n<li>Posando no sof\u00e1<\/li>\n\n\n\n<li>Tomando sol nua<\/li>\n\n\n\n<li>Fotos sexy na praia<\/li>\n\n\n\n<li>Exhibitionismo<\/li>\n\n\n\n<li>No carro<\/li>\n\n\n\n<li>Brinquedos sexuais em a\u00e7\u00e3o<\/li>\n\n\n\n<li>No banheiro<\/li>\n\n\n\n<li>Na cama nua<\/li>\n\n\n\n<li>Enquanto te despistes<\/li>\n\n\n\n<li>No chuveiro, jacuzzi ou sauna<\/li>\n\n\n\n<li>Fotos \u201c\u00e0 espreita\u201d<\/li>\n\n\n\n<li>Pernas abertas<\/li>\n\n\n\n<li>Poses ousadas<\/li>\n\n\n\n<li>Tocar, brincar, provar a ti mesma<\/li>\n\n\n\n<li>Posi\u00e7\u00f5es sexuais e situa\u00e7\u00f5es<\/li>\n\n\n\n<li>Poses amadoras de masturba\u00e7\u00e3o s\u00e3o ideais&nbsp;<\/li>\n<\/ul>\n\n\n\n<p><strong>O que deve aparecer em fotos adultas<\/strong><\/p>\n\n\n\n<ul class=\"wp-block-list\">\n<li>Roupas sexy<\/li>\n\n\n\n<li>Roupas reveladoras<\/li>\n\n\n\n<li>Linguagem corporal sedutora<\/li>\n\n\n\n<li>Nudez<\/li>\n\n\n\n<li>Conte\u00fado sexual<\/li>\n<\/ul>\n\n\n\n<p><strong>O que n\u00e3o deve aparecer em fotos adultas<\/strong><\/p>\n\n\n\n<ul class=\"wp-block-list\">\n<li>Totalmente vestida<\/li>\n\n\n\n<li>Fotos quotidianas e sem apelo sexual<\/li>\n<\/ul>\n\n<\/div>","protected":false},"excerpt":{"rendered":"","protected":false},"author":5,"featured_media":0,"parent":0,"menu_order":0,"comment_status":"closed","ping_status":"closed","template":"","meta":{"_acf_changed":false,"footnotes":""},"class_list":["post-8870","page","type-page","status-publish"],"acf":[],"_links":{"self":[{"href":"https:\/\/sellfies.com\/pt-br\/wp-json\/wp\/v2\/pages\/8870","targetHints":{"allow":["GET"]}}],"collection":[{"href":"https:\/\/sellfies.com\/pt-br\/wp-json\/wp\/v2\/pages"}],"about":[{"href":"https:\/\/sellfies.com\/pt-br\/wp-json\/wp\/v2\/types\/page"}],"author":[{"embeddable":true,"href":"https:\/\/sellfies.com\/pt-br\/wp-json\/wp\/v2\/users\/5"}],"replies":[{"embeddable":true,"href":"https:\/\/sellfies.com\/pt-br\/wp-json\/wp\/v2\/comments?post=8870"}],"version-history":[{"count":4,"href":"https:\/\/sellfies.com\/pt-br\/wp-json\/wp\/v2\/pages\/8870\/revisions"}],"predecessor-version":[{"id":9862,"href":"https:\/\/sellfies.com\/pt-br\/wp-json\/wp\/v2\/pages\/8870\/revisions\/9862"}],"wp:attachment":[{"href":"https:\/\/sellfies.com\/pt-br\/wp-json\/wp\/v2\/media?parent=8870"}],"curies":[{"name":"wp","href":"https:\/\/api.w.org\/{rel}","templated":true}]}}