{"id":8872,"date":"2023-01-10T02:08:17","date_gmt":"2023-01-10T02:08:17","guid":{"rendered":"https:\/\/sellfies.com\/politica-de-privacidade\/"},"modified":"2025-11-21T09:28:40","modified_gmt":"2025-11-21T09:28:40","slug":"politica-de-privacidade","status":"publish","type":"page","link":"https:\/\/sellfies.com\/pt-br\/politica-de-privacidade\/","title":{"rendered":"Pol\u00edtica de privacidade"},"content":{"rendered":"\n<p>A presente declara\u00e7\u00e3o de privacidade descreve a forma como tratamos as informa\u00e7\u00f5es e os dados que partilha connosco, para que possamos otimizar a utiliza\u00e7\u00e3o dos nossos servi\u00e7os. A nossa empresa, AIA Digital B.V. (&#8220;Sellfies&#8221;) \u00e9 uma sociedade an\u00f3nima neerlandesa com sede social em Dambroeken 6, 9411 SG, Beilen, Pa\u00edses Baixos e n\u00famero de registo comercial 85414379. Sellfies gere um s\u00edtio Web em https:\/\/sellfies.com. (&#8220;Plataforma&#8221;) onde os utilizadores podem carregar imagens de si pr\u00f3prios.<\/p>\n\n\n\n<p>Processaremos os seus dados pessoais que nos forem fornecidos ou que estejam na nossa posse da forma e para os fins definidos na presente Declara\u00e7\u00e3o de Privacidade. A recolha e o tratamento dos seus dados pessoais s\u00e3o realizados em conformidade com a legisla\u00e7\u00e3o de prote\u00e7\u00e3o de dados aplic\u00e1vel, em particular, o Regulamento (UE) 2016\/679 do Parlamento Europeu e do Conselho, o Regulamento Geral sobre a Prote\u00e7\u00e3o de Dados (&#8220;RGPD&#8221;), e quaisquer outras leis locais de prote\u00e7\u00e3o de dados aplic\u00e1veis.<\/p>\n\n\n\n<p>Este Aviso de Privacidade aplica-se a si se for um utilizador da nossa Plataforma. Recomendamos a todos os nossos utilizadores que leiam atentamente a Pol\u00edtica de Privacidade. Gostar\u00edamos de lhe fornecer todas as informa\u00e7\u00f5es da forma mais compreens\u00edvel poss\u00edvel. No entanto, se alguma coisa n\u00e3o estiver clara, teremos todo o prazer em explicar qualquer um dos termos ou passagens contidos neste Aviso de Privacidade.<\/p>\n\n\n\n<h3 class=\"wp-block-heading\"><strong>1. Quem \u00e9 o respons\u00e1vel pelo tratamento dos seus dados?<\/strong><\/h3>\n\n\n\n<p>O respons\u00e1vel pelo tratamento dos seus dados pessoais \u00e9 a AIA Digital B.V. (&#8220;Empresa&#8221; ou &#8220;n\u00f3s&#8221;).<\/p>\n\n\n\n<p>Se tiver um pedido relacionado com o tratamento dos seus dados ou se pretender exercer os seus direitos, tal como estabelecido na Cl\u00e1usula 4 abaixo, envie-nos uma mensagem de correio eletr\u00f3nico para <a href=\"mailto:info@sellfies.com\">info@sellfies.com.<\/a><\/p>\n\n\n\n<h3 class=\"wp-block-heading\"><strong>2. Que dados pessoais recolhemos sobre si? Com que finalidade e durante quanto tempo \u00e9 que os recolhemos?<\/strong><\/h3>\n\n\n\n<p>Processamos os seus dados pessoais apenas na medida determinada pelos servi\u00e7os que lhe prestamos (ou seja, o funcionamento da Plataforma) ou outras finalidades de processamento relacionadas, conforme especificado abaixo. <\/p>\n\n\n\n<p><strong>2.1.  <\/strong>Para efeitos da sua inscri\u00e7\u00e3o na Plataforma, processamos os seus dados pessoais, nomeadamente o sexo, a orienta\u00e7\u00e3o sexual, a data de nascimento, o local de resid\u00eancia, o nome de utilizador, o endere\u00e7o de correio eletr\u00f3nico e a palavra-passe (em conjunto, &#8220;Dados Pessoais&#8221;); estes dados s\u00e3o necess\u00e1rios para criar o seu perfil.<\/p>\n\n\n\n<p>A principal base legal para o processamento dos dados acima mencionados \u00e9 a execu\u00e7\u00e3o de um contrato (ou seja, a presta\u00e7\u00e3o dos nossos servi\u00e7os) do qual se torna parte ao finalizar o processo de registo. Os dados pessoais ser\u00e3o tratados durante a vig\u00eancia da rela\u00e7\u00e3o contratual e, posteriormente, para cumprir as nossas obriga\u00e7\u00f5es legais e servir os nossos interesses leg\u00edtimos. Como pr\u00e1tica geral, esse prazo n\u00e3o excede tr\u00eas anos ap\u00f3s a cessa\u00e7\u00e3o das obriga\u00e7\u00f5es contratuais, mas pode ser mais longo com base em raz\u00f5es v\u00e1lidas em cada caso individual.<\/p>\n\n\n\n<p>A base legal para o processamento de categorias especiais de informa\u00e7\u00f5es pessoais \u00e9 o consentimento dado pelo utilizador. Os seus dados pessoais ser\u00e3o tratados durante o per\u00edodo de dura\u00e7\u00e3o do consentimento.<\/p>\n\n\n\n<p><strong>2.2.  <\/strong>Para efeitos de presta\u00e7\u00e3o dos nossos servi\u00e7os (ou seja, funcionamento da Plataforma) e para lhe permitir comunicar com outros utilizadores, podemos processar as seguintes informa\u00e7\u00f5es:<\/p>\n\n\n\n<ul class=\"wp-block-list\">\n<li>Dados pessoais preenchidos durante o registo, conforme especificado acima;<\/li>\n\n\n\n<li>pormenores de pagamento; <\/li>\n\n\n\n<li>conte\u00fado fotogr\u00e1fico; e<\/li>\n\n\n\n<li>quaisquer outras informa\u00e7\u00f5es pessoais que possa adicionar ao gerir o seu perfil &#8211; tais como fotografias, informa\u00e7\u00f5es sobre o seu aspeto (altura, cor do cabelo, tatuagem, tipo de corpo, cor dos olhos, piercing) ou quaisquer outras informa\u00e7\u00f5es pessoais relacionadas que partilhe voluntariamente connosco (&#8220;Dados pessoais facultativos&#8221;).<\/li>\n<\/ul>\n\n\n\n<p>Note-se que os dados mencionados na presente sec\u00e7\u00e3o n\u00e3o ser\u00e3o divulgados, transferidos ou vendidos a terceiros e ser\u00e3o armazenados em servidores localizados nos Pa\u00edses Baixos <\/p>\n\n\n\n<p>A base legal para o processamento \u00e9 a execu\u00e7\u00e3o de um contrato (ou seja, a presta\u00e7\u00e3o dos nossos servi\u00e7os) do qual o utilizador \u00e9 parte. Os dados pessoais ser\u00e3o tratados durante o per\u00edodo de dura\u00e7\u00e3o da rela\u00e7\u00e3o contratual e, posteriormente, para cumprir as nossas obriga\u00e7\u00f5es legais e servir os nossos interesses leg\u00edtimos. <\/p>\n\n\n\n<p>Se algum dos dados acima mencionados (em particular, os dados pessoais facultativos) se enquadrar na defini\u00e7\u00e3o de &#8220;categorias especiais de dados pessoais&#8221; ao abrigo do RGPD (ou seja, dados pessoais que revelem a origem racial ou \u00e9tnica, opini\u00f5es pol\u00edticas, cren\u00e7as religiosas ou filos\u00f3ficas ou filia\u00e7\u00e3o sindical, dados gen\u00e9ticos, dados biom\u00e9tricos com o objetivo de identificar uma pessoa singular de forma inequ\u00edvoca, dados relativos \u00e0 sa\u00fade ou dados relativos \u00e0 vida sexual ou orienta\u00e7\u00e3o sexual de uma pessoa singular), a base jur\u00eddica para esse tratamento \u00e9 o consentimento que nos deu. Os seus dados pessoais ser\u00e3o tratados durante o per\u00edodo de dura\u00e7\u00e3o do consentimento, exceto se tiver libertado determinados direitos de privacidade.<\/p>\n\n\n\n<p><strong>2.3.<\/strong> Podemos contact\u00e1-lo atrav\u00e9s de meios electr\u00f3nicos (por exemplo, correio eletr\u00f3nico) para efeitos de promo\u00e7\u00e3o dos nossos servi\u00e7os, mesmo sem o seu consentimento pr\u00e9vio. Pode, no entanto, recusar receber este tipo de comunica\u00e7\u00e3o comercial em qualquer altura (ou seja, pode optar por n\u00e3o receber essas mensagens &#8211; essa op\u00e7\u00e3o ser\u00e1 inclu\u00edda em cada newsletter). Os seus dados de contacto ser\u00e3o tratados durante o per\u00edodo de dura\u00e7\u00e3o da rela\u00e7\u00e3o contratual, a menos que opte por n\u00e3o o fazer.<\/p>\n\n\n\n<p><strong>2.4.  <\/strong>Noutros casos, por exemplo, no caso de comunica\u00e7\u00f5es de marketing para outros servi\u00e7os ou se enviarmos mensagens adaptadas aos seus interesses e necessidades espec\u00edficos, podemos tratar os seus dados pessoais com base no seu consentimento. Os seus dados pessoais ser\u00e3o tratados durante o per\u00edodo de validade do consentimento.<\/p>\n\n\n\n<p><strong>2.5.<\/strong> Para garantir a seguran\u00e7a dos sistemas e redes inform\u00e1ticos, podemos tratar as seguintes informa\u00e7\u00f5es: nome de utilizador, palavra-passe, registos e cookies (mais informa\u00e7\u00f5es no ponto 8) e informa\u00e7\u00f5es geradas automaticamente (por exemplo, o tipo de dispositivo que utiliza, o endere\u00e7o IP do seu dispositivo, o sistema operativo que utiliza, o software de navega\u00e7\u00e3o que utiliza). A base legal para esse tratamento \u00e9 o nosso interesse leg\u00edtimo ou o de um terceiro. Os dados pessoais ser\u00e3o tratados durante o per\u00edodo de dura\u00e7\u00e3o da rela\u00e7\u00e3o contratual.<\/p>\n\n\n\n<p><strong>2.6<\/strong> Al\u00e9m disso, podemos processar e armazenar alguns dos dados acima mencionados (por exemplo, dados de pagamento) \u00e0 luz de potenciais reclama\u00e7\u00f5es no futuro. Este tratamento baseia-se no nosso interesse leg\u00edtimo ou no interesse de terceiros, uma vez que podemos precisar de guardar provas para potenciais lit\u00edgios que possam surgir. Os dados pessoais ser\u00e3o tratados durante o per\u00edodo necess\u00e1rio para cumprir esta finalidade, mas n\u00e3o durante mais de dez anos a contar do in\u00edcio do prazo de prescri\u00e7\u00e3o legal em cada caso espec\u00edfico.<\/p>\n\n\n\n<h3 class=\"wp-block-heading\"><strong>3 <\/strong>Com quem partilhamos os seus dados pessoais? <\/h3>\n\n\n\n<p>Os dados pessoais que divulga atrav\u00e9s da Plataforma s\u00e3o, naturalmente, partilhados com outros utilizadores da Plataforma.<\/p>\n\n\n\n<p>Os seus dados pessoais podem, na medida em que os processamos, ser transferidos para outros respons\u00e1veis pelo tratamento dentro do nosso grupo para serem processados se tal for necess\u00e1rio para fins administrativos internos.<\/p>\n\n\n\n<p>Al\u00e9m disso, os seus dados pessoais podem ser divulgados a terceiros que nos prestem apoio administrativo ou t\u00e9cnico e que assegurem actividades comerciais de marketing para n\u00f3s (ou seja, aos processadores de dados &#8211; &#8220;processador&#8221; significa uma pessoa singular ou colectiva, autoridade p\u00fablica, ag\u00eancia ou outro organismo que processa dados pessoais em nosso nome, o controlador de dados). Tamb\u00e9m podemos partilhar os seus dados pessoais com institui\u00e7\u00f5es de pagamento, o que \u00e9 necess\u00e1rio para garantir a compra segura dos cr\u00e9ditos na Plataforma.<\/p>\n\n\n\n<p>Al\u00e9m disso, podemos partilhar os seus dados pessoais com as autoridades governamentais ou com os organismos respons\u00e1veis pela aplica\u00e7\u00e3o da lei, se tal for exigido por lei, com consultores externos e com outro pessoal sujeito a uma obriga\u00e7\u00e3o de confidencialidade.<\/p>\n\n\n\n<p>Apenas um n\u00famero limitado dos nossos funcion\u00e1rios ter\u00e1 acesso aos seus dados pessoais. Os empregados s\u00e3o obrigados a manter estritamente confidenciais os seus dados pessoais e as medidas tomadas para a sua prote\u00e7\u00e3o. S\u00f3 podem tratar dados pessoais mediante instru\u00e7\u00f5es expl\u00edcitas da nossa parte. <\/p>\n\n\n\n<p>N\u00e3o estamos a transferir as suas informa\u00e7\u00f5es pessoais para pa\u00edses fora da UE\/ EEE.<\/p>\n\n\n\n<h3 class=\"wp-block-heading\">4. Quais s\u00e3o os seus direitos em rela\u00e7\u00e3o ao tratamento?<\/h3>\n\n\n\n<p>Se nos der o seu consentimento para o tratamento dos seus dados pessoais, f\u00e1-lo de forma totalmente volunt\u00e1ria e, por conseguinte, tem o direito de revogar ou restringir o consentimento a qualquer momento atrav\u00e9s dos nossos dados de contacto mencionados na presente Declara\u00e7\u00e3o de Privacidade. Se o fizer, deixaremos de tratar os dados pessoais em causa para os fins para os quais o consentimento foi revogado. A n\u00e3o ser que o utilizador tenha cedido os seus direitos em rela\u00e7\u00e3o \u00e0 sua imagem.<\/p>\n\n\n\n<p>O utilizador tem o direito de aceder aos seus dados pessoais e de solicitar uma c\u00f3pia dos mesmos. Tem tamb\u00e9m o direito de nos pedir para retificar, bloquear, completar e apagar os seus dados pessoais, para restringir o seu tratamento e para &#8220;portar&#8221; os seus dados pessoais (ou seja, pedir-nos para lhos fornecermos num formato estruturado, comummente utilizado e leg\u00edvel por m\u00e1quina e para os transmitirmos diretamente a outra organiza\u00e7\u00e3o).<\/p>\n\n\n\n<p>Em algumas circunst\u00e2ncias, tem o direito de se opor ao processamento dos seus dados por n\u00f3s, em particular quando os seus dados pessoais s\u00e3o processados para fins de marketing direto (incluindo a defini\u00e7\u00e3o de perfis) ou com base num interesse leg\u00edtimo. <\/p>\n\n\n\n<p>Existem excep\u00e7\u00f5es a estes direitos, por exemplo, n\u00e3o nos ser\u00e1 poss\u00edvel apagar os seus dados se formos obrigados por lei a conserv\u00e1-los. Da mesma forma, o acesso aos dados do utilizador pode ser recusado se a disponibiliza\u00e7\u00e3o das informa\u00e7\u00f5es revelar informa\u00e7\u00f5es pessoais sobre outra pessoa ou se formos legalmente impedidos de divulgar essas informa\u00e7\u00f5es.<\/p>\n\n\n\n<p>Al\u00e9m disso, o utilizador tem o direito de apresentar uma queixa \u00e0 autoridade local de prote\u00e7\u00e3o de dados ou de recorrer aos tribunais se considerar que os seus direitos foram violados. Ver tamb\u00e9m <a href=\"https:\/\/edpb.europa.eu\/about-edpb\/board\/members_en\" target=\"_blank\" rel=\"noopener\">aqui<\/a> uma panor\u00e2mica das autoridades locais.<\/p>\n\n\n\n<h3 class=\"wp-block-heading\">5. Durante quanto tempo conservamos os seus dados pessoais?<\/h3>\n\n\n\n<p>Para al\u00e9m dos per\u00edodos de reten\u00e7\u00e3o indicados acima neste Aviso de Privacidade, retemos os seus dados pessoais apenas durante o per\u00edodo necess\u00e1rio para a finalidade do processamento em quest\u00e3o, ou seja, conforme exigido por lei, durante o per\u00edodo de execu\u00e7\u00e3o da rela\u00e7\u00e3o contratual e, em alguns casos, quando temos um interesse leg\u00edtimo em manter os seus dados durante mais tempo \u00e0 luz dos nossos interesses leg\u00edtimos.<\/p>\n\n\n\n<h3 class=\"wp-block-heading\">6. Como \u00e9 que processamos e protegemos os seus dados pessoais?<\/h3>\n\n\n\n<p>Processamos os seus dados pessoais atrav\u00e9s da nossa Plataforma. Os seus dados pessoais s\u00e3o ent\u00e3o processados eletronicamente por meios automatizados e armazenados nos nossos sistemas de informa\u00e7\u00e3o; os seus dados pessoais podem tamb\u00e9m ser armazenados em espelhos ou em servidores de reserva. <\/p>\n\n\n\n<p>Para prote\u00e7\u00e3o dos seus dados pessoais, adopt\u00e1mos medidas de seguran\u00e7a adequadas, administrativas, f\u00edsicas e t\u00e9cnicas, para manter os seus dados pessoais seguros em qualquer momento e proteg\u00ea-los contra perda, acesso, transfer\u00eancia ou destrui\u00e7\u00e3o acidental ou ilegal ou qualquer outra utiliza\u00e7\u00e3o indevida. Todas as pessoas que t\u00eam acesso aos seus dados pessoais est\u00e3o vinculadas por obriga\u00e7\u00f5es de confidencialidade legais ou contratuais.<\/p>\n\n\n\n<h3 class=\"wp-block-heading\">7. Como podemos verificar a idade dos nossos utilizadores?<\/h3>\n\n\n\n<p>Os nossos utilizadores devem ter 18 anos ou mais para aceder \u00e0 nossa Plataforma. Implement\u00e1mos meios t\u00e9cnicos adequados para rejeitar o registo de pessoas com idade inferior a este limite e n\u00e3o processamos conscientemente quaisquer dados pessoais de pessoas com idade inferior a 18 anos. Al\u00e9m disso, controlamos a utiliza\u00e7\u00e3o da nossa Plataforma e efectuamos verifica\u00e7\u00f5es de identidade. <\/p>\n\n\n\n<p>Entre em contacto connosco se tiver conhecimento de qualquer pessoa com menos de 18 anos que tenha criado uma conta ou nos tenha fornecido dados pessoais. Esses dados pessoais ser\u00e3o destru\u00eddos imediatamente ap\u00f3s a sua verifica\u00e7\u00e3o.<\/p>\n\n\n\n<h3 class=\"wp-block-heading\">8. Pol\u00edtica de cookies <\/h3>\n\n\n\n<p>Este s\u00edtio Web utiliza cookies que s\u00e3o pequenos ficheiros descarregados para o seu computador pessoal com o objetivo de melhorar a sua experi\u00eancia. Esta sec\u00e7\u00e3o descreve as informa\u00e7\u00f5es que esses cookies recolhem e a forma como s\u00e3o utilizados. Utilizamos cookies por v\u00e1rios motivos, conforme descrito nesta sec\u00e7\u00e3o. Infelizmente, n\u00e3o \u00e9 poss\u00edvel desativar os cookies sem usufruir de todas as vantagens e funcionalidades deste s\u00edtio Web. Quando visitar o nosso s\u00edtio Web e criar uma conta connosco, utilizaremos cookies para gerir o processo de registo e in\u00edcio de sess\u00e3o. Estes cookies s\u00e3o normalmente eliminados quando o utilizador termina a sess\u00e3o, mas em alguns casos s\u00e3o utilizados para recordar prefer\u00eancias espec\u00edficas do s\u00edtio Web quando termina a sess\u00e3o. Para al\u00e9m disso, podem ser utilizados cookies de terceiros. Este s\u00edtio utiliza o Google Analytics para nos ajudar a compreender a forma como o utilizador utiliza o nosso s\u00edtio Web e como podemos melhorar a sua experi\u00eancia. Pode impedir a utiliza\u00e7\u00e3o de cookies alterando as defini\u00e7\u00f5es do seu navegador, mas a desativa\u00e7\u00e3o dos cookies afectar\u00e1 a funcionalidade do nosso s\u00edtio Web e tamb\u00e9m caracter\u00edsticas essenciais. Por esse motivo, recomenda-se que n\u00e3o desactive os cookies.<\/p>\n\n\n\n<script type=\"text\/javascript\" charset=\"UTF-8\" data-cookiescriptreport=\"report\" src=\"\/\/report.cookie-script.com\/r\/a4a3c5a080c97d67af163219deb8450b.js\"><\/script>\n\n\n\n<h3 class=\"wp-block-heading\">9. Altera\u00e7\u00f5es \u00e0 Pol\u00edtica de Privacidade<\/h3>\n\n\n\n<p>As altera\u00e7\u00f5es materiais que possamos fazer a este Aviso de Privacidade no futuro ser\u00e3o notificadas ao utilizador atrav\u00e9s de um e-mail ou na nossa Plataforma, conforme apropriado. Aconselha-se ainda o utilizador a rever periodicamente este Aviso de Privacidade para verificar se foram efectuadas quaisquer altera\u00e7\u00f5es.<\/p>\n\n\n\n<p>&#8212;<\/p>\n\n\n\n<p><em>EM VIGOR A PARTIR DE FEVEREIRO DE 2022<\/em><\/p>\n","protected":false},"excerpt":{"rendered":"","protected":false},"author":5,"featured_media":0,"parent":0,"menu_order":0,"comment_status":"closed","ping_status":"closed","template":"","meta":{"_acf_changed":false,"footnotes":""},"class_list":["post-8872","page","type-page","status-publish"],"acf":[],"_links":{"self":[{"href":"https:\/\/sellfies.com\/pt-br\/wp-json\/wp\/v2\/pages\/8872","targetHints":{"allow":["GET"]}}],"collection":[{"href":"https:\/\/sellfies.com\/pt-br\/wp-json\/wp\/v2\/pages"}],"about":[{"href":"https:\/\/sellfies.com\/pt-br\/wp-json\/wp\/v2\/types\/page"}],"author":[{"embeddable":true,"href":"https:\/\/sellfies.com\/pt-br\/wp-json\/wp\/v2\/users\/5"}],"replies":[{"embeddable":true,"href":"https:\/\/sellfies.com\/pt-br\/wp-json\/wp\/v2\/comments?post=8872"}],"version-history":[{"count":2,"href":"https:\/\/sellfies.com\/pt-br\/wp-json\/wp\/v2\/pages\/8872\/revisions"}],"predecessor-version":[{"id":9246,"href":"https:\/\/sellfies.com\/pt-br\/wp-json\/wp\/v2\/pages\/8872\/revisions\/9246"}],"wp:attachment":[{"href":"https:\/\/sellfies.com\/pt-br\/wp-json\/wp\/v2\/media?parent=8872"}],"curies":[{"name":"wp","href":"https:\/\/api.w.org\/{rel}","templated":true}]}}