{"id":9481,"date":"2020-04-11T17:03:07","date_gmt":"2020-04-11T17:03:07","guid":{"rendered":"https:\/\/sellfies.com\/?page_id=9481"},"modified":"2025-12-01T14:16:46","modified_gmt":"2025-12-01T14:16:46","slug":"home","status":"publish","type":"page","link":"https:\/\/sellfies.com\/ro\/","title":{"rendered":"Home"},"content":{"rendered":"<div class=\"gb-container gb-container-1f4ad87b height-100 bg-overlay\" style=\"--background-image: url(https:\/\/sellfies.com\/wp-content\/uploads\/2025\/11\/header-img-sellfies-2.jpg);\"><div class=\"gb-inside-container\">\n\n<div class=\"wp-block-columns is-layout-flex wp-container-core-columns-is-layout-9d6595d7 wp-block-columns-is-layout-flex\">\n<div class=\"wp-block-column is-layout-flow wp-block-column-is-layout-flow\" style=\"flex-basis:66%\">\n<h1 class=\"gb-headline gb-headline-0089506d gb-headline-text\">C\u00e2\u0219tig\u0103 bani cu selfie-urile tale<\/h1>\n\n\n\n<p class=\"gb-headline gb-headline-f69b4f57 gb-headline-text\">Cump\u0103r\u0103m fotografiile tale obi\u0219nuite \u0219i private<\/p>\n\n\n\n<a class=\"gb-button gb-button-2e4a7042 gb-button-text button-effect\" href=\"https:\/\/my.sellfies.com\/ro\/register\">\u00cencepe aici<\/a>\n\n\n\n<p class=\"gb-headline gb-headline-e234d23f\"><span class=\"gb-icon\"><svg aria-hidden=\"true\" role=\"img\" height=\"1em\" width=\"1em\" viewBox=\"0 0 512 512\" xmlns=\"http:\/\/www.w3.org\/2000\/svg\"><path fill=\"currentColor\" d=\"M462.3 62.6C407.5 15.9 326 24.3 275.7 76.2L256 96.5l-19.7-20.3C186.1 24.3 104.5 15.9 49.7 62.6c-62.8 53.6-66.1 149.8-9.9 207.9l193.5 199.8c12.5 12.9 32.8 12.9 45.3 0l193.5-199.8c56.3-58.1 53-154.3-9.8-207.9z\"><\/path><\/svg><\/span><span class=\"gb-headline-text\">Cerere mare pentru doamne cu v\u00e2rsta de peste 45 de ani<\/span><\/p>\n<\/div>\n\n\n\n<div class=\"wp-block-column price is-layout-flow wp-block-column-is-layout-flow\" style=\"flex-basis:33%\">\n<div>\n                                                <div class=\"uk-child-width-1@m uk-grid-small uk-grid-match\" uk-grid>\n                                                                                            <div uk-scrollspy=\"cls: uk-animation-slide-bottom-small; delay: 200; repeat: false\">\n                                    <div class=\"uk-card uk-card-default uk-card-body uk-text-center price-box\">\n                                        <span class=\"banner uk-text-white\" style=\"background-color: #f49ebc\"> \n                                            Plat\u0103 \n                                        <\/span>\n                                        <dt>10 poze<\/dt>\n                                        <span class=\"text-price uk-text-emphasis uk-text-large\">15,00 \u20ac<\/span>\n                                        <div class=\"content\">\n                                            <p><!-- wp:paragraph --><\/p>\n<p>\u00cencarc\u0103 un pachet complet de fotografii pentru a-\u021bi primi plata. Tu decizi care pachet \u021bi se potrive\u0219te cel mai bine.<\/p>\n<p><!-- \/wp:paragraph --><\/p>\n                                        <\/div>\n                                    <\/div>\n                                <\/div> \n                                                    <\/div>\n                                            <\/div>\n<\/div>\n<\/div>\n\n<\/div><\/div>\n\n<div class=\"gb-container gb-container-917fef5e how-it-work uk-background-muted\"><div class=\"gb-inside-container\">\n<div class=\"gb-container gb-container-a2c3af77\"><div class=\"gb-inside-container\">\n\n<h2 class=\"gb-headline gb-headline-e6296c19 gb-headline-text uk-text-center\">Cum func\u021bioneaz\u0103<\/h2>\n\n\n<div class=\"gb-container gb-container-73445b77\"><div class=\"gb-inside-container\">\n<div class=\"gb-grid-wrapper gb-grid-wrapper-57022b54\">\n<div class=\"gb-grid-column gb-grid-column-0bc62948\"><div class=\"gb-container gb-container-0bc62948 uk-card uk-card-default uk-card-body uk-text-center uk-scrollspy-inview \"><div class=\"gb-inside-container\">\n\n<figure class=\"wp-block-image size-full uk-text-center\"><img loading=\"lazy\" decoding=\"async\" width=\"84\" height=\"84\" src=\"https:\/\/sellfies.com\/wp-content\/uploads\/2023\/01\/icon-howitwork1.png\" alt=\"&amp;\" class=\"wp-image-5060\" title=\"\"><\/figure>\n\n\n\n<h2 class=\"gb-headline gb-headline-766d2430 gb-headline-text uk-text-center\">1. Creeaz\u0103 un cont<\/h2>\n\n\n\n<p class=\"uk-text-center uk-text-secondary\" style=\"font-size:18px\">\u00cenregistreaz\u0103-te \u0219i verific\u0103-\u021bi contul pentru a fi preg\u0103tit\u0103 s\u0103 \u00eencarci selfie-urile tale.<\/p>\n\n<\/div><\/div><\/div>\n\n<div class=\"gb-grid-column gb-grid-column-251db445\"><div class=\"gb-container gb-container-251db445 uk-card uk-card-default uk-card-body uk-text-center uk-scrollspy-inview \"><div class=\"gb-inside-container\">\n\n<figure class=\"wp-block-image size-full uk-text-center\"><img loading=\"lazy\" decoding=\"async\" width=\"84\" height=\"84\" src=\"https:\/\/sellfies.com\/wp-content\/uploads\/2023\/01\/icon-howitwork2.png\" alt=\"&amp;\" class=\"wp-image-5061\" title=\"\"><\/figure>\n\n\n\n<h2 class=\"gb-headline gb-headline-deae9ec2 gb-headline-text uk-text-center\">2. \u00cencarc\u0103 selfie-urile<\/h2>\n\n\n\n<p class=\"uk-text-center uk-text-secondary\" style=\"font-size:18px\">\u00cencarc\u0103 cu u\u0219urin\u021b\u0103 selfie-uri vechi sau noi. Oferim sfaturi pentru succes.<\/p>\n\n<\/div><\/div><\/div>\n\n<div class=\"gb-grid-column gb-grid-column-35ed1aaf\"><div class=\"gb-container gb-container-35ed1aaf uk-card uk-card-default uk-card-body uk-text-center uk-scrollspy-inview \"><div class=\"gb-inside-container\">\n\n<figure class=\"wp-block-image size-full uk-text-center\"><img loading=\"lazy\" decoding=\"async\" width=\"84\" height=\"84\" src=\"https:\/\/sellfies.com\/wp-content\/uploads\/2023\/01\/icon-howitwork4-4.png\" alt=\"&amp;\" class=\"wp-image-5392\" title=\"\"><\/figure>\n\n\n\n<h2 class=\"gb-headline gb-headline-23a829fe gb-headline-text uk-text-center\">3. Ob\u021bine aprobarea<\/h2>\n\n\n\n<p class=\"uk-text-center uk-text-secondary\" style=\"font-size:18px\">Echipa noastr\u0103 verific\u0103 dac\u0103 materialul \u00eenc\u0103rcat de tine respect\u0103 cerin\u021bele noastre.<\/p>\n\n<\/div><\/div><\/div>\n\n<div class=\"gb-grid-column gb-grid-column-4f7e69ff\"><div class=\"gb-container gb-container-4f7e69ff uk-card uk-card-default uk-card-body uk-text-center uk-scrollspy-inview \"><div class=\"gb-inside-container\">\n\n<figure class=\"wp-block-image size-full uk-text-center\"><img loading=\"lazy\" decoding=\"async\" width=\"84\" height=\"84\" src=\"https:\/\/sellfies.com\/wp-content\/uploads\/2023\/01\/icon-howitwork4.png\" alt=\"&amp;\" class=\"wp-image-5062\" title=\"\"><\/figure>\n\n\n\n<h2 class=\"gb-headline gb-headline-743fc371 gb-headline-text uk-text-center\">4. Prime\u0219te compensa\u021bia<\/h2>\n\n\n\n<p class=\"uk-text-center uk-text-secondary\" style=\"font-size:18px\">C\u00e2nd totul este \u00een regul\u0103, plata va fi trimis\u0103 prin furnizorul ales de tine.<\/p>\n\n<\/div><\/div><\/div>\n<\/div>\n<\/div><\/div>\n<\/div><\/div>\n<\/div><\/div>\n\n<div class=\"gb-container gb-container-1c3ca7e0 uk-background-muted\"><div class=\"gb-inside-container\">\n<div class=\"gb-container gb-container-79feb26c\">\n<div class=\"gb-container gb-container-3ae95900\">\n\n<h2 class=\"gb-headline gb-headline-4fa99e77 gb-headline-text\">Fotografiile tale ar putea antrena urm\u0103toarea genera\u021bie de inteligen\u021b\u0103 artificial\u0103<\/h2>\n\n\n\n<p class=\"uk-text-secondary\">Selfie-urile tale pot face mai mult dec\u00e2t s\u0103 stea doar \u00een galeria telefonului.<\/p>\n\n\n\n<p class=\"uk-text-secondary\">Cump\u0103r\u0103m fotografii personale pentru a ajuta la antrenarea sistemelor de inteligen\u021b\u0103 artificial\u0103 de genera\u021bie urm\u0103toare. Acestea \u00eenva\u021b\u0103 s\u0103 vad\u0103, s\u0103 \u00een\u021beleag\u0103 \u0219i s\u0103 recreeze lumea uman\u0103 cu acurate\u021be \u0219i respect.<\/p>\n\n\n\n<p class=\"uk-text-secondary\">De\u0219i majoritatea fotografiilor sunt folosite pentru dezvoltarea modelelor AI \u0219i cercetarea vizual\u0103, unele pot ap\u0103rea \u0219i pe platforme de divertisment sau platforme creative aprobate, unde autenticitatea conteaz\u0103 cel mai mult.<\/p>\n\n\n\n<p class=\"uk-text-secondary\">Fiecare fotografie contribuie la modelarea viitorului! \u0218i da, vei fi pl\u0103tit\u0103 pentru asta.<\/p>\n\n<\/div>\n\n<div class=\"gb-container gb-container-21ed567c\">\n\n<figure class=\"gb-block-image gb-block-image-4d4dcda5\"><img loading=\"lazy\" decoding=\"async\" width=\"600\" height=\"600\" class=\"gb-image gb-image-4d4dcda5\" src=\"https:\/\/sellfies.com\/wp-content\/uploads\/2025\/10\/selfies-train-ai.png\" alt=\"&amp;\" title=\"selfies train ai\" srcset=\"https:\/\/sellfies.com\/wp-content\/uploads\/2025\/10\/selfies-train-ai.png 600w, https:\/\/sellfies.com\/wp-content\/uploads\/2025\/10\/selfies-train-ai-300x300.png 300w, https:\/\/sellfies.com\/wp-content\/uploads\/2025\/10\/selfies-train-ai-150x150.png 150w\" sizes=\"auto, (max-width: 600px) 100vw, 600px\"><\/figure>\n\n<\/div>\n<\/div>\n<\/div><\/div>\n\n<div class=\"gb-container gb-container-ddf78055 uk-background-muted\"><div class=\"gb-inside-container\">\n<div class=\"gb-container gb-container-ac0c31f8\">\n\n<h2 class=\"gb-headline gb-headline-09692866 gb-headline-text uk-text-center\">Ce tip de compensa\u021bie po\u021bi a\u0219tepta?<\/h2>\n\n<\/div>\n\n<div class=\"gb-container gb-container-c644e2e4\">\n<div class=\"gb-container gb-container-75512e1a\">\n\n<div>\n                                                <div class=\"uk-child-width-1-2@m uk-grid-small uk-grid-match\" uk-grid>\n                                                                                            <div uk-scrollspy=\"cls: uk-animation-slide-bottom-small; delay: 200; repeat: false\">\n                                    <div class=\"uk-card uk-card-default uk-card-body uk-text-center price-box\">\n                                        <span align=\"center\" class=\"banner uk-background-secondary uk-text-white\" style=\"background-color: #f49ebc\"> \n                                            Minimul de efort \n                                        <\/span>\n                                        <dt>Minim<\/dt>\n                                        <span class=\"text-price uk-text-emphasis uk-text-large\">7,50\u202f\u20ac<\/span>\n                                        <div class=\"content\">\n                                            <p><!-- wp:paragraph --><\/p>\n<p>Fotografii de zi cu zi care \u00ee\u021bi arat\u0103 aspectul natural \u0219i stilul de via\u021b\u0103. Simple, relaxate, u\u0219or de realizat.<\/p>\n<p><!-- \/wp:paragraph --><\/p>\n                                        <\/div>\n                                    <\/div>\n                                <\/div> \n                                                                                            <div uk-scrollspy=\"cls: uk-animation-slide-bottom-small; delay: 200; repeat: false\">\n                                    <div class=\"uk-card uk-card-default uk-card-body uk-text-center price-box\">\n                                        <span align=\"center\" class=\"banner uk-background-secondary uk-text-white\" style=\"background-color: #6944ce\"> \n                                            Cele mai mari c\u00e2\u0219tiguri \n                                        <\/span>\n                                        <dt>Maxim<\/dt>\n                                        <span class=\"text-price uk-text-emphasis uk-text-large\">15,00 \u20ac<\/span>\n                                        <div class=\"content\">\n                                            <p><!-- wp:paragraph --><\/p>\n<p>Adaug\u0103 c\u00e2teva fotografii care arat\u0103 o latur\u0103 mai \u00eendr\u0103znea\u021b\u0103 a ta. Alegerea este \u00eentotdeauna a ta, \u00een limita confortului t\u0103u.<\/p>\n<p><!-- \/wp:paragraph --><\/p>\n                                        <\/div>\n                                    <\/div>\n                                <\/div> \n                                                    <\/div>\n                                            <\/div>\n\n<\/div>\n\n<div class=\"gb-container gb-container-a43b49be\">\n\n<p class=\"uk-text-secondary\">P\u0103str\u0103m lucrurile simple cu 2 pachete, fiecare av\u00e2nd propriul s\u0103u stil de fotografii.<\/p>\n\n\n\n<p class=\"uk-text-secondary\">C\u00e2t c\u00e2\u0219tigi depinde de pachetul pentru care optezi. Fiecare pachet pl\u0103te\u0219te corect, \u00een func\u021bie de tipul de fotografii pe care le \u00eencarci \u0219i de ceea ce te sim\u021bi confortabil\u0103 s\u0103 faci.<\/p>\n\n\n\n<p class=\"uk-text-secondary\">Tu decizi ce fotografii s\u0103 \u00eencarci \u0219i care pachet \u021bi se potrive\u0219te cel mai bine. Distribuie ce sim\u021bi c\u0103 e potrivit \u0219i fii pl\u0103tit\u0103 pentru c\u0103 aju\u021bi la \u00eembun\u0103t\u0103\u021birea inteligen\u021bei artificiale viitoare.<\/p>\n\n\n<div class=\"gb-button-wrapper gb-button-wrapper-1aef189e\">\n\n<a class=\"gb-button gb-button-281814e5 gb-button-text button-effect\" href=\"https:\/\/my.sellfies.com\/ro\/register\">Creeaz\u0103-mi contul<\/a>\n\n<\/div>\n<\/div>\n<\/div>\n<\/div><\/div>\n\n<div class=\"gb-container gb-container-86a5b7a8 uk-background-muted\"><div class=\"gb-inside-container\">\n<div class=\"gb-container gb-container-fa76f420\">\n<div class=\"gb-container gb-container-a6210d3a\">\n\n<h2 class=\"gb-headline gb-headline-a1436818 gb-headline-text\">R\u0103sp\u00e2nde\u0219te vestea, prime\u0219te recompense<\/h2>\n\n\n\n<p class=\"uk-text-secondary\">Cuno\u0219ti pe cineva c\u0103ruia i-ar pl\u0103cea s\u0103 foloseasc\u0103 Sellfies? Invit\u0103-l s\u0103 se al\u0103ture prin linkul t\u0103u de recomandare \u0219i c\u00e2\u0219tig\u0103 atunci c\u00e2nd realizeaz\u0103 o v\u00e2nzare.<\/p>\n\n\n\n<p class=\"uk-text-secondary\">Este rapid, u\u0219or \u0219i profitabil. \u0218i nu exist\u0103 limit\u0103 pentru c\u00e2te persoane po\u021bi recomanda.<\/p>\n\n\n\n<p class=\"uk-text-secondary\">Distribuie linkul t\u0103u oriunde \u0219i urm\u0103re\u0219te-\u021bi c\u00e2\u0219tigurile cresc\u00e2nd cu fiecare recomandare reu\u0219it\u0103.<\/p>\n\n<\/div>\n\n<div class=\"gb-container gb-container-8edf0704\">\n\n<figure class=\"gb-block-image gb-block-image-71526a36\"><img loading=\"lazy\" decoding=\"async\" width=\"600\" height=\"600\" class=\"gb-image gb-image-71526a36\" src=\"https:\/\/sellfies.com\/wp-content\/uploads\/2025\/10\/sellfies-referral.png\" alt=\"&amp;\" title=\"sellfies-referral\" srcset=\"https:\/\/sellfies.com\/wp-content\/uploads\/2025\/10\/sellfies-referral.png 600w, https:\/\/sellfies.com\/wp-content\/uploads\/2025\/10\/sellfies-referral-300x300.png 300w, https:\/\/sellfies.com\/wp-content\/uploads\/2025\/10\/sellfies-referral-150x150.png 150w\" sizes=\"auto, (max-width: 600px) 100vw, 600px\"><\/figure>\n\n<\/div>\n<\/div>\n<\/div><\/div>\n\n<div class=\"gb-container gb-container-3468854c reviews\"><div class=\"gb-inside-container\">\n\n<h2 class=\"gb-headline gb-headline-ba2b1883 gb-headline-text\">Alte femei despre Sellfies<\/h2>\n\n\n<div class=\"gb-grid-wrapper gb-grid-wrapper-163f4b68\">\n<div class=\"gb-grid-column gb-grid-column-9864fee8\"><div class=\"gb-container gb-container-9864fee8 uk-card uk-card-default\"><div class=\"gb-inside-container\">\n\n<p>Eram pu\u021bin emo\u021bionat\u0103 la \u00eenceput, doar pentru c\u0103 m\u0103 temeam c\u0103 nu voi fi pl\u0103tit\u0103. Ast\u0103zi mi-am primit banii \u0219i a fost chiar simplu! Chiar aveam nevoie de bani, a\u0219a c\u0103 a fost o experien\u021b\u0103 grozav\u0103. Orice e-mail le-am trimis, am primit r\u0103spuns rapid. Mul\u021bumesc, Sellfies!<\/p>\n\n\n\n<p>&#8211; <a href=\"https:\/\/www.trustpilot.com\/reviews\/63605f83252cba2c02cb65da\" data-type=\"link\" data-id=\"https:\/\/www.trustpilot.com\/reviews\/63605f83252cba2c02cb65da\" target=\"_blank\" rel=\"noopener\">Delise, SUA<\/a><\/p>\n\n\n\n<div class=\"gb-headline gb-headline-b6257b22\"><span class=\"gb-icon\"><svg xmlns=\"http:\/\/www.w3.org\/2000\/svg\" viewBox=\"0 0 32 32\" fill=\"#000000\"><g stroke-width=\"0\" id=\"SVGRepo_bgCarrier\"><\/g><g stroke-linejoin=\"round\" stroke-linecap=\"round\" id=\"SVGRepo_tracerCarrier\"><\/g><g id=\"SVGRepo_iconCarrier\"><path d=\"M16 4.588l2.833 8.719H28l-7.416 5.387 2.832 8.719L16 22.023l-7.417 5.389 2.833-8.719L4 13.307h9.167L16 4.588z\"><\/path><\/g><\/svg><\/span><span class=\"gb-headline-text\"><a href=\"https:\/\/www.trustpilot.com\/reviews\/63605f83252cba2c02cb65da\" data-type=\"URL\" data-id=\"https:\/\/www.trustpilot.com\/reviews\/63605f83252cba2c02cb65da\" target=\"_blank\" rel=\"noreferrer noopener\">Trustpilot<\/a><\/span><\/div>\n\n<\/div><\/div><\/div>\n\n<div class=\"gb-grid-column gb-grid-column-fa7df162\"><div class=\"gb-container gb-container-fa7df162 uk-card uk-card-default\"><div class=\"gb-inside-container\">\n\n<p>Am urmat instruc\u021biunile, am \u00eenc\u0103rcat pozele, au fost aprobate \u00een jum\u0103tate de or\u0103 \u0219i am fost pl\u0103tit\u0103 dup\u0103 2 zile (pentru c\u0103 a fost weekend).<\/p>\n\n\n\n<p>&#8211; <a href=\"https:\/\/www.trustpilot.com\/reviews\/6315b6396a3e1ed2c3c9efe4\" data-type=\"link\" data-id=\"https:\/\/www.trustpilot.com\/reviews\/6315b6396a3e1ed2c3c9efe4\" target=\"_blank\" rel=\"noopener\">Angela, Serbia<\/a><\/p>\n\n\n\n<div class=\"gb-headline gb-headline-02382501\"><span class=\"gb-icon\"><svg xmlns=\"http:\/\/www.w3.org\/2000\/svg\" viewBox=\"0 0 32 32\" fill=\"#000000\"><g stroke-width=\"0\" id=\"SVGRepo_bgCarrier\"><\/g><g stroke-linejoin=\"round\" stroke-linecap=\"round\" id=\"SVGRepo_tracerCarrier\"><\/g><g id=\"SVGRepo_iconCarrier\"><path d=\"M16 4.588l2.833 8.719H28l-7.416 5.387 2.832 8.719L16 22.023l-7.417 5.389 2.833-8.719L4 13.307h9.167L16 4.588z\"><\/path><\/g><\/svg><\/span><span class=\"gb-headline-text\"><a href=\"https:\/\/www.trustpilot.com\/reviews\/6315b6396a3e1ed2c3c9efe4\" target=\"_blank\" data-type=\"URL\" data-id=\"https:\/\/www.trustpilot.com\/reviews\/63605f83252cba2c02cb65da\" rel=\"noreferrer noopener\">Trustpilot<\/a><\/span><\/div>\n\n<\/div><\/div><\/div>\n\n<div class=\"gb-grid-column gb-grid-column-c7ac6271\"><div class=\"gb-container gb-container-c7ac6271 uk-card uk-card-default\"><div class=\"gb-inside-container\">\n\n<p>Sunt at\u00e2t de norocoas\u0103 c\u0103 am g\u0103sit Sellfies! Totul a decurs foarte u\u0219or \u0219i am fost pl\u0103tit\u0103 foarte repede. \u0218i cine nu vrea bani \u00een plus? Pute\u021bi conta mereu pe mine!<\/p>\n\n\n\n<p>&#8211; <a href=\"https:\/\/www.trustpilot.com\/reviews\/631058ce7f7a8621ee4f303f\" data-type=\"link\" data-id=\"https:\/\/www.trustpilot.com\/reviews\/631058ce7f7a8621ee4f303f\" target=\"_blank\" rel=\"noopener\">Mina, Grecia<\/a><\/p>\n\n\n\n<div class=\"gb-headline gb-headline-7fdddcb6\"><span class=\"gb-icon\"><svg xmlns=\"http:\/\/www.w3.org\/2000\/svg\" viewBox=\"0 0 32 32\" fill=\"#000000\"><g stroke-width=\"0\" id=\"SVGRepo_bgCarrier\"><\/g><g stroke-linejoin=\"round\" stroke-linecap=\"round\" id=\"SVGRepo_tracerCarrier\"><\/g><g id=\"SVGRepo_iconCarrier\"><path d=\"M16 4.588l2.833 8.719H28l-7.416 5.387 2.832 8.719L16 22.023l-7.417 5.389 2.833-8.719L4 13.307h9.167L16 4.588z\"><\/path><\/g><\/svg><\/span><span class=\"gb-headline-text\"><a href=\"https:\/\/www.trustpilot.com\/reviews\/631058ce7f7a8621ee4f303f\" target=\"_blank\" data-type=\"URL\" data-id=\"https:\/\/www.trustpilot.com\/reviews\/63605f83252cba2c02cb65da\" rel=\"noreferrer noopener\">Trustpilot<\/a><\/span><\/div>\n\n<\/div><\/div><\/div>\n<\/div>\n<\/div><\/div>\n\n<div class=\"gb-container gb-container-8e7766e7 faq\"><div class=\"gb-inside-container\">\n\n<div class=\"wp-block-columns is-layout-flex wp-container-core-columns-is-layout-9d6595d7 wp-block-columns-is-layout-flex\">\n<div class=\"wp-block-column is-layout-flow wp-block-column-is-layout-flow\">\n<h2 class=\"gb-headline gb-headline-d093903a gb-headline-text\">Avem r\u0103spunsuri pentru toate \u00eentreb\u0103rile tale.<\/h2>\n\n\n\n<div style=\"height:18px\" aria-hidden=\"true\" class=\"wp-block-spacer\"><\/div>\n\n\n\n<p class=\"gb-headline gb-headline-3118a45b gb-headline-text\">Pentru mai multe informa\u021bii, te rug\u0103m s\u0103 consul\u021bi <a href=\"https:\/\/sellfies.com\/ro\/faqs\/\" data-type=\"page\" data-id=\"9577\">\u00eentreb\u0103rile frecvente<\/a><\/p>\n<\/div>\n\n\n\n<div class=\"wp-block-column is-layout-flow wp-block-column-is-layout-flow\">\n<p><strong>Ce tip de femei caut\u0103 Sellfies?<\/strong><\/p>\n\n\n\n<p>C\u0103ut\u0103m femei de toate formele \u0219i dimensiunile, \u0219i de orice v\u00e2rst\u0103. Modelele profesioniste \u0219i fotografiile lor de studio nu sunt ceea ce ne intereseaz\u0103.<\/p>\n\n\n\n<p>C\u0103ut\u0103m femei reale cu fotografii reale. Doamnelor care v\u0103 sim\u021bi\u021bi confortabil \u00een fa\u021ba camerei \u0219i ave\u021bi \u00eencredere \u00een voi \u0219i \u00een corpul vostru, v\u0103 rug\u0103m s\u0103 v\u0103 sim\u021bi\u021bi binevenite!<\/p>\n\n\n\n<p><strong>Pot s\u0103 aplic dac\u0103 sunt o femeie matur\u0103?<\/strong><\/p>\n\n\n\n<p>Da! Da, te rug\u0103m! E\u0219ti exact tipul de model pe care \u00eel c\u0103ut\u0103m. Tu \u0219i corpul t\u0103u a\u021bi trecut prin experien\u021be de via\u021b\u0103. Noi consider\u0103m c\u0103 asta este ceva de l\u0103udat \u0219i de care s\u0103 fii m\u00e2ndr\u0103. Cu siguran\u021b\u0103, nu trebuie s\u0103 te temi s\u0103 te \u00eenscrii!<\/p>\n\n\n\n<p><strong>Pot s\u0103 r\u0103m\u00e2n anonim\u0103?<\/strong><\/p>\n\n\n\n<p>Anonimatul este o parte esen\u021bial\u0103 a Sellfies. Facem tot posibilul pentru ca tu s\u0103 r\u0103m\u00e2i anonim\u0103. Numele t\u0103u sau alte detalii personale nu vor fi folosite dec\u00e2t pentru pl\u0103\u021bi \u0219i pentru obliga\u021biile legate de eviden\u021ba tranzac\u021biilor.<\/p>\n\n\n\n<p><strong>Cum sunt folosite fotografiile mele \u0219i pentru ce?<\/strong><\/p>\n\n\n\n<p>Fotografiile tale sunt folosite pentru a ajuta la instruirea sistemelor AI s\u0103 vad\u0103 \u0219i s\u0103 \u00een\u021beleag\u0103 mai bine lumea. Unele pot fi utilizate \u0219i \u00een cercet\u0103ri sau proiecte creative care necesit\u0103 imagini reale, de zi cu zi. Ele nu sunt niciodat\u0103 vizibile pe motoarele de c\u0103utare sau pe re\u021belele sociale, iar detaliile tale personale nu sunt niciodat\u0103 \u00eemp\u0103rt\u0103\u0219ite.<\/p>\n<\/div>\n<\/div>\n\n<\/div><\/div>\n\n<div class=\"gb-container gb-container-686c4b9c parallax large uk-position-relative\"><div class=\"gb-inside-container\">\n<div class=\"gb-container gb-container-9029c7e0\"><div class=\"gb-inside-container\">\n\n<h2 class=\"gb-headline gb-headline-cd3a9929 gb-headline-text\">Fii pl\u0103tit\u0103 pentru selfie-urile tale chiar azi<\/h2>\n\n\n\n<h3 class=\"gb-headline gb-headline-490c1d3d gb-headline-text\">Trimite fotografii cu tine \u0219i c\u00e2\u0219tig\u0103 bani din ele<\/h3>\n\n\n\n<a class=\"gb-button gb-button-8057e95d gb-button-text button-effect uk-align-center\" href=\"https:\/\/my.sellfies.com\/ro\/register\">Creeaz\u0103-mi contul<\/a>\n\n<\/div><\/div>\n<\/div><\/div>\n\n<div class=\"gb-container gb-container-459edfe3 blog uk-background-muted\"><div class=\"gb-inside-container\">\n<div class=\"gb-container gb-container-e9eb410a\"><div class=\"gb-inside-container\">\n\n<div class=\"wp-block-columns is-layout-flex wp-container-core-columns-is-layout-9d6595d7 wp-block-columns-is-layout-flex\">\n<div class=\"wp-block-column is-layout-flow wp-block-column-is-layout-flow\" style=\"flex-basis:33.33%\">\n<h2 class=\"gb-headline gb-headline-1e353e80 gb-headline-text\">Cite\u0219te ultimele noastre articole de pe blog<\/h2>\n<\/div>\n\n\n\n<div class=\"wp-block-column is-layout-flow wp-block-column-is-layout-flow\" style=\"flex-basis:66.66%\">\n<div class=\"gb-grid-wrapper gb-grid-wrapper-25c55912 gb-query-loop-wrapper\"><\/div>\n<\/div>\n<\/div>\n\n<\/div><\/div>\n<\/div><\/div>","protected":false},"excerpt":{"rendered":"","protected":false},"author":5,"featured_media":0,"parent":0,"menu_order":0,"comment_status":"closed","ping_status":"closed","template":"","meta":{"_acf_changed":false,"footnotes":""},"class_list":["post-9481","page","type-page","status-publish"],"acf":[],"_links":{"self":[{"href":"https:\/\/sellfies.com\/ro\/wp-json\/wp\/v2\/pages\/9481","targetHints":{"allow":["GET"]}}],"collection":[{"href":"https:\/\/sellfies.com\/ro\/wp-json\/wp\/v2\/pages"}],"about":[{"href":"https:\/\/sellfies.com\/ro\/wp-json\/wp\/v2\/types\/page"}],"author":[{"embeddable":true,"href":"https:\/\/sellfies.com\/ro\/wp-json\/wp\/v2\/users\/5"}],"replies":[{"embeddable":true,"href":"https:\/\/sellfies.com\/ro\/wp-json\/wp\/v2\/comments?post=9481"}],"version-history":[{"count":8,"href":"https:\/\/sellfies.com\/ro\/wp-json\/wp\/v2\/pages\/9481\/revisions"}],"predecessor-version":[{"id":9977,"href":"https:\/\/sellfies.com\/ro\/wp-json\/wp\/v2\/pages\/9481\/revisions\/9977"}],"wp:attachment":[{"href":"https:\/\/sellfies.com\/ro\/wp-json\/wp\/v2\/media?parent=9481"}],"curies":[{"name":"wp","href":"https:\/\/api.w.org\/{rel}","templated":true}]}}