{"id":9543,"date":"2023-01-13T03:02:22","date_gmt":"2023-01-13T03:02:22","guid":{"rendered":"https:\/\/sellfies.com\/?page_id=9543"},"modified":"2026-03-02T15:51:59","modified_gmt":"2026-03-02T15:51:59","slug":"blog","status":"publish","type":"page","link":"https:\/\/sellfies.com\/ro\/blog\/","title":{"rendered":"Blog"},"content":{"rendered":"<div class=\"gb-container gb-container-3468854c blog-page uk-margin-large-bottom\"><div class=\"gb-inside-container\">\n\n<div class=\"gb-grid-wrapper gb-grid-wrapper-5dc7d297 gb-query-loop-wrapper\"><\/div>\n\n<\/div><\/div>\n\n<div class=\"gb-container gb-container-686c4b9c parallax large uk-position-relative\"><div class=\"gb-inside-container\">\n<div class=\"gb-container gb-container-9029c7e0\"><div class=\"gb-inside-container\">\n\n<h2 class=\"gb-headline gb-headline-cd3a9929 gb-headline-text\">Prime\u0219te bani pentru selfie-urile tale chiar azi<\/h2>\n\n\n\n<h2 class=\"gb-headline gb-headline-490c1d3d gb-headline-text\">Trimite poze cu tine \u0219i c\u00e2\u0219tig\u0103 \u00een c\u00e2teva minute<\/h2>\n\n\n\n<a class=\"gb-button gb-button-8057e95d gb-button-text button-effect uk-align-center\" href=\"https:\/\/my.sellfies.com\/ro\/register\">Creeaz\u0103-mi contul<\/a>\n\n<\/div><\/div>\n<\/div><\/div>\n\n<div class=\"gb-container gb-container-f8907a32 blog-page uk-margin-large-top uk-margin-large-bottom\"><div class=\"gb-inside-container\">\n\n<div class=\"gb-grid-wrapper gb-grid-wrapper-e0746038 gb-query-loop-wrapper\"><\/div>\n\n<\/div><\/div>","protected":false},"excerpt":{"rendered":"","protected":false},"author":5,"featured_media":0,"parent":0,"menu_order":0,"comment_status":"closed","ping_status":"closed","template":"","meta":{"_acf_changed":false,"footnotes":""},"class_list":["post-9543","page","type-page","status-publish"],"acf":[],"_links":{"self":[{"href":"https:\/\/sellfies.com\/ro\/wp-json\/wp\/v2\/pages\/9543","targetHints":{"allow":["GET"]}}],"collection":[{"href":"https:\/\/sellfies.com\/ro\/wp-json\/wp\/v2\/pages"}],"about":[{"href":"https:\/\/sellfies.com\/ro\/wp-json\/wp\/v2\/types\/page"}],"author":[{"embeddable":true,"href":"https:\/\/sellfies.com\/ro\/wp-json\/wp\/v2\/users\/5"}],"replies":[{"embeddable":true,"href":"https:\/\/sellfies.com\/ro\/wp-json\/wp\/v2\/comments?post=9543"}],"version-history":[{"count":2,"href":"https:\/\/sellfies.com\/ro\/wp-json\/wp\/v2\/pages\/9543\/revisions"}],"predecessor-version":[{"id":10009,"href":"https:\/\/sellfies.com\/ro\/wp-json\/wp\/v2\/pages\/9543\/revisions\/10009"}],"wp:attachment":[{"href":"https:\/\/sellfies.com\/ro\/wp-json\/wp\/v2\/media?parent=9543"}],"curies":[{"name":"wp","href":"https:\/\/api.w.org\/{rel}","templated":true}]}}