{"id":9559,"date":"2023-01-30T12:22:40","date_gmt":"2023-01-30T12:22:40","guid":{"rendered":"https:\/\/sellfies.com\/?page_id=9559"},"modified":"2025-11-21T08:59:52","modified_gmt":"2025-11-21T08:59:52","slug":"cerinte-privind-fotografiile","status":"publish","type":"page","link":"https:\/\/sellfies.com\/ro\/cerinte-privind-fotografiile\/","title":{"rendered":"Cerin\u021be privind fotografiile"},"content":{"rendered":"<div class=\"gb-container gb-container-15a82a01\">\n\n<h2 class=\"wp-block-heading\">Cerin\u021be generale pentru fotografii<\/h2>\n\n\n\n<p>&#8222;Pre\u021buim at\u00e2t fotografiile obi\u0219nuite, c\u00e2t \u0219i pe cele cu o not\u0103 mai matur\u0103. Ne dorim imagini \u00een care te sim\u021bi relaxat\u0103, natural\u0103, atr\u0103g\u0103toare \u0219i \u00eencrez\u0103toare, tot ceea ce contribuie la o fotografie reu\u0219it\u0103! Po\u021bi folosi machiaj, dac\u0103 \u00ee\u021bi place, sau po\u021bi alege s\u0103 fii complet natural\u0103, important este s\u0103 fii tu \u00eens\u0103\u021bi. Indiferent de aspect, v\u00e2rst\u0103, m\u0103rime, greutate, form\u0103 sau de felul \u00een care te percepi, fie c\u0103 te vezi ca un model profesionist sau doar ca o femeie obi\u0219nuit\u0103, nu avem nicio a\u0219teptare legat\u0103 de cum ar trebui s\u0103 ar\u0103\u021bi. Vino a\u0219a cum e\u0219ti; te apreciem pe tine \u0219i contribu\u021bia ta! <\/p>\n\n\n\n<p>Dar asta nu \u00eenseamn\u0103 c\u0103 nu avem cerin\u021be de care s\u0103 \u021bin\u0103 cont fotografiile tale. Cerin\u021bele se aplic\u0103 tuturor fotografiilor \u00eenc\u0103rcate.<\/p>\n\n\n\n<p><strong>Iat\u0103 cerin\u021bele pentru fotografii:<\/strong><\/p>\n\n\n\n<ul class=\"wp-block-list\">\n<li>Fa\u021ba ta trebuie s\u0103 fie vizibil\u0103 \u0219i u\u0219or de recunoscut \u00een toate fotografiile. Acest lucru este necesar deoarece avem obliga\u021bia legal\u0103 s\u0103 ne asigur\u0103m c\u0103 persoana din imagine e chiar tu.<\/li>\n\n\n\n<li>Fiecare fotografie trebuie s\u0103 fie diferit\u0103, f\u0103cut\u0103 \u00eentr-un alt loc, \u00eentr-un alt decor, dintr-un unghi diferit, cu o alt\u0103 postur\u0103 \u0219i alt\u0103 \u021binut\u0103. Exact ca selfie-urile tale obi\u0219nuite din via\u021ba de zi cu zi.<\/li>\n\n\n\n<li>\u00cen fotografii trebuie s\u0103 apari doar tu, f\u0103r\u0103 alte persoane \u0219i f\u0103r\u0103 poze de grup.<\/li>\n\n\n\n<li>C\u0103ut\u0103m un stil natural, de tip amator. Selfie-urile \u0219i fotografiile f\u0103cute de tine sunt cele mai potrivite.<\/li>\n<\/ul>\n\n\n\n<p><strong>Nu sunt permise:<\/strong><\/p>\n\n\n\n<ul class=\"wp-block-list\">\n<li>Animale, copii \u0219i arme nu sunt permise \u00een fotografii. Nu sunt permise obiecte \u00een fundal care sugereaz\u0103 prezen\u021ba copiilor, animalelor, armelor sau orice simboluri religioase ori apartenen\u021b\u0103 religioas\u0103.<\/li>\n<\/ul>\n\n\n\n<p><strong>Cerin\u021be tehnice:<\/strong><\/p>\n\n\n\n<ul class=\"wp-block-list\">\n<li>Rezolu\u021bie minim\u0103: 1000 x 1000 pixeli<\/li>\n\n\n\n<li>Tipuri de fi\u0219iere: Accept\u0103m aproape toate formatele \u0219i extensiile de imagine. Pentru a fi siguri c\u0103 totul va func\u021biona corect, recomand\u0103m s\u0103 folose\u0219ti JPG, JPEG sau PNG.<\/li>\n\n\n\n<li>Dimensiunea maxim\u0103 a fi\u0219ierului: 15 MB<\/li>\n\n\n\n<li>Fotografiile trebuie s\u0103 fie color. Nu sunt permise alb-negru, sepia sau alte filtre de culoare.<\/li>\n<\/ul>\n\n\n\n<h2 class=\"wp-block-heading\">Ce este o fotografie normal\u0103 \u0219i una pentru adul\u021bi?<\/h2>\n\n\n\n<p>C\u0103ut\u0103m dou\u0103 tipuri diferite de fotografii: normale \u0219i pentru adul\u021bi.<\/p>\n\n\n\n<h3 class=\"wp-block-heading\">Fotografii normale<\/h3>\n\n\n\n<p>O fotografie normal\u0103 te arat\u0103 a\u0219a cum e\u0219ti \u00een via\u021ba de zi cu zi. Nu este nevoie s\u0103 \u00eencerci s\u0103 respec\u021bi diverse reguli sau standarde. Fotografiile normale sunt acele poze obi\u0219nuite, spontane, f\u0103cute c\u00e2nd ie\u0219i din cas\u0103, la supermarket, la serviciu, la \u00eent\u00e2lniri cu prietenii sau familia. Acestea nu trebuie s\u0103 fie seduc\u0103toare sau sexy. Pozele pe care le postezi frecvent pe re\u021belele sociale se \u00eencadreaz\u0103 adesea \u00een aceast\u0103 categorie. Fotografiile din aceast\u0103 categorie nu trebuie neap\u0103rat s\u0103 fie selfie-uri.<\/p>\n\n\n\n<p><strong>Exemple de abordare pentru fotografiile normale:<\/strong><\/p>\n\n\n\n<ul class=\"wp-block-list\">\n<li>Fotografii de vacan\u021b\u0103<\/li>\n\n\n\n<li>Fotografii \u00een timpul activit\u0103\u021bilor<\/li>\n\n\n\n<li>\u00cen gr\u0103din\u0103<\/li>\n\n\n\n<li>\u00cen interiorul casei<\/li>\n\n\n\n<li>La micul dejun \/ pr\u00e2nz \/ cin\u0103<\/li>\n\n\n\n<li>\u00cen timpul unei plimb\u0103ri<\/li>\n\n\n\n<li>Ar\u0103t\u00e2nd o rochie nou\u0103 (nu scurt\u0103 sau sexy)<\/li>\n\n\n\n<li>Fotografie tipic\u0103 de profil pentru re\u021belele sociale<\/li>\n\n\n\n<li>Pot fi selfie-uri, dar nu este obligatoriu<\/li>\n<\/ul>\n\n\n<div class=\"gb-container gb-container-34df134c\">\n\n<p><strong>Ce con\u021bine o fotografie normal\u0103?<\/strong><\/p>\n\n<\/div>\n\n\n<ul class=\"wp-block-list\">\n<li>Tu \u00eembr\u0103cat\u0103 \u00een hainele obi\u0219nuite, a\u0219a cum te-ai \u00eembr\u0103ca \u00een via\u021ba de zi cu zi.<\/li>\n\n\n\n<li>Fotografii normale, de zi cu zi, cu tine; g\u00e2nde\u0219te-le ca pe selfie-urile pe care le ai pe telefon, le trimi\u021bi prietenilor sau iubitului, sau le postezi pe Instagram.<\/li>\n\n\n\n<li>Pot fi selfie-uri, dar nu este obligatoriu.<\/li>\n<\/ul>\n\n\n\n<p><strong>Ce NU apare \u00een fotografiile normale?<\/strong><\/p>\n\n\n\n<ul class=\"wp-block-list\">\n<li>Nuditate<\/li>\n<\/ul>\n\n\n\n<h3 class=\"wp-block-heading\">Fotografii pentru adul\u021bi<\/h3>\n\n\n\n<p>Fotografiile pentru adul\u021bi sunt cele pe care le faci atunci c\u00e2nd vrei s\u0103 te ar\u0103\u021bi \u00eentr-un mod sexy \u0219i mai matur. Imagineaz\u0103-\u021bi c\u0103 ai ie\u0219i la o petrecere s\u0103 flirtezi sau s\u0103 cau\u021bi o aventur\u0103 de o noapte. Aceste fotografii sunt mai dezv\u0103luitoare, cu topuri semi-deschise, fuste mini \u0219i similare. Este bine s\u0103 ar\u0103\u021bi pielea \u0219i decolteul, se apreciaz\u0103 \u0219i lateralul s\u00e2nilor sau sub s\u00e2ni.<\/p>\n\n\n\n<p>Fotografii \u00een lenjerie, \u00een care te ar\u0103\u021bi \u00een lenjeria intim\u0103 \u00een care te sim\u021bi cea mai sexy. Poze \u00een care nu e\u0219ti complet \u00eembr\u0103cat\u0103, dar f\u0103r\u0103 a fi complet goal\u0103. Poate fi cu sutien \u0219i chilo\u021bi. Dac\u0103 ai alt tip de lenjerie \u00een care te sim\u021bi feminin\u0103 \u0219i sexy, simte-te liber\u0103 s\u0103 o por\u021bi \u00een fotografiile tale.<\/p>\n\n\n\n<p>Fotografiile nud nu necesit\u0103 multe explica\u021bii. Sunt poze \u00een care e\u0219ti complet sau par\u021bial goal\u0103. Aceste fotografii pot include s\u00e2ni goi, p\u0103r\u021bi intime goale sau corpul complet dezbr\u0103cat. \u00cen cazul fotografiilor par\u021bial goale, trebuie s\u0103 fie vizibile p\u0103r\u021bile tale intime inferioare, fie f\u0103r\u0103 lenjerie, fie cu lenjerie foarte dezv\u0103luitoare.<\/p>\n\n\n\n<p>Fotografiile explicite sunt cele mai \u00eendr\u0103zne\u021be. Aceast\u0103 categorie este pentru poze \u00een care te atingi, \u00ee\u021bi explorezi corpul, folose\u0219ti juc\u0103rii pentru adul\u021bi sau efectuezi diverse acte sexuale asupra ta. Sunt fotografiile care arat\u0103 latura ta cea mai obraznic\u0103. D\u0103 tot ce po\u021bi!<\/p>\n\n\n\n<p><strong>Exemple de abordare pentru fotografiile pentru adul\u021bi:<\/strong><\/p>\n\n\n\n<ul class=\"wp-block-list\">\n<li>Rochii scurte<\/li>\n\n\n\n<li>Fuste mini<\/li>\n\n\n\n<li>\u201eLittle black dress\u201d<\/li>\n\n\n\n<li>Pantaloni scur\u021bi \u0219i decolteu<\/li>\n\n\n\n<li>\u021ainut\u0103 sexy de secretar\u0103<\/li>\n\n\n\n<li>C\u0103m\u0103\u0219i de noapte sau babydoll foarte mici<\/li>\n\n\n\n<li>Fotografii \u00een bikini<\/li>\n\n\n\n<li>Selfie-uri \u00een fa\u021ba oglinzii<\/li>\n\n\n\n<li>Doar \u00een lenjerie<\/li>\n\n\n\n<li>\u00cen cabina de prob\u0103<\/li>\n\n\n\n<li>Cu spatele la camer\u0103, ar\u0103t\u00e2nd doar lateralul s\u00e2nilor<\/li>\n\n\n\n<li>Fotografii topless<\/li>\n\n\n\n<li>Nuduri acoperite doar cu m\u00e2inile sau p\u0103rul lung<\/li>\n\n\n\n<li>Lenjerie intim\u0103 sexy<\/li>\n\n\n\n<li>Poz\u00e2nd pe canapea<\/li>\n\n\n\n<li>Bronzat\u0103 complet goal\u0103 afar\u0103<\/li>\n\n\n\n<li>Fotografii sexy la plaj\u0103<\/li>\n\n\n\n<li>Exhibi\u021bionism<\/li>\n\n\n\n<li>Joac\u0103 \u00een ma\u0219in\u0103<\/li>\n\n\n\n<li>Juc\u0103rii sexuale \u00een ac\u021biune<\/li>\n\n\n\n<li>\u00cen baie<\/li>\n\n\n\n<li>Nud pe pat<\/li>\n\n\n\n<li>\u00cen timp ce te dezbraci<\/li>\n\n\n\n<li>\u00cen du\u0219, jacuzzi sau saun\u0103<\/li>\n\n\n\n<li>Poze \u201esneaky\u201d<\/li>\n\n\n\n<li>Cu picioarele dep\u0103rtate<\/li>\n\n\n\n<li>Poze provocatoare<\/li>\n\n\n\n<li>Ating\u00e2ndu-te, juc\u00e2ndu-te, gust\u00e2ndu-te<\/li>\n\n\n\n<li>Pozi\u021bii \u0219i situa\u021bii sexuale<\/li>\n\n\n\n<li>Pozele de masturbare \u00een stil amatoricesc sunt ideale&nbsp;<\/li>\n<\/ul>\n\n\n\n<p><strong>Ce con\u021bine o fotografie pentru adul\u021bi?<\/strong><\/p>\n\n\n\n<ul class=\"wp-block-list\">\n<li>Rochii sexy<\/li>\n\n\n\n<li>\u021ainute dezv\u0103luitoare<\/li>\n\n\n\n<li>Limbaj corporal seduc\u0103tor<\/li>\n\n\n\n<li>Nuditate<\/li>\n\n\n\n<li>Con\u021binut sexual<\/li>\n<\/ul>\n\n\n\n<p><strong>Ce NU apare \u00eentr-o fotografie pentru adul\u021bi?<\/strong><\/p>\n\n\n\n<ul class=\"wp-block-list\">\n<li>Complet \u00eembr\u0103cat\u0103<\/li>\n\n\n\n<li>Fotografii plictisitoare, de zi cu zi<\/li>\n<\/ul>\n\n<\/div>","protected":false},"excerpt":{"rendered":"","protected":false},"author":5,"featured_media":0,"parent":0,"menu_order":0,"comment_status":"closed","ping_status":"closed","template":"","meta":{"_acf_changed":false,"footnotes":""},"class_list":["post-9559","page","type-page","status-publish"],"acf":[],"_links":{"self":[{"href":"https:\/\/sellfies.com\/ro\/wp-json\/wp\/v2\/pages\/9559","targetHints":{"allow":["GET"]}}],"collection":[{"href":"https:\/\/sellfies.com\/ro\/wp-json\/wp\/v2\/pages"}],"about":[{"href":"https:\/\/sellfies.com\/ro\/wp-json\/wp\/v2\/types\/page"}],"author":[{"embeddable":true,"href":"https:\/\/sellfies.com\/ro\/wp-json\/wp\/v2\/users\/5"}],"replies":[{"embeddable":true,"href":"https:\/\/sellfies.com\/ro\/wp-json\/wp\/v2\/comments?post=9559"}],"version-history":[{"count":3,"href":"https:\/\/sellfies.com\/ro\/wp-json\/wp\/v2\/pages\/9559\/revisions"}],"predecessor-version":[{"id":9863,"href":"https:\/\/sellfies.com\/ro\/wp-json\/wp\/v2\/pages\/9559\/revisions\/9863"}],"wp:attachment":[{"href":"https:\/\/sellfies.com\/ro\/wp-json\/wp\/v2\/media?parent=9559"}],"curies":[{"name":"wp","href":"https:\/\/api.w.org\/{rel}","templated":true}]}}