{"id":8333,"date":"2023-01-13T03:02:22","date_gmt":"2023-01-13T03:02:22","guid":{"rendered":"https:\/\/sellfies.com\/?page_id=8333"},"modified":"2026-03-02T15:58:35","modified_gmt":"2026-03-02T15:58:35","slug":"blogg","status":"publish","type":"page","link":"https:\/\/sellfies.com\/sv\/blogg\/","title":{"rendered":"Blogg"},"content":{"rendered":"<div class=\"gb-container gb-container-3468854c blog-page uk-margin-large-bottom\"><div class=\"gb-inside-container\">\n\n<div class=\"gb-grid-wrapper gb-grid-wrapper-5dc7d297 gb-query-loop-wrapper\">\n<div class=\"gb-grid-column gb-grid-column-2b50ce0e gb-query-loop-item post-9017 post type-post status-publish format-standard has-post-thumbnail hentry category-okategoriserad\"><article class=\"gb-container gb-container-2b50ce0e uk-card uk-card-default\"><div class=\"gb-inside-container\">\n<figure class=\"wp-block-post-featured-image\"><a href=\"https:\/\/sellfies.com\/sv\/forestall-dig-detta-en-guide-till-att-tjana-pengar-genom-att-salja-dina-foton-online\/\" target=\"_self\"  ><img loading=\"lazy\" decoding=\"async\" width=\"1000\" height=\"667\" src=\"https:\/\/sellfies.com\/wp-content\/uploads\/2023\/02\/sellfies-proud-woman-11.jpg\" class=\"attachment-post-thumbnail size-post-thumbnail wp-post-image\" alt=\"F\u00f6rest\u00e4ll dig detta: En guide till att tj\u00e4na pengar genom att s\u00e4lja dina foton online\" style=\"object-fit:cover;\" srcset=\"https:\/\/sellfies.com\/wp-content\/uploads\/2023\/02\/sellfies-proud-woman-11.jpg 1000w, https:\/\/sellfies.com\/wp-content\/uploads\/2023\/02\/sellfies-proud-woman-11-300x200.jpg 300w, https:\/\/sellfies.com\/wp-content\/uploads\/2023\/02\/sellfies-proud-woman-11-768x512.jpg 768w\" sizes=\"auto, (max-width: 1000px) 100vw, 1000px\" title=\"\"><\/a><\/figure>\n\n<h2 class=\"gb-headline gb-headline-ae4e77ad gb-headline-text\"><a href=\"https:\/\/sellfies.com\/sv\/forestall-dig-detta-en-guide-till-att-tjana-pengar-genom-att-salja-dina-foton-online\/\">F\u00f6rest\u00e4ll dig detta: En guide till att tj\u00e4na pengar genom att s\u00e4lja dina foton online<\/a><\/h2>\n<\/div><\/article><\/div>\n\n<div class=\"gb-grid-column gb-grid-column-2b50ce0e gb-query-loop-item post-9019 post type-post status-publish format-standard has-post-thumbnail hentry category-okategoriserad\"><article class=\"gb-container gb-container-2b50ce0e uk-card uk-card-default\"><div class=\"gb-inside-container\">\n<figure class=\"wp-block-post-featured-image\"><a href=\"https:\/\/sellfies.com\/sv\/salja-ditt-eget-innehall-for-vuxna-hur-vad-och-var\/\" target=\"_self\"  ><img loading=\"lazy\" decoding=\"async\" width=\"1000\" height=\"667\" src=\"https:\/\/sellfies.com\/wp-content\/uploads\/2023\/02\/sellfies-proud-woman-1.jpg\" class=\"attachment-post-thumbnail size-post-thumbnail wp-post-image\" alt=\"S\u00e4lja ditt eget inneh\u00e5ll f\u00f6r vuxna &#8211; Hur, vad och var?\" style=\"object-fit:cover;\" srcset=\"https:\/\/sellfies.com\/wp-content\/uploads\/2023\/02\/sellfies-proud-woman-1.jpg 1000w, https:\/\/sellfies.com\/wp-content\/uploads\/2023\/02\/sellfies-proud-woman-1-300x200.jpg 300w, https:\/\/sellfies.com\/wp-content\/uploads\/2023\/02\/sellfies-proud-woman-1-768x512.jpg 768w\" sizes=\"auto, (max-width: 1000px) 100vw, 1000px\" title=\"\"><\/a><\/figure>\n\n<h2 class=\"gb-headline gb-headline-ae4e77ad gb-headline-text\"><a href=\"https:\/\/sellfies.com\/sv\/salja-ditt-eget-innehall-for-vuxna-hur-vad-och-var\/\">S\u00e4lja ditt eget inneh\u00e5ll f\u00f6r vuxna &#8211; Hur, vad och var?<\/a><\/h2>\n<\/div><\/article><\/div>\n\n<div class=\"gb-grid-column gb-grid-column-2b50ce0e gb-query-loop-item post-9009 post type-post status-publish format-standard has-post-thumbnail hentry category-okategoriserad\"><article class=\"gb-container gb-container-2b50ce0e uk-card uk-card-default\"><div class=\"gb-inside-container\">\n<figure class=\"wp-block-post-featured-image\"><a href=\"https:\/\/sellfies.com\/sv\/hur-man-saljer-nakenbilder-online\/\" target=\"_self\"  ><img loading=\"lazy\" decoding=\"async\" width=\"1280\" height=\"1200\" src=\"https:\/\/sellfies.com\/wp-content\/uploads\/2023\/01\/6267bd3d2c029837803879.jpg\" class=\"attachment-post-thumbnail size-post-thumbnail wp-post-image\" alt=\"Hur man s\u00e4ljer nakenbilder online\" style=\"object-fit:cover;\" srcset=\"https:\/\/sellfies.com\/wp-content\/uploads\/2023\/01\/6267bd3d2c029837803879.jpg 1280w, https:\/\/sellfies.com\/wp-content\/uploads\/2023\/01\/6267bd3d2c029837803879-300x281.jpg 300w, https:\/\/sellfies.com\/wp-content\/uploads\/2023\/01\/6267bd3d2c029837803879-1024x960.jpg 1024w, https:\/\/sellfies.com\/wp-content\/uploads\/2023\/01\/6267bd3d2c029837803879-768x720.jpg 768w\" sizes=\"auto, (max-width: 1280px) 100vw, 1280px\" title=\"\"><\/a><\/figure>\n\n<h2 class=\"gb-headline gb-headline-ae4e77ad gb-headline-text\"><a href=\"https:\/\/sellfies.com\/sv\/hur-man-saljer-nakenbilder-online\/\">Hur man s\u00e4ljer nakenbilder online<\/a><\/h2>\n<\/div><\/article><\/div>\n\n<div class=\"gb-grid-column gb-grid-column-2b50ce0e gb-query-loop-item post-8997 post type-post status-publish format-standard has-post-thumbnail hentry category-okategoriserad\"><article class=\"gb-container gb-container-2b50ce0e uk-card uk-card-default\"><div class=\"gb-inside-container\">\n<figure class=\"wp-block-post-featured-image\"><a href=\"https:\/\/sellfies.com\/sv\/var-man-kan-salja-nakenbilder-online\/\" target=\"_self\"  ><img loading=\"lazy\" decoding=\"async\" width=\"1200\" height=\"1350\" src=\"https:\/\/sellfies.com\/wp-content\/uploads\/2023\/01\/6273611442f64202568051.jpg\" class=\"attachment-post-thumbnail size-post-thumbnail wp-post-image\" alt=\"Var man kan s\u00e4lja nakenbilder online\" style=\"object-fit:cover;\" srcset=\"https:\/\/sellfies.com\/wp-content\/uploads\/2023\/01\/6273611442f64202568051.jpg 1200w, https:\/\/sellfies.com\/wp-content\/uploads\/2023\/01\/6273611442f64202568051-267x300.jpg 267w, https:\/\/sellfies.com\/wp-content\/uploads\/2023\/01\/6273611442f64202568051-910x1024.jpg 910w, https:\/\/sellfies.com\/wp-content\/uploads\/2023\/01\/6273611442f64202568051-768x864.jpg 768w\" sizes=\"auto, (max-width: 1200px) 100vw, 1200px\" title=\"\"><\/a><\/figure>\n\n<h2 class=\"gb-headline gb-headline-ae4e77ad gb-headline-text\"><a href=\"https:\/\/sellfies.com\/sv\/var-man-kan-salja-nakenbilder-online\/\">Var man kan s\u00e4lja nakenbilder online<\/a><\/h2>\n<\/div><\/article><\/div>\n\n<div class=\"gb-grid-column gb-grid-column-2b50ce0e gb-query-loop-item post-9005 post type-post status-publish format-standard has-post-thumbnail hentry category-okategoriserad\"><article class=\"gb-container gb-container-2b50ce0e uk-card uk-card-default\"><div class=\"gb-inside-container\">\n<figure class=\"wp-block-post-featured-image\"><a href=\"https:\/\/sellfies.com\/sv\/hur-man-tjanar-pengar-pa-att-salja-nakenbilder\/\" target=\"_self\"  ><img loading=\"lazy\" decoding=\"async\" width=\"1280\" height=\"853\" src=\"https:\/\/sellfies.com\/wp-content\/uploads\/2023\/01\/62325e70babb2924094143.jpg\" class=\"attachment-post-thumbnail size-post-thumbnail wp-post-image\" alt=\"Hur man tj\u00e4nar pengar p\u00e5 att s\u00e4lja nakenbilder\" style=\"object-fit:cover;\" srcset=\"https:\/\/sellfies.com\/wp-content\/uploads\/2023\/01\/62325e70babb2924094143.jpg 1280w, https:\/\/sellfies.com\/wp-content\/uploads\/2023\/01\/62325e70babb2924094143-300x200.jpg 300w, https:\/\/sellfies.com\/wp-content\/uploads\/2023\/01\/62325e70babb2924094143-1024x682.jpg 1024w, https:\/\/sellfies.com\/wp-content\/uploads\/2023\/01\/62325e70babb2924094143-768x512.jpg 768w\" sizes=\"auto, (max-width: 1280px) 100vw, 1280px\" title=\"\"><\/a><\/figure>\n\n<h2 class=\"gb-headline gb-headline-ae4e77ad gb-headline-text\"><a href=\"https:\/\/sellfies.com\/sv\/hur-man-tjanar-pengar-pa-att-salja-nakenbilder\/\">Hur man tj\u00e4nar pengar p\u00e5 att s\u00e4lja nakenbilder<\/a><\/h2>\n<\/div><\/article><\/div>\n\n<div class=\"gb-grid-column gb-grid-column-2b50ce0e gb-query-loop-item post-9011 post type-post status-publish format-standard has-post-thumbnail hentry category-okategoriserad\"><article class=\"gb-container gb-container-2b50ce0e uk-card uk-card-default\"><div class=\"gb-inside-container\">\n<figure class=\"wp-block-post-featured-image\"><a href=\"https:\/\/sellfies.com\/sv\/den-ultimata-guiden-till-att-ta-sexiga-bilder\/\" target=\"_self\"  ><img loading=\"lazy\" decoding=\"async\" width=\"821\" height=\"893\" src=\"https:\/\/sellfies.com\/wp-content\/uploads\/2023\/01\/622fc363e2bd0582945061.jpg\" class=\"attachment-post-thumbnail size-post-thumbnail wp-post-image\" alt=\"Den ultimata guiden till att ta sexiga bilder\" style=\"object-fit:cover;\" srcset=\"https:\/\/sellfies.com\/wp-content\/uploads\/2023\/01\/622fc363e2bd0582945061.jpg 821w, https:\/\/sellfies.com\/wp-content\/uploads\/2023\/01\/622fc363e2bd0582945061-276x300.jpg 276w, https:\/\/sellfies.com\/wp-content\/uploads\/2023\/01\/622fc363e2bd0582945061-768x835.jpg 768w\" sizes=\"auto, (max-width: 821px) 100vw, 821px\" title=\"\"><\/a><\/figure>\n\n<h2 class=\"gb-headline gb-headline-ae4e77ad gb-headline-text\"><a href=\"https:\/\/sellfies.com\/sv\/den-ultimata-guiden-till-att-ta-sexiga-bilder\/\">Den ultimata guiden till att ta sexiga bilder<\/a><\/h2>\n<\/div><\/article><\/div>\n<\/div>\n\n<\/div><\/div>\n\n<div class=\"gb-container gb-container-686c4b9c parallax large uk-position-relative\"><div class=\"gb-inside-container\">\n<div class=\"gb-container gb-container-9029c7e0\"><div class=\"gb-inside-container\">\n\n<h2 class=\"gb-headline gb-headline-cd3a9929 gb-headline-text\">F\u00e5 betalt f\u00f6r dina selfies idag<\/h2>\n\n\n\n<h2 class=\"gb-headline gb-headline-490c1d3d gb-headline-text\">Skicka in bilder p\u00e5 dig sj\u00e4lv och b\u00f6rja tj\u00e4na pengar inom n\u00e5gra minuter<\/h2>\n\n\n\n<a class=\"gb-button gb-button-8057e95d gb-button-text button-effect uk-align-center\" href=\"https:\/\/my.sellfies.com\/se\/register\">Skapa Mitt Konto<\/a>\n\n<\/div><\/div>\n<\/div><\/div>\n\n<div class=\"gb-container gb-container-f8907a32 blog-page uk-margin-large-top uk-margin-large-bottom\"><div class=\"gb-inside-container\">\n\n<div class=\"gb-grid-wrapper gb-grid-wrapper-e0746038 gb-query-loop-wrapper\">\n<div class=\"gb-grid-column gb-grid-column-081d1f68 gb-query-loop-item post-9007 post type-post status-publish format-standard has-post-thumbnail hentry category-okategoriserad\"><article class=\"gb-container gb-container-081d1f68 uk-card uk-card-default\"><div class=\"gb-inside-container\">\n<figure class=\"wp-block-post-featured-image\"><a href=\"https:\/\/sellfies.com\/sv\/7x-den-basta-utrustningen-for-att-ta-sexiga-bilder\/\" target=\"_self\"  ><img loading=\"lazy\" decoding=\"async\" width=\"1280\" height=\"854\" src=\"https:\/\/sellfies.com\/wp-content\/uploads\/2023\/01\/62325d9040f10503519790.jpg\" class=\"attachment-post-thumbnail size-post-thumbnail wp-post-image\" alt=\"7x den b\u00e4sta utrustningen f\u00f6r att ta sexiga bilder\" style=\"object-fit:cover;\" srcset=\"https:\/\/sellfies.com\/wp-content\/uploads\/2023\/01\/62325d9040f10503519790.jpg 1280w, https:\/\/sellfies.com\/wp-content\/uploads\/2023\/01\/62325d9040f10503519790-300x200.jpg 300w, https:\/\/sellfies.com\/wp-content\/uploads\/2023\/01\/62325d9040f10503519790-1024x683.jpg 1024w, https:\/\/sellfies.com\/wp-content\/uploads\/2023\/01\/62325d9040f10503519790-768x512.jpg 768w\" sizes=\"auto, (max-width: 1280px) 100vw, 1280px\" title=\"\"><\/a><\/figure>\n\n<h2 class=\"gb-headline gb-headline-5fad375d gb-headline-text\"><a href=\"https:\/\/sellfies.com\/sv\/7x-den-basta-utrustningen-for-att-ta-sexiga-bilder\/\">7x den b\u00e4sta utrustningen f\u00f6r att ta sexiga bilder<\/a><\/h2>\n<\/div><\/article><\/div>\n\n<div class=\"gb-grid-column gb-grid-column-081d1f68 gb-query-loop-item post-9001 post type-post status-publish format-standard has-post-thumbnail hentry category-okategoriserad\"><article class=\"gb-container gb-container-081d1f68 uk-card uk-card-default\"><div class=\"gb-inside-container\">\n<figure class=\"wp-block-post-featured-image\"><a href=\"https:\/\/sellfies.com\/sv\/det-basta-stativet-for-selfies-fran-kamera-och-telefon\/\" target=\"_self\"  ><img loading=\"lazy\" decoding=\"async\" width=\"1200\" height=\"800\" src=\"https:\/\/sellfies.com\/wp-content\/uploads\/2023\/01\/62d5393d3b768539906498.jpg\" class=\"attachment-post-thumbnail size-post-thumbnail wp-post-image\" alt=\"Det b\u00e4sta stativet f\u00f6r selfies fr\u00e5n kamera och telefon\" style=\"object-fit:cover;\" srcset=\"https:\/\/sellfies.com\/wp-content\/uploads\/2023\/01\/62d5393d3b768539906498.jpg 1200w, https:\/\/sellfies.com\/wp-content\/uploads\/2023\/01\/62d5393d3b768539906498-300x200.jpg 300w, https:\/\/sellfies.com\/wp-content\/uploads\/2023\/01\/62d5393d3b768539906498-1024x683.jpg 1024w, https:\/\/sellfies.com\/wp-content\/uploads\/2023\/01\/62d5393d3b768539906498-768x512.jpg 768w\" sizes=\"auto, (max-width: 1200px) 100vw, 1200px\" title=\"\"><\/a><\/figure>\n\n<h2 class=\"gb-headline gb-headline-5fad375d gb-headline-text\"><a href=\"https:\/\/sellfies.com\/sv\/det-basta-stativet-for-selfies-fran-kamera-och-telefon\/\">Det b\u00e4sta stativet f\u00f6r selfies fr\u00e5n kamera och telefon<\/a><\/h2>\n<\/div><\/article><\/div>\n\n<div class=\"gb-grid-column gb-grid-column-081d1f68 gb-query-loop-item post-9013 post type-post status-publish format-standard has-post-thumbnail hentry category-okategoriserad\"><article class=\"gb-container gb-container-081d1f68 uk-card uk-card-default\"><div class=\"gb-inside-container\">\n<figure class=\"wp-block-post-featured-image\"><a href=\"https:\/\/sellfies.com\/sv\/hur-man-tar-vackra-bilder-som-kandisar\/\" target=\"_self\"  ><img loading=\"lazy\" decoding=\"async\" width=\"800\" height=\"800\" src=\"https:\/\/sellfies.com\/wp-content\/uploads\/2023\/01\/622fc2697ec8c453694774.jpg\" class=\"attachment-post-thumbnail size-post-thumbnail wp-post-image\" alt=\"Hur man tar vackra bilder som k\u00e4ndisar?\" style=\"object-fit:cover;\" srcset=\"https:\/\/sellfies.com\/wp-content\/uploads\/2023\/01\/622fc2697ec8c453694774.jpg 800w, https:\/\/sellfies.com\/wp-content\/uploads\/2023\/01\/622fc2697ec8c453694774-300x300.jpg 300w, https:\/\/sellfies.com\/wp-content\/uploads\/2023\/01\/622fc2697ec8c453694774-150x150.jpg 150w, https:\/\/sellfies.com\/wp-content\/uploads\/2023\/01\/622fc2697ec8c453694774-768x768.jpg 768w\" sizes=\"auto, (max-width: 800px) 100vw, 800px\" title=\"\"><\/a><\/figure>\n\n<h2 class=\"gb-headline gb-headline-5fad375d gb-headline-text\"><a href=\"https:\/\/sellfies.com\/sv\/hur-man-tar-vackra-bilder-som-kandisar\/\">Hur man tar vackra bilder som k\u00e4ndisar?<\/a><\/h2>\n<\/div><\/article><\/div>\n\n<div class=\"gb-grid-column gb-grid-column-081d1f68 gb-query-loop-item post-8999 post type-post status-publish format-standard has-post-thumbnail hentry category-okategoriserad\"><article class=\"gb-container gb-container-081d1f68 uk-card uk-card-default\"><div class=\"gb-inside-container\">\n<figure class=\"wp-block-post-featured-image\"><a href=\"https:\/\/sellfies.com\/sv\/de-7-basta-platserna-att-ta-selfies-hemma-och-utomhus\/\" target=\"_self\"  ><img loading=\"lazy\" decoding=\"async\" width=\"1200\" height=\"800\" src=\"https:\/\/sellfies.com\/wp-content\/uploads\/2023\/01\/62bac7572487e824908335.jpg\" class=\"attachment-post-thumbnail size-post-thumbnail wp-post-image\" alt=\"De 7 b\u00e4sta platserna att ta selfies hemma och utomhus\" style=\"object-fit:cover;\" srcset=\"https:\/\/sellfies.com\/wp-content\/uploads\/2023\/01\/62bac7572487e824908335.jpg 1200w, https:\/\/sellfies.com\/wp-content\/uploads\/2023\/01\/62bac7572487e824908335-300x200.jpg 300w, https:\/\/sellfies.com\/wp-content\/uploads\/2023\/01\/62bac7572487e824908335-1024x683.jpg 1024w, https:\/\/sellfies.com\/wp-content\/uploads\/2023\/01\/62bac7572487e824908335-768x512.jpg 768w\" sizes=\"auto, (max-width: 1200px) 100vw, 1200px\" title=\"\"><\/a><\/figure>\n\n<h2 class=\"gb-headline gb-headline-5fad375d gb-headline-text\"><a href=\"https:\/\/sellfies.com\/sv\/de-7-basta-platserna-att-ta-selfies-hemma-och-utomhus\/\">De 7 b\u00e4sta platserna att ta selfies hemma och utomhus<\/a><\/h2>\n<\/div><\/article><\/div>\n\n<div class=\"gb-grid-column gb-grid-column-081d1f68 gb-query-loop-item post-9015 post type-post status-publish format-standard has-post-thumbnail hentry category-okategoriserad\"><article class=\"gb-container gb-container-081d1f68 uk-card uk-card-default\"><div class=\"gb-inside-container\">\n<figure class=\"wp-block-post-featured-image\"><a href=\"https:\/\/sellfies.com\/sv\/2-tips-for-basta-belysning-for-selfies\/\" target=\"_self\"  ><img loading=\"lazy\" decoding=\"async\" width=\"1200\" height=\"800\" src=\"https:\/\/sellfies.com\/wp-content\/uploads\/2023\/01\/62bd4388d7c27491849283.jpg\" class=\"attachment-post-thumbnail size-post-thumbnail wp-post-image\" alt=\"2 tips f\u00f6r b\u00e4sta belysning f\u00f6r selfies\" style=\"object-fit:cover;\" srcset=\"https:\/\/sellfies.com\/wp-content\/uploads\/2023\/01\/62bd4388d7c27491849283.jpg 1200w, https:\/\/sellfies.com\/wp-content\/uploads\/2023\/01\/62bd4388d7c27491849283-300x200.jpg 300w, https:\/\/sellfies.com\/wp-content\/uploads\/2023\/01\/62bd4388d7c27491849283-1024x683.jpg 1024w, https:\/\/sellfies.com\/wp-content\/uploads\/2023\/01\/62bd4388d7c27491849283-768x512.jpg 768w\" sizes=\"auto, (max-width: 1200px) 100vw, 1200px\" title=\"\"><\/a><\/figure>\n\n<h2 class=\"gb-headline gb-headline-5fad375d gb-headline-text\"><a href=\"https:\/\/sellfies.com\/sv\/2-tips-for-basta-belysning-for-selfies\/\">2 tips f\u00f6r b\u00e4sta belysning f\u00f6r selfies<\/a><\/h2>\n<\/div><\/article><\/div>\n\n<div class=\"gb-grid-column gb-grid-column-081d1f68 gb-query-loop-item post-9003 post type-post status-publish format-standard has-post-thumbnail hentry category-okategoriserad\"><article class=\"gb-container gb-container-081d1f68 uk-card uk-card-default\"><div class=\"gb-inside-container\">\n<figure class=\"wp-block-post-featured-image\"><a href=\"https:\/\/sellfies.com\/sv\/hur-man-tar-en-bra-selfie-fran-gymmet\/\" target=\"_self\"  ><img loading=\"lazy\" decoding=\"async\" width=\"736\" height=\"1128\" src=\"https:\/\/sellfies.com\/wp-content\/uploads\/2020\/05\/62c6ccc50af46535313692.jpg\" class=\"attachment-post-thumbnail size-post-thumbnail wp-post-image\" alt=\"Hur man tar en bra selfie fr\u00e5n gymmet\" style=\"object-fit:cover;\" srcset=\"https:\/\/sellfies.com\/wp-content\/uploads\/2020\/05\/62c6ccc50af46535313692.jpg 736w, https:\/\/sellfies.com\/wp-content\/uploads\/2020\/05\/62c6ccc50af46535313692-196x300.jpg 196w, https:\/\/sellfies.com\/wp-content\/uploads\/2020\/05\/62c6ccc50af46535313692-668x1024.jpg 668w\" sizes=\"auto, (max-width: 736px) 100vw, 736px\" title=\"\"><\/a><\/figure>\n\n<h2 class=\"gb-headline gb-headline-5fad375d gb-headline-text\"><a href=\"https:\/\/sellfies.com\/sv\/hur-man-tar-en-bra-selfie-fran-gymmet\/\">Hur man tar en bra selfie fr\u00e5n gymmet<\/a><\/h2>\n<\/div><\/article><\/div>\n<\/div>\n\n<\/div><\/div>","protected":false},"excerpt":{"rendered":"","protected":false},"author":5,"featured_media":0,"parent":0,"menu_order":0,"comment_status":"closed","ping_status":"closed","template":"","meta":{"_acf_changed":false,"footnotes":""},"class_list":["post-8333","page","type-page","status-publish"],"acf":[],"_links":{"self":[{"href":"https:\/\/sellfies.com\/sv\/wp-json\/wp\/v2\/pages\/8333","targetHints":{"allow":["GET"]}}],"collection":[{"href":"https:\/\/sellfies.com\/sv\/wp-json\/wp\/v2\/pages"}],"about":[{"href":"https:\/\/sellfies.com\/sv\/wp-json\/wp\/v2\/types\/page"}],"author":[{"embeddable":true,"href":"https:\/\/sellfies.com\/sv\/wp-json\/wp\/v2\/users\/5"}],"replies":[{"embeddable":true,"href":"https:\/\/sellfies.com\/sv\/wp-json\/wp\/v2\/comments?post=8333"}],"version-history":[{"count":3,"href":"https:\/\/sellfies.com\/sv\/wp-json\/wp\/v2\/pages\/8333\/revisions"}],"predecessor-version":[{"id":10013,"href":"https:\/\/sellfies.com\/sv\/wp-json\/wp\/v2\/pages\/8333\/revisions\/10013"}],"wp:attachment":[{"href":"https:\/\/sellfies.com\/sv\/wp-json\/wp\/v2\/media?parent=8333"}],"curies":[{"name":"wp","href":"https:\/\/api.w.org\/{rel}","templated":true}]}}