{"id":8344,"date":"2020-04-11T17:03:07","date_gmt":"2020-04-11T17:03:07","guid":{"rendered":"https:\/\/sellfies.com\/?page_id=8344"},"modified":"2025-12-01T14:32:43","modified_gmt":"2025-12-01T14:32:43","slug":"hem","status":"publish","type":"page","link":"https:\/\/sellfies.com\/sv\/","title":{"rendered":"Hem"},"content":{"rendered":"<div class=\"gb-container gb-container-1f4ad87b height-100 bg-overlay\" style=\"--background-image: url(https:\/\/sellfies.com\/wp-content\/uploads\/2025\/11\/header-img-sellfies-2.jpg);\"><div class=\"gb-inside-container\">\n\n<div class=\"wp-block-columns is-layout-flex wp-container-core-columns-is-layout-9d6595d7 wp-block-columns-is-layout-flex\">\n<div class=\"wp-block-column is-layout-flow wp-block-column-is-layout-flow\" style=\"flex-basis:66%\">\n<h1 class=\"gb-headline gb-headline-0089506d gb-headline-text\">Tj\u00e4na pengar med dina selfies<\/h1>\n\n\n\n<p class=\"gb-headline gb-headline-f69b4f57 gb-headline-text\">Vi k\u00f6per dina vanliga och privata bilder<\/p>\n\n\n\n<a class=\"gb-button gb-button-2e4a7042 gb-button-text button-effect\" href=\"https:\/\/my.sellfies.com\/se\/register\">Kom ig\u00e5ng h\u00e4r<\/a>\n\n\n\n<p class=\"gb-headline gb-headline-e234d23f\"><span class=\"gb-icon\"><svg aria-hidden=\"true\" role=\"img\" height=\"1em\" width=\"1em\" viewBox=\"0 0 512 512\" xmlns=\"http:\/\/www.w3.org\/2000\/svg\"><path fill=\"currentColor\" d=\"M462.3 62.6C407.5 15.9 326 24.3 275.7 76.2L256 96.5l-19.7-20.3C186.1 24.3 104.5 15.9 49.7 62.6c-62.8 53.6-66.1 149.8-9.9 207.9l193.5 199.8c12.5 12.9 32.8 12.9 45.3 0l193.5-199.8c56.3-58.1 53-154.3-9.8-207.9z\"><\/path><\/svg><\/span><span class=\"gb-headline-text\">H\u00f6g efterfr\u00e5gan f\u00f6r kvinnor 45+<\/span><\/p>\n<\/div>\n\n\n\n<div class=\"wp-block-column price is-layout-flow wp-block-column-is-layout-flow\" style=\"flex-basis:33%\">\n<div>\n                                                <div class=\"uk-child-width-1@m uk-grid-small uk-grid-match\" uk-grid>\n                                                                                            <div uk-scrollspy=\"cls: uk-animation-slide-bottom-small; delay: 200; repeat: false\">\n                                    <div class=\"uk-card uk-card-default uk-card-body uk-text-center price-box\">\n                                        <span class=\"banner uk-text-white\" style=\"background-color: #f49ebc\"> \n                                            Betalning \n                                        <\/span>\n                                        <dt>10 foton<\/dt>\n                                        <span class=\"text-price uk-text-emphasis uk-text-large\">\u20ac 15,00<\/span>\n                                        <div class=\"content\">\n                                            <p><!-- wp:paragraph --><\/p>\n<p>Ladda upp ett komplett bildpaket f\u00f6r att bli betald. Du best\u00e4mmer vilket paket som passar dig b\u00e4st.<\/p>\n<p><!-- \/wp:paragraph --><\/p>\n                                        <\/div>\n                                    <\/div>\n                                <\/div> \n                                                    <\/div>\n                                            <\/div>\n<\/div>\n<\/div>\n\n<\/div><\/div>\n\n<div class=\"gb-container gb-container-917fef5e how-it-work uk-background-muted\"><div class=\"gb-inside-container\">\n<div class=\"gb-container gb-container-a2c3af77\"><div class=\"gb-inside-container\">\n\n<h2 class=\"gb-headline gb-headline-e6296c19 gb-headline-text uk-text-center\">Hur det fungerar<\/h2>\n\n\n<div class=\"gb-container gb-container-73445b77\"><div class=\"gb-inside-container\">\n<div class=\"gb-grid-wrapper gb-grid-wrapper-57022b54\">\n<div class=\"gb-grid-column gb-grid-column-0bc62948\"><div class=\"gb-container gb-container-0bc62948 uk-card uk-card-default uk-card-body uk-text-center uk-scrollspy-inview \"><div class=\"gb-inside-container\">\n\n<figure class=\"wp-block-image size-full uk-text-center\"><img loading=\"lazy\" decoding=\"async\" width=\"84\" height=\"84\" src=\"https:\/\/sellfies.com\/wp-content\/uploads\/2023\/01\/icon-howitwork1.png\" alt=\"&amp;\" class=\"wp-image-5060\" title=\"\"><\/figure>\n\n\n\n<h2 class=\"gb-headline gb-headline-766d2430 gb-headline-text uk-text-center\">1. Skapa konto<\/h2>\n\n\n\n<p class=\"uk-text-center uk-text-secondary\" style=\"font-size:18px\">Registrera dig och verifiera ditt konto f\u00f6r att bli redo att ladda upp dina selfies<\/p>\n\n<\/div><\/div><\/div>\n\n<div class=\"gb-grid-column gb-grid-column-251db445\"><div class=\"gb-container gb-container-251db445 uk-card uk-card-default uk-card-body uk-text-center uk-scrollspy-inview \"><div class=\"gb-inside-container\">\n\n<figure class=\"wp-block-image size-full uk-text-center\"><img loading=\"lazy\" decoding=\"async\" width=\"84\" height=\"84\" src=\"https:\/\/sellfies.com\/wp-content\/uploads\/2023\/01\/icon-howitwork2.png\" alt=\"&amp;\" class=\"wp-image-5061\" title=\"\"><\/figure>\n\n\n\n<h2 class=\"gb-headline gb-headline-deae9ec2 gb-headline-text uk-text-center\">2. Ladda upp selfies<\/h2>\n\n\n\n<p class=\"uk-text-center uk-text-secondary\" style=\"font-size:18px\">Ladda enkelt upp gamla eller nya selfies. Vi ger dig tips f\u00f6r framg\u00e5ng.<\/p>\n\n<\/div><\/div><\/div>\n\n<div class=\"gb-grid-column gb-grid-column-35ed1aaf\"><div class=\"gb-container gb-container-35ed1aaf uk-card uk-card-default uk-card-body uk-text-center uk-scrollspy-inview \"><div class=\"gb-inside-container\">\n\n<figure class=\"wp-block-image size-full uk-text-center\"><img loading=\"lazy\" decoding=\"async\" width=\"84\" height=\"84\" src=\"https:\/\/sellfies.com\/wp-content\/uploads\/2023\/01\/icon-howitwork4-4.png\" alt=\"&amp;\" class=\"wp-image-5392\" title=\"\"><\/figure>\n\n\n\n<h2 class=\"gb-headline gb-headline-23a829fe gb-headline-text uk-text-center\">3. Bli godk\u00e4nd<\/h2>\n\n\n\n<p class=\"uk-text-center uk-text-secondary\" style=\"font-size:18px\">V\u00e5rt team kontrollerar om din uppladdning uppfyller v\u00e5ra krav.<\/p>\n\n<\/div><\/div><\/div>\n\n<div class=\"gb-grid-column gb-grid-column-4f7e69ff\"><div class=\"gb-container gb-container-4f7e69ff uk-card uk-card-default uk-card-body uk-text-center uk-scrollspy-inview \"><div class=\"gb-inside-container\">\n\n<figure class=\"wp-block-image size-full uk-text-center\"><img loading=\"lazy\" decoding=\"async\" width=\"84\" height=\"84\" src=\"https:\/\/sellfies.com\/wp-content\/uploads\/2023\/01\/icon-howitwork4.png\" alt=\"&amp;\" class=\"wp-image-5062\" title=\"\"><\/figure>\n\n\n\n<h2 class=\"gb-headline gb-headline-743fc371 gb-headline-text uk-text-center\">4. Bli kompenserad<\/h2>\n\n\n\n<p class=\"uk-text-center uk-text-secondary\" style=\"font-size:18px\">N\u00e4r allt \u00e4r i sin ordning skickas betalningen via den betalningsleverant\u00f6r du har valt.<\/p>\n\n<\/div><\/div><\/div>\n<\/div>\n<\/div><\/div>\n<\/div><\/div>\n<\/div><\/div>\n\n<div class=\"gb-container gb-container-1c3ca7e0 uk-background-muted\"><div class=\"gb-inside-container\">\n<div class=\"gb-container gb-container-79feb26c\">\n<div class=\"gb-container gb-container-3ae95900\">\n\n<h2 class=\"gb-headline gb-headline-4fa99e77 gb-headline-text\">Dina bilder kan tr\u00e4na n\u00e4sta generations AI<\/h2>\n\n\n\n<p class=\"uk-text-secondary\">Dina bilder kan g\u00f6ra mer \u00e4n att vara kvar i din kamerarulle.<\/p>\n\n\n\n<p class=\"uk-text-secondary\">Vi k\u00f6per personliga bilder f\u00f6r att hj\u00e4lpa till att tr\u00e4na n\u00e4sta generations AI-system. Vi l\u00e4r systemen att se, f\u00f6rst\u00e5 och \u00e5terskapa den m\u00e4nskliga v\u00e4rlden med precision och respekt.<\/p>\n\n\n\n<p class=\"uk-text-secondary\">Medan de flesta bilder anv\u00e4nds f\u00f6r utveckling av AI-modeller och visuell forskning, kan vissa \u00e4ven komma att visas p\u00e5 godk\u00e4nda underh\u00e5llnings- eller kreativa plattformar d\u00e4r autenticitet v\u00e4rderas h\u00f6gst.<\/p>\n\n\n\n<p class=\"uk-text-secondary\">Varje bild hj\u00e4lper till att skapa framtiden! Och ja, du blir betald f\u00f6r det.<\/p>\n\n<\/div>\n\n<div class=\"gb-container gb-container-21ed567c\">\n\n<figure class=\"gb-block-image gb-block-image-4d4dcda5\"><img loading=\"lazy\" decoding=\"async\" width=\"600\" height=\"600\" class=\"gb-image gb-image-4d4dcda5\" src=\"https:\/\/sellfies.com\/wp-content\/uploads\/2025\/10\/selfies-train-ai.png\" alt=\"&amp;\" title=\"selfies train ai\" srcset=\"https:\/\/sellfies.com\/wp-content\/uploads\/2025\/10\/selfies-train-ai.png 600w, https:\/\/sellfies.com\/wp-content\/uploads\/2025\/10\/selfies-train-ai-300x300.png 300w, https:\/\/sellfies.com\/wp-content\/uploads\/2025\/10\/selfies-train-ai-150x150.png 150w\" sizes=\"auto, (max-width: 600px) 100vw, 600px\"><\/figure>\n\n<\/div>\n<\/div>\n<\/div><\/div>\n\n<div class=\"gb-container gb-container-ddf78055 uk-background-muted\"><div class=\"gb-inside-container\">\n<div class=\"gb-container gb-container-ac0c31f8\">\n\n<h2 class=\"gb-headline gb-headline-09692866 gb-headline-text uk-text-center\">Vilken kompensation kan du f\u00f6rv\u00e4nta dig?<\/h2>\n\n<\/div>\n\n<div class=\"gb-container gb-container-c644e2e4\">\n<div class=\"gb-container gb-container-75512e1a\">\n\n<div>\n                                                <div class=\"uk-child-width-1-2@m uk-grid-small uk-grid-match\" uk-grid>\n                                                                                            <div uk-scrollspy=\"cls: uk-animation-slide-bottom-small; delay: 200; repeat: false\">\n                                    <div class=\"uk-card uk-card-default uk-card-body uk-text-center price-box\">\n                                        <span align=\"center\" class=\"banner uk-background-secondary uk-text-white\" style=\"background-color: #f49ebc\"> \n                                            Minsta insats \n                                        <\/span>\n                                        <dt>Minimum<\/dt>\n                                        <span class=\"text-price uk-text-emphasis uk-text-large\">\u20ac 7,50<\/span>\n                                        <div class=\"content\">\n                                            <p><!-- wp:paragraph --><\/p>\n<p>Vardagsbilder som visar ditt naturliga utseende och livsstil. Enkla, avslappnade och l\u00e4tt att skapa.<\/p>\n<p><!-- \/wp:paragraph --><\/p>\n                                        <\/div>\n                                    <\/div>\n                                <\/div> \n                                                                                            <div uk-scrollspy=\"cls: uk-animation-slide-bottom-small; delay: 200; repeat: false\">\n                                    <div class=\"uk-card uk-card-default uk-card-body uk-text-center price-box\">\n                                        <span align=\"center\" class=\"banner uk-background-secondary uk-text-white\" style=\"background-color: #6944ce\"> \n                                            H\u00f6gst ers\u00e4ttning \n                                        <\/span>\n                                        <dt>Maximum<\/dt>\n                                        <span class=\"text-price uk-text-emphasis uk-text-large\">\u20ac 15,00<\/span>\n                                        <div class=\"content\">\n                                            <p><!-- wp:paragraph --><\/p>\n<p>L\u00e4gg till n\u00e5gra foton som visar en modigare sida av dig sj\u00e4lv. Alltid p\u00e5 dina villkor, inom din bekv\u00e4mlighetszon.<\/p>\n<p><!-- \/wp:paragraph --><\/p>\n                                        <\/div>\n                                    <\/div>\n                                <\/div> \n                                                    <\/div>\n                                            <\/div>\n\n<\/div>\n\n<div class=\"gb-container gb-container-a43b49be\">\n\n<p class=\"uk-text-secondary\">Vi g\u00f6r det enkelt med tv\u00e5 paket, var och ett med sin egen fotostil.<\/p>\n\n\n\n<p class=\"uk-text-secondary\">Hur mycket du tj\u00e4nar beror p\u00e5 vilket paket du v\u00e4ljer. Varje paket ger en r\u00e4ttvis ers\u00e4ttning baserad p\u00e5 vilken typ av foton du laddar upp och vad du k\u00e4nner dig bekv\u00e4m med.<\/p>\n\n\n\n<p class=\"uk-text-secondary\">Du best\u00e4mmer vilka foton du vill ladda upp och vilket paket som passar dig b\u00e4st. Dela det som k\u00e4nns r\u00e4tt, och f\u00e5 betalt f\u00f6r att hj\u00e4lpa till att f\u00f6rb\u00e4ttra framtidens AI.<\/p>\n\n\n<div class=\"gb-button-wrapper gb-button-wrapper-1aef189e\">\n\n<a class=\"gb-button gb-button-281814e5 gb-button-text button-effect\" href=\"https:\/\/my.sellfies.com\/se\/register\">Skapa mitt konto<\/a>\n\n<\/div>\n<\/div>\n<\/div>\n<\/div><\/div>\n\n<div class=\"gb-container gb-container-86a5b7a8 uk-background-muted\"><div class=\"gb-inside-container\">\n<div class=\"gb-container gb-container-fa76f420\">\n<div class=\"gb-container gb-container-a6210d3a\">\n\n<h2 class=\"gb-headline gb-headline-a1436818 gb-headline-text\">Sprid ordet, bli bel\u00f6nad<\/h2>\n\n\n\n<p class=\"uk-text-secondary\">K\u00e4nner du n\u00e5gon som skulle gilla att anv\u00e4nda Sellfies? Bjud in dem via din unika l\u00e4nk och tj\u00e4na pengar n\u00e4r de g\u00f6r en f\u00f6rs\u00e4ljning.<\/p>\n\n\n\n<p class=\"uk-text-secondary\">Det \u00e4r snabbt, enkelt och l\u00f6nsamt. Och det finns ingen gr\u00e4ns f\u00f6r hur m\u00e5nga du kan bjuda in.<\/p>\n\n\n\n<p class=\"uk-text-secondary\">Dela din l\u00e4nk var du \u00e4n vill och se dina int\u00e4kter v\u00e4xa f\u00f6r varje lyckad rekrytering.<\/p>\n\n<\/div>\n\n<div class=\"gb-container gb-container-8edf0704\">\n\n<figure class=\"gb-block-image gb-block-image-71526a36\"><img loading=\"lazy\" decoding=\"async\" width=\"600\" height=\"600\" class=\"gb-image gb-image-71526a36\" src=\"https:\/\/sellfies.com\/wp-content\/uploads\/2025\/10\/sellfies-referral.png\" alt=\"&amp;\" title=\"sellfies-referral\" srcset=\"https:\/\/sellfies.com\/wp-content\/uploads\/2025\/10\/sellfies-referral.png 600w, https:\/\/sellfies.com\/wp-content\/uploads\/2025\/10\/sellfies-referral-300x300.png 300w, https:\/\/sellfies.com\/wp-content\/uploads\/2025\/10\/sellfies-referral-150x150.png 150w\" sizes=\"auto, (max-width: 600px) 100vw, 600px\"><\/figure>\n\n<\/div>\n<\/div>\n<\/div><\/div>\n\n<div class=\"gb-container gb-container-3468854c reviews\"><div class=\"gb-inside-container\">\n\n<div class=\"wp-block-columns is-layout-flex wp-container-core-columns-is-layout-9d6595d7 wp-block-columns-is-layout-flex\">\n<div class=\"wp-block-column uk-margin-large-top is-layout-flow wp-block-column-is-layout-flow\">\n<h2 class=\"gb-headline gb-headline-ba2b1883 gb-headline-text\">Vad andra kvinnor tycker om Sellfies<\/h2>\n<\/div>\n<\/div>\n\n\n<div class=\"gb-grid-wrapper gb-grid-wrapper-163f4b68\">\n<div class=\"gb-grid-column gb-grid-column-9864fee8\"><div class=\"gb-container gb-container-9864fee8 uk-card uk-card-default\"><div class=\"gb-inside-container\">\n\n<p>Jag var nerv\u00f6s f\u00f6r att g\u00f6ra det, orolig f\u00f6r att jag inte skulle f\u00e5 betalt. Mina pengar kom idag och det var ganska enkelt. Den extra inkomsten beh\u00f6vs verkligen just nu, s\u00e5 det var en fantastisk k\u00e4nsla. Jag fick snabbt svar p\u00e5 alla e-postmeddelanden jag skickade.<br>Tack Selfies!<\/p>\n\n\n\n<p>&#8211; <a href=\"https:\/\/se.trustpilot.com\/reviews\/63605f83252cba2c02cb65da\" data-type=\"link\" data-id=\"https:\/\/se.trustpilot.com\/reviews\/63605f83252cba2c02cb65da\" target=\"_blank\" rel=\"noopener\">Delise, USA<\/a><\/p>\n\n\n\n<div class=\"gb-headline gb-headline-b6257b22\"><span class=\"gb-icon\"><svg xmlns=\"http:\/\/www.w3.org\/2000\/svg\" viewBox=\"0 0 32 32\" fill=\"#000000\"><g stroke-width=\"0\" id=\"SVGRepo_bgCarrier\"><\/g><g stroke-linejoin=\"round\" stroke-linecap=\"round\" id=\"SVGRepo_tracerCarrier\"><\/g><g id=\"SVGRepo_iconCarrier\"><path d=\"M16 4.588l2.833 8.719H28l-7.416 5.387 2.832 8.719L16 22.023l-7.417 5.389 2.833-8.719L4 13.307h9.167L16 4.588z\"><\/path><\/g><\/svg><\/span><span class=\"gb-headline-text\"><a href=\"https:\/\/se.trustpilot.com\/reviews\/63605f83252cba2c02cb65da\" target=\"_blank\" data-type=\"link\" data-id=\"https:\/\/se.trustpilot.com\/reviews\/63605f83252cba2c02cb65da\" rel=\"noreferrer noopener\">Trustpilot<\/a><\/span><\/div>\n\n<\/div><\/div><\/div>\n\n<div class=\"gb-grid-column gb-grid-column-fa7df162\"><div class=\"gb-container gb-container-fa7df162 uk-card uk-card-default\"><div class=\"gb-inside-container\">\n\n<p>Jag f\u00f6ljde instruktionerna, laddade upp bilderna. Inom en halvtimme var de godk\u00e4nda och jag fick betalt efter tv\u00e5 dagar (eftersom det var helg)<\/p>\n\n\n\n<p>&#8211; <a href=\"https:\/\/se.trustpilot.com\/reviews\/6315b6396a3e1ed2c3c9efe4\" data-type=\"link\" data-id=\"https:\/\/se.trustpilot.com\/reviews\/6315b6396a3e1ed2c3c9efe4\" target=\"_blank\" rel=\"noopener\">Angela, Serbien<\/a><\/p>\n\n\n\n<div class=\"gb-headline gb-headline-02382501\"><span class=\"gb-icon\"><svg xmlns=\"http:\/\/www.w3.org\/2000\/svg\" viewBox=\"0 0 32 32\" fill=\"#000000\"><g stroke-width=\"0\" id=\"SVGRepo_bgCarrier\"><\/g><g stroke-linejoin=\"round\" stroke-linecap=\"round\" id=\"SVGRepo_tracerCarrier\"><\/g><g id=\"SVGRepo_iconCarrier\"><path d=\"M16 4.588l2.833 8.719H28l-7.416 5.387 2.832 8.719L16 22.023l-7.417 5.389 2.833-8.719L4 13.307h9.167L16 4.588z\"><\/path><\/g><\/svg><\/span><span class=\"gb-headline-text\"><a href=\"https:\/\/se.trustpilot.com\/reviews\/6315b6396a3e1ed2c3c9efe4\" target=\"_blank\" data-type=\"link\" data-id=\"https:\/\/se.trustpilot.com\/reviews\/6315b6396a3e1ed2c3c9efe4\" rel=\"noreferrer noopener\">Trustpilot<\/a><\/span><\/div>\n\n<\/div><\/div><\/div>\n\n<div class=\"gb-grid-column gb-grid-column-c7ac6271\"><div class=\"gb-container gb-container-c7ac6271 uk-card uk-card-default\"><div class=\"gb-inside-container\">\n\n<p>Jag \u00e4r s\u00e5 lycklig att jag hittade Selfies! Det var s\u00e5 l\u00e4tt att g\u00e5 igenom allt och jag fick betalt v\u00e4ldigt snabbt ocks\u00e5. Och vem vill inte ha lite extra pengar? R\u00e4kna med mig!<\/p>\n\n\n\n<p>&#8211; <a href=\"https:\/\/se.trustpilot.com\/reviews\/631058ce7f7a8621ee4f303f\" data-type=\"link\" data-id=\"https:\/\/se.trustpilot.com\/reviews\/631058ce7f7a8621ee4f303f\" target=\"_blank\" rel=\"noopener\">Mina, Grekland<\/a><\/p>\n\n\n\n<div class=\"gb-headline gb-headline-7fdddcb6\"><span class=\"gb-icon\"><svg xmlns=\"http:\/\/www.w3.org\/2000\/svg\" viewBox=\"0 0 32 32\" fill=\"#000000\"><g stroke-width=\"0\" id=\"SVGRepo_bgCarrier\"><\/g><g stroke-linejoin=\"round\" stroke-linecap=\"round\" id=\"SVGRepo_tracerCarrier\"><\/g><g id=\"SVGRepo_iconCarrier\"><path d=\"M16 4.588l2.833 8.719H28l-7.416 5.387 2.832 8.719L16 22.023l-7.417 5.389 2.833-8.719L4 13.307h9.167L16 4.588z\"><\/path><\/g><\/svg><\/span><span class=\"gb-headline-text\"><a href=\"https:\/\/se.trustpilot.com\/reviews\/631058ce7f7a8621ee4f303f\" target=\"_blank\" data-type=\"link\" data-id=\"https:\/\/se.trustpilot.com\/reviews\/631058ce7f7a8621ee4f303f\" rel=\"noreferrer noopener\">Trustpilot<\/a><\/span><\/div>\n\n<\/div><\/div><\/div>\n<\/div>\n<\/div><\/div>\n\n<div class=\"gb-container gb-container-8e7766e7 faq\"><div class=\"gb-inside-container\">\n\n<div class=\"wp-block-columns is-layout-flex wp-container-core-columns-is-layout-9d6595d7 wp-block-columns-is-layout-flex\">\n<div class=\"wp-block-column is-layout-flow wp-block-column-is-layout-flow\">\n<h2 class=\"gb-headline gb-headline-d093903a gb-headline-text\">Vi har svar p\u00e5 alla dina fr\u00e5gor<\/h2>\n\n\n\n<div style=\"height:18px\" aria-hidden=\"true\" class=\"wp-block-spacer\"><\/div>\n\n\n\n<p class=\"gb-headline gb-headline-3118a45b gb-headline-text\">F\u00f6r mer information, se v\u00e5ra <a href=\"https:\/\/sellfies.com\/sv\/faqs\/\" data-type=\"page\" data-id=\"8340\">vanliga fr\u00e5gor<\/a><\/p>\n<\/div>\n\n\n\n<div class=\"wp-block-column is-layout-flow wp-block-column-is-layout-flow\">\n<p><strong>Vilken typ av kvinnor letar Sellfies efter?<\/strong><\/p>\n\n\n\n<p>Vi letar efter kvinnor i alla former, storlekar och \u00e5ldrar. Professionellt stylade modeller och studiobilder \u00e4r inte det vi \u00e4r ute efter.<\/p>\n\n\n\n<p>Vi s\u00f6ker verkliga kvinnor med \u00e4kta foton. Du som trivs framf\u00f6r kameran och k\u00e4nner dig trygg i dig sj\u00e4lv och din kropp \u2013 varmt v\u00e4lkommen!<\/p>\n\n\n\n<p><strong>Kan jag ans\u00f6ka om jag \u00e4r en \u00e4ldre kvinna?<\/strong><\/p>\n\n\n\n<p>Ja! Ja tack! Du \u00e4r precis den modell vi letar efter. Du och din kropp har upplevt livet \u2013 och det \u00e4r n\u00e5got att vara stolt \u00f6ver och fira. Var absolut inte r\u00e4dd f\u00f6r att anm\u00e4la dig!<\/p>\n\n\n\n<p><strong>Kan jag vara anonym?<\/strong><\/p>\n\n\n\n<p>Anonymitet \u00e4r en avg\u00f6rande del av Sellfies. Vi g\u00f6r allt vi kan f\u00f6r att du ska f\u00f6rbli anonym. Ditt namn eller andra personliga uppgifter anv\u00e4nds aldrig, annat \u00e4n f\u00f6r betalningar och n\u00f6dv\u00e4ndig administration.<\/p>\n\n\n\n<p><strong>Hur anv\u00e4nds mina bilder och till vad?<\/strong><\/p>\n\n\n\n<p>Dina foton anv\u00e4nds f\u00f6r att hj\u00e4lpa AI-system att se och f\u00f6rst\u00e5 v\u00e4rlden b\u00e4ttre. En del kan ocks\u00e5 anv\u00e4ndas i forskning eller kreativa projekt som beh\u00f6ver \u00e4kta, vardagliga bilder. De visas aldrig i s\u00f6kmotorer eller p\u00e5 sociala medier, och dina personliga uppgifter delas aldrig.<\/p>\n<\/div>\n<\/div>\n\n<\/div><\/div>\n\n<div class=\"gb-container gb-container-686c4b9c parallax large uk-position-relative\"><div class=\"gb-inside-container\">\n<div class=\"gb-container gb-container-9029c7e0\"><div class=\"gb-inside-container\">\n\n<h2 class=\"gb-headline gb-headline-cd3a9929 gb-headline-text\">Bli betald f\u00f6r dina selfies idag<\/h2>\n\n\n\n<h3 class=\"gb-headline gb-headline-490c1d3d gb-headline-text\">Ladda upp bilder p\u00e5 dig sj\u00e4lv och tj\u00e4na pengar p\u00e5 dem<\/h3>\n\n\n\n<a class=\"gb-button gb-button-8057e95d gb-button-text button-effect uk-align-center\" href=\"https:\/\/my.sellfies.com\/se\/register\">Skapa mitt konto<\/a>\n\n<\/div><\/div>\n<\/div><\/div>\n\n<div class=\"gb-container gb-container-459edfe3 blog uk-background-muted\"><div class=\"gb-inside-container\">\n<div class=\"gb-container gb-container-e9eb410a\"><div class=\"gb-inside-container\">\n\n<div class=\"wp-block-columns is-layout-flex wp-container-core-columns-is-layout-9d6595d7 wp-block-columns-is-layout-flex\">\n<div class=\"wp-block-column is-layout-flow wp-block-column-is-layout-flow\" style=\"flex-basis:33.33%\">\n<h2 class=\"gb-headline gb-headline-1e353e80 gb-headline-text\">L\u00e4s v\u00e5ra senaste blogginl\u00e4gg<\/h2>\n<\/div>\n\n\n\n<div class=\"wp-block-column is-layout-flow wp-block-column-is-layout-flow\" style=\"flex-basis:66.66%\">\n<div class=\"gb-grid-wrapper gb-grid-wrapper-25c55912 gb-query-loop-wrapper\">\n<div class=\"gb-grid-column gb-grid-column-c746e2ac gb-query-loop-item post-9017 post type-post status-publish format-standard has-post-thumbnail hentry category-okategoriserad\"><div class=\"gb-container gb-container-c746e2ac uk-card uk-card-default\"><div class=\"gb-inside-container\">\n<figure class=\"gb-block-image gb-block-image-f253f6a9\"><a href=\"https:\/\/sellfies.com\/sv\/forestall-dig-detta-en-guide-till-att-tjana-pengar-genom-att-salja-dina-foton-online\/\"><img loading=\"lazy\" decoding=\"async\" width=\"1000\" height=\"667\" src=\"https:\/\/sellfies.com\/wp-content\/uploads\/2023\/02\/sellfies-proud-woman-11.jpg\" class=\"gb-image-f253f6a9\" alt=\"&amp;\" srcset=\"https:\/\/sellfies.com\/wp-content\/uploads\/2023\/02\/sellfies-proud-woman-11.jpg 1000w, https:\/\/sellfies.com\/wp-content\/uploads\/2023\/02\/sellfies-proud-woman-11-300x200.jpg 300w, https:\/\/sellfies.com\/wp-content\/uploads\/2023\/02\/sellfies-proud-woman-11-768x512.jpg 768w\" sizes=\"auto, (max-width: 1000px) 100vw, 1000px\" title=\"\"><\/a><\/figure>\n\n<h3 class=\"gb-headline gb-headline-def89cc0 gb-headline-text\"><a href=\"https:\/\/sellfies.com\/sv\/forestall-dig-detta-en-guide-till-att-tjana-pengar-genom-att-salja-dina-foton-online\/\">F\u00f6rest\u00e4ll dig detta: En guide till att tj\u00e4na pengar genom att s\u00e4lja dina foton online<\/a><\/h3>\n<\/div><\/div><\/div>\n\n<div class=\"gb-grid-column gb-grid-column-c746e2ac gb-query-loop-item post-9001 post type-post status-publish format-standard has-post-thumbnail hentry category-okategoriserad\"><div class=\"gb-container gb-container-c746e2ac uk-card uk-card-default\"><div class=\"gb-inside-container\">\n<figure class=\"gb-block-image gb-block-image-f253f6a9\"><a href=\"https:\/\/sellfies.com\/sv\/det-basta-stativet-for-selfies-fran-kamera-och-telefon\/\"><img loading=\"lazy\" decoding=\"async\" width=\"1200\" height=\"800\" src=\"https:\/\/sellfies.com\/wp-content\/uploads\/2023\/01\/62d5393d3b768539906498.jpg\" class=\"gb-image-f253f6a9\" alt=\"&amp;\" srcset=\"https:\/\/sellfies.com\/wp-content\/uploads\/2023\/01\/62d5393d3b768539906498.jpg 1200w, https:\/\/sellfies.com\/wp-content\/uploads\/2023\/01\/62d5393d3b768539906498-300x200.jpg 300w, https:\/\/sellfies.com\/wp-content\/uploads\/2023\/01\/62d5393d3b768539906498-1024x683.jpg 1024w, https:\/\/sellfies.com\/wp-content\/uploads\/2023\/01\/62d5393d3b768539906498-768x512.jpg 768w\" sizes=\"auto, (max-width: 1200px) 100vw, 1200px\" title=\"\"><\/a><\/figure>\n\n<h3 class=\"gb-headline gb-headline-def89cc0 gb-headline-text\"><a href=\"https:\/\/sellfies.com\/sv\/det-basta-stativet-for-selfies-fran-kamera-och-telefon\/\">Det b\u00e4sta stativet f\u00f6r selfies fr\u00e5n kamera och telefon<\/a><\/h3>\n<\/div><\/div><\/div>\n<\/div>\n<\/div>\n<\/div>\n\n<\/div><\/div>\n<\/div><\/div>","protected":false},"excerpt":{"rendered":"","protected":false},"author":5,"featured_media":0,"parent":0,"menu_order":0,"comment_status":"closed","ping_status":"closed","template":"","meta":{"_acf_changed":false,"footnotes":""},"class_list":["post-8344","page","type-page","status-publish"],"acf":[],"_links":{"self":[{"href":"https:\/\/sellfies.com\/sv\/wp-json\/wp\/v2\/pages\/8344","targetHints":{"allow":["GET"]}}],"collection":[{"href":"https:\/\/sellfies.com\/sv\/wp-json\/wp\/v2\/pages"}],"about":[{"href":"https:\/\/sellfies.com\/sv\/wp-json\/wp\/v2\/types\/page"}],"author":[{"embeddable":true,"href":"https:\/\/sellfies.com\/sv\/wp-json\/wp\/v2\/users\/5"}],"replies":[{"embeddable":true,"href":"https:\/\/sellfies.com\/sv\/wp-json\/wp\/v2\/comments?post=8344"}],"version-history":[{"count":17,"href":"https:\/\/sellfies.com\/sv\/wp-json\/wp\/v2\/pages\/8344\/revisions"}],"predecessor-version":[{"id":9982,"href":"https:\/\/sellfies.com\/sv\/wp-json\/wp\/v2\/pages\/8344\/revisions\/9982"}],"wp:attachment":[{"href":"https:\/\/sellfies.com\/sv\/wp-json\/wp\/v2\/media?parent=8344"}],"curies":[{"name":"wp","href":"https:\/\/api.w.org\/{rel}","templated":true}]}}