{"id":8372,"date":"2023-01-10T02:08:17","date_gmt":"2023-01-10T02:08:17","guid":{"rendered":"https:\/\/sellfies.com\/?page_id=8372"},"modified":"2025-11-21T09:28:52","modified_gmt":"2025-11-21T09:28:52","slug":"sekretesspolicy","status":"publish","type":"page","link":"https:\/\/sellfies.com\/sv\/sekretesspolicy\/","title":{"rendered":"INTEGRITETS- OCH COOKIEPOLICY"},"content":{"rendered":"\n<p>Denna integritetspolicy beskriver hur vi hanterar den information och data du delar med oss f\u00f6r att vi ska kunna erbjuda dig optimal anv\u00e4ndning av v\u00e5ra tj\u00e4nster. V\u00e5rt f\u00f6retag, AIA Digital B.V. (&#8221;Sellfies&#8221;) \u00e4r ett nederl\u00e4ndskt aktiebolag med sitt registrerade s\u00e4te p\u00e5 Dambroeken 6, 9411 SG, Beilen, Nederl\u00e4nderna och f\u00f6retagsregistreringsnummer 85414379. Sellfies driver en webbplats p\u00e5 <a href=\"https:\/\/www.sellfies.com\/\">https:\/\/www.sellfies.com<\/a> (&#8221;Plattformen&#8221;) d\u00e4r anv\u00e4ndare kan ladda upp bilder p\u00e5 sig sj\u00e4lva.\u00a0<\/p>\n\n\n\n<p>Vi kommer att behandla dina personuppgifter som du l\u00e4mnar till oss eller som vi innehar p\u00e5 det s\u00e4tt och f\u00f6r de \u00e4ndam\u00e5l som anges i denna integritetspolicy. Insamling och behandling av dina personuppgifter sker i enlighet med g\u00e4llande dataskyddslagstiftning, s\u00e4rskilt Europaparlamentets och r\u00e5dets f\u00f6rordning (EU) 2016\/679, dataskyddsf\u00f6rordningen (&#8221;GDPR&#8221;), och andra till\u00e4mpliga lokala dataskyddslagar.&nbsp;<\/p>\n\n\n\n<p>Denna integritetspolicy g\u00e4ller f\u00f6r dig om du anv\u00e4nder v\u00e5r plattform. Vi uppmuntrar alla v\u00e5ra anv\u00e4ndare att noggrant l\u00e4sa integritetspolicyn. Vi vill ge dig all information p\u00e5 ett s\u00e5 begripligt s\u00e4tt som m\u00f6jligt. Om n\u00e5got dock skulle f\u00f6rbli oklart f\u00f6rklarar vi g\u00e4rna n\u00e5gra av de termer eller artiklar som ing\u00e5r i denna integritetspolicy.<\/p>\n\n\n\n<p>1. <strong>Vem \u00e4r ansvarig f\u00f6r dina personuppgifter?<\/strong>&nbsp;<\/p>\n\n\n\n<p>Den personuppgiftsansvarige f\u00f6r dina personuppgifter \u00e4r AIA Digital B.V. (&#8221;F\u00f6retaget&#8221; eller &#8221;vi&#8221;).\u00a0<\/p>\n\n\n\n<p>Om du har en beg\u00e4ran som r\u00f6r behandlingen av dina uppgifter eller om du vill ut\u00f6va dina r\u00e4ttigheter enligt punkt \u200e4 nedan, v\u00e4nligen skicka oss ett e-postmeddelande p\u00e5 <a href=\"mailto:info@sellfies.com\">info@sellfies.com<\/a>.<\/p>\n\n\n\n<p>2. <strong>Vilka personuppgifter samlar vi in om dig? F\u00f6r vilket syfte och hur l\u00e4nge samlar vi in dem?&nbsp;<\/strong><\/p>\n\n\n\n<p>Vi behandlar dina personuppgifter endast i den utstr\u00e4ckning som best\u00e4ms av de tj\u00e4nster vi erbjuder (dvs. drift av plattformen) eller andra relaterade \u00e4ndam\u00e5l med behandlingen, i enlighet med denna policy.&nbsp;<\/p>\n\n\n\n<p>2.1 N\u00e4r du registrerar dig p\u00e5 plattformen samlar vi dina personuppgifter i form av k\u00f6n, sexuell l\u00e4ggning, f\u00f6delsedatum, bostadsort, anv\u00e4ndarnamn, e-postadress och l\u00f6senord (tillsammans &#8221;Personuppgifter&#8221;). Dessa Personuppgifter \u00e4r n\u00f6dv\u00e4ndiga f\u00f6r att skapa din profil.&nbsp;<\/p>\n\n\n\n<p>Den prim\u00e4ra r\u00e4ttsliga grunden f\u00f6r behandlingen av ovan n\u00e4mnda uppgifter \u00e4r utf\u00f6randet av ett avtal (dvs. tillhandah\u00e5llandet av v\u00e5ra tj\u00e4nster) som du blir part i n\u00e4r du slutf\u00f6r registreringsprocessen. Personuppgifterna kommer att behandlas under avtalets l\u00f6ptid och d\u00e4refter under en viss tid f\u00f6r att uppfylla v\u00e5ra r\u00e4ttsliga skyldigheter och tillgodose v\u00e5ra legitima intressen. Som en allm\u00e4n praxis \u00f6verstiger inte en s\u00e5dan tid tre \u00e5r efter att avtalsf\u00f6rpliktelserna har upph\u00f6rt, men kan vara l\u00e4ngre baserat p\u00e5 giltiga sk\u00e4l i det enskilda fallet. Den r\u00e4ttsliga grunden f\u00f6r behandlingen av s\u00e4rskilda kategorier av personuppgifter \u00e4r samtycket som du har gett oss. Dina personuppgifter kommer att behandlas s\u00e5 l\u00e4nge samtycket \u00e4r giltigt.&nbsp;<\/p>\n\n\n\n<p>2.2 I syfte att tillhandah\u00e5lla v\u00e5ra tj\u00e4nster (dvs. att driva plattformen) och m\u00f6jligg\u00f6ra kommunikation med andra anv\u00e4ndare kan vi behandla f\u00f6ljande information:&nbsp;<\/p>\n\n\n\n<p>\u25cf Personuppgifter som fyllts i under registreringen enligt ovan;&nbsp;<\/p>\n\n\n\n<p>\u25cf betalningsuppgifter;&nbsp;<\/p>\n\n\n\n<p>\u25cf fotografiskt inneh\u00e5ll; och&nbsp;<\/p>\n\n\n\n<p>\u25cf annan personlig information som du kan l\u00e4gga till n\u00e4r du hanterar din profil, s\u00e5som bilder, information om ditt utseende (h\u00f6jd, h\u00e5rf\u00e4rg, tatuering, kroppstyp, \u00f6gonf\u00e4rg, piercing) eller annan relaterad personlig information som du frivilligt delar med oss (&#8221;Frivilliga personuppgifter&#8221;).<\/p>\n\n\n\n<p><br>Observera att uppgifterna som n\u00e4mns i detta avsnitt inte kommer att l\u00e4mnas ut, \u00f6verf\u00f6ras eller s\u00e4ljas till n\u00e5gon tredje part och kommer att lagras p\u00e5 servrar som \u00e4r bel\u00e4gna i Nederl\u00e4nderna.&nbsp;<\/p>\n\n\n\n<p>Den r\u00e4ttsliga grunden f\u00f6r behandlingen \u00e4r utf\u00f6randet av ett avtal (dvs. tillhandah\u00e5llande av v\u00e5ra tj\u00e4nster) som du \u00e4r part i. Personuppgifterna kommer att behandlas under den tid som det avtalsf\u00f6rh\u00e5llandet varar och en tid d\u00e4refter f\u00f6r att uppfylla v\u00e5ra r\u00e4ttsliga skyldigheter och tillgodose v\u00e5ra legitima intressen.&nbsp;<\/p>\n\n\n\n<p>Om n\u00e5gon av de ovan n\u00e4mnda uppgifterna (s\u00e4rskilt Frivilliga Personuppgifter) omfattas av definitionen av <em>&#8221;s\u00e4rskilda kategorier av personuppgifter&#8221; <\/em>enligt GDPR<em> (dvs. personuppgifter som avsl\u00f6jar ras eller etniskt ursprung, politiska \u00e5sikter, religi\u00f6sa eller filosofiska \u00f6vertygelser eller fackf\u00f6reningsmedlemskap, genetiska uppgifter, biometriska uppgifter f\u00f6r att entydigt identifiera en fysisk person, uppgifter om h\u00e4lsa, en persons sexliv eller sexuell l\u00e4ggning), <\/em>och den r\u00e4ttsliga grunden f\u00f6r en s\u00e5dan behandling \u00e4r samtycket som l\u00e4mnats av dig. Dina personuppgifter kommer att behandlas s\u00e5 l\u00e4nge samtycket g\u00e4ller, s\u00e5vida du inte har upph\u00e4vt vissa integritetsr\u00e4ttigheter.<\/p>\n\n\n\n<p>2.3 Vi kan kontakta dig via elektroniska medel (t.ex. e-post) f\u00f6r att marknadsf\u00f6ra v\u00e5ra tj\u00e4nster \u00e4ven utan ditt f\u00f6reg\u00e5ende samtycke. Du kan dock n\u00e4r som helst avb\u00f6ja att ta emot denna typ av marknadsf\u00f6ringskommunikation (dvs. du kan v\u00e4lja bort s\u00e5dana meddelanden \u2013 ett s\u00e5dant alternativ kommer att finnas i varje nyhetsbrev). Dina kontaktuppgifter kommer att behandlas under den tid som det avtalsf\u00f6rh\u00e5llandet varar, om du inte v\u00e4ljer att avst\u00e5 fr\u00e5n det.<\/p>\n\n\n\n<p>2.4 I andra fall, till exempel n\u00e4r det g\u00e4ller marknadsf\u00f6ring av andra tj\u00e4nster eller om vi skickar meddelanden som \u00e4r anpassade efter dina s\u00e4rskilda intressen och behov, kan vi behandla dina personuppgifter baserat p\u00e5 ditt samtycke. Dina personuppgifter kommer att behandlas s\u00e5 l\u00e4nge samtycket g\u00e4ller.&nbsp;<\/p>\n\n\n\n<p>2.5 F\u00f6r att s\u00e4kerst\u00e4lla s\u00e4kerheten f\u00f6r IT-system och n\u00e4tverk kan vi behandla f\u00f6ljande information: anv\u00e4ndarnamn, l\u00f6senord, loggar och cookies (mer information om detta i punkt 8) samt automatiskt genererad information (t.ex. vilken typ av enhet du anv\u00e4nder, IP-adressen f\u00f6r din enhet, det operativsystem du anv\u00e4nder, den webbl\u00e4sarprogramvara du anv\u00e4nder). Den r\u00e4ttsliga grunden f\u00f6r en s\u00e5dan behandling \u00e4r v\u00e5rt ber\u00e4ttigade intresse eller det ber\u00e4ttigade intresset av en tredje part. Personuppgifterna kommer att behandlas under den tid som det avtalsf\u00f6rh\u00e5llandet varar.<\/p>\n\n\n\n<p>2.6 Vi kan dessutom behandla och lagra vissa av de ovan n\u00e4mnda uppgifterna (t.ex. betalningsuppgifter) i samband med eventuella framtida anspr\u00e5k. Denna behandling grundar sig p\u00e5 v\u00e5rt ber\u00e4ttigade intresse eller det ber\u00e4ttigade intresset av en tredje part, eftersom vi kan beh\u00f6va bevara bevis f\u00f6r eventuella tvister som kan uppst\u00e5. Personuppgifterna kommer att behandlas under den tid som \u00e4r n\u00f6dv\u00e4ndig f\u00f6r att uppfylla detta \u00e4ndam\u00e5l, men inte l\u00e4ngre \u00e4n tio \u00e5r fr\u00e5n b\u00f6rjan av den lagstadgade preskriptionstiden i varje enskilt fall.&nbsp;<\/p>\n\n\n\n<p>3. <strong>Vem delar vi dina personuppgifter med?<\/strong>&nbsp;<\/p>\n\n\n\n<p>De personuppgifter du l\u00e4mnar via plattformen delas sj\u00e4lvklart med andra anv\u00e4ndare av<\/p>\n\n\n\n<p>plattformen.&nbsp;<\/p>\n\n\n\n<p>Dina personuppgifter kan, i den omfattning vi behandlar dem, \u00f6verf\u00f6ras till och behandlas av andra ansvariga inom v\u00e5r koncern om det \u00e4r n\u00f6dv\u00e4ndigt av interna administrativa sk\u00e4l.&nbsp;<\/p>\n\n\n\n<p>Dessutom kan dina personuppgifter l\u00e4mnas ut till tredje parter som ger oss<\/p>\n\n\n\n<p>administrativt eller tekniskt st\u00f6d och s\u00e4kerst\u00e4ller marknadsf\u00f6ringsverksamhet f\u00f6r oss (dvs.<\/p>\n\n\n\n<p>till personuppgiftsbitr\u00e4den &#8211; &#8221;bitr\u00e4de&#8221; avser en fysisk eller juridisk person, offentlig<\/p>\n\n\n\n<p>myndighet, insitution eller annat organ som behandlar personuppgifter f\u00f6r v\u00e5r r\u00e4kning, som<\/p>\n\n\n\n<p>personuppgiftsansvarig). Vi kan ocks\u00e5 dela dina personuppgifter med betalningsinstitut,<\/p>\n\n\n\n<p>vilket \u00e4r n\u00f6dv\u00e4ndigt f\u00f6r att s\u00e4kerst\u00e4lla ett s\u00e4kert k\u00f6p av krediter p\u00e5 plattformen.<\/p>\n\n\n\n<p>Vidare kan vi dela dina personuppgifter med myndigheter eller brottsbek\u00e4mpande organ om<\/p>\n\n\n\n<p>det kr\u00e4vs enligt lag, med externa r\u00e5dgivare och med annan personal som omfattas av en<\/p>\n\n\n\n<p>sekretessf\u00f6rpliktelse.&nbsp;<\/p>\n\n\n\n<p>Endast ett begr\u00e4nsat antal av v\u00e5ra anst\u00e4llda kommer att ha tillg\u00e5ng till dina personuppgifter.<\/p>\n\n\n\n<p>De anst\u00e4llda \u00e4r skyldiga att h\u00e5lla personuppgifter skyddade och strikt konfidentiella. De f\u00e5r endast hantera personuppgifter enligt v\u00e5ra uttryckliga<\/p>\n\n\n\n<p>instruktioner. Vi \u00f6verf\u00f6r inte dina personuppgifter till l\u00e4nder utanf\u00f6r EU\/EES.<\/p>\n\n\n\n<p>4. <strong>Vilka \u00e4r dina r\u00e4ttigheter i f\u00f6rh\u00e5llande till behandlingen?<\/strong>&nbsp;<\/p>\n\n\n\n<p>Om du samtycker till behandlingen av dina personuppgifter g\u00f6r du det helt frivilligt och d\u00e4rf\u00f6r har du r\u00e4tt att \u00e5terkalla eller begr\u00e4nsa samtycket n\u00e4r som helst genom v\u00e5ra kontaktuppgifter som n\u00e4mns i denna integritetsmeddelande. Om du g\u00f6r det kommer vi att sluta behandla de ber\u00f6rda personuppgifterna f\u00f6r de \u00e4ndam\u00e5l som samtycket \u00e5terkallats. Om inte d\u00e4r du har frigjort dina r\u00e4ttigheter till oss ang\u00e5ende ditt utseende.&nbsp;<\/p>\n\n\n\n<p>Du har r\u00e4tt att f\u00e5 tillg\u00e5ng till dina personuppgifter och att beg\u00e4ra en kopia av dem. Du har ocks\u00e5 r\u00e4tt att be oss r\u00e4tta, blockera, komplettera och radera dina personuppgifter, att begr\u00e4nsa dess behandling och att \u00f6verf\u00f6ra dina personuppgifter (det vill s\u00e4ga att be oss att l\u00e4mna det till dig i ett strukturerat, allm\u00e4nt anv\u00e4nt och maskinl\u00e4sbart format och att \u00f6verf\u00f6ra det direkt till en annan organisation).&nbsp;<\/p>\n\n\n\n<p>I vissa omst\u00e4ndigheter har du r\u00e4tt att inv\u00e4nda mot att vi behandlar dina uppgifter, s\u00e4rskilt n\u00e4r dina personuppgifter behandlas f\u00f6r \u00e4ndam\u00e5l som direkt marknadsf\u00f6ring (inklusive profilering) eller p\u00e5 grundval av ett ber\u00e4ttigat intresse.&nbsp;<\/p>\n\n\n\n<p>Det finns undantag fr\u00e5n dessa r\u00e4ttigheter, till exempel kommer det inte att vara m\u00f6jligt f\u00f6r oss att radera dina uppgifter om vi enligt lag \u00e4r skyldiga att beh\u00e5lla dem. P\u00e5 samma s\u00e4tt kan tillg\u00e5ng till dina uppgifter nekas om det skulle avsl\u00f6ja personlig information om en annan person eller om vi enligt lag f\u00f6rhindras fr\u00e5n att l\u00e4mna ut s\u00e5dan information.&nbsp;<\/p>\n\n\n\n<p>Dessutom har du r\u00e4tt att l\u00e4mna in ett klagom\u00e5l till din lokala dataskyddsmyndighet eller att beg\u00e4ra pr\u00f6vning i domstol om du anser att dina r\u00e4ttigheter har kr\u00e4nkts. Se \u00e4ven h\u00e4r f\u00f6r en \u00f6versikt \u00f6ver lokala myndigheter.<\/p>\n\n\n\n<p>5. <strong>Hur l\u00e4nge beh\u00e5ller vi dina personuppgifter?<\/strong>&nbsp;<\/p>\n\n\n\n<p>Ut\u00f6ver de lagringsperioder som anges ovan i detta integritetsmeddelande beh\u00e5ller vi dina personuppgifter inte l\u00e4ngre \u00e4n vad som \u00e4r n\u00f6dv\u00e4ndigt f\u00f6r syftet med behandlingen i fr\u00e5ga, det vill s\u00e4ga enligt lag under den period som avtalsf\u00f6rh\u00e5llandet g\u00e4ller och i vissa fall d\u00e4r vi har ett legitimt intresse av att beh\u00e5lla dina uppgifter l\u00e4ngre med h\u00e4nsyn till v\u00e5ra legitima intressen.<\/p>\n\n\n\n<p>6. <strong>Hur behandlar och skyddar vi dina personuppgifter?<\/strong>&nbsp;<\/p>\n\n\n\n<p>Vi behandlar dina personuppgifter genom v\u00e5r plattform. Dina personuppgifter behandlas sedan elektroniskt med automatiserade medel och lagras i v\u00e5ra informationssystem; dina personuppgifter kan ocks\u00e5 lagras i speglingsdisk eller p\u00e5 servrar f\u00f6r s\u00e4kerhetskopiering.&nbsp;<\/p>\n\n\n\n<p>F\u00f6r att skydda dina personuppgifter har vi vidtagit l\u00e4mpliga s\u00e4kerhets\u00e5tg\u00e4rder, samt administrativa, fysiska och tekniska \u00e5tg\u00e4rder, f\u00f6r att alltid h\u00e5lla dina personuppgifter s\u00e4krade och skyddade fr\u00e5n oavsiktlig eller olaglig f\u00f6rlust, \u00e5tkomst, \u00f6verf\u00f6ring eller f\u00f6rst\u00f6relse eller annan felaktig anv\u00e4ndning. Alla personer som har tillg\u00e5ng till dina personuppgifter \u00e4r bundna av sekretessf\u00f6rpliktelser.<\/p>\n\n\n\n<p>7. <strong>Hur kontrollerar vi v\u00e5ra anv\u00e4ndares \u00e5lder?<\/strong>&nbsp;<\/p>\n\n\n\n<p>V\u00e5ra anv\u00e4ndare m\u00e5ste vara 18 \u00e5r eller \u00e4ldre f\u00f6r att f\u00e5 tillg\u00e5ng till v\u00e5r plattform. Vi har implementerat l\u00e4mpliga tekniska medel f\u00f6r att avvisa registrering av personer under denna \u00e5ldersgr\u00e4ns och vi behandlar inte n\u00e5gra personuppgifter f\u00f6r personer under 18 \u00e5r. Dessutom \u00f6vervakar vi anv\u00e4ndningen av v\u00e5r plattform och utf\u00f6r ID-kontroller.&nbsp;<\/p>\n\n\n\n<p>V\u00e4nligen kontakta oss om du k\u00e4nner till n\u00e5gon person yngre \u00e4n 18 \u00e5r som har skapat ett konto eller l\u00e4mnat oss personuppgifter. S\u00e5dana personuppgifter kommer att f\u00f6rst\u00f6ras omedelbart efter verifiering.<\/p>\n\n\n\n<p>8. <strong>Cookiepolicy<\/strong>&nbsp;<\/p>\n\n\n\n<p>Denna webbplats anv\u00e4nder cookies, som \u00e4r sm\u00e5 filer som laddas ner p\u00e5 din dator f\u00f6r att f\u00f6rb\u00e4ttra din upplevelse p\u00e5 webbplatsen. Detta avsnitt beskriver vilken information s\u00e5dana cookies samlar in och hur de anv\u00e4nds. Vi anv\u00e4nder cookies av olika anledningar, som beskrivs i detta avsnitt. Tyv\u00e4rr kan du inte inaktivera cookies utan f\u00f6rs\u00e4mra webbplatsen funktionalitet och funktioner. N\u00e4r du bes\u00f6ker v\u00e5r webbplats och skapar ett konto hos oss kommer vi att anv\u00e4nda cookies f\u00f6r att hantera registrerings- och inloggningsprocessen. Dessa cookies tas vanligtvis bort n\u00e4r du loggar ut, men i vissa fall anv\u00e4nds de f\u00f6r att komma ih\u00e5g specifika webbplatspreferenser n\u00e4r du \u00e4r utloggad. Dessutom kan tredjepartscookies anv\u00e4ndas. Den h\u00e4r sidan anv\u00e4nder Google Analytics f\u00f6r att hj\u00e4lpa oss att f\u00f6rst\u00e5 hur du anv\u00e4nder v\u00e5r webbplats och s\u00e4tt som vi kan f\u00f6rb\u00e4ttra din upplevelse. Du kan f\u00f6rhindra anv\u00e4ndningen av cookies genom att \u00e4ndra inst\u00e4llningarna i din webbl\u00e4sare, men att inaktivera cookies p\u00e5verkar funktionaliteten p\u00e5 v\u00e5r webbplats och \u00e4ven v\u00e4sentliga funktioner. Av den anledningen rekommenderar vi inte dig att inaktiverar cookies.<\/p>\n\n\n\n<p>9. <strong>\u00c4ndringar i sekretessmeddelandet<\/strong>&nbsp;<\/p>\n\n\n\n<p>V\u00e4sentliga \u00e4ndringar av detta sekretessmeddelande som vi kan komma att g\u00f6ra i framtiden kommer att meddelas dig via e-post eller p\u00e5 v\u00e5r plattform, beroende p\u00e5 vad som \u00e4r l\u00e4mpligt. Vi rekommenderar darf\u00f6r dig att regelbundet granska detta sekretessmeddelande efter eventuella \u00e4ndringar som kan ha gjorts.<\/p>\n\n\n\n<p>Observera att denna integritets- och cookiepolicy har \u00f6versatts f\u00f6r din bekv\u00e4mlighet. Vid<\/p>\n\n\n\n<p>eventuella skillnader eller mots\u00e4gelser mellan denna \u00f6vers\u00e4ttning och den ursprungliga<\/p>\n\n\n\n<p>engelska versionen ska den engelska versionen g\u00e4lla. Vi uppmanar dig att granska det<\/p>\n\n\n\n<p>ursprungliga engelska dokumentet om du har n\u00e5gra fr\u00e5gor om \u00f6vers\u00e4ttningen.<\/p>\n\n\n\n<p>G\u00e4ller fr\u00e5n februari 2022<\/p>\n","protected":false},"excerpt":{"rendered":"","protected":false},"author":5,"featured_media":0,"parent":0,"menu_order":0,"comment_status":"closed","ping_status":"closed","template":"","meta":{"_acf_changed":false,"footnotes":""},"class_list":["post-8372","page","type-page","status-publish"],"acf":[],"_links":{"self":[{"href":"https:\/\/sellfies.com\/sv\/wp-json\/wp\/v2\/pages\/8372","targetHints":{"allow":["GET"]}}],"collection":[{"href":"https:\/\/sellfies.com\/sv\/wp-json\/wp\/v2\/pages"}],"about":[{"href":"https:\/\/sellfies.com\/sv\/wp-json\/wp\/v2\/types\/page"}],"author":[{"embeddable":true,"href":"https:\/\/sellfies.com\/sv\/wp-json\/wp\/v2\/users\/5"}],"replies":[{"embeddable":true,"href":"https:\/\/sellfies.com\/sv\/wp-json\/wp\/v2\/comments?post=8372"}],"version-history":[{"count":3,"href":"https:\/\/sellfies.com\/sv\/wp-json\/wp\/v2\/pages\/8372\/revisions"}],"predecessor-version":[{"id":9248,"href":"https:\/\/sellfies.com\/sv\/wp-json\/wp\/v2\/pages\/8372\/revisions\/9248"}],"wp:attachment":[{"href":"https:\/\/sellfies.com\/sv\/wp-json\/wp\/v2\/media?parent=8372"}],"curies":[{"name":"wp","href":"https:\/\/api.w.org\/{rel}","templated":true}]}}