{"id":8377,"date":"2023-01-30T12:22:40","date_gmt":"2023-01-30T12:22:40","guid":{"rendered":"https:\/\/sellfies.com\/?page_id=8377"},"modified":"2025-11-21T09:01:21","modified_gmt":"2025-11-21T09:01:21","slug":"bildkrav","status":"publish","type":"page","link":"https:\/\/sellfies.com\/sv\/bildkrav\/","title":{"rendered":"Bildkrav"},"content":{"rendered":"<div class=\"gb-container gb-container-15a82a01\">\n\n<h2 class=\"wp-block-heading\">Allm\u00e4nna bildkrav<\/h2>\n\n\n\n<p>Vi v\u00e4rdes\u00e4tter naturliga och genuina foton \u2013 bilder d\u00e4r du k\u00e4nner dig avslappnad, \u00f6ppen, attraktiv och sj\u00e4lvs\u00e4ker, precis som du vill vara! Anv\u00e4nd g\u00e4rna smink om du brukar g\u00f6ra det, eller l\u00e5t bli om det inte \u00e4r din stil \u2013 det viktigaste \u00e4r att du \u00e4r dig sj\u00e4lv. Det spelar ingen roll hur du ser ut, hur gammal du \u00e4r, vilken kroppstyp du har eller om du ser dig sj\u00e4lv som en modell eller en helt vanlig person. Vi har inga f\u00f6rv\u00e4ntningar p\u00e5 ditt utseende \u2013 kom som du \u00e4r, vi uppskattar dig och ditt bidrag!<\/p>\n\n\n\n<p>Men det betyder inte att vi inte har n\u00e5gra krav som dina foton m\u00e5ste uppfylla. Kraven g\u00e4ller f\u00f6r alla uppladdade foton.<\/p>\n\n\n\n<p><strong>H\u00e4r \u00e4r bildkraven:<\/strong><\/p>\n\n\n\n<ul class=\"wp-block-list\">\n<li>Ditt ansikte m\u00e5ste vara synligt och tydligt igenk\u00e4nnbart p\u00e5 alla bilder. Detta beror p\u00e5 att vi enligt lag \u00e4r skyldiga att s\u00e4kerst\u00e4lla att det verkligen \u00e4r du som syns p\u00e5 bilden.<\/li>\n\n\n\n<li>Varje foto m\u00e5ste vara unikt. Ta dem p\u00e5 olika platser, i olika milj\u00f6er, med varierande poser, vinklar och kl\u00e4der \u2013 precis som dina vanliga vardagsselfies.<\/li>\n\n\n\n<li>Du ska vara den enda personen p\u00e5 bilden. Bara du, inte tillsammans med n\u00e5gon annan eller i en grupp.<\/li>\n\n\n\n<li>Vi letar efter foton med en amat\u00f6rm\u00e4ssig stil. Selfies och bilder du tagit sj\u00e4lv passar b\u00e4st.<\/li>\n<\/ul>\n\n\n\n<p><strong>Inte till\u00e5tet:<\/strong><\/p>\n\n\n\n<ul class=\"wp-block-list\">\n<li>Djur, barn och vapen f\u00e5r inte f\u00f6rekomma p\u00e5 bilderna. Inga f\u00f6rem\u00e5l i bakgrunden f\u00e5r antyda barn, djur, vapen eller n\u00e5got symboliskt eller religi\u00f6st tillh\u00f6rande.<\/li>\n<\/ul>\n\n\n\n<p><strong>Tekniska krav:<\/strong><\/p>\n\n\n\n<ul class=\"wp-block-list\">\n<li>Minsta uppl\u00f6sning: 1000 x 1000 pixlar<\/li>\n\n\n\n<li>Filtyper: Vi st\u00f6der n\u00e4stan alla bildfilstyper och fil\u00e4ndelser. F\u00f6r att vara s\u00e4ker p\u00e5 att allt fungerar som det ska rekommenderar vi att du anv\u00e4nder JPG, JPEG eller PNG.<\/li>\n\n\n\n<li>Max filstorlek: 15 MB<\/li>\n\n\n\n<li>Bilderna ska vara i f\u00e4rg, inte i svartvitt, sepia eller andra typer av f\u00e4rgfilter.<\/li>\n<\/ul>\n\n\n\n<h2 class=\"wp-block-heading\">Vad \u00e4r en normal och explicit bild?<\/h2>\n\n\n\n<p>Vi s\u00f6ker efter tv\u00e5 olika typer av bilder; Normala och explicita bilder<\/p>\n\n\n\n<h3 class=\"wp-block-heading\">Normala bilder<\/h3>\n\n\n\n<p>En normal bild visar dig som du \u00e4r i vardagen. Du beh\u00f6ver inte anstr\u00e4nga dig f\u00f6r att f\u00f6lja alla m\u00f6jliga riktlinjer. De \u00e4r typiskt slumpm\u00e4ssiga bilder som tas n\u00e4r du l\u00e4mnar ditt hem f\u00f6r att g\u00e5 till aff\u00e4ren, till jobbet, eller f\u00f6r att tr\u00e4ffa v\u00e4nner eller familj. Dessa \u00e4r inte avsedda att vara f\u00f6rf\u00f6riska eller sexiga. Bilder p\u00e5 dig sj\u00e4lv som du l\u00e4gger upp p\u00e5 sociala medier h\u00f6r ofta hemma i denna kategori. Bilder i denna kategori beh\u00f6ver inte n\u00f6dv\u00e4ndigtvis vara selfies.<\/p>\n\n\n\n<p><strong>Exempel p\u00e5 scenarion f\u00f6r normala bilder:<\/strong><\/p>\n\n\n\n<ul class=\"wp-block-list\">\n<li>Semesterbilder<\/li>\n\n\n\n<li>Aktiva bilder<\/li>\n\n\n\n<li>I tr\u00e4dg\u00e5rden<\/li>\n\n\n\n<li>I ditt hem<\/li>\n\n\n\n<li>N\u00e4r du \u00e4ter frukost\/lunch\/middag<\/li>\n\n\n\n<li>N\u00e4r du tar en promenad<\/li>\n\n\n\n<li>Visar upp en ny kl\u00e4nning (inte en kort eller utmanande)<\/li>\n\n\n\n<li>Typiska sociala medier-bilder<\/li>\n\n\n\n<li>Kan vara selfies, men inte n\u00f6dv\u00e4ndigtvis<\/li>\n<\/ul>\n\n\n\n<p><strong>Vad inneh\u00e5ller en normal bild?<\/strong><\/p>\n\n\n\n<ul class=\"wp-block-list\">\n<li>Du i kl\u00e4der, kl\u00e4dd som i vardagslivet<\/li>\n\n\n\n<li>Vanliga vardagsbilder p\u00e5 dig sj\u00e4lv \u2013 t\u00e4nk selfies som du har p\u00e5 mobilen, delat med v\u00e4nner, partner eller lagt upp p\u00e5 Instagram.<\/li>\n\n\n\n<li>Kan vara selfies, men inte n\u00f6dv\u00e4ndigtvis<\/li>\n<\/ul>\n\n\n\n<p><strong>Vad inneh\u00e5ller INTE en normal bild?<\/strong><\/p>\n\n\n\n<ul class=\"wp-block-list\">\n<li>Nakenhet<\/li>\n<\/ul>\n\n\n\n<h3 class=\"wp-block-heading\">Explicita bilder<\/h3>\n\n\n\n<p>Explicita bilder \u00e4r s\u00e5dana du tar n\u00e4r du vill visa dig sj\u00e4lv p\u00e5 ett sexigt och mer vuxet s\u00e4tt. T\u00e4nk att du ska ut p\u00e5 fest f\u00f6r att flirta eller hitta ett eng\u00e5ngsligg. Dessa bilder \u00e4r mer avsl\u00f6jande, som halv\u00f6ppna toppar, minikjolar och liknande. Att visa hud och klyfta \u00e4r bra, sidobr\u00f6st och underbr\u00f6st uppskattas.<br>Bilder i underkl\u00e4der d\u00e4r du visar dig sj\u00e4lv i det du k\u00e4nner dig som mest sexig i. Bilderna ska vara l\u00e4ttkl\u00e4dda men inte helt nakna. Det kan till exempel vara bh och trosor, men om du har andra typer av underkl\u00e4der d\u00e4r du k\u00e4nner dig feminin och attraktiv \u00e4r du v\u00e4lkommen att b\u00e4ra dem p\u00e5 dina bilder.<br>Nakenbilder beh\u00f6ver ingen st\u00f6rre f\u00f6rklaring. Det \u00e4r bilder d\u00e4r du \u00e4r helt eller delvis naken. Dessa bilder kan visa nakna br\u00f6st, nakna intima delar eller hela kroppen naken. F\u00f6r delvis nakna bilder beh\u00f6ver du visa dina nedre privata delar utan underkl\u00e4der eller med mycket avsl\u00f6jande underkl\u00e4der.<br>Explicita foton \u00e4r de som \u00e4r till f\u00f6r n\u00e5got busigt. Det blir inte mer v\u00e5gat \u00e4n den h\u00e4r kategorin. H\u00e4r h\u00f6r bilder hemma d\u00e4r du r\u00f6r vid dig sj\u00e4lv, utforskar din kropp, anv\u00e4nder sexleksaker eller utf\u00f6r olika sexuella handlingar p\u00e5 egen hand. Foton som visar din allra fr\u00e4ckaste sida \u2013 sl\u00e4pp loss helt!<\/p>\n\n\n\n<p><strong>Exempel p\u00e5 inneh\u00e5ll i explicita bilder:<\/strong><\/p>\n\n\n\n<ul class=\"wp-block-list\">\n<li>Korta kl\u00e4nningar<\/li>\n\n\n\n<li>Minikjolar<\/li>\n\n\n\n<li>&#8221;Den lilla svarta&#8221;<\/li>\n\n\n\n<li>Korta shorts och klyfta<\/li>\n\n\n\n<li>Sexig sekreteraroutfit<\/li>\n\n\n\n<li>Ett litet nattlinne eller babydoll<\/li>\n\n\n\n<li>Bikinibilder<\/li>\n\n\n\n<li>Selfies framf\u00f6r spegeln<\/li>\n\n\n\n<li>Ikl\u00e4dd enbart underkl\u00e4der<\/li>\n\n\n\n<li>I ett provrum<\/li>\n\n\n\n<li>Med ryggen v\u00e4nd och du ser bara sidan av br\u00f6stet<\/li>\n\n\n\n<li>Topless-bilder<\/li>\n\n\n\n<li>Nakenbilder d\u00e4r endast h\u00e4nder eller l\u00e5ngt h\u00e5r t\u00e4cker vissa delar<\/li>\n\n\n\n<li>Sexiga underkl\u00e4der<\/li>\n\n\n\n<li>Poserande p\u00e5 soffan<\/li>\n\n\n\n<li>Solar naken utomhus<\/li>\n\n\n\n<li>Sexiga strandbilder<\/li>\n\n\n\n<li>Exhibitionism<\/li>\n\n\n\n<li>Lek i bilen<\/li>\n\n\n\n<li>Sexleksaker &#8221;in action&#8221;<\/li>\n\n\n\n<li>I badrummet<\/li>\n\n\n\n<li>Naken p\u00e5 s\u00e4ngen<\/li>\n\n\n\n<li>Medans du kl\u00e4r av dig<\/li>\n\n\n\n<li>I duschen, solariet eller bastun<\/li>\n\n\n\n<li>Smygfoton<\/li>\n\n\n\n<li>Med s\u00e4rade ben<\/li>\n\n\n\n<li>Fr\u00e4cka poser<\/li>\n\n\n\n<li>Ber\u00f6r, leker med och smakar p\u00e5 dig sj\u00e4lv<\/li>\n\n\n\n<li>Sexuella poser och situationer<\/li>\n\n\n\n<li>Amat\u00f6rposer vid onani funkar bra!&nbsp;<\/li>\n<\/ul>\n\n\n\n<p><strong>Vad inneh\u00e5ller en explicit bild?<\/strong><\/p>\n\n\n\n<ul class=\"wp-block-list\">\n<li>Sexiga kl\u00e4nningar<\/li>\n\n\n\n<li>Avsl\u00f6jande outfits<\/li>\n\n\n\n<li>F\u00f6rf\u00f6riskt kroppsspr\u00e5k<\/li>\n\n\n\n<li>Nakenhet<\/li>\n\n\n\n<li>Sexuellt inneh\u00e5ll<\/li>\n<\/ul>\n\n\n\n<p><strong>Vad inneh\u00e5ller INTE en explicit bild?<\/strong><\/p>\n\n\n\n<ul class=\"wp-block-list\">\n<li>Fullt p\u00e5kl\u00e4dd<\/li>\n\n\n\n<li>Tr\u00e5kiga vardagsbilder<\/li>\n<\/ul>\n\n<\/div>","protected":false},"excerpt":{"rendered":"","protected":false},"author":5,"featured_media":0,"parent":0,"menu_order":0,"comment_status":"closed","ping_status":"closed","template":"","meta":{"_acf_changed":false,"footnotes":""},"class_list":["post-8377","page","type-page","status-publish"],"acf":[],"_links":{"self":[{"href":"https:\/\/sellfies.com\/sv\/wp-json\/wp\/v2\/pages\/8377","targetHints":{"allow":["GET"]}}],"collection":[{"href":"https:\/\/sellfies.com\/sv\/wp-json\/wp\/v2\/pages"}],"about":[{"href":"https:\/\/sellfies.com\/sv\/wp-json\/wp\/v2\/types\/page"}],"author":[{"embeddable":true,"href":"https:\/\/sellfies.com\/sv\/wp-json\/wp\/v2\/users\/5"}],"replies":[{"embeddable":true,"href":"https:\/\/sellfies.com\/sv\/wp-json\/wp\/v2\/comments?post=8377"}],"version-history":[{"count":7,"href":"https:\/\/sellfies.com\/sv\/wp-json\/wp\/v2\/pages\/8377\/revisions"}],"predecessor-version":[{"id":9865,"href":"https:\/\/sellfies.com\/sv\/wp-json\/wp\/v2\/pages\/8377\/revisions\/9865"}],"wp:attachment":[{"href":"https:\/\/sellfies.com\/sv\/wp-json\/wp\/v2\/media?parent=8377"}],"curies":[{"name":"wp","href":"https:\/\/api.w.org\/{rel}","templated":true}]}}